{"id":35473,"date":"2026-02-24T17:00:16","date_gmt":"2026-02-24T17:00:16","guid":{"rendered":"https:\/\/teambookapp.com\/privacy\/"},"modified":"2026-03-24T18:03:00","modified_gmt":"2026-03-24T18:03:00","slug":"privacy","status":"publish","type":"page","link":"https:\/\/teambookapp.com\/it\/privacy\/","title":{"rendered":"Privacy"},"content":{"rendered":"\t\t<div data-elementor-type=\"wp-page\" data-elementor-id=\"35473\" class=\"elementor elementor-35473 elementor-35028\" data-elementor-post-type=\"page\">\n\t\t\t\t<div class=\"elementor-element elementor-element-304c357 e-flex e-con-boxed e-con e-parent\" data-id=\"304c357\" data-element_type=\"container\" data-e-type=\"container\">\n\t\t\t\t\t<div class=\"e-con-inner\">\n\t\t\t\t<div class=\"elementor-element elementor-element-530b3c1 elementor-widget elementor-widget-heading\" data-id=\"530b3c1\" data-element_type=\"widget\" data-e-type=\"widget\" data-widget_type=\"heading.default\">\n\t\t\t\t\t<p class=\"elementor-heading-title elementor-size-default\">Data di entrata in vigore: <em>1 gennaio 2025<\/em><\/p>\t\t\t\t<\/div>\n\t\t\t\t<div class=\"elementor-element elementor-element-3673220 elementor-widget elementor-widget-heading\" data-id=\"3673220\" data-element_type=\"widget\" data-e-type=\"widget\" data-widget_type=\"heading.default\">\n\t\t\t\t\t<h1 class=\"elementor-heading-title elementor-size-default\">Politica sulla privacy<\/h1>\t\t\t\t<\/div>\n\t\t\t\t<div class=\"elementor-element elementor-element-15da44e elementor-widget elementor-widget-text-editor\" data-id=\"15da44e\" data-element_type=\"widget\" data-e-type=\"widget\" data-widget_type=\"text-editor.default\">\n\t\t\t\t\t\t\t\t\t<div class=\"elementor-element elementor-element-8fc97c6 elementor-widget elementor-widget-text-editor\" data-id=\"8fc97c6\" data-element_type=\"widget\" data-e-type=\"widget\" data-widget_type=\"text-editor.default\"><div class=\"elementor-widget-container\"><p>Teambook pu\u00f2 aggiornare periodicamente la presente Informativa sulla privacy. Vi informeremo di cambiamenti significativi nel modo in cui trattiamo i dati personali inviando un avviso all&#8217;indirizzo e-mail principale specificato nel vostro account Teambook o inserendo un avviso in evidenza sul nostro sito. <\/p><p>Sebbene questa politica possa essere tradotta in altre lingue e resa pubblicamente disponibile su Internet, la versione in lingua inglese prevarr\u00e0 in caso di controversie.<\/p><p>Se, in qualsiasi momento, hai domande o dubbi sulle nostre pratiche in materia di privacy, non esitare a contattarci all&#8217;indirizzo <a href=\"mailto:privacy@teambookapp.com\">privacy@teambookapp.com<\/a>.<\/p><\/div><\/div><div class=\"elementor-element elementor-element-d44fa62 elementor-widget elementor-widget-heading\" data-id=\"d44fa62\" data-element_type=\"widget\" data-e-type=\"widget\" data-widget_type=\"heading.default\"><div class=\"elementor-widget-container\"><h2 class=\"elementor-heading-title elementor-size-default\">Il nostro impegno per la privacy<\/h2><\/div><\/div><div class=\"elementor-element elementor-element-86dca0f elementor-widget elementor-widget-text-editor\" data-id=\"86dca0f\" data-element_type=\"widget\" data-e-type=\"widget\" data-widget_type=\"text-editor.default\"><div class=\"elementor-widget-container\"><p>Teambook SA si impegna a proteggere la privacy dei propri clienti. La presente Informativa sulla privacy illustra quali informazioni raccogliamo e come le utilizziamo su <a href=\"https:\/\/teambookapp.com\/it\/\">www.teambookapp.com<\/a> e su <a href=\"http:\/\/web.teambookapp.com\/\">web.teambookapp.com.<\/a><\/p><p>Il mantenimento della privacy dei tuoi dati \u00e8 di fondamentale importanza per noi, in quanto contribuisce a creare fiducia, buona volont\u00e0 e relazioni pi\u00f9 solide con i nostri clienti.<\/p><p>Ci impegniamo a garantire che tutti i dati personali in nostro possesso ed elaborati siano sicuri e protetti, tra cui:<\/p><ol><li>Non vendere, scambiare, affittare o condividere le tue informazioni personali con terzi.<\/li><li>Cancellare automaticamente tutti i dati personali che non sono pi\u00f9 necessari.  <\/li><li>Consentire agli utenti e alle organizzazioni di cancellare i dati personali che controllano.<\/li><li>Fornire agli interessati l&#8217;accesso ai loro dati personali, se richiesto.<\/li><li>Sviluppare e migliorare i servizi di Teambook tenendo conto della &#8220;privacy by design&#8221;.  <\/li><li>Nominare un responsabile della privacy<a href=\"mailto:privacy@teambookapp.com\">(privacy@teambookapp.com)<\/a> per supervisionare le questioni relative alla privacy.<\/li><li>Rivedere regolarmente le nostre dichiarazioni sulla privacy, l&#8217;accordo sul trattamento dei dati e la documentazione e i processi interni.  <\/li><\/ol><\/div><\/div><div class=\"elementor-element elementor-element-6de421f elementor-widget elementor-widget-heading\" data-id=\"6de421f\" data-element_type=\"widget\" data-e-type=\"widget\" data-widget_type=\"heading.default\"><div class=\"elementor-widget-container\"><h2 class=\"elementor-heading-title elementor-size-default\">Quadro giuridico<\/h2><\/div><\/div><div class=\"elementor-element elementor-element-90a3227 elementor-widget elementor-widget-text-editor\" data-id=\"90a3227\" data-element_type=\"widget\" data-e-type=\"widget\" data-widget_type=\"text-editor.default\"><div class=\"elementor-widget-container\"><p>Teambook SA, essendo una societ\u00e0 svizzera, riconosce che il trattamento dei Contenuti del Cliente pu\u00f2 essere soggetto agli obblighi di segretezza delle autorit\u00e0 svizzere, dei professionisti e di altre leggi (ad esempio, art. 320 e seguenti del Codice Penale Svizzero) (le &#8220;Leggi sulla Segretezza&#8221;). Teambook manterr\u00e0 il Contenuto del Cliente riservato per tutto il tempo richiesto da tali leggi sulla segretezza (anche dopo la scadenza del Contratto) e lo utilizzer\u00e0 solo se necessario per fornire i Servizi, e non lo divulgher\u00e0 a terzi, se non nella misura in cui ci\u00f2 sia necessario per ottemperare alle istruzioni del Cliente, agli obblighi del Contratto o a un ordine valido e vincolante di un ente governativo competente (come una citazione in giudizio, un mandato o un ordine del tribunale).   <\/p><\/div><\/div><div class=\"elementor-element elementor-element-2569d59 elementor-widget elementor-widget-heading\" data-id=\"2569d59\" data-element_type=\"widget\" data-e-type=\"widget\" data-widget_type=\"heading.default\"><div class=\"elementor-widget-container\"><h2 class=\"elementor-heading-title elementor-size-default\">Quali informazioni raccogliamo e perch\u00e9?<\/h2><\/div><\/div><div class=\"elementor-element elementor-element-41cc14d elementor-widget elementor-widget-text-editor\" data-id=\"41cc14d\" data-element_type=\"widget\" data-e-type=\"widget\" data-widget_type=\"text-editor.default\"><div class=\"elementor-widget-container\"><p>Durante una visita al Sito, puoi scegliere di fornirci informazioni personali, come il tuo nome, il nome dell&#8217;organizzazione, l&#8217;e-mail e una password, per creare una prova gratuita del Servizio.<\/p><p>Quando scegli di fornirci il tuo indirizzo e-mail, potremmo utilizzarlo per rispondere a un messaggio che ci hai inviato. Potremmo anche utilizzare il tuo indirizzo e-mail per contattarti di tanto in tanto in merito ad aggiornamenti o miglioramenti del Servizio Teambook, o alle nostre politiche, o per inviarti altre informazioni che riteniamo possano essere di tuo interesse. <\/p><p>Le informazioni caricate dall&#8217;utente durante l&#8217;utilizzo del Servizio possono includere il nome, l&#8217;e-mail e la foto dell&#8217;utente stesso o dei suoi colleghi o dipendenti. Le informazioni vengono visualizzate dagli utenti del tuo account Teambook, compresi il proprietario dell&#8217;account, gli amministratori e i membri del team, nonch\u00e9 da chiunque altro fornisca le credenziali di accesso. <\/p><p>L&#8217;utente \u00e8 responsabile dei dati che l&#8217;utente stesso e gli utenti da lui autorizzati immettono nel Servizio e della conformit\u00e0 di tali dati alle leggi vigenti, incluse, a titolo esemplificativo, le leggi sulla protezione dei dati.<\/p><p>Se scegli di abbonarti al Servizio, potremmo chiederti di fornire informazioni sulla tua carta di credito e sul tuo conto corrente al fine di elaborare il tuo ordine. Le informazioni finanziarie fornite tramite il nostro Sito web vengono trasferite tramite una connessione sicura. Memorizziamo una registrazione della transazione di pagamento, comprese le ultime 4 cifre del numero di carta di credito, per scopi di contabilit\u00e0 e fatturazione. Non autorizzeremo il rilascio delle tue informazioni personali o finanziarie a persone non direttamente coinvolte nell&#8217;elaborazione della transazione. Queste informazioni possono essere crittografate e conservate a scopo di registrazione in conformit\u00e0 con i requisiti normativi applicabili. I numeri delle carte di credito sono utilizzati esclusivamente per l&#8217;elaborazione dei pagamenti e non vengono utilizzati per altri scopi.     <\/p><p>Nell&#8217;ambito del Servizio, utilizziamo alcuni processori di terze parti per elaborare alcuni o tutti i tuoi dati personali. I nostri sub-processori sono fornitori di servizi cloud, servizi di consegna delle e-mail, servizi di analisi comportamentale digitale e fornitori di software di help-desk. <\/p><\/div><\/div><div class=\"elementor-element elementor-element-34a1483 elementor-widget elementor-widget-heading\" data-id=\"34a1483\" data-element_type=\"widget\" data-e-type=\"widget\" data-widget_type=\"heading.default\"><div class=\"elementor-widget-container\"><h2 class=\"elementor-heading-title elementor-size-default\">Cookies<\/h2><\/div><\/div><div class=\"elementor-element elementor-element-80eacb2 elementor-widget elementor-widget-text-editor\" data-id=\"80eacb2\" data-element_type=\"widget\" data-e-type=\"widget\" data-widget_type=\"text-editor.default\"><div class=\"elementor-widget-container\"><p>Per continuare a migliorare e fornire un&#8217;esperienza pi\u00f9 pertinente del Sito e del Servizio, noi e i nostri sub-processori possiamo utilizzare &#8220;cookie&#8221;, &#8220;web beacon&#8221; e dispositivi simili per tracciare le tue attivit\u00e0 in modo anonimo.<\/p><p>Un cookie \u00e8 una piccola quantit\u00e0 di dati, che spesso include un identificatore unico anonimo, che viene inviata al vostro browser dai computer di un sito web e memorizzata sul disco rigido del vostro computer. Teambook pu\u00f2 impostare e accedere ai cookie di Teambook sul vostro computer; i cookie sono necessari per utilizzare il servizio Teambook.<\/p><p>Non colleghiamo le informazioni memorizzate nei cookie a nessuna informazione di identificazione personale fornita dall&#8217;utente sul nostro sito.<\/p><p>Utilizziamo sia cookie ID di sessione che cookie persistenti. Utilizziamo i cookie di sessione per facilitare la navigazione nel nostro sito. Un cookie ID di sessione scade quando si chiude il browser. Un cookie persistente rimane sul disco rigido dell&#8217;utente per un periodo di tempo prolungato. \u00c8 possibile rimuovere i cookie persistenti seguendo le indicazioni fornite nel file di &#8220;aiuto&#8221; del proprio browser Internet.    <\/p><p>Si noti che l&#8217;uso dei cookie da parte di terzi non \u00e8 coperto dalla nostra dichiarazione sulla privacy. Non abbiamo accesso o controllo su questi cookie. Queste terze parti utilizzano cookie ID di sessione per facilitare la navigazione sul nostro sito.<\/p><p>Teambook si avvale di fornitori terzi e partner di hosting per fornire l&#8217;hardware, il software, la rete, l&#8217;archiviazione e la relativa tecnologia necessari per l&#8217;esecuzione del Servizio. Sebbene Teambook sia proprietaria del codice, dei database e di tutti i diritti dell&#8217;applicazione Teambook, l&#8217;utente conserva tutti i diritti sui propri dati.<\/p><p>Utilizziamo cookie-script.com come piattaforma di gestione del consenso. Nel pop-up che appare quando navighi sul nostro sito web e sulla nostra applicazione, scegli quali cookie vuoi che utilizziamo. <\/p><\/div><\/div><div class=\"elementor-element elementor-element-96eb212 elementor-widget elementor-widget-heading\" data-id=\"96eb212\" data-element_type=\"widget\" data-e-type=\"widget\" data-widget_type=\"heading.default\"><div class=\"elementor-widget-container\"><h2 class=\"elementor-heading-title elementor-size-default\">Come proteggiamo le tue informazioni?<\/h2><\/div><\/div><div class=\"elementor-element elementor-element-ef20cd9 elementor-widget elementor-widget-text-editor\" data-id=\"ef20cd9\" data-element_type=\"widget\" data-e-type=\"widget\" data-widget_type=\"text-editor.default\"><div class=\"elementor-widget-container\"><p>Seguiamo gli standard industriali generalmente accettati per proteggere le informazioni di identificazione personale che ci vengono inviate, sia durante la trasmissione che una volta ricevute. Tuttavia, nessun metodo di trasmissione su Internet o di archiviazione elettronica \u00e8 sicuro al 100%. Pertanto, pur sforzandoci di utilizzare mezzi commercialmente accettabili per proteggere le informazioni personali degli utenti, non possiamo garantirne l&#8217;assoluta sicurezza.  <\/p><p>Teambook utilizza solo un certificato SSL valido dei principali fornitori di servizi e opera tramite il protocollo Secure Sockets Layer (HTTPS), in modo che lo scambio di informazioni tra l&#8217;utente e Teambook sia criptato, supporta la crittografia AES a 256 bit e TLS 1.2 e la crittografia unidirezionale di tutte le password.<\/p><p>Si noti che le password, quando vengono ricevute da Teambook, sono memorizzate nel database in un valore stringa non decifrato, che permette a Teambook di confrontare solo la password inserita dall&#8217;utente nella pagina di login, ma non permette di vederla in modo decifrato.  <\/p><\/div><\/div><div class=\"elementor-element elementor-element-9fd5977 elementor-widget elementor-widget-heading\" data-id=\"9fd5977\" data-element_type=\"widget\" data-e-type=\"widget\" data-widget_type=\"heading.default\"><div class=\"elementor-widget-container\"><h2 class=\"elementor-heading-title elementor-size-default\">La nostra politica di conservazione<\/h2><\/div><\/div><div class=\"elementor-element elementor-element-b08fb6b elementor-widget elementor-widget-text-editor\" data-id=\"b08fb6b\" data-element_type=\"widget\" data-e-type=\"widget\" data-widget_type=\"text-editor.default\"><div class=\"elementor-widget-container\"><ul><li>In generale, se cancelli il tuo account come cliente (a pagamento, di prova o gratuito), tutti i dati presenti nel database di Teambook saranno cancellati immediatamente.<\/li><li>Tieni presente che Teambook monitora tutti gli account gratuiti e inattivi; in caso di inattivit\u00e0 per un periodo di 90 giorni, Teambook informer\u00e0 il proprietario dell&#8217;account via e-mail che l&#8217;account verr\u00e0 cancellato perch\u00e9 inattivo (e se rimane tale!). In base al paragrafo precedente, tutti i dati presenti nel database di Teambook verranno immediatamente eliminati con la cancellazione dell&#8217;account. <\/li><li>I dati dell&#8217;account memorizzati su un sistema di terze parti (ad esempio il sistema di assistenza clienti) saranno cancellati entro i 90 giorni successivi alla cancellazione dell&#8217;account.<\/li><li>All&#8217;interno di Teambook, quando un utente o un progetto viene eliminato, i dati del database corrispondente vengono cancellati immediatamente.<\/li><li>Tieni presente che il database di Teambook viene sottoposto a un backup automatico giornaliero da parte del nostro provider cloud; i file di backup vengono sistematicamente cancellati dopo una settimana.<\/li><li>Infine, i registri eventi memorizzeranno solo gli eventi degli ultimi 90 giorni.<\/li><\/ul><\/div><\/div><div class=\"elementor-element elementor-element-af1b918 elementor-widget elementor-widget-heading\" data-id=\"af1b918\" data-element_type=\"widget\" data-e-type=\"widget\" data-widget_type=\"heading.default\"><div class=\"elementor-widget-container\"><h2 class=\"elementor-heading-title elementor-size-default\">I tuoi diritti<\/h2><\/div><\/div><div class=\"elementor-element elementor-element-699feef elementor-widget elementor-widget-text-editor\" data-id=\"699feef\" data-element_type=\"widget\" data-e-type=\"widget\" data-widget_type=\"text-editor.default\"><div class=\"elementor-widget-container\"><p><strong>Il<\/strong>Regolamento Generale sulla Protezione dei Dati (GDPR) dell&#8217;Unione Europea ha introdotto nuove leggi sulla privacy che hanno un impatto sui tuoi diritti e sulle nostre pratiche di archiviazione e protezione dei tuoi dati. I tuoi diritti includono: <\/p><ul><li><strong>Diritto alla portabilit\u00e0 dei dati:<\/strong> Ti offriamo una serie di modi per esportare i tuoi dati, sia in formato CSV che API.<\/li><li><strong>Diritto di opposizione e diritto di rettifica:<\/strong> Tutti i tuoi dati personali disponibili possono essere visualizzati e modificati in qualsiasi momento tramite la nostra applicazione web o la nostra API. Puoi anche annullare l&#8217;iscrizione alle nostre e-mail di marketing seguendo il link di annullamento dell&#8217;iscrizione presente in fondo al messaggio. Se non sei sicuro del tipo o dell&#8217;accuratezza dei dati personali che abbiamo memorizzato, puoi inviarci un&#8217;e-mail a <a href=\"mailto:privacy@teambookapp.com\">privacy@teambookapp.com<\/a> e provvederemo a chiarire e, se necessario, a correggere.  <\/li><li><strong>Diritto alla cancellazione:<\/strong> il proprietario dell&#8217;account pu\u00f2 cancellare il tuo account dalle impostazioni dell&#8217;account in qualsiasi momento. Tutti i tuoi contenuti saranno cancellati dai nostri server entro 30 giorni. Anche i dati delle singole persone e dei progetti possono essere cancellati in qualsiasi momento dall&#8217;interno dell&#8217;applicazione o tramite la nostra API.  <\/li><li><strong>Notifica tempestiva delle violazioni:<\/strong> Sarai avvisato tempestivamente delle violazioni che coinvolgono i tuoi dati personali secondo i requisiti del GDPR indicati nell&#8217;art. 34. 34.<\/li><li><strong>Hai<\/strong>inoltre il diritto di presentare un <strong>reclamo ai sensi del GDPR<\/strong> all&#8217;<a href=\"http:\/\/ec.europa.eu\/justice\/data-protection\/bodies\/authorities\/index_en.htm\" target=\"_blank\" rel=\"noopener\">Autorit\u00e0 di vigilanza competente<\/a>.<\/li><\/ul><\/div><\/div><div class=\"elementor-element elementor-element-061ef84 elementor-widget elementor-widget-heading\" data-id=\"061ef84\" data-element_type=\"widget\" data-e-type=\"widget\" data-widget_type=\"heading.default\"><div class=\"elementor-widget-container\"><h2 class=\"elementor-heading-title elementor-size-default\">E se ho bisogno di ulteriori informazioni o ho una richiesta speciale?<\/h2><\/div><\/div><div class=\"elementor-element elementor-element-292174f elementor-widget elementor-widget-text-editor\" data-id=\"292174f\" data-element_type=\"widget\" data-e-type=\"widget\" data-widget_type=\"text-editor.default\"><div class=\"elementor-widget-container\"><p>Siamo costantemente alla ricerca di modi per rafforzare le nostre pratiche sulla privacy e migliorare i nostri processi. Se sei un cliente o un partner di Teambook e hai dei feedback, dei dubbi o delle richieste particolari in materia di privacy, ti invitiamo a contattare il nostro responsabile della privacy all&#8217;indirizzo <a href=\"mailto:privacy@teambookapp.com\">privacy@teambookapp.com<\/a>. <\/p><\/div><\/div>\t\t\t\t\t\t\t\t<\/div>\n\t\t\t\t\t<\/div>\n\t\t\t\t<\/div>\n\t\t<div class=\"elementor-element elementor-element-d7a2b7f e-flex e-con-boxed e-con e-parent\" data-id=\"d7a2b7f\" data-element_type=\"container\" data-e-type=\"container\">\n\t\t\t\t\t<div class=\"e-con-inner\">\n\t\t<div class=\"elementor-element elementor-element-1eee7b7 e-con-full animated-fast e-flex elementor-invisible e-con e-child\" data-id=\"1eee7b7\" data-element_type=\"container\" data-e-type=\"container\" data-settings=\"{&quot;background_background&quot;:&quot;classic&quot;,&quot;animation_delay&quot;:100,&quot;animation&quot;:&quot;fadeInUp&quot;}\">\n\t\t\t\t<div class=\"elementor-element elementor-element-88289d8 elementor-widget__width-initial elementor-widget elementor-widget-heading\" data-id=\"88289d8\" data-element_type=\"widget\" data-e-type=\"widget\" data-widget_type=\"heading.default\">\n\t\t\t\t\t<h2 class=\"elementor-heading-title elementor-size-default\">Unisciti ai team che pianificano le risorse del progetto in modo pi\u00f9 intelligente<\/h2>\t\t\t\t<\/div>\n\t\t\t\t<div class=\"elementor-element elementor-element-3bed869 elementor-widget elementor-widget-heading\" data-id=\"3bed869\" data-element_type=\"widget\" data-e-type=\"widget\" data-widget_type=\"heading.default\">\n\t\t\t\t\t<div class=\"elementor-heading-title elementor-size-default\"><div class=\"trust-badges\" style=\"display: flex;flex-wrap: wrap;gap: 10px;justify-content: center\">\n  <div style=\"display: flex !important;align-items: end;gap: 5px !important\">Ospitato dall'UE  <img decoding=\"async\" src=\"\/wp-content\/uploads\/2026\/02\/flag-for-european-union_1f1ea-1f1fa-1.png\" width=\"20\" height=\"20\" alt=\"Bandiera dell&#039;UE\" style=\"margin-bottom: -2px\" title=\"\"><\/div>\n  <div style=\"display: flex !important;align-items: center;gap: 5px !important\">Conforme al GDPR  <img decoding=\"async\" src=\"\/wp-content\/uploads\/2026\/02\/shield_1f6e1.png\" width=\"18\" height=\"20\" alt=\"Scudo\" title=\"\"><\/div>\n  <div style=\"display: flex;align-items: end;gap: 5px\">Swiss Made  <img decoding=\"async\" src=\"\/wp-content\/uploads\/2026\/02\/flag-for-switzerland_1f1e8-1f1ed-1.png\" width=\"20\" height=\"20\" alt=\"Bandiera svizzera\" style=\"margin-bottom: -2px\" title=\"\"><\/div>\n<\/div><\/div>\t\t\t\t<\/div>\n\t\t<div class=\"elementor-element elementor-element-2150ab1 e-con-full e-flex e-con e-child\" data-id=\"2150ab1\" data-element_type=\"container\" data-e-type=\"container\">\n\t\t\t\t<div class=\"elementor-element elementor-element-3766ead elementor-align-justify elementor-widget-mobile__width-initial elementor-widget__width-initial elementor-widget elementor-widget-button\" data-id=\"3766ead\" data-element_type=\"widget\" data-e-type=\"widget\" data-widget_type=\"button.default\">\n\t\t\t\t\t\t\t\t\t\t<a class=\"elementor-button elementor-button-link elementor-size-sm\" href=\"https:\/\/web.teambookapp.com\/register\/en\/\">\n\t\t\t\t\t\t<span class=\"elementor-button-content-wrapper\">\n\t\t\t\t\t\t\t\t\t<span class=\"elementor-button-text\">Prova gratuita<\/span>\n\t\t\t\t\t<\/span>\n\t\t\t\t\t<\/a>\n\t\t\t\t\t\t\t\t<\/div>\n\t\t\t\t<div class=\"elementor-element elementor-element-7b00b13 elementor-widget elementor-widget-heading\" data-id=\"7b00b13\" data-element_type=\"widget\" data-e-type=\"widget\" data-widget_type=\"heading.default\">\n\t\t\t\t\t<p class=\"elementor-heading-title elementor-size-default\">Non \u00e8 richiesta la carta di credito<\/p>\t\t\t\t<\/div>\n\t\t\t\t<\/div>\n\t\t\t\t<\/div>\n\t\t\t\t\t<\/div>\n\t\t\t\t<\/div>\n\t\t\t\t<\/div>\n\t\t","protected":false},"excerpt":{"rendered":"<p>Data di entrata in vigore: 1 gennaio 2025 Politica sulla privacy Teambook pu\u00f2 aggiornare periodicamente la presente Informativa sulla privacy. Vi informeremo di cambiamenti significativi nel modo in cui trattiamo i dati personali inviando un avviso all&#8217;indirizzo e-mail principale specificato nel vostro account Teambook o inserendo un avviso in evidenza sul nostro sito. Sebbene questa [&hellip;]<\/p>\n","protected":false},"author":1,"featured_media":0,"parent":0,"menu_order":0,"comment_status":"closed","ping_status":"closed","template":"","meta":{"footnotes":""},"class_list":["post-35473","page","type-page","status-publish","hentry"],"_links":{"self":[{"href":"https:\/\/teambookapp.com\/it\/wp-json\/wp\/v2\/pages\/35473","targetHints":{"allow":["GET"]}}],"collection":[{"href":"https:\/\/teambookapp.com\/it\/wp-json\/wp\/v2\/pages"}],"about":[{"href":"https:\/\/teambookapp.com\/it\/wp-json\/wp\/v2\/types\/page"}],"author":[{"embeddable":true,"href":"https:\/\/teambookapp.com\/it\/wp-json\/wp\/v2\/users\/1"}],"replies":[{"embeddable":true,"href":"https:\/\/teambookapp.com\/it\/wp-json\/wp\/v2\/comments?post=35473"}],"version-history":[{"count":3,"href":"https:\/\/teambookapp.com\/it\/wp-json\/wp\/v2\/pages\/35473\/revisions"}],"predecessor-version":[{"id":37117,"href":"https:\/\/teambookapp.com\/it\/wp-json\/wp\/v2\/pages\/35473\/revisions\/37117"}],"wp:attachment":[{"href":"https:\/\/teambookapp.com\/it\/wp-json\/wp\/v2\/media?parent=35473"}],"curies":[{"name":"wp","href":"https:\/\/api.w.org\/{rel}","templated":true}]}}