{"id":34087,"date":"2026-02-07T15:16:56","date_gmt":"2026-02-07T15:16:56","guid":{"rendered":"https:\/\/teambookapp.com\/chi-siamo\/"},"modified":"2026-03-05T08:24:24","modified_gmt":"2026-03-05T08:24:24","slug":"chi-siamo","status":"publish","type":"page","link":"https:\/\/teambookapp.com\/it\/chi-siamo\/","title":{"rendered":"Informazioni su"},"content":{"rendered":"\t\t<div data-elementor-type=\"wp-page\" data-elementor-id=\"34087\" class=\"elementor elementor-34087 elementor-1189\" data-elementor-post-type=\"page\">\n\t\t\t\t<div class=\"elementor-element elementor-element-61f9f31 e-flex e-con-boxed e-con e-parent\" data-id=\"61f9f31\" data-element_type=\"container\" data-e-type=\"container\" data-settings=\"{&quot;background_background&quot;:&quot;classic&quot;}\">\n\t\t\t\t\t<div class=\"e-con-inner\">\n\t\t\t\t<div class=\"elementor-element elementor-element-a0bf641 elementor-widget__width-initial animated-fast elementor-invisible elementor-widget elementor-widget-heading\" data-id=\"a0bf641\" data-element_type=\"widget\" data-e-type=\"widget\" data-settings=\"{&quot;_animation_delay&quot;:50,&quot;_animation&quot;:&quot;fadeInUp&quot;}\" data-widget_type=\"heading.default\">\n\t\t\t\t\t<h1 class=\"elementor-heading-title elementor-size-default\">Costruito da persone che comprendono il problema<\/h1>\t\t\t\t<\/div>\n\t\t\t\t<div class=\"elementor-element elementor-element-be2afb3 elementor-widget__width-initial animated-fast elementor-invisible elementor-widget elementor-widget-heading\" data-id=\"be2afb3\" data-element_type=\"widget\" data-e-type=\"widget\" data-settings=\"{&quot;_animation_delay&quot;:150,&quot;_animation&quot;:&quot;fadeInUp&quot;}\" data-widget_type=\"heading.default\">\n\t\t\t\t\t<p class=\"elementor-heading-title elementor-size-default\">Teambook \u00e8 nato dal caos di pianificazione che abbiamo vissuto noi stessi. Ora aiutiamo migliaia di team a pianificare e gestire il tempo dei loro collaboratori con chiarezza. <\/p>\t\t\t\t<\/div>\n\t\t<div class=\"elementor-element elementor-element-c53d017 e-con-full animated-fast e-flex elementor-invisible e-con e-child\" data-id=\"c53d017\" data-element_type=\"container\" data-e-type=\"container\" data-settings=\"{&quot;background_background&quot;:&quot;classic&quot;,&quot;animation_delay&quot;:220,&quot;animation&quot;:&quot;fadeInUp&quot;}\">\n\t\t\t\t<div class=\"elementor-element elementor-element-a44e2e7 ui-e-counter-odometer ui-e-align-center elementor-widget elementor-widget-uicore-counter\" data-id=\"a44e2e7\" data-element_type=\"widget\" data-e-type=\"widget\" data-settings=\"{&quot;count_end&quot;:17000,&quot;counter_separator&quot;:&quot;,&quot;,&quot;counter_suffix&quot;:&quot;+&quot;,&quot;counter_animation&quot;:&quot;odometer&quot;,&quot;duration&quot;:1.5,&quot;count_start&quot;:11111,&quot;use_grouping&quot;:&quot;true&quot;,&quot;decimal_places&quot;:0}\" data-widget_type=\"uicore-counter.default\">\n\t\t\t\t<div class=\"elementor-widget-container\">\n\t\t\t\t\t <div class=\"ui-e-wrp\"> <p class=\"ui-e-num\"><span class=\"ui-e-prefix\"><\/span><span class=\"value\"> 0 <\/span><span class=\"ui-e-suffix\">+<\/span><\/p><p class=\"ui-e-title\">Utenti<\/p> <\/div> \t\t\t\t<\/div>\n\t\t\t\t<\/div>\n\t\t\t\t<div class=\"elementor-element elementor-element-58b7cf0 ui-e-counter-odometer ui-e-align-center elementor-widget elementor-widget-uicore-counter\" data-id=\"58b7cf0\" data-element_type=\"widget\" data-e-type=\"widget\" data-settings=\"{&quot;count_end&quot;:59000,&quot;counter_separator&quot;:&quot;,&quot;,&quot;counter_suffix&quot;:&quot;+&quot;,&quot;counter_animation&quot;:&quot;odometer&quot;,&quot;duration&quot;:1.5,&quot;count_start&quot;:11111,&quot;use_grouping&quot;:&quot;true&quot;,&quot;decimal_places&quot;:0}\" data-widget_type=\"uicore-counter.default\">\n\t\t\t\t<div class=\"elementor-widget-container\">\n\t\t\t\t\t <div class=\"ui-e-wrp\"> <p class=\"ui-e-num\"><span class=\"ui-e-prefix\"><\/span><span class=\"value\"> 0 <\/span><span class=\"ui-e-suffix\">+<\/span><\/p><p class=\"ui-e-title\">Progetti gestiti<\/p> <\/div> \t\t\t\t<\/div>\n\t\t\t\t<\/div>\n\t\t\t\t<div class=\"elementor-element elementor-element-5e6d1e7 ui-e-counter-odometer ui-e-align-center elementor-widget elementor-widget-uicore-counter\" data-id=\"5e6d1e7\" data-element_type=\"widget\" data-e-type=\"widget\" data-settings=\"{&quot;count_end&quot;:4000000,&quot;counter_separator&quot;:&quot;,&quot;,&quot;counter_suffix&quot;:&quot;+&quot;,&quot;counter_animation&quot;:&quot;odometer&quot;,&quot;duration&quot;:1.5,&quot;count_start&quot;:1234567,&quot;use_grouping&quot;:&quot;true&quot;,&quot;decimal_places&quot;:0}\" data-widget_type=\"uicore-counter.default\">\n\t\t\t\t<div class=\"elementor-widget-container\">\n\t\t\t\t\t <div class=\"ui-e-wrp\"> <p class=\"ui-e-num\"><span class=\"ui-e-prefix\"><\/span><span class=\"value\"> 0 <\/span><span class=\"ui-e-suffix\">+<\/span><\/p><p class=\"ui-e-title\">Prenotazioni create<\/p> <\/div> \t\t\t\t<\/div>\n\t\t\t\t<\/div>\n\t\t\t\t<\/div>\n\t\t<div class=\"elementor-element elementor-element-5a1b7ad e-con-full animated-fast e-flex elementor-invisible e-con e-child\" data-id=\"5a1b7ad\" data-element_type=\"container\" data-e-type=\"container\" data-settings=\"{&quot;animation_delay&quot;:100,&quot;animation&quot;:&quot;fadeInUp&quot;}\">\n\t\t<div class=\"elementor-element elementor-element-b8ef1f8 e-con-full e-flex e-con e-child\" data-id=\"b8ef1f8\" data-element_type=\"container\" data-e-type=\"container\">\n\t\t\t\t<div class=\"elementor-element elementor-element-680831e elementor-widget elementor-widget-heading\" data-id=\"680831e\" data-element_type=\"widget\" data-e-type=\"widget\" data-widget_type=\"heading.default\">\n\t\t\t\t\t<h2 class=\"elementor-heading-title elementor-size-default\">Abbiamo costruito Teambook perch\u00e9 ne avevamo bisogno<\/h2>\t\t\t\t<\/div>\n\t\t\t\t<\/div>\n\t\t\t\t<div class=\"elementor-element elementor-element-78f75f0 elementor-widget__width-initial elementor-hidden-mobile elementor-widget elementor-widget-image\" data-id=\"78f75f0\" data-element_type=\"widget\" data-e-type=\"widget\" data-widget_type=\"image.default\">\n\t\t\t\t\t\t\t\t\t\t\t\t\t\t\t<img decoding=\"async\" width=\"1\" height=\"608\" src=\"https:\/\/teambookapp.com\/wp-content\/uploads\/2026\/01\/Pain-Points-Container.svg\" class=\"attachment-large size-large wp-image-34088\" alt=\"\" title=\"\">\t\t\t\t\t\t\t\t\t\t\t\t\t\t\t<\/div>\n\t\t<div class=\"elementor-element elementor-element-89e8837 e-con-full e-flex e-con e-child\" data-id=\"89e8837\" data-element_type=\"container\" data-e-type=\"container\">\n\t\t<div class=\"elementor-element elementor-element-40e8d59 e-con-full e-flex e-con e-child\" data-id=\"40e8d59\" data-element_type=\"container\" data-e-type=\"container\">\n\t\t\t\t<div class=\"elementor-element elementor-element-1e63e6e elementor-widget elementor-widget-heading\" data-id=\"1e63e6e\" data-element_type=\"widget\" data-e-type=\"widget\" data-widget_type=\"heading.default\">\n\t\t\t\t\t<p class=\"elementor-heading-title elementor-size-default\">La nostra storia<\/p>\t\t\t\t<\/div>\n\t\t\t\t<div class=\"elementor-element elementor-element-b57c6f0 elementor-widget elementor-widget-heading\" data-id=\"b57c6f0\" data-element_type=\"widget\" data-e-type=\"widget\" data-widget_type=\"heading.default\">\n\t\t\t\t\t<p class=\"elementor-heading-title elementor-size-default\">La nostra storia \u00e8 iniziata nel 2012 quando, in qualit\u00e0 di societ\u00e0 di consulenza in crescita e di successo, abbiamo incontrato difficolt\u00e0 di programmazione con il nostro staff di 50 consulenti.\n<br><br>I pianificatori e i project manager si trovavano regolarmente ad affrontare la pressione dei clienti alla ricerca di consulenti disponibili e a gestire continuamente le richieste di ferie dei membri del team.\n<br><br>Nell'era dell'immediatezza e dell'ottimizzazione in cui viviamo oggi, la programmazione in tempo reale e l'efficienza non sono pi\u00f9 un'opzione: ecco perch\u00e9 abbiamo creato Teambook.<\/p>\t\t\t\t<\/div>\n\t\t\t\t<\/div>\n\t\t\t\t<div class=\"elementor-element elementor-element-7efd707 elementor-widget-mobile__width-inherit elementor-hidden-widescreen elementor-hidden-desktop elementor-hidden-laptop elementor-hidden-tablet_extra elementor-hidden-tablet elementor-hidden-mobile_extra elementor-widget elementor-widget-image\" data-id=\"7efd707\" data-element_type=\"widget\" data-e-type=\"widget\" data-widget_type=\"image.default\">\n\t\t\t\t\t\t\t\t\t\t\t\t\t\t\t<img decoding=\"async\" width=\"800\" height=\"2\" src=\"https:\/\/teambookapp.com\/wp-content\/uploads\/2026\/01\/Pain-Points-Container-1024x3.avif\" class=\"attachment-large size-large wp-image-34089\" alt=\"\" srcset=\"https:\/\/teambookapp.com\/wp-content\/uploads\/2026\/01\/Pain-Points-Container-1024x3.avif 1024w, https:\/\/teambookapp.com\/wp-content\/uploads\/2026\/01\/Pain-Points-Container-300x1.avif 300w, https:\/\/teambookapp.com\/wp-content\/uploads\/2026\/01\/Pain-Points-Container-768x2.avif 768w, https:\/\/teambookapp.com\/wp-content\/uploads\/2026\/01\/Pain-Points-Container-1536x4.avif 1536w, https:\/\/teambookapp.com\/wp-content\/uploads\/2026\/01\/Pain-Points-Container-2048x6.avif 2048w\" sizes=\"(max-width: 800px) 100vw, 800px\" title=\"\">\t\t\t\t\t\t\t\t\t\t\t\t\t\t\t<\/div>\n\t\t\t\t<\/div>\n\t\t\t\t<\/div>\n\t\t\t\t\t<\/div>\n\t\t\t\t<\/div>\n\t\t<div class=\"elementor-element elementor-element-953f50c e-flex e-con-boxed e-con e-parent\" data-id=\"953f50c\" data-element_type=\"container\" data-e-type=\"container\">\n\t\t\t\t\t<div class=\"e-con-inner\">\n\t\t<div class=\"elementor-element elementor-element-8e425eb e-con-full animated-fast e-flex elementor-invisible e-con e-child\" data-id=\"8e425eb\" data-element_type=\"container\" data-e-type=\"container\" data-settings=\"{&quot;background_background&quot;:&quot;classic&quot;,&quot;animation_delay&quot;:100,&quot;animation&quot;:&quot;fadeInUp&quot;}\">\n\t\t\t\t<div class=\"elementor-element elementor-element-20bc7fb elementor-widget__width-initial elementor-widget elementor-widget-heading\" data-id=\"20bc7fb\" data-element_type=\"widget\" data-e-type=\"widget\" data-widget_type=\"heading.default\">\n\t\t\t\t\t<h2 class=\"elementor-heading-title elementor-size-default\">Made in Svizzera, \n\u00e8 ospitato in Europa<\/h2>\t\t\t\t<\/div>\n\t\t\t\t<div class=\"elementor-element elementor-element-d9c0d52 elementor-widget__width-initial elementor-absolute elementor-hidden-tablet elementor-hidden-mobile_extra elementor-hidden-mobile elementor-widget elementor-widget-image\" data-id=\"d9c0d52\" data-element_type=\"widget\" data-e-type=\"widget\" data-settings=\"{&quot;_position&quot;:&quot;absolute&quot;}\" data-widget_type=\"image.default\">\n\t\t\t\t\t\t\t\t\t\t\t\t\t\t\t<img fetchpriority=\"high\" decoding=\"async\" width=\"717\" height=\"510\" src=\"https:\/\/teambookapp.com\/wp-content\/uploads\/2026\/01\/6-Multi-projects-cropped.svg\" class=\"attachment-large size-large wp-image-34090\" alt=\"\" title=\"\">\t\t\t\t\t\t\t\t\t\t\t\t\t\t\t<\/div>\n\t\t<div class=\"elementor-element elementor-element-e20a225 e-con-full e-flex e-con e-child\" data-id=\"e20a225\" data-element_type=\"container\" data-e-type=\"container\">\n\t\t<div class=\"elementor-element elementor-element-6927443 e-con-full e-flex e-con e-child\" data-id=\"6927443\" data-element_type=\"container\" data-e-type=\"container\">\n\t\t<div class=\"elementor-element elementor-element-576cb3a e-con-full e-flex e-con e-child\" data-id=\"576cb3a\" data-element_type=\"container\" data-e-type=\"container\">\n\t\t\t\t<div class=\"elementor-element elementor-element-d68d6bb elementor-widget elementor-widget-heading\" data-id=\"d68d6bb\" data-element_type=\"widget\" data-e-type=\"widget\" data-widget_type=\"heading.default\">\n\t\t\t\t\t<p class=\"elementor-heading-title elementor-size-default\">Le differenze di Teambook<\/p>\t\t\t\t<\/div>\n\t\t\t\t<div class=\"elementor-element elementor-element-6b0b7dc elementor-widget elementor-widget-heading\" data-id=\"6b0b7dc\" data-element_type=\"widget\" data-e-type=\"widget\" data-widget_type=\"heading.default\">\n\t\t\t\t\t<p class=\"elementor-heading-title elementor-size-default\">Teambook \u00e8 progettato e sviluppato in Svizzera. Non si tratta solo di un'etichetta, ma del modo in cui lavoriamo.\nLa tradizione del design svizzero significa chiarezza piuttosto che disordine.   \n<br><br>Abbiamo eliminato tutto ci\u00f2 che non \u00e8 essenziale, in modo che le informazioni importanti siano sempre a portata di mano. Il risultato \u00e8 uno strumento che risulta intuitivo fin dal primo giorno. \n<br><br>Essere svizzeri significa anche prendere sul serio i dati. Le tue informazioni rimangono in Europa, su un'infrastruttura sicura e conforme al GDPR. Non risparmiamo sulla privacy o sulla sicurezza.  <\/p>\t\t\t\t<\/div>\n\t\t\t\t<\/div>\n\t\t\t\t<\/div>\n\t\t\t\t<\/div>\n\t\t\t\t<\/div>\n\t\t\t\t\t<\/div>\n\t\t\t\t<\/div>\n\t\t<div class=\"elementor-element elementor-element-5eae8ce e-flex e-con-boxed e-con e-parent\" data-id=\"5eae8ce\" data-element_type=\"container\" data-e-type=\"container\">\n\t\t\t\t\t<div class=\"e-con-inner\">\n\t\t<div class=\"elementor-element elementor-element-ce81a0d e-con-full animated-fast e-flex elementor-invisible e-con e-child\" data-id=\"ce81a0d\" data-element_type=\"container\" data-e-type=\"container\" data-settings=\"{&quot;background_background&quot;:&quot;classic&quot;,&quot;animation_delay&quot;:75,&quot;animation&quot;:&quot;fadeInUp&quot;}\">\n\t\t<div class=\"elementor-element elementor-element-259c193 e-con-full e-flex e-con e-child\" data-id=\"259c193\" data-element_type=\"container\" data-e-type=\"container\">\n\t\t\t\t<div class=\"elementor-element elementor-element-ea47447 elementor-widget elementor-widget-heading\" data-id=\"ea47447\" data-element_type=\"widget\" data-e-type=\"widget\" data-widget_type=\"heading.default\">\n\t\t\t\t\t<p class=\"elementor-heading-title elementor-size-default\">La nostra missione<\/p>\t\t\t\t<\/div>\n\t\t\t\t<div class=\"elementor-element elementor-element-c6cbf95 elementor-widget elementor-widget-heading\" data-id=\"c6cbf95\" data-element_type=\"widget\" data-e-type=\"widget\" data-widget_type=\"heading.default\">\n\t\t\t\t\t<p class=\"elementor-heading-title elementor-size-default\">Restituisci alle squadre il loro tempo<\/p>\t\t\t\t<\/div>\n\t\t\t\t<div class=\"elementor-element elementor-element-da6c1d9 elementor-widget elementor-widget-heading\" data-id=\"da6c1d9\" data-element_type=\"widget\" data-e-type=\"widget\" data-widget_type=\"heading.default\">\n\t\t\t\t\t<p class=\"elementor-heading-title elementor-size-default\">Teambook ha lo scopo di alleviare i tuoi problemi di gestione delle risorse di progetto e di mantenere il polso della tua attivit\u00e0.\n<br><br>Nel settore dei servizi professionali, l'espressione \"il tempo \u00e8 denaro\" assume tutto il suo significato e guida il nostro obiettivo, che \u00e8 quello di aiutarvi a diventare pi\u00f9 efficienti. Come? Restituendovi il vostro tempo, in modo che possiate concentrarvi sulla crescita della vostra attivit\u00e0. Comprendiamo le tue difficolt\u00e0, perch\u00e9 le abbiamo vissute anche noi, e lavoriamo con passione affinch\u00e9 tu possa ambire al successo.<\/p>\t\t\t\t<\/div>\n\t\t\t\t<\/div>\n\t\t\t\t<div class=\"elementor-element elementor-element-2a71ac1 elementor-widget__width-initial elementor-widget elementor-widget-image\" data-id=\"2a71ac1\" data-element_type=\"widget\" data-e-type=\"widget\" data-widget_type=\"image.default\">\n\t\t\t\t\t\t\t\t\t\t\t\t\t\t\t<img loading=\"lazy\" decoding=\"async\" width=\"341\" height=\"320\" src=\"https:\/\/teambookapp.com\/wp-content\/uploads\/2026\/02\/11-ill4-1.svg\" class=\"attachment-large size-large wp-image-33742\" alt=\"\" title=\"\">\t\t\t\t\t\t\t\t\t\t\t\t\t\t\t<\/div>\n\t\t\t\t<\/div>\n\t\t<div class=\"elementor-element elementor-element-5aebf8e e-con-full animated-fast e-flex elementor-invisible e-con e-child\" data-id=\"5aebf8e\" data-element_type=\"container\" data-e-type=\"container\" data-settings=\"{&quot;animation_delay&quot;:150,&quot;animation&quot;:&quot;fadeInUp&quot;}\">\n\t\t\t\t<div class=\"elementor-element elementor-element-dfeaf81 elementor-widget elementor-widget-heading\" data-id=\"dfeaf81\" data-element_type=\"widget\" data-e-type=\"widget\" data-widget_type=\"heading.default\">\n\t\t\t\t\t<p class=\"elementor-heading-title elementor-size-default\">I nostri valori e impegni<\/p>\t\t\t\t<\/div>\n\t\t\t\t<div class=\"elementor-element elementor-element-6cf696f elementor-widget elementor-widget-icon-box\" data-id=\"6cf696f\" data-element_type=\"widget\" data-e-type=\"widget\" data-widget_type=\"icon-box.default\">\n\t\t\t\t\t\t\t<div class=\"elementor-icon-box-wrapper\">\n\n\t\t\t\n\t\t\t\t\t\t<div class=\"elementor-icon-box-content\">\n\n\t\t\t\t\t\t\t\t\t<h3 class=\"elementor-icon-box-title\">\n\t\t\t\t\t\t<span  >\n\t\t\t\t\t\t\tServizio e clienti\t\t\t\t\t\t<\/span>\n\t\t\t\t\t<\/h3>\n\t\t\t\t\n\t\t\t\t\t\t\t\t\t<p class=\"elementor-icon-box-description\">\n\t\t\t\t\t\tAscoltiamo costantemente le esigenze dei nostri clienti e dei potenziali clienti e cerchiamo di sviluppare rapidamente le funzionalit\u00e0 che hanno senso per la loro attivit\u00e0.\t\t\t\t\t<\/p>\n\t\t\t\t\n\t\t\t<\/div>\n\t\t\t\n\t\t<\/div>\n\t\t\t\t\t\t<\/div>\n\t\t\t\t<div class=\"elementor-element elementor-element-38d1a47 elementor-widget elementor-widget-icon-box\" data-id=\"38d1a47\" data-element_type=\"widget\" data-e-type=\"widget\" data-widget_type=\"icon-box.default\">\n\t\t\t\t\t\t\t<div class=\"elementor-icon-box-wrapper\">\n\n\t\t\t\n\t\t\t\t\t\t<div class=\"elementor-icon-box-content\">\n\n\t\t\t\t\t\t\t\t\t<h3 class=\"elementor-icon-box-title\">\n\t\t\t\t\t\t<span  >\n\t\t\t\t\t\t\tAgilit\u00e0 e modestia\t\t\t\t\t\t<\/span>\n\t\t\t\t\t<\/h3>\n\t\t\t\t\n\t\t\t\t\t\t\t\t\t<p class=\"elementor-icon-box-description\">\n\t\t\t\t\t\tPer noi \u00e8 importante concentrarci sulla nostra attivit\u00e0 principale, la pianificazione, e semplificare la complessit\u00e0. Questo approccio agile si riflette anche nel modo in cui lavoriamo al 100% da remoto, senza dover ricorrere a ingombranti spostamenti in ufficio.\t\t\t\t\t<\/p>\n\t\t\t\t\n\t\t\t<\/div>\n\t\t\t\n\t\t<\/div>\n\t\t\t\t\t\t<\/div>\n\t\t\t\t<div class=\"elementor-element elementor-element-84cdbb9 elementor-widget elementor-widget-icon-box\" data-id=\"84cdbb9\" data-element_type=\"widget\" data-e-type=\"widget\" data-widget_type=\"icon-box.default\">\n\t\t\t\t\t\t\t<div class=\"elementor-icon-box-wrapper\">\n\n\t\t\t\n\t\t\t\t\t\t<div class=\"elementor-icon-box-content\">\n\n\t\t\t\t\t\t\t\t\t<h3 class=\"elementor-icon-box-title\">\n\t\t\t\t\t\t<span  >\n\t\t\t\t\t\t\tCondivisione e fiducia\t\t\t\t\t\t<\/span>\n\t\t\t\t\t<\/h3>\n\t\t\t\t\n\t\t\t\t\t\t\t\t\t<p class=\"elementor-icon-box-description\">\n\t\t\t\t\t\tSebbene le origini di Teambook siano in Svizzera, collaboriamo con talenti di tutto il mondo e diamo una possibilit\u00e0 ai giovani che formiamo e incoraggiamo ad affrontare nuove sfide, in un ambiente di lavoro molto flessibile.\t\t\t\t\t<\/p>\n\t\t\t\t\n\t\t\t<\/div>\n\t\t\t\n\t\t<\/div>\n\t\t\t\t\t\t<\/div>\n\t\t\t\t<div class=\"elementor-element elementor-element-45a6162 elementor-widget elementor-widget-icon-box\" data-id=\"45a6162\" data-element_type=\"widget\" data-e-type=\"widget\" data-widget_type=\"icon-box.default\">\n\t\t\t\t\t\t\t<div class=\"elementor-icon-box-wrapper\">\n\n\t\t\t\n\t\t\t\t\t\t<div class=\"elementor-icon-box-content\">\n\n\t\t\t\t\t\t\t\t\t<h3 class=\"elementor-icon-box-title\">\n\t\t\t\t\t\t<span  >\n\t\t\t\t\t\t\tSostenibilit\u00e0\t\t\t\t\t\t<\/span>\n\t\t\t\t\t<\/h3>\n\t\t\t\t\n\t\t\t\t\t\t\t\t\t<p class=\"elementor-icon-box-description\">\n\t\t\t\t\t\tL'ambiente \u00e8 un fattore che prendiamo molto sul serio. Riduciamo al minimo il nostro impatto lavorando esclusivamente in modo virtuale, ci assicuriamo di lavorare in modo efficiente e ci affidiamo a partner con valori simili.\t\t\t\t\t<\/p>\n\t\t\t\t\n\t\t\t<\/div>\n\t\t\t\n\t\t<\/div>\n\t\t\t\t\t\t<\/div>\n\t\t\t\t<\/div>\n\t\t\t\t\t<\/div>\n\t\t\t\t<\/div>\n\t\t<div class=\"elementor-element elementor-element-34e5e98 e-flex e-con-boxed e-con e-parent\" data-id=\"34e5e98\" data-element_type=\"container\" data-e-type=\"container\">\n\t\t\t\t\t<div class=\"e-con-inner\">\n\t\t<div class=\"elementor-element elementor-element-6b8cf69 e-con-full animated-fast e-flex elementor-invisible e-con e-child\" data-id=\"6b8cf69\" data-element_type=\"container\" data-e-type=\"container\" data-settings=\"{&quot;background_background&quot;:&quot;classic&quot;,&quot;animation_delay&quot;:100,&quot;animation&quot;:&quot;fadeInUp&quot;}\">\n\t\t\t\t<div class=\"elementor-element elementor-element-0748667 elementor-widget__width-initial elementor-widget elementor-widget-heading\" data-id=\"0748667\" data-element_type=\"widget\" data-e-type=\"widget\" data-widget_type=\"heading.default\">\n\t\t\t\t\t<h2 class=\"elementor-heading-title elementor-size-default\">Unisciti ai team che pianificano le risorse del progetto in modo pi\u00f9 intelligente<\/h2>\t\t\t\t<\/div>\n\t\t\t\t<div class=\"elementor-element elementor-element-1092cd0 elementor-widget elementor-widget-heading\" data-id=\"1092cd0\" data-element_type=\"widget\" data-e-type=\"widget\" data-widget_type=\"heading.default\">\n\t\t\t\t\t<div class=\"elementor-heading-title elementor-size-default\"><div class=\"trust-badges\" style=\"display: flex;flex-wrap: wrap;gap: 10px;justify-content: center\">\n  <div style=\"display: flex !important;align-items: end;gap: 5px !important\">Ospitato dall'UE  <img loading=\"lazy\" decoding=\"async\" src=\"\/wp-content\/uploads\/2026\/02\/flag-for-european-union_1f1ea-1f1fa-1.png\" width=\"20\" height=\"20\" alt=\"Bandiera dell&#039;UE\" style=\"margin-bottom: -2px\" title=\"\"><\/div>\n  <div style=\"display: flex !important;align-items: center;gap: 5px !important\">Conforme al GDPR  <img loading=\"lazy\" decoding=\"async\" src=\"\/wp-content\/uploads\/2026\/02\/shield_1f6e1.png\" width=\"18\" height=\"20\" alt=\"Scudo\" title=\"\"><\/div>\n  <div style=\"display: flex;align-items: end;gap: 5px\">Swiss Made  <img loading=\"lazy\" decoding=\"async\" src=\"\/wp-content\/uploads\/2026\/02\/flag-for-switzerland_1f1e8-1f1ed-1.png\" width=\"20\" height=\"20\" alt=\"Bandiera svizzera\" style=\"margin-bottom: -2px\" title=\"\"><\/div>\n<\/div><\/div>\t\t\t\t<\/div>\n\t\t<div class=\"elementor-element elementor-element-eb7e5c3 e-con-full e-flex e-con e-child\" data-id=\"eb7e5c3\" data-element_type=\"container\" data-e-type=\"container\">\n\t\t\t\t<div class=\"elementor-element elementor-element-799e0b1 elementor-align-justify elementor-widget-mobile__width-initial elementor-widget__width-initial elementor-widget elementor-widget-button\" data-id=\"799e0b1\" data-element_type=\"widget\" data-e-type=\"widget\" data-widget_type=\"button.default\">\n\t\t\t\t\t\t\t\t\t\t<a class=\"elementor-button elementor-button-link elementor-size-sm\" href=\"https:\/\/web.teambookapp.com\/register\/en\/\">\n\t\t\t\t\t\t<span class=\"elementor-button-content-wrapper\">\n\t\t\t\t\t\t\t\t\t<span class=\"elementor-button-text\">Prova gratuita<\/span>\n\t\t\t\t\t<\/span>\n\t\t\t\t\t<\/a>\n\t\t\t\t\t\t\t\t<\/div>\n\t\t\t\t<div class=\"elementor-element elementor-element-a7ec344 elementor-widget elementor-widget-heading\" data-id=\"a7ec344\" data-element_type=\"widget\" data-e-type=\"widget\" data-widget_type=\"heading.default\">\n\t\t\t\t\t<p class=\"elementor-heading-title elementor-size-default\">Non \u00e8 richiesta la carta di credito<\/p>\t\t\t\t<\/div>\n\t\t\t\t<\/div>\n\t\t\t\t<\/div>\n\t\t\t\t\t<\/div>\n\t\t\t\t<\/div>\n\t\t\t\t<\/div>\n\t\t","protected":false},"excerpt":{"rendered":"<p>Costruito da persone che comprendono il problema Teambook \u00e8 nato dal caos di pianificazione che abbiamo vissuto noi stessi. Ora aiutiamo migliaia di team a pianificare e gestire il tempo dei loro collaboratori con chiarezza. 0 + Utenti 0 + Progetti gestiti 0 + Prenotazioni create Abbiamo costruito Teambook perch\u00e9 ne avevamo bisogno La nostra [&hellip;]<\/p>\n","protected":false},"author":1,"featured_media":0,"parent":0,"menu_order":0,"comment_status":"closed","ping_status":"closed","template":"","meta":{"footnotes":""},"class_list":["post-34087","page","type-page","status-publish","hentry"],"_links":{"self":[{"href":"https:\/\/teambookapp.com\/it\/wp-json\/wp\/v2\/pages\/34087","targetHints":{"allow":["GET"]}}],"collection":[{"href":"https:\/\/teambookapp.com\/it\/wp-json\/wp\/v2\/pages"}],"about":[{"href":"https:\/\/teambookapp.com\/it\/wp-json\/wp\/v2\/types\/page"}],"author":[{"embeddable":true,"href":"https:\/\/teambookapp.com\/it\/wp-json\/wp\/v2\/users\/1"}],"replies":[{"embeddable":true,"href":"https:\/\/teambookapp.com\/it\/wp-json\/wp\/v2\/comments?post=34087"}],"version-history":[{"count":5,"href":"https:\/\/teambookapp.com\/it\/wp-json\/wp\/v2\/pages\/34087\/revisions"}],"predecessor-version":[{"id":36194,"href":"https:\/\/teambookapp.com\/it\/wp-json\/wp\/v2\/pages\/34087\/revisions\/36194"}],"wp:attachment":[{"href":"https:\/\/teambookapp.com\/it\/wp-json\/wp\/v2\/media?parent=34087"}],"curies":[{"name":"wp","href":"https:\/\/api.w.org\/{rel}","templated":true}]}}