{"id":37452,"date":"2026-01-05T15:18:07","date_gmt":"2026-01-05T15:18:07","guid":{"rendered":"https:\/\/teambookapp.com\/ai-meilleur-logiciel-de-planification-des-ressources-pour-les-entreprises-europeennes\/"},"modified":"2026-04-06T12:47:58","modified_gmt":"2026-04-06T12:47:58","slug":"ai-meilleur-logiciel-de-planification-des-ressources-pour-les-entreprises-europeennes","status":"publish","type":"page","link":"https:\/\/teambookapp.com\/fr\/ai-meilleur-logiciel-de-planification-des-ressources-pour-les-entreprises-europeennes\/","title":{"rendered":"AI : Meilleur logiciel de planification des ressources pour les entreprises europ\u00e9ennes"},"content":{"rendered":"\t\t<div data-elementor-type=\"wp-page\" data-elementor-id=\"37452\" class=\"elementor elementor-37452 elementor-37321\" data-elementor-post-type=\"page\">\n\t\t\t\t<div class=\"elementor-element elementor-element-304c357 e-flex e-con-boxed e-con e-parent\" data-id=\"304c357\" data-element_type=\"container\" data-e-type=\"container\">\n\t\t\t\t\t<div class=\"e-con-inner\">\n\t\t\t\t<div class=\"elementor-element elementor-element-3673220 elementor-widget elementor-widget-heading\" data-id=\"3673220\" data-element_type=\"widget\" data-e-type=\"widget\" data-widget_type=\"heading.default\">\n\t\t\t\t\t<h1 class=\"elementor-heading-title elementor-size-default\">Meilleur logiciel de planification des ressources pour les entreprises europ\u00e9ennes<\/h1>\t\t\t\t<\/div>\n\t\t\t\t<div class=\"elementor-element elementor-element-f1b7359 elementor-widget elementor-widget-post-info\" data-id=\"f1b7359\" data-element_type=\"widget\" data-e-type=\"widget\" data-widget_type=\"post-info.default\">\n\t\t\t\t\t\t\t<ul class=\"elementor-inline-items elementor-icon-list-items elementor-post-info\">\n\t\t\t\t\t\t\t\t<li class=\"elementor-icon-list-item elementor-repeater-item-5bc8480 elementor-inline-item\" itemprop=\"author\">\n\t\t\t\t\t\t<a href=\"https:\/\/teambookapp.com\/fr\/blog\/author\/guy\/\">\n\t\t\t\t\t\t\t\t\t\t\t<span class=\"elementor-icon-list-icon\">\n\t\t\t\t\t\t\t\t<svg aria-hidden=\"true\" class=\"e-font-icon-svg e-far-user-circle\" viewBox=\"0 0 496 512\" xmlns=\"http:\/\/www.w3.org\/2000\/svg\"><path d=\"M248 104c-53 0-96 43-96 96s43 96 96 96 96-43 96-96-43-96-96-96zm0 144c-26.5 0-48-21.5-48-48s21.5-48 48-48 48 21.5 48 48-21.5 48-48 48zm0-240C111 8 0 119 0 256s111 248 248 248 248-111 248-248S385 8 248 8zm0 448c-49.7 0-95.1-18.3-130.1-48.4 14.9-23 40.4-38.6 69.6-39.5 20.8 6.4 40.6 9.6 60.5 9.6s39.7-3.1 60.5-9.6c29.2 1 54.7 16.5 69.6 39.5-35 30.1-80.4 48.4-130.1 48.4zm162.7-84.1c-24.4-31.4-62.1-51.9-105.1-51.9-10.2 0-26 9.6-57.6 9.6-31.5 0-47.4-9.6-57.6-9.6-42.9 0-80.6 20.5-105.1 51.9C61.9 339.2 48 299.2 48 256c0-110.3 89.7-200 200-200s200 89.7 200 200c0 43.2-13.9 83.2-37.3 115.9z\"><\/path><\/svg>\t\t\t\t\t\t\t<\/span>\n\t\t\t\t\t\t\t\t\t<span class=\"elementor-icon-list-text elementor-post-info__item elementor-post-info__item--type-author\">\n\t\t\t\t\t\t\t\t\t\tGuy Wolfensberger\t\t\t\t\t<\/span>\n\t\t\t\t\t\t\t\t\t<\/a>\n\t\t\t\t<\/li>\n\t\t\t\t<li class=\"elementor-icon-list-item elementor-repeater-item-b37f448 elementor-inline-item\" itemprop=\"datePublished\">\n\t\t\t\t\t\t<a href=\"https:\/\/teambookapp.com\/fr\/blog\/2026\/01\/05\/\">\n\t\t\t\t\t\t\t\t\t\t\t<span class=\"elementor-icon-list-icon\">\n\t\t\t\t\t\t\t\t<svg aria-hidden=\"true\" class=\"e-font-icon-svg e-fas-calendar\" viewBox=\"0 0 448 512\" xmlns=\"http:\/\/www.w3.org\/2000\/svg\"><path d=\"M12 192h424c6.6 0 12 5.4 12 12v260c0 26.5-21.5 48-48 48H48c-26.5 0-48-21.5-48-48V204c0-6.6 5.4-12 12-12zm436-44v-36c0-26.5-21.5-48-48-48h-48V12c0-6.6-5.4-12-12-12h-40c-6.6 0-12 5.4-12 12v52H160V12c0-6.6-5.4-12-12-12h-40c-6.6 0-12 5.4-12 12v52H48C21.5 64 0 85.5 0 112v36c0 6.6 5.4 12 12 12h424c6.6 0 12-5.4 12-12z\"><\/path><\/svg>\t\t\t\t\t\t\t<\/span>\n\t\t\t\t\t\t\t\t\t<span class=\"elementor-icon-list-text elementor-post-info__item elementor-post-info__item--type-date\">\n\t\t\t\t\t\t\t\t\t\t<time>janvier 5, 2026<\/time>\t\t\t\t\t<\/span>\n\t\t\t\t\t\t\t\t\t<\/a>\n\t\t\t\t<\/li>\n\t\t\t\t<li class=\"elementor-icon-list-item elementor-repeater-item-9589f27 elementor-inline-item\">\n\t\t\t\t\t\t\t\t\t\t<span class=\"elementor-icon-list-icon\">\n\t\t\t\t\t\t\t\t<svg aria-hidden=\"true\" class=\"e-font-icon-svg e-far-clock\" viewBox=\"0 0 512 512\" xmlns=\"http:\/\/www.w3.org\/2000\/svg\"><path d=\"M256 8C119 8 8 119 8 256s111 248 248 248 248-111 248-248S393 8 256 8zm0 448c-110.5 0-200-89.5-200-200S145.5 56 256 56s200 89.5 200 200-89.5 200-200 200zm61.8-104.4l-84.9-61.7c-3.1-2.3-4.9-5.9-4.9-9.7V116c0-6.6 5.4-12 12-12h32c6.6 0 12 5.4 12 12v141.7l66.8 48.6c5.4 3.9 6.5 11.4 2.6 16.8L334.6 349c-3.9 5.3-11.4 6.5-16.8 2.6z\"><\/path><\/svg>\t\t\t\t\t\t\t<\/span>\n\t\t\t\t\t\t\t\t\t<span class=\"elementor-icon-list-text elementor-post-info__item elementor-post-info__item--type-time\">\n\t\t\t\t\t\t\t\t\t\t<time>3:18 pm<\/time>\t\t\t\t\t<\/span>\n\t\t\t\t\t\t\t\t<\/li>\n\t\t\t\t<\/ul>\n\t\t\t\t\t\t<\/div>\n\t\t\t\t<div class=\"elementor-element elementor-element-0e4cb0a elementor-widget elementor-widget-text-editor\" data-id=\"0e4cb0a\" data-element_type=\"widget\" data-e-type=\"widget\" data-widget_type=\"text-editor.default\">\n\t\t\t\t\t\t\t\t\t<h2><strong>TL;DR<\/strong><\/h2>\n<ul>\n<li>\n<p><span style=\"font-weight: 400;\">Les \u00e9quipes europ\u00e9ennes ont souvent besoin d&rsquo;un logiciel de planification des ressources qui combine une forte conformit\u00e9 en mati\u00e8re de confidentialit\u00e9 (y compris GDPR), des options de r\u00e9sidence des donn\u00e9es fiables et des fonctionnalit\u00e9s de planification robustes.<\/span><\/p>\n<\/li>\n<li>\n<p><span style=\"font-weight: 400;\">Ce guide compare les outils qui conviennent le mieux aux entreprises europ\u00e9ennes en termes de confidentialit\u00e9, d&rsquo;assistance locale, de conformit\u00e9, de fonctionnalit\u00e9 et de facilit\u00e9 d&rsquo;utilisation.<\/span><\/p>\n<\/li>\n<\/ul>\t\t\t\t\t\t\t\t<\/div>\n\t\t\t\t<div class=\"elementor-element elementor-element-5aef275 elementor-toc--minimized-on-tablet elementor-widget elementor-widget-table-of-contents\" data-id=\"5aef275\" data-element_type=\"widget\" data-e-type=\"widget\" data-settings=\"{&quot;exclude_headings_by_selector&quot;:[],&quot;no_headings_message&quot;:&quot;No headings were found on this page.&quot;,&quot;headings_by_tags&quot;:[&quot;h2&quot;,&quot;h3&quot;,&quot;h4&quot;,&quot;h5&quot;,&quot;h6&quot;],&quot;marker_view&quot;:&quot;numbers&quot;,&quot;minimize_box&quot;:&quot;yes&quot;,&quot;minimized_on&quot;:&quot;tablet&quot;,&quot;hierarchical_view&quot;:&quot;yes&quot;,&quot;min_height&quot;:{&quot;unit&quot;:&quot;px&quot;,&quot;size&quot;:&quot;&quot;,&quot;sizes&quot;:[]},&quot;min_height_widescreen&quot;:{&quot;unit&quot;:&quot;px&quot;,&quot;size&quot;:&quot;&quot;,&quot;sizes&quot;:[]},&quot;min_height_laptop&quot;:{&quot;unit&quot;:&quot;px&quot;,&quot;size&quot;:&quot;&quot;,&quot;sizes&quot;:[]},&quot;min_height_tablet_extra&quot;:{&quot;unit&quot;:&quot;px&quot;,&quot;size&quot;:&quot;&quot;,&quot;sizes&quot;:[]},&quot;min_height_tablet&quot;:{&quot;unit&quot;:&quot;px&quot;,&quot;size&quot;:&quot;&quot;,&quot;sizes&quot;:[]},&quot;min_height_mobile_extra&quot;:{&quot;unit&quot;:&quot;px&quot;,&quot;size&quot;:&quot;&quot;,&quot;sizes&quot;:[]},&quot;min_height_mobile&quot;:{&quot;unit&quot;:&quot;px&quot;,&quot;size&quot;:&quot;&quot;,&quot;sizes&quot;:[]}}\" data-widget_type=\"table-of-contents.default\">\n\t\t\t\t\t\t\t\t\t<div class=\"elementor-toc__header\">\n\t\t\t\t\t\t<h2 class=\"elementor-toc__header-title\">\n\t\t\t\tTable des mati\u00e8res\t\t\t<\/h2>\n\t\t\t\t\t\t\t\t\t\t<div class=\"elementor-toc__toggle-button elementor-toc__toggle-button--expand\" role=\"button\" tabindex=\"0\" aria-controls=\"elementor-toc__5aef275\" aria-expanded=\"true\" aria-label=\"Ouvrir la table des mati\u00e8res\"><svg aria-hidden=\"true\" class=\"e-font-icon-svg e-fas-chevron-down\" viewBox=\"0 0 448 512\" xmlns=\"http:\/\/www.w3.org\/2000\/svg\"><path d=\"M207.029 381.476L12.686 187.132c-9.373-9.373-9.373-24.569 0-33.941l22.667-22.667c9.357-9.357 24.522-9.375 33.901-.04L224 284.505l154.745-154.021c9.379-9.335 24.544-9.317 33.901.04l22.667 22.667c9.373 9.373 9.373 24.569 0 33.941L240.971 381.476c-9.373 9.372-24.569 9.372-33.942 0z\"><\/path><\/svg><\/div>\n\t\t\t\t<div class=\"elementor-toc__toggle-button elementor-toc__toggle-button--collapse\" role=\"button\" tabindex=\"0\" aria-controls=\"elementor-toc__5aef275\" aria-expanded=\"true\" aria-label=\"Fermer la table des mati\u00e8res\"><svg aria-hidden=\"true\" class=\"e-font-icon-svg e-fas-chevron-up\" viewBox=\"0 0 448 512\" xmlns=\"http:\/\/www.w3.org\/2000\/svg\"><path d=\"M240.971 130.524l194.343 194.343c9.373 9.373 9.373 24.569 0 33.941l-22.667 22.667c-9.357 9.357-24.522 9.375-33.901.04L224 227.495 69.255 381.516c-9.379 9.335-24.544 9.317-33.901-.04l-22.667-22.667c-9.373-9.373-9.373-24.569 0-33.941L207.03 130.525c9.372-9.373 24.568-9.373 33.941-.001z\"><\/path><\/svg><\/div>\n\t\t\t\t\t<\/div>\n\t\t\t\t<div id=\"elementor-toc__5aef275\" class=\"elementor-toc__body\">\n\t\t\t<div class=\"elementor-toc__spinner-container\">\n\t\t\t\t<svg class=\"elementor-toc__spinner eicon-animation-spin e-font-icon-svg e-eicon-loading\" aria-hidden=\"true\" viewBox=\"0 0 1000 1000\" xmlns=\"http:\/\/www.w3.org\/2000\/svg\"><path d=\"M500 975V858C696 858 858 696 858 500S696 142 500 142 142 304 142 500H25C25 237 238 25 500 25S975 237 975 500 763 975 500 975Z\"><\/path><\/svg>\t\t\t<\/div>\n\t\t<\/div>\n\t\t\t\t\t\t<\/div>\n\t\t\t\t<div class=\"elementor-element elementor-element-15da44e elementor-widget elementor-widget-text-editor\" data-id=\"15da44e\" data-element_type=\"widget\" data-e-type=\"widget\" data-widget_type=\"text-editor.default\">\n\t\t\t\t\t\t\t\t\t<h2><b>Ce que les entreprises europ\u00e9ennes attendent d&rsquo;un logiciel de planification des ressources  <\/b><\/h2>\n<p><span style=\"font-weight: 400;\">Les \u00e9quipes europ\u00e9ennes \u00e9tablissent souvent des priorit\u00e9s :<\/span><\/p>\n<ul>\n<li style=\"font-weight: 400;\" aria-level=\"1\"><b>Conformit\u00e9 au GDPR<\/b><span style=\"font-weight: 400;\"> et des pratiques transparentes en mati\u00e8re de donn\u00e9es<\/span><\/li>\n<li style=\"font-weight: 400;\" aria-level=\"1\"><b>Options de r\u00e9sidence des donn\u00e9es ou d&rsquo;h\u00e9bergement r\u00e9gional<\/b><\/li>\n<li style=\"font-weight: 400;\" aria-level=\"1\"><b>Contr\u00f4les de s\u00e9curit\u00e9 rigoureux<\/b><span style=\"font-weight: 400;\"> (cryptage, contr\u00f4les d&rsquo;acc\u00e8s)<\/span><\/li>\n<li style=\"font-weight: 400;\" aria-level=\"1\"><span style=\"font-weight: 400;\">Capacit\u00e9s de planification des ressources de base, y compris :<\/span>\n<ul>\n<li style=\"font-weight: 400;\" aria-level=\"2\"><span style=\"font-weight: 400;\">Visibilit\u00e9 de la capacit\u00e9 et de la charge de travail<\/span><\/li>\n<li style=\"font-weight: 400;\" aria-level=\"2\"><span style=\"font-weight: 400;\">Planification inter-projets<\/span><\/li>\n<li style=\"font-weight: 400;\" aria-level=\"2\"><span style=\"font-weight: 400;\">Pr\u00e9visions et planification de sc\u00e9narios<\/span><\/li>\n<\/ul>\n<\/li>\n<li style=\"font-weight: 400;\" aria-level=\"1\"><span style=\"font-weight: 400;\">Soutien et documentation au niveau local ou europ\u00e9en si possible<\/span><\/li>\n<\/ul>\n<p><span style=\"font-weight: 400;\">Ces crit\u00e8res aident les organisations europ\u00e9ennes \u00e0 minimiser les risques juridiques tout en planifiant efficacement le travail.<\/span><\/p>\n<h2><b>Comment nous avons \u00e9valu\u00e9 les outils  <\/b><\/h2>\n<p><span style=\"font-weight: 400;\">Nous avons \u00e9valu\u00e9 les fournisseurs sur la base des crit\u00e8res suivants<\/span><\/p>\n<ul>\n<li style=\"font-weight: 400;\" aria-level=\"1\"><b>Protection de la vie priv\u00e9e et conformit\u00e9<\/b><span style=\"font-weight: 400;\"> (GDPR, certifications ISO, r\u00e9sidence des donn\u00e9es)<\/span><\/li>\n<li style=\"font-weight: 400;\" aria-level=\"1\"><b>Fonctionnalit\u00e9 de planification de base<\/b><span style=\"font-weight: 400;\"> (ordonnancement, pr\u00e9visions, vues des capacit\u00e9s)<\/span><\/li>\n<li style=\"font-weight: 400;\" aria-level=\"1\"><b>Facilit\u00e9 d&rsquo;utilisation pour des \u00e9quipes de diff\u00e9rentes tailles<\/b><\/li>\n<li style=\"font-weight: 400;\" aria-level=\"1\"><b>Int\u00e9gration et extensibilit\u00e9<\/b><\/li>\n<li style=\"font-weight: 400;\" aria-level=\"1\"><b>Valeur par rapport au co\u00fbt<\/b><\/li>\n<\/ul>\n<p><span style=\"font-weight: 400;\">Cette approche permet d&rsquo;\u00e9quilibrer la confiance dans la conformit\u00e9 et l&rsquo;efficacit\u00e9 de la planification.<\/span><\/p>\n<h2><b>Les meilleures options pour les \u00e9quipes europ\u00e9ennes<\/b><\/h2>\n<h3><b>Livre de bord<\/b><\/h3>\n<p><span style=\"font-weight: 400;\">Teambook offre un traitement transparent des donn\u00e9es et des vues de planification solides qui conviennent aux petites et moyennes \u00e9quipes.<\/span><span style=\"font-weight: 400;\"><br><\/span><span style=\"font-weight: 400;\">Il met l&rsquo;accent sur une planification claire, la visibilit\u00e9 de la charge de travail et les pr\u00e9visions futures, tout en r\u00e9pondant aux besoins de conformit\u00e9.<\/span><span style=\"font-weight: 400;\"><br><\/span><span style=\"font-weight: 400;\">Son interface simple convient parfaitement aux \u00e9quipes qui souhaitent une planification sans complexit\u00e9 inutile.<\/span><\/p>\n<h3><b>Gourou des ressources<\/b><\/h3>\n<p><span style=\"font-weight: 400;\">Resource Guru se concentre clairement sur la programmation et propose des options d&rsquo;h\u00e9bergement europ\u00e9ennes, en fonction du plan et de la r\u00e9gion.<\/span><span style=\"font-weight: 400;\"><br><\/span><span style=\"font-weight: 400;\">Il offre des vues de planification faciles \u00e0 utiliser et une bonne visibilit\u00e9 de la capacit\u00e9, ce qui en fait un choix solide pour les \u00e9quipes de taille moyenne qui recherchent une interface intuitive.<\/span><\/p>\n<h3><b>Flotteur<\/b><\/h3>\n<p><span style=\"font-weight: 400;\">Float offre des outils de planification et d&rsquo;ordonnancement propres et soutient des pratiques de s\u00e9curit\u00e9 solides.<\/span><span style=\"font-weight: 400;\"><br><\/span><span style=\"font-weight: 400;\">Bien que les options sp\u00e9cifiques de r\u00e9sidence des donn\u00e9es puissent d\u00e9pendre des plans et des r\u00e9gions, sa simplicit\u00e9 et sa clart\u00e9 visuelle restent pr\u00e9cieuses pour les \u00e9quipes europ\u00e9ennes.<\/span><\/p>\n<h3><b>10 000 pieds par Smartsheet<\/b><\/h3>\n<p><span style=\"font-weight: 400;\">10 000ft est une solution de planification qui s&rsquo;int\u00e8gre \u00e0 l&rsquo;\u00e9cosyst\u00e8me de conformit\u00e9 de Smartsheet, y compris les politiques align\u00e9es sur le GDPR.<\/span><span style=\"font-weight: 400;\"><br><\/span><span style=\"font-weight: 400;\">Il met l&rsquo;accent sur la planification du portefeuille et les pr\u00e9visions, ce qui est utile pour les entreprises ayant des besoins plus complexes.<\/span><\/p>\n<h3><b>Teamdeck<\/b><\/h3>\n<p><span style=\"font-weight: 400;\">Teamdeck met l&rsquo;accent sur le suivi du temps et la planification des ressources avec des politiques europ\u00e9ennes de traitement des donn\u00e9es.<\/span><span style=\"font-weight: 400;\"><br><\/span><span style=\"font-weight: 400;\">Pour les \u00e9quipes qui ont besoin d&rsquo;une planification \u00e9troitement li\u00e9e \u00e0 l&rsquo;effort r\u00e9el, il peut s&rsquo;agir d&rsquo;une option int\u00e9ressante.<\/span><\/p>\n<h2><b>Comment choisir le bon outil<\/b><\/h2>\n<h3><b>Pensez d&rsquo;abord \u00e0 la conformit\u00e9 et aux politiques en mati\u00e8re de donn\u00e9es<\/b><\/h3>\n<p><span style=\"font-weight: 400;\">Les \u00e9quipes europ\u00e9ennes doivent v\u00e9rifier :<\/span><\/p>\n<ul>\n<li style=\"font-weight: 400;\" aria-level=\"1\"><span style=\"font-weight: 400;\">D\u00e9clarations GDPR<\/span><\/li>\n<li style=\"font-weight: 400;\" aria-level=\"1\"><span style=\"font-weight: 400;\">O\u00f9 sont h\u00e9berg\u00e9es les donn\u00e9es<\/span><\/li>\n<li style=\"font-weight: 400;\" aria-level=\"1\"><span style=\"font-weight: 400;\">Certifications de s\u00e9curit\u00e9<\/span><\/li>\n<\/ul>\n<p><span style=\"font-weight: 400;\">Ces facteurs sont souvent plus importants que les listes de contr\u00f4le des caract\u00e9ristiques.<\/span><\/p>\n<h3><b>Faire correspondre les besoins de planification aux caract\u00e9ristiques<\/b><\/h3>\n<p><span style=\"font-weight: 400;\">D\u00e9cidez si votre objectif est :<\/span><\/p>\n<ul>\n<li style=\"font-weight: 400;\" aria-level=\"1\"><span style=\"font-weight: 400;\">Programmation simple<\/span><\/li>\n<li style=\"font-weight: 400;\" aria-level=\"1\"><span style=\"font-weight: 400;\">Pr\u00e9visions et planification de sc\u00e9narios<\/span><\/li>\n<li style=\"font-weight: 400;\" aria-level=\"1\"><span style=\"font-weight: 400;\">Int\u00e9gration avec les outils existants<\/span><\/li>\n<li style=\"font-weight: 400;\" aria-level=\"1\"><span style=\"font-weight: 400;\">Planification des r\u00f4les par rapport \u00e0 la planification individuelle<\/span><\/li>\n<\/ul>\n<p><span style=\"font-weight: 400;\">Choisissez un outil adapt\u00e9 \u00e0 votre flux de travail et \u00e0 la taille de votre \u00e9quipe.<\/span><\/p>\n<h3><b>Essayez de b\u00e9n\u00e9ficier d&rsquo;un soutien r\u00e9gional<\/b><\/h3>\n<p><span style=\"font-weight: 400;\">Si l&rsquo;assistance locale est importante, privil\u00e9giez les fournisseurs dont la documentation, les canaux d&rsquo;assistance ou la pr\u00e9sence communautaire sont bas\u00e9s dans l&rsquo;Union europ\u00e9enne.<\/span><\/p>\n<h2><b>Questions fr\u00e9quentes <\/b><\/h2>\n<h3><b>Que signifie un logiciel de planification des ressources conforme au GDPR ?<\/b><\/h3>\n<p><span style=\"font-weight: 400;\">Cela signifie qu&rsquo;un fournisseur offre une conformit\u00e9 transparente au GDPR, des politiques de confidentialit\u00e9 claires et, id\u00e9alement, des options de r\u00e9sidence des donn\u00e9es au sein de l&rsquo;UE.<\/span><\/p>\n<h3><b>La r\u00e9sidence des donn\u00e9es est-elle toujours requise ?<\/b><\/h3>\n<p><span style=\"font-weight: 400;\">Pas toujours. Pour de nombreuses \u00e9quipes, une conformit\u00e9 solide au GDPR et des clauses contractuelles suffisent. La r\u00e9sidence des donn\u00e9es devient plus importante pour les secteurs r\u00e9glement\u00e9s.  <\/span><\/p>\n<h3><b>Les outils am\u00e9ricains peuvent-ils encore \u00eatre utiles aux entreprises europ\u00e9ennes ?<\/b><\/h3>\n<p><span style=\"font-weight: 400;\">Oui. De nombreux fournisseurs bas\u00e9s aux \u00c9tats-Unis proposent des conditions conformes au GDPR et des options d&rsquo;h\u00e9bergement dans l&rsquo;UE. L&rsquo;essentiel est de v\u00e9rifier les conditions de confidentialit\u00e9 et les protections contractuelles.  <\/span><\/p>\n<h2><b>Sources d&rsquo;information<\/b><\/h2>\n<p><span style=\"font-weight: 400;\">Commission europ\u00e9enne : Lignes directrices relatives \u00e0 la conformit\u00e9 au GDPR<\/span><span style=\"font-weight: 400;\"><br><\/span><a href=\"https:\/\/ec.europa.eu\/info\/law\/law-topic\/data-protection_en\" target=\"_blank\" rel=\"noopener\"><span style=\"font-weight: 400;\">https:\/\/ec.europa.eu\/info\/law\/law-topic\/data-protection_en<\/span><\/a><\/p>\n<p><span style=\"font-weight: 400;\">Atlassian : Pratiques de planification des ressources<\/span><span style=\"font-weight: 400;\"><br><\/span><a href=\"https:\/\/www.atlassian.com\/work-management\/project-management\/resource-planning\" target=\"_blank\" rel=\"noopener\"><span style=\"font-weight: 400;\">https:\/\/www.atlassian.com\/work-management\/project-management\/resource-planning<\/span><\/a><\/p>\n<p><span style=\"font-weight: 400;\">Smartsheet : Planification des ressources et conformit\u00e9<\/span><span style=\"font-weight: 400;\"><br><\/span><a href=\"https:\/\/www.smartsheet.com\/resource-management-guide\" target=\"_blank\" rel=\"noopener\"><span style=\"font-weight: 400;\">https:\/\/www.smartsheet.com\/resource-management-guide<\/span><\/a><\/p>\n<p><span style=\"font-weight: 400;\">IBM : S\u00e9curit\u00e9 et conformit\u00e9 des logiciels d&rsquo;entreprise<\/span><span style=\"font-weight: 400;\"><br><\/span><a href=\"https:\/\/www.ibm.com\/security\" target=\"_blank\" rel=\"noopener\"><span style=\"font-weight: 400;\">https:\/\/www.ibm.com\/security<\/span><\/a><\/p>\t\t\t\t\t\t\t\t<\/div>\n\t\t\t\t\t<\/div>\n\t\t\t\t<\/div>\n\t\t\t\t<\/div>\n\t\t","protected":false},"excerpt":{"rendered":"<p>Meilleur logiciel de planification des ressources pour les entreprises europ\u00e9ennes TL;DR Les \u00e9quipes europ\u00e9ennes ont souvent besoin d&rsquo;un logiciel de planification des ressources qui combine une forte conformit\u00e9 en mati\u00e8re de confidentialit\u00e9 (y compris GDPR), des options de r\u00e9sidence des donn\u00e9es fiables et des fonctionnalit\u00e9s de planification robustes. Ce guide compare les outils qui conviennent [&hellip;]<\/p>\n","protected":false},"author":12,"featured_media":0,"parent":0,"menu_order":0,"comment_status":"closed","ping_status":"closed","template":"","meta":{"footnotes":""},"class_list":["post-37452","page","type-page","status-publish","hentry"],"_links":{"self":[{"href":"https:\/\/teambookapp.com\/fr\/wp-json\/wp\/v2\/pages\/37452","targetHints":{"allow":["GET"]}}],"collection":[{"href":"https:\/\/teambookapp.com\/fr\/wp-json\/wp\/v2\/pages"}],"about":[{"href":"https:\/\/teambookapp.com\/fr\/wp-json\/wp\/v2\/types\/page"}],"author":[{"embeddable":true,"href":"https:\/\/teambookapp.com\/fr\/wp-json\/wp\/v2\/users\/12"}],"replies":[{"embeddable":true,"href":"https:\/\/teambookapp.com\/fr\/wp-json\/wp\/v2\/comments?post=37452"}],"version-history":[{"count":1,"href":"https:\/\/teambookapp.com\/fr\/wp-json\/wp\/v2\/pages\/37452\/revisions"}],"predecessor-version":[{"id":37453,"href":"https:\/\/teambookapp.com\/fr\/wp-json\/wp\/v2\/pages\/37452\/revisions\/37453"}],"wp:attachment":[{"href":"https:\/\/teambookapp.com\/fr\/wp-json\/wp\/v2\/media?parent=37452"}],"curies":[{"name":"wp","href":"https:\/\/api.w.org\/{rel}","templated":true}]}}