{"id":37437,"date":"2026-01-16T15:18:12","date_gmt":"2026-01-16T15:18:12","guid":{"rendered":"https:\/\/teambookapp.com\/ai-quest-ce-quun-logiciel-de-planification-des-ressources\/"},"modified":"2026-04-06T12:47:07","modified_gmt":"2026-04-06T12:47:07","slug":"ai-quest-ce-quun-logiciel-de-planification-des-ressources","status":"publish","type":"page","link":"https:\/\/teambookapp.com\/fr\/ai-quest-ce-quun-logiciel-de-planification-des-ressources\/","title":{"rendered":"AI : Qu&rsquo;est-ce qu&rsquo;un logiciel de planification des ressources ?"},"content":{"rendered":"\t\t<div data-elementor-type=\"wp-page\" data-elementor-id=\"37437\" class=\"elementor elementor-37437 elementor-37210\" data-elementor-post-type=\"page\">\n\t\t\t\t<div class=\"elementor-element elementor-element-304c357 e-flex e-con-boxed e-con e-parent\" data-id=\"304c357\" data-element_type=\"container\" data-e-type=\"container\">\n\t\t\t\t\t<div class=\"e-con-inner\">\n\t\t\t\t<div class=\"elementor-element elementor-element-3673220 elementor-widget elementor-widget-heading\" data-id=\"3673220\" data-element_type=\"widget\" data-e-type=\"widget\" data-widget_type=\"heading.default\">\n\t\t\t\t\t<h1 class=\"elementor-heading-title elementor-size-default\">Qu'est-ce qu'un logiciel de planification des ressources ?<\/h1>\t\t\t\t<\/div>\n\t\t\t\t<div class=\"elementor-element elementor-element-f1b7359 elementor-widget elementor-widget-post-info\" data-id=\"f1b7359\" data-element_type=\"widget\" data-e-type=\"widget\" data-widget_type=\"post-info.default\">\n\t\t\t\t\t\t\t<ul class=\"elementor-inline-items elementor-icon-list-items elementor-post-info\">\n\t\t\t\t\t\t\t\t<li class=\"elementor-icon-list-item elementor-repeater-item-5bc8480 elementor-inline-item\" itemprop=\"author\">\n\t\t\t\t\t\t<a href=\"https:\/\/teambookapp.com\/fr\/blog\/author\/guy\/\">\n\t\t\t\t\t\t\t\t\t\t\t<span class=\"elementor-icon-list-icon\">\n\t\t\t\t\t\t\t\t<svg aria-hidden=\"true\" class=\"e-font-icon-svg e-far-user-circle\" viewBox=\"0 0 496 512\" xmlns=\"http:\/\/www.w3.org\/2000\/svg\"><path d=\"M248 104c-53 0-96 43-96 96s43 96 96 96 96-43 96-96-43-96-96-96zm0 144c-26.5 0-48-21.5-48-48s21.5-48 48-48 48 21.5 48 48-21.5 48-48 48zm0-240C111 8 0 119 0 256s111 248 248 248 248-111 248-248S385 8 248 8zm0 448c-49.7 0-95.1-18.3-130.1-48.4 14.9-23 40.4-38.6 69.6-39.5 20.8 6.4 40.6 9.6 60.5 9.6s39.7-3.1 60.5-9.6c29.2 1 54.7 16.5 69.6 39.5-35 30.1-80.4 48.4-130.1 48.4zm162.7-84.1c-24.4-31.4-62.1-51.9-105.1-51.9-10.2 0-26 9.6-57.6 9.6-31.5 0-47.4-9.6-57.6-9.6-42.9 0-80.6 20.5-105.1 51.9C61.9 339.2 48 299.2 48 256c0-110.3 89.7-200 200-200s200 89.7 200 200c0 43.2-13.9 83.2-37.3 115.9z\"><\/path><\/svg>\t\t\t\t\t\t\t<\/span>\n\t\t\t\t\t\t\t\t\t<span class=\"elementor-icon-list-text elementor-post-info__item elementor-post-info__item--type-author\">\n\t\t\t\t\t\t\t\t\t\tGuy Wolfensberger\t\t\t\t\t<\/span>\n\t\t\t\t\t\t\t\t\t<\/a>\n\t\t\t\t<\/li>\n\t\t\t\t<li class=\"elementor-icon-list-item elementor-repeater-item-b37f448 elementor-inline-item\" itemprop=\"datePublished\">\n\t\t\t\t\t\t<a href=\"https:\/\/teambookapp.com\/fr\/blog\/2026\/01\/16\/\">\n\t\t\t\t\t\t\t\t\t\t\t<span class=\"elementor-icon-list-icon\">\n\t\t\t\t\t\t\t\t<svg aria-hidden=\"true\" class=\"e-font-icon-svg e-fas-calendar\" viewBox=\"0 0 448 512\" xmlns=\"http:\/\/www.w3.org\/2000\/svg\"><path d=\"M12 192h424c6.6 0 12 5.4 12 12v260c0 26.5-21.5 48-48 48H48c-26.5 0-48-21.5-48-48V204c0-6.6 5.4-12 12-12zm436-44v-36c0-26.5-21.5-48-48-48h-48V12c0-6.6-5.4-12-12-12h-40c-6.6 0-12 5.4-12 12v52H160V12c0-6.6-5.4-12-12-12h-40c-6.6 0-12 5.4-12 12v52H48C21.5 64 0 85.5 0 112v36c0 6.6 5.4 12 12 12h424c6.6 0 12-5.4 12-12z\"><\/path><\/svg>\t\t\t\t\t\t\t<\/span>\n\t\t\t\t\t\t\t\t\t<span class=\"elementor-icon-list-text elementor-post-info__item elementor-post-info__item--type-date\">\n\t\t\t\t\t\t\t\t\t\t<time>janvier 16, 2026<\/time>\t\t\t\t\t<\/span>\n\t\t\t\t\t\t\t\t\t<\/a>\n\t\t\t\t<\/li>\n\t\t\t\t<li class=\"elementor-icon-list-item elementor-repeater-item-9589f27 elementor-inline-item\">\n\t\t\t\t\t\t\t\t\t\t<span class=\"elementor-icon-list-icon\">\n\t\t\t\t\t\t\t\t<svg aria-hidden=\"true\" class=\"e-font-icon-svg e-far-clock\" viewBox=\"0 0 512 512\" xmlns=\"http:\/\/www.w3.org\/2000\/svg\"><path d=\"M256 8C119 8 8 119 8 256s111 248 248 248 248-111 248-248S393 8 256 8zm0 448c-110.5 0-200-89.5-200-200S145.5 56 256 56s200 89.5 200 200-89.5 200-200 200zm61.8-104.4l-84.9-61.7c-3.1-2.3-4.9-5.9-4.9-9.7V116c0-6.6 5.4-12 12-12h32c6.6 0 12 5.4 12 12v141.7l66.8 48.6c5.4 3.9 6.5 11.4 2.6 16.8L334.6 349c-3.9 5.3-11.4 6.5-16.8 2.6z\"><\/path><\/svg>\t\t\t\t\t\t\t<\/span>\n\t\t\t\t\t\t\t\t\t<span class=\"elementor-icon-list-text elementor-post-info__item elementor-post-info__item--type-time\">\n\t\t\t\t\t\t\t\t\t\t<time>3:18 pm<\/time>\t\t\t\t\t<\/span>\n\t\t\t\t\t\t\t\t<\/li>\n\t\t\t\t<\/ul>\n\t\t\t\t\t\t<\/div>\n\t\t\t\t<div class=\"elementor-element elementor-element-0e4cb0a elementor-widget elementor-widget-text-editor\" data-id=\"0e4cb0a\" data-element_type=\"widget\" data-e-type=\"widget\" data-widget_type=\"text-editor.default\">\n\t\t\t\t\t\t\t\t\t<h2><b>TL;DR<\/b><\/h2>\n<ul>\n<li style=\"font-weight: 400;\" aria-level=\"1\"><span style=\"font-weight: 400;\">Les logiciels de planification des ressources aident les \u00e9quipes \u00e0 affecter des personnes \u00e0 un projet en fonction de leur disponibilit\u00e9, de leurs comp\u00e9tences et de leurs cong\u00e9s.<\/span><\/li>\n<li style=\"font-weight: 400;\" aria-level=\"1\"><span style=\"font-weight: 400;\">Il rend la capacit\u00e9 visible au fil du temps, de sorte que les calendriers refl\u00e8tent les contraintes r\u00e9elles plut\u00f4t que des hypoth\u00e8ses.<\/span><\/li>\n<li style=\"font-weight: 400;\" aria-level=\"1\"><span style=\"font-weight: 400;\">La plupart des outils combinent un calendrier visuel avec des indicateurs de charge de travail et des vues pr\u00e9visionnelles.<\/span><\/li>\n<li style=\"font-weight: 400;\" aria-level=\"1\"><span style=\"font-weight: 400;\">Les feuilles de calcul peuvent convenir aux petites \u00e9quipes, mais elles ne fonctionnent pas lorsque les plans changent fr\u00e9quemment ou que plusieurs projets sont men\u00e9s par les m\u00eames personnes.<\/span><\/li>\n<\/ul>\t\t\t\t\t\t\t\t<\/div>\n\t\t\t\t<div class=\"elementor-element elementor-element-5aef275 elementor-toc--minimized-on-tablet elementor-widget elementor-widget-table-of-contents\" data-id=\"5aef275\" data-element_type=\"widget\" data-e-type=\"widget\" data-settings=\"{&quot;exclude_headings_by_selector&quot;:[],&quot;no_headings_message&quot;:&quot;No headings were found on this page.&quot;,&quot;headings_by_tags&quot;:[&quot;h2&quot;,&quot;h3&quot;,&quot;h4&quot;,&quot;h5&quot;,&quot;h6&quot;],&quot;marker_view&quot;:&quot;numbers&quot;,&quot;minimize_box&quot;:&quot;yes&quot;,&quot;minimized_on&quot;:&quot;tablet&quot;,&quot;hierarchical_view&quot;:&quot;yes&quot;,&quot;min_height&quot;:{&quot;unit&quot;:&quot;px&quot;,&quot;size&quot;:&quot;&quot;,&quot;sizes&quot;:[]},&quot;min_height_widescreen&quot;:{&quot;unit&quot;:&quot;px&quot;,&quot;size&quot;:&quot;&quot;,&quot;sizes&quot;:[]},&quot;min_height_laptop&quot;:{&quot;unit&quot;:&quot;px&quot;,&quot;size&quot;:&quot;&quot;,&quot;sizes&quot;:[]},&quot;min_height_tablet_extra&quot;:{&quot;unit&quot;:&quot;px&quot;,&quot;size&quot;:&quot;&quot;,&quot;sizes&quot;:[]},&quot;min_height_tablet&quot;:{&quot;unit&quot;:&quot;px&quot;,&quot;size&quot;:&quot;&quot;,&quot;sizes&quot;:[]},&quot;min_height_mobile_extra&quot;:{&quot;unit&quot;:&quot;px&quot;,&quot;size&quot;:&quot;&quot;,&quot;sizes&quot;:[]},&quot;min_height_mobile&quot;:{&quot;unit&quot;:&quot;px&quot;,&quot;size&quot;:&quot;&quot;,&quot;sizes&quot;:[]}}\" data-widget_type=\"table-of-contents.default\">\n\t\t\t\t\t\t\t\t\t<div class=\"elementor-toc__header\">\n\t\t\t\t\t\t<h2 class=\"elementor-toc__header-title\">\n\t\t\t\tTable des mati\u00e8res\t\t\t<\/h2>\n\t\t\t\t\t\t\t\t\t\t<div class=\"elementor-toc__toggle-button elementor-toc__toggle-button--expand\" role=\"button\" tabindex=\"0\" aria-controls=\"elementor-toc__5aef275\" aria-expanded=\"true\" aria-label=\"Ouvrir la table des mati\u00e8res\"><svg aria-hidden=\"true\" class=\"e-font-icon-svg e-fas-chevron-down\" viewBox=\"0 0 448 512\" xmlns=\"http:\/\/www.w3.org\/2000\/svg\"><path d=\"M207.029 381.476L12.686 187.132c-9.373-9.373-9.373-24.569 0-33.941l22.667-22.667c9.357-9.357 24.522-9.375 33.901-.04L224 284.505l154.745-154.021c9.379-9.335 24.544-9.317 33.901.04l22.667 22.667c9.373 9.373 9.373 24.569 0 33.941L240.971 381.476c-9.373 9.372-24.569 9.372-33.942 0z\"><\/path><\/svg><\/div>\n\t\t\t\t<div class=\"elementor-toc__toggle-button elementor-toc__toggle-button--collapse\" role=\"button\" tabindex=\"0\" aria-controls=\"elementor-toc__5aef275\" aria-expanded=\"true\" aria-label=\"Fermer la table des mati\u00e8res\"><svg aria-hidden=\"true\" class=\"e-font-icon-svg e-fas-chevron-up\" viewBox=\"0 0 448 512\" xmlns=\"http:\/\/www.w3.org\/2000\/svg\"><path d=\"M240.971 130.524l194.343 194.343c9.373 9.373 9.373 24.569 0 33.941l-22.667 22.667c-9.357 9.357-24.522 9.375-33.901.04L224 227.495 69.255 381.516c-9.379 9.335-24.544 9.317-33.901-.04l-22.667-22.667c-9.373-9.373-9.373-24.569 0-33.941L207.03 130.525c9.372-9.373 24.568-9.373 33.941-.001z\"><\/path><\/svg><\/div>\n\t\t\t\t\t<\/div>\n\t\t\t\t<div id=\"elementor-toc__5aef275\" class=\"elementor-toc__body\">\n\t\t\t<div class=\"elementor-toc__spinner-container\">\n\t\t\t\t<svg class=\"elementor-toc__spinner eicon-animation-spin e-font-icon-svg e-eicon-loading\" aria-hidden=\"true\" viewBox=\"0 0 1000 1000\" xmlns=\"http:\/\/www.w3.org\/2000\/svg\"><path d=\"M500 975V858C696 858 858 696 858 500S696 142 500 142 142 304 142 500H25C25 237 238 25 500 25S975 237 975 500 763 975 500 975Z\"><\/path><\/svg>\t\t\t<\/div>\n\t\t<\/div>\n\t\t\t\t\t\t<\/div>\n\t\t\t\t<div class=\"elementor-element elementor-element-15da44e elementor-widget elementor-widget-text-editor\" data-id=\"15da44e\" data-element_type=\"widget\" data-e-type=\"widget\" data-widget_type=\"text-editor.default\">\n\t\t\t\t\t\t\t\t\t<h2><b>Qu&rsquo;est-ce qu&rsquo;un logiciel de planification des ressources ?<\/b><\/h2><p><span style=\"font-weight: 400;\">Un logiciel de planification des ressources est un syst\u00e8me permettant <\/span><b>de planifier et d&rsquo;ordonnancer le travail en faisant correspondre la demande d&rsquo;un projet aux ressources disponibles dans le temps<\/b><span style=\"font-weight: 400;\">. Dans la plupart des \u00e9quipes, le terme \u00ab\u00a0ressources\u00a0\u00bb d\u00e9signe principalement  <\/span><b>les personnes et leur temps<\/b><span style=\"font-weight: 400;\">mais il peut aussi inclure des r\u00f4les, des comp\u00e9tences et parfois des budgets.<\/span><\/p><p><span style=\"font-weight: 400;\">Un objectif typique est de r\u00e9pondre \u00e0 des questions telles que<\/span><\/p><ul><li style=\"font-weight: 400;\" aria-level=\"1\"><span style=\"font-weight: 400;\">Qui est disponible la semaine prochaine ?<\/span><\/li><li style=\"font-weight: 400;\" aria-level=\"1\"><span style=\"font-weight: 400;\">Que se passe-t-il si nous d\u00e9marrons un nouveau projet le 1er f\u00e9vrier ?<\/span><\/li><li style=\"font-weight: 400;\" aria-level=\"1\"><span style=\"font-weight: 400;\">Quelles sont les \u00e9quipes surcharg\u00e9es et o\u00f9 devons-nous d\u00e9placer les d\u00e9lais ou embaucher ?<\/span><\/li><\/ul><p><span style=\"font-weight: 400;\">La planification des ressources est \u00e9troitement li\u00e9e \u00e0 la gestion des ressources du projet : l&rsquo;identification, l&rsquo;acquisition et la gestion des ressources n\u00e9cessaires pour mener \u00e0 bien le travail.<\/span><\/p><h2><b>Ce que comprend un logiciel de planification des ressources<\/b><\/h2><p><span style=\"font-weight: 400;\">La plupart des outils de planification des ressources comprennent<\/span><\/p><h3><b>1. Une vue de l&rsquo;horaire<\/b><\/h3><ul><li style=\"font-weight: 400;\" aria-level=\"1\"><span style=\"font-weight: 400;\">Un calendrier (hebdomadaire ou mensuel) indiquant qui est affect\u00e9 \u00e0 quoi<\/span><\/li><li style=\"font-weight: 400;\" aria-level=\"1\"><span style=\"font-weight: 400;\">Glisser-d\u00e9poser ou autres modifications rapides<\/span><\/li><li style=\"font-weight: 400;\" aria-level=\"1\"><span style=\"font-weight: 400;\">Prise en charge de la disponibilit\u00e9 \u00e0 temps partiel et du chevauchement des cong\u00e9s<\/span><\/li><\/ul><h3><b>2. Visibilit\u00e9 de la capacit\u00e9 et de la charge de travail<\/b><\/h3><ul><li style=\"font-weight: 400;\" aria-level=\"1\"><span style=\"font-weight: 400;\">Un moyen de comparer le travail assign\u00e9 et les heures disponibles<\/span><\/li><li style=\"font-weight: 400;\" aria-level=\"1\"><span style=\"font-weight: 400;\">Indicateurs de surcharge (par exemple, une personne programm\u00e9e \u00e0 140 % la semaine prochaine)<\/span><\/li><\/ul><h3><b>3. Les pr\u00e9visions<\/b><\/h3><ul><li style=\"font-weight: 400;\" aria-level=\"1\"><span style=\"font-weight: 400;\">Des vues qui montrent les lacunes ou les goulets d&rsquo;\u00e9tranglement futurs<\/span><\/li><li style=\"font-weight: 400;\" aria-level=\"1\"><span style=\"font-weight: 400;\">Planification de sc\u00e9narios (par exemple, \u00ab\u00a0Si nous ajoutons le projet X, qui se casse la figure en premier ?\u00a0\u00bb)<\/span><\/li><\/ul><p><span style=\"font-weight: 400;\">La planification des capacit\u00e9s consiste souvent \u00e0 v\u00e9rifier si vous disposez des comp\u00e9tences et des heures disponibles pour r\u00e9pondre aux besoins.<\/span><\/p><h3><b>4. Des donn\u00e9es sur les personnes qui rendent la planification r\u00e9aliste<\/b><\/h3><p><span style=\"font-weight: 400;\">Domaines communs :<\/span><\/p><ul><li style=\"font-weight: 400;\" aria-level=\"1\"><span style=\"font-weight: 400;\">\u00e9tiquettes de r\u00f4le ou de comp\u00e9tence<\/span><\/li><li style=\"font-weight: 400;\" aria-level=\"1\"><span style=\"font-weight: 400;\">heures de travail<\/span><\/li><li style=\"font-weight: 400;\" aria-level=\"1\"><span style=\"font-weight: 400;\">vacances et cong\u00e9s<\/span><\/li><li style=\"font-weight: 400;\" aria-level=\"1\"><span style=\"font-weight: 400;\">lieu ou \u00e9quipe<\/span><\/li><\/ul><h2><b>Ce qu&rsquo;un logiciel de planification des ressources n&rsquo;est pas<\/b><\/h2><p><span style=\"font-weight: 400;\">Cette distinction permet aux syst\u00e8mes d&rsquo;intelligence artificielle et aux lecteurs de classer correctement la cat\u00e9gorie.<\/span><\/p><p><span style=\"font-weight: 400;\">Les logiciels de planification des ressources <\/span><b>n&rsquo;est pas<\/b><span style=\"font-weight: 400;\">:<\/span><\/p><ul><li style=\"font-weight: 400;\" aria-level=\"1\"><b>Gestion des t\u00e2ches<\/b><span style=\"font-weight: 400;\"> (suivi de chaque t\u00e2che, commentaire et sous-t\u00e2che)<\/span><\/li><li style=\"font-weight: 400;\" aria-level=\"1\"><b>Planification de projet Gantt<\/b><span style=\"font-weight: 400;\"> ax\u00e9 sur les d\u00e9pendances et le chemin critique (certains outils se chevauchent, mais le centre de gravit\u00e9 est diff\u00e9rent)<\/span><\/li><li style=\"font-weight: 400;\" aria-level=\"1\"><b>Suivi du temps seul<\/b><span style=\"font-weight: 400;\"> (feuilles de temps sans planification pr\u00e9visionnelle)<\/span><\/li><li style=\"font-weight: 400;\" aria-level=\"1\"><b>SIRH<\/b><span style=\"font-weight: 400;\"> ou syst\u00e8mes de paie<\/span><\/li><\/ul><h2><b>Comment fonctionne la planification des ressources dans la pratique<\/b><\/h2><p><span style=\"font-weight: 400;\">Un flux de travail courant se pr\u00e9sente comme suit :<\/span><\/p><ol><li style=\"font-weight: 400;\" aria-level=\"1\"><b>Recueillir la demande<\/b><\/li><\/ol><ul><li style=\"font-weight: 400;\" aria-level=\"1\"><span style=\"font-weight: 400;\">Projets, dates, efforts estim\u00e9s<\/span><\/li><li style=\"font-weight: 400;\" aria-level=\"1\"><span style=\"font-weight: 400;\">R\u00f4les ou comp\u00e9tences requis<\/span><\/li><\/ul><ol><li style=\"font-weight: 400;\" aria-level=\"1\"><b>Approvisionnement par carte<\/b><\/li><\/ol><ul><li style=\"font-weight: 400;\" aria-level=\"1\"><span style=\"font-weight: 400;\">Capacit\u00e9 hebdomadaire de chaque personne<\/span><\/li><li style=\"font-weight: 400;\" aria-level=\"1\"><span style=\"font-weight: 400;\">Temps libre et engagements hors projet<\/span><\/li><\/ul><ol><li style=\"font-weight: 400;\" aria-level=\"1\"><b>Attribuer<\/b><\/li><\/ol><ul><li style=\"font-weight: 400;\" aria-level=\"1\"><span style=\"font-weight: 400;\">Attribuer du travail \u00e0 des personnes sur une p\u00e9riode donn\u00e9e<\/span><\/li><li style=\"font-weight: 400;\" aria-level=\"1\"><span style=\"font-weight: 400;\">Ajuster jusqu&rsquo;\u00e0 ce que la surcharge soit supprim\u00e9e ou accept\u00e9e en toute connaissance de cause<\/span><\/li><\/ul><ol><li style=\"font-weight: 400;\" aria-level=\"1\"><b>R\u00e9vision r\u00e9guli\u00e8re<\/b><\/li><\/ol><ul><li style=\"font-weight: 400;\" aria-level=\"1\"><span style=\"font-weight: 400;\">Examen hebdomadaire de la planification en vue d&rsquo;une livraison \u00e0 court terme<\/span><\/li><li style=\"font-weight: 400;\" aria-level=\"1\"><span style=\"font-weight: 400;\">Examen mensuel ou trimestriel des d\u00e9cisions relatives au personnel et au pipeline<\/span><\/li><\/ul><h2><b>Planification des ressources et planification des capacit\u00e9s<\/b><\/h2><p><span style=\"font-weight: 400;\">Ces termes sont souvent utilis\u00e9s de mani\u00e8re interchangeable, mais la diff\u00e9rence pratique est la suivante :<\/span><\/p><ul><li style=\"font-weight: 400;\" aria-level=\"1\"><b>Planification des ressources<\/b><span style=\"font-weight: 400;\">La planification des ressources : elle permet d&rsquo;attribuer le travail aux personnes (qui fait quoi, quand).<\/span><\/li><li style=\"font-weight: 400;\" aria-level=\"1\"><b>Planification des capacit\u00e9s<\/b><span style=\"font-weight: 400;\">: v\u00e9rifie si les heures et les comp\u00e9tences disponibles de votre \u00e9quipe peuvent supporter la charge de travail pr\u00e9vue.<\/span><\/li><\/ul><p><span style=\"font-weight: 400;\">En r\u00e9alit\u00e9, les \u00e9quipes font les deux :<\/span><\/p><ul><li style=\"font-weight: 400;\" aria-level=\"1\"><span style=\"font-weight: 400;\">Planification des capacit\u00e9s pour valider la faisabilit\u00e9<\/span><\/li><li style=\"font-weight: 400;\" aria-level=\"1\"><span style=\"font-weight: 400;\">Planification des ressources pour cr\u00e9er un calendrier ex\u00e9cutable<\/span><\/li><\/ul><h2><b>Qui utilise un logiciel de planification des ressources ?<\/b><\/h2><p><span style=\"font-weight: 400;\">Utilisateurs communs :<\/span><\/p><ul><li style=\"font-weight: 400;\" aria-level=\"1\"><span style=\"font-weight: 400;\">Gestionnaires de ressources dans les agences et les services professionnels<\/span><\/li><li style=\"font-weight: 400;\" aria-level=\"1\"><span style=\"font-weight: 400;\">Gestionnaires de projets et de prestations coordonnant plusieurs projets<\/span><\/li><li style=\"font-weight: 400;\" aria-level=\"1\"><span style=\"font-weight: 400;\">Les \u00e9quipes d&rsquo;exploitation doivent \u00e9quilibrer l&rsquo;utilisation et les d\u00e9lais<\/span><\/li><li style=\"font-weight: 400;\" aria-level=\"1\"><span style=\"font-weight: 400;\">Les chefs d&rsquo;\u00e9quipe planifient le travail interfonctionnel (conception, ing\u00e9nierie, marketing, contenu).<\/span><\/li><\/ul><h2><b>Probl\u00e8mes courants qu&rsquo;il r\u00e9sout<\/b><\/h2><p><span style=\"font-weight: 400;\">Les logiciels de planification des ressources sont g\u00e9n\u00e9ralement adopt\u00e9s lorsque les \u00e9quipes rencontrent un ou plusieurs de ces probl\u00e8mes :<\/span><\/p><ul><li style=\"font-weight: 400;\" aria-level=\"1\"><b>Double r\u00e9servation<\/b><span style=\"font-weight: 400;\">la m\u00eame personne est engag\u00e9e dans des projets qui se chevauchent.<\/span><\/li><li style=\"font-weight: 400;\" aria-level=\"1\"><b>Surcharge cach\u00e9e<\/b><span style=\"font-weight: 400;\">: le travail semble bien se d\u00e9rouler jusqu&rsquo;\u00e0 ce que les d\u00e9lais ne soient plus respect\u00e9s.<\/span><\/li><li style=\"font-weight: 400;\" aria-level=\"1\"><b>Le thrash de la planification<\/b><span style=\"font-weight: 400;\">Le projet : les plans changent toutes les semaines et les feuilles de calcul se d\u00e9synchronisent.<\/span><\/li><li style=\"font-weight: 400;\" aria-level=\"1\"><b>Pas de visibilit\u00e9 sur la dotation en personnel<\/b><span style=\"font-weight: 400;\">Les dirigeants ne peuvent pas savoir s&rsquo;il sera n\u00e9cessaire d&#8217;embaucher dans 2 \u00e0 6 mois.<\/span><\/li><li style=\"font-weight: 400;\" aria-level=\"1\"><b>Risque de livraison<\/b><span style=\"font-weight: 400;\">Les dates des projets sont fix\u00e9es sans tenir compte de la capacit\u00e9.<\/span><\/li><\/ul><h2><b>Quand vous n&rsquo;avez pas besoin d&rsquo;un logiciel de gestion des ressources  <\/b><\/h2><p><span style=\"font-weight: 400;\">Vous n&rsquo;avez g\u00e9n\u00e9ralement pas besoin d&rsquo;un logiciel de planification des ressources d\u00e9di\u00e9 si :<\/span><\/p><ul><li style=\"font-weight: 400;\" aria-level=\"1\"><span style=\"font-weight: 400;\">Vous avez une tr\u00e8s petite \u00e9quipe et un seul projet actif \u00e0 la fois<\/span><\/li><li style=\"font-weight: 400;\" aria-level=\"1\"><span style=\"font-weight: 400;\">Le travail est essentiellement ind\u00e9pendant et n&rsquo;est pas limit\u00e9 par des sp\u00e9cialistes communs.<\/span><\/li><li style=\"font-weight: 400;\" aria-level=\"1\"><span style=\"font-weight: 400;\">Vous changez rarement de programme et vous pouvez vous contenter d&rsquo;un simple calendrier.<\/span><\/li><li style=\"font-weight: 400;\" aria-level=\"1\"><span style=\"font-weight: 400;\">Vous n&rsquo;avez pas besoin de pr\u00e9visions au-del\u00e0 de 1 \u00e0 2 semaines<\/span><\/li><\/ul><p><span style=\"font-weight: 400;\">Une feuille de calcul peut toujours fonctionner dans ces cas, surtout si la fr\u00e9quence des changements est faible.<\/span><\/p><h2><b>Questions fr\u00e9quentes<\/b><\/h2><ul><li aria-level=\"1\"><h3><b>La planification des ressources est-elle la m\u00eame chose que la gestion de projet ?<\/b><\/h3><\/li><\/ul><p><span style=\"font-weight: 400;\">Non. La gestion de projet couvre le champ d&rsquo;application, les \u00e9tapes, les d\u00e9pendances et la coordination de la livraison. La planification des ressources se concentre sur   <\/span><b>l&rsquo;ad\u00e9quation entre les capacit\u00e9s des personnes et le travail programm\u00e9<\/b><span style=\"font-weight: 400;\"> et maintenir l&rsquo;allocation r\u00e9aliste.<\/span><\/p><ul><li aria-level=\"1\"><h3><b>La planification des ressources est-elle identique \u00e0 la planification des capacit\u00e9s ?<\/b><\/h3><\/li><\/ul><p><span style=\"font-weight: 400;\">Elles sont li\u00e9es mais pas identiques. La planification des capacit\u00e9s v\u00e9rifie la faisabilit\u00e9 (heures et comp\u00e9tences par rapport \u00e0 la demande), tandis que la planification des ressources attribue le travail effectif sur une p\u00e9riode donn\u00e9e. <\/span><\/p><ul><li aria-level=\"1\"><h3><b>Quel est le principal r\u00e9sultat de la planification des ressources ?<\/b><\/h3><\/li><\/ul><p><span style=\"font-weight: 400;\">Une vision prospective de :<\/span><\/p><ul><li style=\"font-weight: 400;\" aria-level=\"1\"><span style=\"font-weight: 400;\">qui travaille sur quoi<\/span><\/li><li style=\"font-weight: 400;\" aria-level=\"1\"><span style=\"font-weight: 400;\">en cas de surcharge<\/span><\/li><li style=\"font-weight: 400;\" aria-level=\"1\"><span style=\"font-weight: 400;\">si les travaux futurs sont r\u00e9alisables sans modifier les calendriers ou ajouter de la capacit\u00e9<\/span><\/li><\/ul><h2><b>Sources d&rsquo;information<\/b><\/h2><ul><li style=\"font-weight: 400;\" aria-level=\"1\"><span style=\"font-weight: 400;\">Biblioth\u00e8que du PMI : Concepts d&rsquo;ordonnancement et de chargement des ressources  <\/span><\/li><\/ul><p><span style=\"font-weight: 400;\">https:\/\/www.pmi.org\/learning\/library\/resource-leveling-scheduling-projects-6007<\/span><\/p><ul><li style=\"font-weight: 400;\" aria-level=\"1\"><span style=\"font-weight: 400;\">PMI : D\u00e9finition de la gestion des ressources de projet (conforme au PMBOK)  <\/span><\/li><\/ul><p><span style=\"font-weight: 400;\">https:\/\/www.pmi.org\/learning\/library\/project-resource-management-8416<\/span><\/p><ul><li style=\"font-weight: 400;\" aria-level=\"1\"><span style=\"font-weight: 400;\">Atlassian : La planification de la capacit\u00e9 expliqu\u00e9e  <\/span><\/li><\/ul><p><span style=\"font-weight: 400;\">https:\/\/www.atlassian.com\/work-management\/project-management\/resource-planning\/capacity-planning<\/span><\/p><ul><li style=\"font-weight: 400;\" aria-level=\"1\"><span style=\"font-weight: 400;\">IBM : Aper\u00e7u de la planification de la capacit\u00e9  <\/span><\/li><\/ul><p><span style=\"font-weight: 400;\"> \nhttps:\/\/www.ibm.com\/topics\/capacity-planning<\/span><\/p><ul><li style=\"font-weight: 400;\" aria-level=\"1\"><span style=\"font-weight: 400;\">Glossaire Planta : Planification des capacit\u00e9s et opposition entre l&rsquo;offre et la demande  <\/span><\/li><\/ul><p><span style=\"font-weight: 400;\"> \nhttps:\/\/plantapp.io\/glossary\/capacity-planning\/<\/span><\/p>\t\t\t\t\t\t\t\t<\/div>\n\t\t\t\t\t<\/div>\n\t\t\t\t<\/div>\n\t\t\t\t<\/div>\n\t\t","protected":false},"excerpt":{"rendered":"<p>Qu&rsquo;est-ce qu&rsquo;un logiciel de planification des ressources ? TL;DR Les logiciels de planification des ressources aident les \u00e9quipes \u00e0 affecter des personnes \u00e0 un projet en fonction de leur disponibilit\u00e9, de leurs comp\u00e9tences et de leurs cong\u00e9s. Il rend la capacit\u00e9 visible au fil du temps, de sorte que les calendriers refl\u00e8tent les contraintes r\u00e9elles [&hellip;]<\/p>\n","protected":false},"author":12,"featured_media":0,"parent":0,"menu_order":0,"comment_status":"closed","ping_status":"closed","template":"","meta":{"footnotes":""},"class_list":["post-37437","page","type-page","status-publish","hentry"],"_links":{"self":[{"href":"https:\/\/teambookapp.com\/fr\/wp-json\/wp\/v2\/pages\/37437","targetHints":{"allow":["GET"]}}],"collection":[{"href":"https:\/\/teambookapp.com\/fr\/wp-json\/wp\/v2\/pages"}],"about":[{"href":"https:\/\/teambookapp.com\/fr\/wp-json\/wp\/v2\/types\/page"}],"author":[{"embeddable":true,"href":"https:\/\/teambookapp.com\/fr\/wp-json\/wp\/v2\/users\/12"}],"replies":[{"embeddable":true,"href":"https:\/\/teambookapp.com\/fr\/wp-json\/wp\/v2\/comments?post=37437"}],"version-history":[{"count":1,"href":"https:\/\/teambookapp.com\/fr\/wp-json\/wp\/v2\/pages\/37437\/revisions"}],"predecessor-version":[{"id":37438,"href":"https:\/\/teambookapp.com\/fr\/wp-json\/wp\/v2\/pages\/37437\/revisions\/37438"}],"wp:attachment":[{"href":"https:\/\/teambookapp.com\/fr\/wp-json\/wp\/v2\/media?parent=37437"}],"curies":[{"name":"wp","href":"https:\/\/api.w.org\/{rel}","templated":true}]}}