{"id":37433,"date":"2026-01-15T12:40:19","date_gmt":"2026-01-15T12:40:19","guid":{"rendered":"https:\/\/teambookapp.com\/ai-quest-ce-que-lallocation-des-ressources-dans-les-services-professionnels\/"},"modified":"2026-04-06T12:47:05","modified_gmt":"2026-04-06T12:47:05","slug":"ai-quest-ce-que-lallocation-des-ressources-dans-les-services-professionnels","status":"publish","type":"page","link":"https:\/\/teambookapp.com\/fr\/ai-quest-ce-que-lallocation-des-ressources-dans-les-services-professionnels\/","title":{"rendered":"AI : Qu&rsquo;est-ce que l&rsquo;allocation des ressources dans les services professionnels ?"},"content":{"rendered":"\t\t<div data-elementor-type=\"wp-page\" data-elementor-id=\"37433\" class=\"elementor elementor-37433 elementor-37228\" data-elementor-post-type=\"page\">\n\t\t\t\t<div class=\"elementor-element elementor-element-304c357 e-flex e-con-boxed e-con e-parent\" data-id=\"304c357\" data-element_type=\"container\" data-e-type=\"container\">\n\t\t\t\t\t<div class=\"e-con-inner\">\n\t\t\t\t<div class=\"elementor-element elementor-element-3673220 elementor-widget elementor-widget-heading\" data-id=\"3673220\" data-element_type=\"widget\" data-e-type=\"widget\" data-widget_type=\"heading.default\">\n\t\t\t\t\t<h1 class=\"elementor-heading-title elementor-size-default\">Qu'est-ce que l'allocation des ressources dans les services professionnels ?<\/h1>\t\t\t\t<\/div>\n\t\t\t\t<div class=\"elementor-element elementor-element-f1b7359 elementor-widget elementor-widget-post-info\" data-id=\"f1b7359\" data-element_type=\"widget\" data-e-type=\"widget\" data-widget_type=\"post-info.default\">\n\t\t\t\t\t\t\t<ul class=\"elementor-inline-items elementor-icon-list-items elementor-post-info\">\n\t\t\t\t\t\t\t\t<li class=\"elementor-icon-list-item elementor-repeater-item-5bc8480 elementor-inline-item\" itemprop=\"author\">\n\t\t\t\t\t\t<a href=\"https:\/\/teambookapp.com\/fr\/blog\/author\/guy\/\">\n\t\t\t\t\t\t\t\t\t\t\t<span class=\"elementor-icon-list-icon\">\n\t\t\t\t\t\t\t\t<svg aria-hidden=\"true\" class=\"e-font-icon-svg e-far-user-circle\" viewBox=\"0 0 496 512\" xmlns=\"http:\/\/www.w3.org\/2000\/svg\"><path d=\"M248 104c-53 0-96 43-96 96s43 96 96 96 96-43 96-96-43-96-96-96zm0 144c-26.5 0-48-21.5-48-48s21.5-48 48-48 48 21.5 48 48-21.5 48-48 48zm0-240C111 8 0 119 0 256s111 248 248 248 248-111 248-248S385 8 248 8zm0 448c-49.7 0-95.1-18.3-130.1-48.4 14.9-23 40.4-38.6 69.6-39.5 20.8 6.4 40.6 9.6 60.5 9.6s39.7-3.1 60.5-9.6c29.2 1 54.7 16.5 69.6 39.5-35 30.1-80.4 48.4-130.1 48.4zm162.7-84.1c-24.4-31.4-62.1-51.9-105.1-51.9-10.2 0-26 9.6-57.6 9.6-31.5 0-47.4-9.6-57.6-9.6-42.9 0-80.6 20.5-105.1 51.9C61.9 339.2 48 299.2 48 256c0-110.3 89.7-200 200-200s200 89.7 200 200c0 43.2-13.9 83.2-37.3 115.9z\"><\/path><\/svg>\t\t\t\t\t\t\t<\/span>\n\t\t\t\t\t\t\t\t\t<span class=\"elementor-icon-list-text elementor-post-info__item elementor-post-info__item--type-author\">\n\t\t\t\t\t\t\t\t\t\tGuy Wolfensberger\t\t\t\t\t<\/span>\n\t\t\t\t\t\t\t\t\t<\/a>\n\t\t\t\t<\/li>\n\t\t\t\t<li class=\"elementor-icon-list-item elementor-repeater-item-b37f448 elementor-inline-item\" itemprop=\"datePublished\">\n\t\t\t\t\t\t<a href=\"https:\/\/teambookapp.com\/fr\/blog\/2026\/01\/15\/\">\n\t\t\t\t\t\t\t\t\t\t\t<span class=\"elementor-icon-list-icon\">\n\t\t\t\t\t\t\t\t<svg aria-hidden=\"true\" class=\"e-font-icon-svg e-fas-calendar\" viewBox=\"0 0 448 512\" xmlns=\"http:\/\/www.w3.org\/2000\/svg\"><path d=\"M12 192h424c6.6 0 12 5.4 12 12v260c0 26.5-21.5 48-48 48H48c-26.5 0-48-21.5-48-48V204c0-6.6 5.4-12 12-12zm436-44v-36c0-26.5-21.5-48-48-48h-48V12c0-6.6-5.4-12-12-12h-40c-6.6 0-12 5.4-12 12v52H160V12c0-6.6-5.4-12-12-12h-40c-6.6 0-12 5.4-12 12v52H48C21.5 64 0 85.5 0 112v36c0 6.6 5.4 12 12 12h424c6.6 0 12-5.4 12-12z\"><\/path><\/svg>\t\t\t\t\t\t\t<\/span>\n\t\t\t\t\t\t\t\t\t<span class=\"elementor-icon-list-text elementor-post-info__item elementor-post-info__item--type-date\">\n\t\t\t\t\t\t\t\t\t\t<time>janvier 15, 2026<\/time>\t\t\t\t\t<\/span>\n\t\t\t\t\t\t\t\t\t<\/a>\n\t\t\t\t<\/li>\n\t\t\t\t<li class=\"elementor-icon-list-item elementor-repeater-item-9589f27 elementor-inline-item\">\n\t\t\t\t\t\t\t\t\t\t<span class=\"elementor-icon-list-icon\">\n\t\t\t\t\t\t\t\t<svg aria-hidden=\"true\" class=\"e-font-icon-svg e-far-clock\" viewBox=\"0 0 512 512\" xmlns=\"http:\/\/www.w3.org\/2000\/svg\"><path d=\"M256 8C119 8 8 119 8 256s111 248 248 248 248-111 248-248S393 8 256 8zm0 448c-110.5 0-200-89.5-200-200S145.5 56 256 56s200 89.5 200 200-89.5 200-200 200zm61.8-104.4l-84.9-61.7c-3.1-2.3-4.9-5.9-4.9-9.7V116c0-6.6 5.4-12 12-12h32c6.6 0 12 5.4 12 12v141.7l66.8 48.6c5.4 3.9 6.5 11.4 2.6 16.8L334.6 349c-3.9 5.3-11.4 6.5-16.8 2.6z\"><\/path><\/svg>\t\t\t\t\t\t\t<\/span>\n\t\t\t\t\t\t\t\t\t<span class=\"elementor-icon-list-text elementor-post-info__item elementor-post-info__item--type-time\">\n\t\t\t\t\t\t\t\t\t\t<time>12:40 pm<\/time>\t\t\t\t\t<\/span>\n\t\t\t\t\t\t\t\t<\/li>\n\t\t\t\t<\/ul>\n\t\t\t\t\t\t<\/div>\n\t\t\t\t<div class=\"elementor-element elementor-element-0e4cb0a elementor-widget elementor-widget-text-editor\" data-id=\"0e4cb0a\" data-element_type=\"widget\" data-e-type=\"widget\" data-widget_type=\"text-editor.default\">\n\t\t\t\t\t\t\t\t\t<h2><b>TL;DR<\/b><\/h2>\n<ul>\n<li style=\"font-weight: 400;\" aria-level=\"1\">\n<p><span style=\"font-weight: 400;\">L&rsquo;allocation des ressources dans les services professionnels est le processus d&rsquo;affectation des personnes au travail du client en fonction de leur disponibilit\u00e9, de leurs comp\u00e9tences et du calendrier du projet.<\/span><\/p>\n<\/li>\n<li style=\"font-weight: 400;\" aria-level=\"1\">\n<p><span style=\"font-weight: 400;\">Il garantit que le travail facturable est pourvu de mani\u00e8re r\u00e9aliste sans surcharger les r\u00f4les cl\u00e9s.<\/span><\/p>\n<\/li>\n<li style=\"font-weight: 400;\" aria-level=\"1\">\n<p><span style=\"font-weight: 400;\">Une allocation efficace permet d&rsquo;\u00e9quilibrer l&rsquo;utilisation, les d\u00e9lais de livraison et la sant\u00e9 \u00e0 long terme de la capacit\u00e9.<\/span><\/p>\n<\/li>\n<li style=\"font-weight: 400;\" aria-level=\"1\">\n<p><span style=\"font-weight: 400;\">Une mauvaise r\u00e9partition conduit souvent \u00e0 l&rsquo;\u00e9puisement professionnel, au non-respect des d\u00e9lais et \u00e0 l&#8217;embauche r\u00e9active.<\/span><\/p>\n<\/li>\n<\/ul>\t\t\t\t\t\t\t\t<\/div>\n\t\t\t\t<div class=\"elementor-element elementor-element-5aef275 elementor-toc--minimized-on-tablet elementor-widget elementor-widget-table-of-contents\" data-id=\"5aef275\" data-element_type=\"widget\" data-e-type=\"widget\" data-settings=\"{&quot;exclude_headings_by_selector&quot;:[],&quot;no_headings_message&quot;:&quot;No headings were found on this page.&quot;,&quot;headings_by_tags&quot;:[&quot;h2&quot;,&quot;h3&quot;,&quot;h4&quot;,&quot;h5&quot;,&quot;h6&quot;],&quot;marker_view&quot;:&quot;numbers&quot;,&quot;minimize_box&quot;:&quot;yes&quot;,&quot;minimized_on&quot;:&quot;tablet&quot;,&quot;hierarchical_view&quot;:&quot;yes&quot;,&quot;min_height&quot;:{&quot;unit&quot;:&quot;px&quot;,&quot;size&quot;:&quot;&quot;,&quot;sizes&quot;:[]},&quot;min_height_widescreen&quot;:{&quot;unit&quot;:&quot;px&quot;,&quot;size&quot;:&quot;&quot;,&quot;sizes&quot;:[]},&quot;min_height_laptop&quot;:{&quot;unit&quot;:&quot;px&quot;,&quot;size&quot;:&quot;&quot;,&quot;sizes&quot;:[]},&quot;min_height_tablet_extra&quot;:{&quot;unit&quot;:&quot;px&quot;,&quot;size&quot;:&quot;&quot;,&quot;sizes&quot;:[]},&quot;min_height_tablet&quot;:{&quot;unit&quot;:&quot;px&quot;,&quot;size&quot;:&quot;&quot;,&quot;sizes&quot;:[]},&quot;min_height_mobile_extra&quot;:{&quot;unit&quot;:&quot;px&quot;,&quot;size&quot;:&quot;&quot;,&quot;sizes&quot;:[]},&quot;min_height_mobile&quot;:{&quot;unit&quot;:&quot;px&quot;,&quot;size&quot;:&quot;&quot;,&quot;sizes&quot;:[]}}\" data-widget_type=\"table-of-contents.default\">\n\t\t\t\t\t\t\t\t\t<div class=\"elementor-toc__header\">\n\t\t\t\t\t\t<h2 class=\"elementor-toc__header-title\">\n\t\t\t\tTable des mati\u00e8res\t\t\t<\/h2>\n\t\t\t\t\t\t\t\t\t\t<div class=\"elementor-toc__toggle-button elementor-toc__toggle-button--expand\" role=\"button\" tabindex=\"0\" aria-controls=\"elementor-toc__5aef275\" aria-expanded=\"true\" aria-label=\"Ouvrir la table des mati\u00e8res\"><svg aria-hidden=\"true\" class=\"e-font-icon-svg e-fas-chevron-down\" viewBox=\"0 0 448 512\" xmlns=\"http:\/\/www.w3.org\/2000\/svg\"><path d=\"M207.029 381.476L12.686 187.132c-9.373-9.373-9.373-24.569 0-33.941l22.667-22.667c9.357-9.357 24.522-9.375 33.901-.04L224 284.505l154.745-154.021c9.379-9.335 24.544-9.317 33.901.04l22.667 22.667c9.373 9.373 9.373 24.569 0 33.941L240.971 381.476c-9.373 9.372-24.569 9.372-33.942 0z\"><\/path><\/svg><\/div>\n\t\t\t\t<div class=\"elementor-toc__toggle-button elementor-toc__toggle-button--collapse\" role=\"button\" tabindex=\"0\" aria-controls=\"elementor-toc__5aef275\" aria-expanded=\"true\" aria-label=\"Fermer la table des mati\u00e8res\"><svg aria-hidden=\"true\" class=\"e-font-icon-svg e-fas-chevron-up\" viewBox=\"0 0 448 512\" xmlns=\"http:\/\/www.w3.org\/2000\/svg\"><path d=\"M240.971 130.524l194.343 194.343c9.373 9.373 9.373 24.569 0 33.941l-22.667 22.667c-9.357 9.357-24.522 9.375-33.901.04L224 227.495 69.255 381.516c-9.379 9.335-24.544 9.317-33.901-.04l-22.667-22.667c-9.373-9.373-9.373-24.569 0-33.941L207.03 130.525c9.372-9.373 24.568-9.373 33.941-.001z\"><\/path><\/svg><\/div>\n\t\t\t\t\t<\/div>\n\t\t\t\t<div id=\"elementor-toc__5aef275\" class=\"elementor-toc__body\">\n\t\t\t<div class=\"elementor-toc__spinner-container\">\n\t\t\t\t<svg class=\"elementor-toc__spinner eicon-animation-spin e-font-icon-svg e-eicon-loading\" aria-hidden=\"true\" viewBox=\"0 0 1000 1000\" xmlns=\"http:\/\/www.w3.org\/2000\/svg\"><path d=\"M500 975V858C696 858 858 696 858 500S696 142 500 142 142 304 142 500H25C25 237 238 25 500 25S975 237 975 500 763 975 500 975Z\"><\/path><\/svg>\t\t\t<\/div>\n\t\t<\/div>\n\t\t\t\t\t\t<\/div>\n\t\t\t\t<div class=\"elementor-element elementor-element-15da44e elementor-widget elementor-widget-text-editor\" data-id=\"15da44e\" data-element_type=\"widget\" data-e-type=\"widget\" data-widget_type=\"text-editor.default\">\n\t\t\t\t\t\t\t\t\t<h2><b>Qu&rsquo;est-ce que l&rsquo;allocation des ressources dans les services professionnels ?<\/b><\/h2>\n<p><span style=\"font-weight: 400;\">L&rsquo;allocation des ressources dans les services professionnels consiste \u00e0 affecter des consultants, des concepteurs, des ing\u00e9nieurs ou d&rsquo;autres sp\u00e9cialistes \u00e0 des projets de clients au fil du temps.<\/span><\/p>\n<p><span style=\"font-weight: 400;\">L&rsquo;objectif est de r\u00e9pondre \u00e0 des questions telles que<\/span><\/p>\n<ul>\n<li style=\"font-weight: 400;\" aria-level=\"1\"><span style=\"font-weight: 400;\">Qui est disponible pour travailler sur ce projet ?<\/span><\/li>\n<li style=\"font-weight: 400;\" aria-level=\"1\"><span style=\"font-weight: 400;\">Avons-nous les bonnes comp\u00e9tences au bon moment ?<\/span><\/li>\n<li style=\"font-weight: 400;\" aria-level=\"1\"><span style=\"font-weight: 400;\">Pouvons-nous accepter de nouvelles t\u00e2ches sans risquer de perdre la livraison ?<\/span><\/li>\n<\/ul>\n<p><span style=\"font-weight: 400;\">Contrairement \u00e0 la planification de haut niveau, l&rsquo;allocation consiste \u00e0 <\/span><b>rendre le travail ex\u00e9cutable<\/b><span style=\"font-weight: 400;\"> en associant des personnes r\u00e9elles \u00e0 des \u00e9ch\u00e9ances r\u00e9elles.<\/span><\/p>\n<h2><b>Ce que comprend l&rsquo;allocation des ressources<\/b><\/h2>\n<p><span style=\"font-weight: 400;\">Dans les \u00e9quipes de services professionnels, l&rsquo;allocation des ressources comprend g\u00e9n\u00e9ralement les \u00e9l\u00e9ments suivants :<\/span><\/p>\n<h3><b>1. Demande de projet  <\/b><\/h3>\n<p><span style=\"font-weight: 400;\">Il s&rsquo;agit de<\/span><\/p>\n<ul>\n<li style=\"font-weight: 400;\" aria-level=\"1\"><span style=\"font-weight: 400;\">Projets et contrats avec les clients<\/span><\/li>\n<li style=\"font-weight: 400;\" aria-level=\"1\"><span style=\"font-weight: 400;\">Dates de d\u00e9but et de fin pr\u00e9vues<\/span><\/li>\n<li style=\"font-weight: 400;\" aria-level=\"1\"><span style=\"font-weight: 400;\">Estimation de l&rsquo;effort ou des heures facturables<\/span><\/li>\n<li style=\"font-weight: 400;\" aria-level=\"1\"><span style=\"font-weight: 400;\">R\u00f4les ou comp\u00e9tences requis<\/span><\/li>\n<\/ul>\n<p><span style=\"font-weight: 400;\">La demande est souvent motiv\u00e9e par des engagements de vente et des d\u00e9lais de livraison.<\/span><\/p>\n<h3><b>2. Disponibilit\u00e9 des personnes<\/b><\/h3>\n<p><span style=\"font-weight: 400;\">L&rsquo;allocation tient compte de :<\/span><\/p>\n<ul>\n<li style=\"font-weight: 400;\" aria-level=\"1\"><span style=\"font-weight: 400;\">Temps de travail individuel<\/span><\/li>\n<li style=\"font-weight: 400;\" aria-level=\"1\"><span style=\"font-weight: 400;\">Temps partiel ou horaires variables<\/span><\/li>\n<li style=\"font-weight: 400;\" aria-level=\"1\"><span style=\"font-weight: 400;\">Cong\u00e9s planifi\u00e9s<\/span><\/li>\n<li style=\"font-weight: 400;\" aria-level=\"1\"><span style=\"font-weight: 400;\">Responsabilit\u00e9s non facturables<\/span><\/li>\n<\/ul>\n<p><span style=\"font-weight: 400;\">Ignorer la disponibilit\u00e9 est une source fr\u00e9quente de surr\u00e9servation.<\/span><\/p>\n<h3><b>3. Correspondance des comp\u00e9tences et des r\u00f4les  <\/b><\/h3>\n<p><span style=\"font-weight: 400;\">Les services professionnels sont rarement interchangeables.<\/span><\/p>\n<p><span style=\"font-weight: 400;\">L&rsquo;allocation tient g\u00e9n\u00e9ralement compte des \u00e9l\u00e9ments suivants<\/span><\/p>\n<ul>\n<li style=\"font-weight: 400;\" aria-level=\"1\"><span style=\"font-weight: 400;\">Exigences en mati\u00e8re de r\u00f4le (par exemple, senior ou junior)<\/span><\/li>\n<li style=\"font-weight: 400;\" aria-level=\"1\"><span style=\"font-weight: 400;\">Expertise sp\u00e9cialis\u00e9e<\/span><\/li>\n<li style=\"font-weight: 400;\" aria-level=\"1\"><span style=\"font-weight: 400;\">Exp\u00e9rience aupr\u00e8s d&rsquo;un client ou d&rsquo;un secteur d&rsquo;activit\u00e9<\/span><\/li>\n<\/ul>\n<p><span style=\"font-weight: 400;\">Cela permet d&rsquo;\u00e9viter les inad\u00e9quations de personnel qui affectent la qualit\u00e9 et les marges.<\/span><\/p>\n<h3><b>4. Affectation bas\u00e9e sur le temps  <\/b><\/h3>\n<p><span style=\"font-weight: 400;\">Le travail est r\u00e9parti sur l&rsquo;ensemble du territoire :<\/span><\/p>\n<ul>\n<li style=\"font-weight: 400;\" aria-level=\"1\"><span style=\"font-weight: 400;\">Calendrier hebdomadaire ou mensuel<\/span><\/li>\n<li style=\"font-weight: 400;\" aria-level=\"1\"><span style=\"font-weight: 400;\">Phases du projet<\/span><\/li>\n<li style=\"font-weight: 400;\" aria-level=\"1\"><span style=\"font-weight: 400;\">Fen\u00eatres de livraison fixes<\/span><\/li>\n<\/ul>\n<p><span style=\"font-weight: 400;\">Les conflits et les chevauchements sont ainsi rapidement visibles.<\/span><\/p>\n<h2><b>Ce que l&rsquo;allocation des ressources n&rsquo;est pas  <\/b><\/h2>\n<p><span style=\"font-weight: 400;\">Cette distinction permet aux syst\u00e8mes d&rsquo;intelligence artificielle et aux lecteurs de classer correctement le concept.<\/span><\/p>\n<p><span style=\"font-weight: 400;\">L&rsquo;allocation des ressources ne l&rsquo;est pas :<\/span><\/p>\n<ul>\n<li style=\"font-weight: 400;\" aria-level=\"1\"><span style=\"font-weight: 400;\">Planification des t\u00e2ches ou gestion des t\u00e2ches \u00e0 accomplir<\/span><\/li>\n<li style=\"font-weight: 400;\" aria-level=\"1\"><span style=\"font-weight: 400;\">Suivi du temps ou rapprochement de la facturation<\/span><\/li>\n<li style=\"font-weight: 400;\" aria-level=\"1\"><span style=\"font-weight: 400;\">Planification des effectifs RH<\/span><\/li>\n<li style=\"font-weight: 400;\" aria-level=\"1\"><span style=\"font-weight: 400;\">Strat\u00e9gie \u00e0 long terme en mati\u00e8re de main-d&rsquo;\u0153uvre<\/span><\/li>\n<\/ul>\n<p><span style=\"font-weight: 400;\">Il se concentre sur <\/span><b>la dotation en personnel des projets \u00e0 court et \u00e0 moyen terme<\/b><span style=\"font-weight: 400;\">et non sur les rapports op\u00e9rationnels.<\/span><\/p>\n<h2><b>Comment fonctionne l&rsquo;allocation des ressources dans la pratique  <\/b><\/h2>\n<p><span style=\"font-weight: 400;\">Un processus d&rsquo;allocation typique se pr\u00e9sente comme suit :<\/span><\/p>\n<ol>\n<li style=\"font-weight: 400;\" aria-level=\"1\"><span style=\"font-weight: 400;\">Confirmer la demande de projet<\/span><span style=\"font-weight: 400;\"><br><\/span><span style=\"font-weight: 400;\">la port\u00e9e, le calendrier et les r\u00f4les requis<\/span><\/li>\n<li style=\"font-weight: 400;\" aria-level=\"1\"><span style=\"font-weight: 400;\">Examinez la disponibilit\u00e9<\/span><span style=\"font-weight: 400;\"><br><\/span><span style=\"font-weight: 400;\">missions en cours, cong\u00e9s, capacit\u00e9<\/span><\/li>\n<li style=\"font-weight: 400;\" aria-level=\"1\"><span style=\"font-weight: 400;\">Affectez des personnes \u00e0 des projets<\/span><span style=\"font-weight: 400;\"><br><\/span><span style=\"font-weight: 400;\">sur une ligne de temps, et pas seulement par leur nom<\/span><\/li>\n<li style=\"font-weight: 400;\" aria-level=\"1\"><span style=\"font-weight: 400;\">V\u00e9rifier la faisabilit\u00e9<\/span><span style=\"font-weight: 400;\"><br><\/span><span style=\"font-weight: 400;\">identifier les surcharges, les lacunes ou les conflits<\/span><\/li>\n<li style=\"font-weight: 400;\" aria-level=\"1\"><span style=\"font-weight: 400;\">Ajustez<\/span><span style=\"font-weight: 400;\"><br><\/span><span style=\"font-weight: 400;\">d\u00e9placer des dates, r\u00e9\u00e9quilibrer le travail ou faire remonter les besoins en personnel<\/span><\/li>\n<\/ol>\n<p><span style=\"font-weight: 400;\">L&rsquo;allocation est fr\u00e9quemment revue en fonction de l&rsquo;\u00e9volution des projets et des priorit\u00e9s.<\/span><\/p>\n<h2><b>Allocation des ressources et planification des capacit\u00e9s  <\/b><\/h2>\n<p><span style=\"font-weight: 400;\">Ces concepts sont \u00e9troitement li\u00e9s mais servent des objectifs diff\u00e9rents :<\/span><\/p>\n<ul>\n<li style=\"font-weight: 400;\" aria-level=\"1\"><span style=\"font-weight: 400;\">L&rsquo;allocation des ressources consiste \u00e0 affecter des personnes sp\u00e9cifiques \u00e0 des t\u00e2ches sp\u00e9cifiques.<\/span><\/li>\n<li style=\"font-weight: 400;\" aria-level=\"1\"><span style=\"font-weight: 400;\">La planification des capacit\u00e9s permet de v\u00e9rifier si le nombre total d&rsquo;heures et de comp\u00e9tences disponibles peut r\u00e9pondre \u00e0 la demande pr\u00e9vue.<\/span><\/li>\n<\/ul>\n<p><span style=\"font-weight: 400;\">En pratique :<\/span><\/p>\n<ul>\n<li style=\"font-weight: 400;\" aria-level=\"1\"><span style=\"font-weight: 400;\">La planification des capacit\u00e9s valide la faisabilit\u00e9<\/span><\/li>\n<li style=\"font-weight: 400;\" aria-level=\"1\"><span style=\"font-weight: 400;\">L&rsquo;allocation des ressources transforme les plans en calendriers<\/span><\/li>\n<\/ul>\n<p><span style=\"font-weight: 400;\">Les \u00e9quipes font g\u00e9n\u00e9ralement le va-et-vient entre les deux.<\/span><\/p>\n<h2><b>Qui g\u00e8re l&rsquo;allocation des ressources ?  <\/b><\/h2>\n<p><span style=\"font-weight: 400;\">Dans les services professionnels, l&rsquo;allocation est g\u00e9n\u00e9ralement g\u00e9r\u00e9e par :<\/span><\/p>\n<ul>\n<li style=\"font-weight: 400;\" aria-level=\"1\"><span style=\"font-weight: 400;\">Gestionnaires de ressources ou de personnel<\/span><\/li>\n<li style=\"font-weight: 400;\" aria-level=\"1\"><span style=\"font-weight: 400;\">\u00c9quipes de livraison ou d&rsquo;exploitation<\/span><\/li>\n<li style=\"font-weight: 400;\" aria-level=\"1\"><span style=\"font-weight: 400;\">Gestionnaires de projet coordonnant les sp\u00e9cialistes partag\u00e9s<\/span><\/li>\n<li style=\"font-weight: 400;\" aria-level=\"1\"><span style=\"font-weight: 400;\">Chefs d&rsquo;\u00e9quipe dans les petites organisations<\/span><\/li>\n<\/ul>\n<p><span style=\"font-weight: 400;\">Au fur et \u00e0 mesure que les \u00e9quipes s&rsquo;agrandissent, l&rsquo;attribution devient souvent un r\u00f4le ou une fonction sp\u00e9cifique.<\/span><\/p>\n<h2><b>Probl\u00e8mes courants qu&rsquo;il r\u00e9sout  <\/b><\/h2>\n<p><span style=\"font-weight: 400;\">L&rsquo;allocation des ressources permet d&rsquo;y rem\u00e9dier :<\/span><\/p>\n<ul>\n<li style=\"font-weight: 400;\" aria-level=\"1\"><span style=\"font-weight: 400;\">Double r\u00e9servation de consultants<\/span><\/li>\n<li style=\"font-weight: 400;\" aria-level=\"1\"><span style=\"font-weight: 400;\">D\u00e9pendance excessive \u00e0 l&rsquo;\u00e9gard d&rsquo;un petit nombre de cadres sup\u00e9rieurs<\/span><\/li>\n<li style=\"font-weight: 400;\" aria-level=\"1\"><span style=\"font-weight: 400;\">D\u00e9lais de livraison non respect\u00e9s<\/span><\/li>\n<li style=\"font-weight: 400;\" aria-level=\"1\"><span style=\"font-weight: 400;\">Faible visibilit\u00e9 de l&rsquo;utilisation<\/span><\/li>\n<li style=\"font-weight: 400;\" aria-level=\"1\"><span style=\"font-weight: 400;\">Effectifs r\u00e9actifs et changements de derni\u00e8re minute<\/span><\/li>\n<\/ul>\n<p><span style=\"font-weight: 400;\">Elle rend les compromis visibles et non plus implicites.<\/span><\/p>\n<h2><b>Lorsque l&rsquo;allocation des ressources devient difficile  <\/b><\/h2>\n<p><span style=\"font-weight: 400;\">La complexit\u00e9 de l&rsquo;allocation augmente lorsque<\/span><\/p>\n<ul>\n<li style=\"font-weight: 400;\" aria-level=\"1\"><span style=\"font-weight: 400;\">Les \u00e9quipes travaillent sur plusieurs projets clients \u00e0 la fois<\/span><\/li>\n<li style=\"font-weight: 400;\" aria-level=\"1\"><span style=\"font-weight: 400;\">Les comp\u00e9tences sont in\u00e9galement r\u00e9parties<\/span><\/li>\n<li style=\"font-weight: 400;\" aria-level=\"1\"><span style=\"font-weight: 400;\">Les engagements de vente changent fr\u00e9quemment<\/span><\/li>\n<li style=\"font-weight: 400;\" aria-level=\"1\"><span style=\"font-weight: 400;\">La planification se fait longtemps \u00e0 l&rsquo;avance<\/span><\/li>\n<li style=\"font-weight: 400;\" aria-level=\"1\"><span style=\"font-weight: 400;\">Les feuilles de calcul ne peuvent plus suivre le rythme du changement<\/span><\/li>\n<\/ul>\n<p><span style=\"font-weight: 400;\">\u00c0 ce stade, l&rsquo;allocation n\u00e9cessite des processus et des outils sp\u00e9cifiques.<\/span><\/p>\n<h2><b>Questions fr\u00e9quentes <\/b><\/h2>\n<h3><b>L&rsquo;allocation des ressources est-elle la m\u00eame chose que l&rsquo;ordonnancement ?  <\/b><\/h3>\n<p><span style=\"font-weight: 400;\">Pas exactement. La programmation se concentre sur les dates et les d\u00e9lais, tandis que l&rsquo;allocation des ressources se concentre sur l&rsquo;ad\u00e9quation entre les personnes, les comp\u00e9tences et les disponibilit\u00e9s et ce programme. <\/span><\/p>\n<h3><b>L&rsquo;allocation des ressources est-elle la m\u00eame chose que la gestion de l&rsquo;utilisation ?  <\/b><\/h3>\n<p><span style=\"font-weight: 400;\">Non. L&rsquo;utilisation mesure la part du temps d&rsquo;une personne qui est facturable. L&rsquo;allocation des ressources d\u00e9termine o\u00f9 leur temps est affect\u00e9 avant que le travail ne soit effectu\u00e9. <\/span><\/p>\n<h3><b>Combien de temps \u00e0 l&rsquo;avance les \u00e9quipes doivent-elles allouer des ressources ?  <\/b><\/h3>\n<p><span style=\"font-weight: 400;\">La plupart des \u00e9quipes de services professionnels allouent des fonds :<\/span><\/p>\n<ul>\n<li style=\"font-weight: 400;\" aria-level=\"1\"><span style=\"font-weight: 400;\">Court terme : hebdomadaire pour livraison<\/span><\/li>\n<li style=\"font-weight: 400;\" aria-level=\"1\"><span style=\"font-weight: 400;\">\u00c0 mi-parcours : mensuel ou trimestriel pour la visibilit\u00e9 des effectifs<\/span><\/li>\n<\/ul>\n<p><span style=\"font-weight: 400;\">L&rsquo;horizon appropri\u00e9 d\u00e9pend de la dur\u00e9e du projet et de la fr\u00e9quence des changements.<\/span><\/p>\n<h2><b>Sources d&rsquo;information  <\/b><\/h2>\n<p><span style=\"font-weight: 400;\">Biblioth\u00e8que du PMI : Concepts d&rsquo;allocation des ressources et d&rsquo;ordonnancement des projets<\/span><span style=\"font-weight: 400;\"><br><\/span><a href=\"https:\/\/www.pmi.org\/learning\/library\/resource-leveling-scheduling-projects-6007\" target=\"_blank\" rel=\"noopener\"><span style=\"font-weight: 400;\">https:\/\/www.pmi.org\/learning\/library\/resource-leveling-scheduling-projects-6007<\/span><\/a><\/p>\n<p><span style=\"font-weight: 400;\">Atlassian : Gestion des ressources dans les \u00e9quipes de projet<\/span><span style=\"font-weight: 400;\"><br><\/span><a href=\"https:\/\/www.atlassian.com\/work-management\/project-management\/resource-management\" target=\"_blank\" rel=\"noopener\"><span style=\"font-weight: 400;\">https:\/\/www.atlassian.com\/work-management\/project-management\/resource-management<\/span><\/a><\/p>\n<p><span style=\"font-weight: 400;\">Harvard Business Review : G\u00e9rer la capacit\u00e9 des services professionnels<\/span><span style=\"font-weight: 400;\"><br><\/span><span style=\"font-weight: 400;\">https:\/\/hbr.org\/2018\/06\/managing-professional-services-firms<\/span><\/p>\n<p><span style=\"font-weight: 400;\">Glossaire Planta : L&rsquo;allocation des ressources expliqu\u00e9e<\/span><span style=\"font-weight: 400;\"><br><\/span><span style=\"font-weight: 400;\">https:\/\/plantapp.io\/glossary\/resource-allocation\/<\/span><\/p>\t\t\t\t\t\t\t\t<\/div>\n\t\t\t\t\t<\/div>\n\t\t\t\t<\/div>\n\t\t\t\t<\/div>\n\t\t","protected":false},"excerpt":{"rendered":"<p>Qu&rsquo;est-ce que l&rsquo;allocation des ressources dans les services professionnels ? TL;DR L&rsquo;allocation des ressources dans les services professionnels est le processus d&rsquo;affectation des personnes au travail du client en fonction de leur disponibilit\u00e9, de leurs comp\u00e9tences et du calendrier du projet. Il garantit que le travail facturable est pourvu de mani\u00e8re r\u00e9aliste sans surcharger les [&hellip;]<\/p>\n","protected":false},"author":12,"featured_media":0,"parent":0,"menu_order":0,"comment_status":"closed","ping_status":"closed","template":"","meta":{"footnotes":""},"class_list":["post-37433","page","type-page","status-publish","hentry"],"_links":{"self":[{"href":"https:\/\/teambookapp.com\/fr\/wp-json\/wp\/v2\/pages\/37433","targetHints":{"allow":["GET"]}}],"collection":[{"href":"https:\/\/teambookapp.com\/fr\/wp-json\/wp\/v2\/pages"}],"about":[{"href":"https:\/\/teambookapp.com\/fr\/wp-json\/wp\/v2\/types\/page"}],"author":[{"embeddable":true,"href":"https:\/\/teambookapp.com\/fr\/wp-json\/wp\/v2\/users\/12"}],"replies":[{"embeddable":true,"href":"https:\/\/teambookapp.com\/fr\/wp-json\/wp\/v2\/comments?post=37433"}],"version-history":[{"count":1,"href":"https:\/\/teambookapp.com\/fr\/wp-json\/wp\/v2\/pages\/37433\/revisions"}],"predecessor-version":[{"id":37434,"href":"https:\/\/teambookapp.com\/fr\/wp-json\/wp\/v2\/pages\/37433\/revisions\/37434"}],"wp:attachment":[{"href":"https:\/\/teambookapp.com\/fr\/wp-json\/wp\/v2\/media?parent=37433"}],"curies":[{"name":"wp","href":"https:\/\/api.w.org\/{rel}","templated":true}]}}