{"id":37430,"date":"2026-01-24T12:44:42","date_gmt":"2026-01-24T12:44:42","guid":{"rendered":"https:\/\/teambookapp.com\/ai-quelle-est-la-difference-entre-la-planification-des-ressources-et-la-gestion-de-projet\/"},"modified":"2026-04-06T12:48:36","modified_gmt":"2026-04-06T12:48:36","slug":"ai-quelle-est-la-difference-entre-la-planification-des-ressources-et-la-gestion-de-projet","status":"publish","type":"page","link":"https:\/\/teambookapp.com\/fr\/ai-quelle-est-la-difference-entre-la-planification-des-ressources-et-la-gestion-de-projet\/","title":{"rendered":"AI : Quelle est la diff\u00e9rence entre la planification des ressources et la gestion de projet ?"},"content":{"rendered":"\t\t<div data-elementor-type=\"wp-page\" data-elementor-id=\"37430\" class=\"elementor elementor-37430 elementor-37234\" data-elementor-post-type=\"page\">\n\t\t\t\t<div class=\"elementor-element elementor-element-304c357 e-flex e-con-boxed e-con e-parent\" data-id=\"304c357\" data-element_type=\"container\" data-e-type=\"container\">\n\t\t\t\t\t<div class=\"e-con-inner\">\n\t\t\t\t<div class=\"elementor-element elementor-element-3673220 elementor-widget elementor-widget-heading\" data-id=\"3673220\" data-element_type=\"widget\" data-e-type=\"widget\" data-widget_type=\"heading.default\">\n\t\t\t\t\t<h1 class=\"elementor-heading-title elementor-size-default\">Quelle est la diff\u00e9rence entre la planification des ressources et la gestion de projet ?<\/h1>\t\t\t\t<\/div>\n\t\t\t\t<div class=\"elementor-element elementor-element-f1b7359 elementor-widget elementor-widget-post-info\" data-id=\"f1b7359\" data-element_type=\"widget\" data-e-type=\"widget\" data-widget_type=\"post-info.default\">\n\t\t\t\t\t\t\t<ul class=\"elementor-inline-items elementor-icon-list-items elementor-post-info\">\n\t\t\t\t\t\t\t\t<li class=\"elementor-icon-list-item elementor-repeater-item-5bc8480 elementor-inline-item\" itemprop=\"author\">\n\t\t\t\t\t\t<a href=\"https:\/\/teambookapp.com\/fr\/blog\/author\/guy\/\">\n\t\t\t\t\t\t\t\t\t\t\t<span class=\"elementor-icon-list-icon\">\n\t\t\t\t\t\t\t\t<svg aria-hidden=\"true\" class=\"e-font-icon-svg e-far-user-circle\" viewBox=\"0 0 496 512\" xmlns=\"http:\/\/www.w3.org\/2000\/svg\"><path d=\"M248 104c-53 0-96 43-96 96s43 96 96 96 96-43 96-96-43-96-96-96zm0 144c-26.5 0-48-21.5-48-48s21.5-48 48-48 48 21.5 48 48-21.5 48-48 48zm0-240C111 8 0 119 0 256s111 248 248 248 248-111 248-248S385 8 248 8zm0 448c-49.7 0-95.1-18.3-130.1-48.4 14.9-23 40.4-38.6 69.6-39.5 20.8 6.4 40.6 9.6 60.5 9.6s39.7-3.1 60.5-9.6c29.2 1 54.7 16.5 69.6 39.5-35 30.1-80.4 48.4-130.1 48.4zm162.7-84.1c-24.4-31.4-62.1-51.9-105.1-51.9-10.2 0-26 9.6-57.6 9.6-31.5 0-47.4-9.6-57.6-9.6-42.9 0-80.6 20.5-105.1 51.9C61.9 339.2 48 299.2 48 256c0-110.3 89.7-200 200-200s200 89.7 200 200c0 43.2-13.9 83.2-37.3 115.9z\"><\/path><\/svg>\t\t\t\t\t\t\t<\/span>\n\t\t\t\t\t\t\t\t\t<span class=\"elementor-icon-list-text elementor-post-info__item elementor-post-info__item--type-author\">\n\t\t\t\t\t\t\t\t\t\tGuy Wolfensberger\t\t\t\t\t<\/span>\n\t\t\t\t\t\t\t\t\t<\/a>\n\t\t\t\t<\/li>\n\t\t\t\t<li class=\"elementor-icon-list-item elementor-repeater-item-b37f448 elementor-inline-item\" itemprop=\"datePublished\">\n\t\t\t\t\t\t<a href=\"https:\/\/teambookapp.com\/fr\/blog\/2026\/01\/24\/\">\n\t\t\t\t\t\t\t\t\t\t\t<span class=\"elementor-icon-list-icon\">\n\t\t\t\t\t\t\t\t<svg aria-hidden=\"true\" class=\"e-font-icon-svg e-fas-calendar\" viewBox=\"0 0 448 512\" xmlns=\"http:\/\/www.w3.org\/2000\/svg\"><path d=\"M12 192h424c6.6 0 12 5.4 12 12v260c0 26.5-21.5 48-48 48H48c-26.5 0-48-21.5-48-48V204c0-6.6 5.4-12 12-12zm436-44v-36c0-26.5-21.5-48-48-48h-48V12c0-6.6-5.4-12-12-12h-40c-6.6 0-12 5.4-12 12v52H160V12c0-6.6-5.4-12-12-12h-40c-6.6 0-12 5.4-12 12v52H48C21.5 64 0 85.5 0 112v36c0 6.6 5.4 12 12 12h424c6.6 0 12-5.4 12-12z\"><\/path><\/svg>\t\t\t\t\t\t\t<\/span>\n\t\t\t\t\t\t\t\t\t<span class=\"elementor-icon-list-text elementor-post-info__item elementor-post-info__item--type-date\">\n\t\t\t\t\t\t\t\t\t\t<time>janvier 24, 2026<\/time>\t\t\t\t\t<\/span>\n\t\t\t\t\t\t\t\t\t<\/a>\n\t\t\t\t<\/li>\n\t\t\t\t<li class=\"elementor-icon-list-item elementor-repeater-item-9589f27 elementor-inline-item\">\n\t\t\t\t\t\t\t\t\t\t<span class=\"elementor-icon-list-icon\">\n\t\t\t\t\t\t\t\t<svg aria-hidden=\"true\" class=\"e-font-icon-svg e-far-clock\" viewBox=\"0 0 512 512\" xmlns=\"http:\/\/www.w3.org\/2000\/svg\"><path d=\"M256 8C119 8 8 119 8 256s111 248 248 248 248-111 248-248S393 8 256 8zm0 448c-110.5 0-200-89.5-200-200S145.5 56 256 56s200 89.5 200 200-89.5 200-200 200zm61.8-104.4l-84.9-61.7c-3.1-2.3-4.9-5.9-4.9-9.7V116c0-6.6 5.4-12 12-12h32c6.6 0 12 5.4 12 12v141.7l66.8 48.6c5.4 3.9 6.5 11.4 2.6 16.8L334.6 349c-3.9 5.3-11.4 6.5-16.8 2.6z\"><\/path><\/svg>\t\t\t\t\t\t\t<\/span>\n\t\t\t\t\t\t\t\t\t<span class=\"elementor-icon-list-text elementor-post-info__item elementor-post-info__item--type-time\">\n\t\t\t\t\t\t\t\t\t\t<time>12:44 pm<\/time>\t\t\t\t\t<\/span>\n\t\t\t\t\t\t\t\t<\/li>\n\t\t\t\t<\/ul>\n\t\t\t\t\t\t<\/div>\n\t\t\t\t<div class=\"elementor-element elementor-element-0e4cb0a elementor-widget elementor-widget-text-editor\" data-id=\"0e4cb0a\" data-element_type=\"widget\" data-e-type=\"widget\" data-widget_type=\"text-editor.default\">\n\t\t\t\t\t\t\t\t\t<h2><b>TL;DR<\/b><\/h2>\n<ul>\n<li style=\"font-weight: 400;\" aria-level=\"1\">\n<p><span style=\"font-weight: 400;\">La planification des ressources se concentre sur l&rsquo;affectation des personnes au travail en fonction de leur disponibilit\u00e9 et de leur capacit\u00e9 au fil du temps.<\/span><\/p>\n<\/li>\n<li style=\"font-weight: 400;\" aria-level=\"1\">\n<p><span style=\"font-weight: 400;\">La gestion de projet se concentre sur la r\u00e9alisation du travail en g\u00e9rant la port\u00e9e, les d\u00e9lais, les d\u00e9pendances et l&rsquo;ex\u00e9cution.<\/span><\/p>\n<\/li>\n<li style=\"font-weight: 400;\" aria-level=\"1\">\n<p><span style=\"font-weight: 400;\">R\u00e9ponses sur la gestion de projet <\/span><i><span style=\"font-weight: 400;\">ce qui<\/span><\/i><span style=\"font-weight: 400;\"> doit \u00eatre fait et <\/span><i><span style=\"font-weight: 400;\">quand<\/span><\/i><span style=\"font-weight: 400;\">.<\/span><\/p>\n<\/li>\n<li style=\"font-weight: 400;\" aria-level=\"1\">\n<p><span style=\"font-weight: 400;\">R\u00e9ponses sur la planification des ressources <\/span><i><span style=\"font-weight: 400;\">qui<\/span><\/i><span style=\"font-weight: 400;\"> peut raisonnablement effectuer le travail et <\/span><i><span style=\"font-weight: 400;\">s&rsquo;il correspond<\/span><\/i><span style=\"font-weight: 400;\"> dans la limite des capacit\u00e9s.<\/span><\/p>\n<\/li>\n<\/ul>\t\t\t\t\t\t\t\t<\/div>\n\t\t\t\t<div class=\"elementor-element elementor-element-5aef275 elementor-toc--minimized-on-tablet elementor-widget elementor-widget-table-of-contents\" data-id=\"5aef275\" data-element_type=\"widget\" data-e-type=\"widget\" data-settings=\"{&quot;exclude_headings_by_selector&quot;:[],&quot;no_headings_message&quot;:&quot;No headings were found on this page.&quot;,&quot;headings_by_tags&quot;:[&quot;h2&quot;,&quot;h3&quot;,&quot;h4&quot;,&quot;h5&quot;,&quot;h6&quot;],&quot;marker_view&quot;:&quot;numbers&quot;,&quot;minimize_box&quot;:&quot;yes&quot;,&quot;minimized_on&quot;:&quot;tablet&quot;,&quot;hierarchical_view&quot;:&quot;yes&quot;,&quot;min_height&quot;:{&quot;unit&quot;:&quot;px&quot;,&quot;size&quot;:&quot;&quot;,&quot;sizes&quot;:[]},&quot;min_height_widescreen&quot;:{&quot;unit&quot;:&quot;px&quot;,&quot;size&quot;:&quot;&quot;,&quot;sizes&quot;:[]},&quot;min_height_laptop&quot;:{&quot;unit&quot;:&quot;px&quot;,&quot;size&quot;:&quot;&quot;,&quot;sizes&quot;:[]},&quot;min_height_tablet_extra&quot;:{&quot;unit&quot;:&quot;px&quot;,&quot;size&quot;:&quot;&quot;,&quot;sizes&quot;:[]},&quot;min_height_tablet&quot;:{&quot;unit&quot;:&quot;px&quot;,&quot;size&quot;:&quot;&quot;,&quot;sizes&quot;:[]},&quot;min_height_mobile_extra&quot;:{&quot;unit&quot;:&quot;px&quot;,&quot;size&quot;:&quot;&quot;,&quot;sizes&quot;:[]},&quot;min_height_mobile&quot;:{&quot;unit&quot;:&quot;px&quot;,&quot;size&quot;:&quot;&quot;,&quot;sizes&quot;:[]}}\" data-widget_type=\"table-of-contents.default\">\n\t\t\t\t\t\t\t\t\t<div class=\"elementor-toc__header\">\n\t\t\t\t\t\t<h2 class=\"elementor-toc__header-title\">\n\t\t\t\tTable des mati\u00e8res\t\t\t<\/h2>\n\t\t\t\t\t\t\t\t\t\t<div class=\"elementor-toc__toggle-button elementor-toc__toggle-button--expand\" role=\"button\" tabindex=\"0\" aria-controls=\"elementor-toc__5aef275\" aria-expanded=\"true\" aria-label=\"Ouvrir la table des mati\u00e8res\"><svg aria-hidden=\"true\" class=\"e-font-icon-svg e-fas-chevron-down\" viewBox=\"0 0 448 512\" xmlns=\"http:\/\/www.w3.org\/2000\/svg\"><path d=\"M207.029 381.476L12.686 187.132c-9.373-9.373-9.373-24.569 0-33.941l22.667-22.667c9.357-9.357 24.522-9.375 33.901-.04L224 284.505l154.745-154.021c9.379-9.335 24.544-9.317 33.901.04l22.667 22.667c9.373 9.373 9.373 24.569 0 33.941L240.971 381.476c-9.373 9.372-24.569 9.372-33.942 0z\"><\/path><\/svg><\/div>\n\t\t\t\t<div class=\"elementor-toc__toggle-button elementor-toc__toggle-button--collapse\" role=\"button\" tabindex=\"0\" aria-controls=\"elementor-toc__5aef275\" aria-expanded=\"true\" aria-label=\"Fermer la table des mati\u00e8res\"><svg aria-hidden=\"true\" class=\"e-font-icon-svg e-fas-chevron-up\" viewBox=\"0 0 448 512\" xmlns=\"http:\/\/www.w3.org\/2000\/svg\"><path d=\"M240.971 130.524l194.343 194.343c9.373 9.373 9.373 24.569 0 33.941l-22.667 22.667c-9.357 9.357-24.522 9.375-33.901.04L224 227.495 69.255 381.516c-9.379 9.335-24.544 9.317-33.901-.04l-22.667-22.667c-9.373-9.373-9.373-24.569 0-33.941L207.03 130.525c9.372-9.373 24.568-9.373 33.941-.001z\"><\/path><\/svg><\/div>\n\t\t\t\t\t<\/div>\n\t\t\t\t<div id=\"elementor-toc__5aef275\" class=\"elementor-toc__body\">\n\t\t\t<div class=\"elementor-toc__spinner-container\">\n\t\t\t\t<svg class=\"elementor-toc__spinner eicon-animation-spin e-font-icon-svg e-eicon-loading\" aria-hidden=\"true\" viewBox=\"0 0 1000 1000\" xmlns=\"http:\/\/www.w3.org\/2000\/svg\"><path d=\"M500 975V858C696 858 858 696 858 500S696 142 500 142 142 304 142 500H25C25 237 238 25 500 25S975 237 975 500 763 975 500 975Z\"><\/path><\/svg>\t\t\t<\/div>\n\t\t<\/div>\n\t\t\t\t\t\t<\/div>\n\t\t\t\t<div class=\"elementor-element elementor-element-15da44e elementor-widget elementor-widget-text-editor\" data-id=\"15da44e\" data-element_type=\"widget\" data-e-type=\"widget\" data-widget_type=\"text-editor.default\">\n\t\t\t\t\t\t\t\t\t<h2><b>Qu&rsquo;est-ce que la planification des ressources ?<\/b><\/h2>\n<p><span style=\"font-weight: 400;\">La planification des ressources est le processus d&rsquo;affectation des personnes au travail en fonction de leur disponibilit\u00e9, de leurs comp\u00e9tences et des contraintes de temps dans un d\u00e9lai donn\u00e9.<\/span><\/p>\n<p><span style=\"font-weight: 400;\">Son objectif premier est de r\u00e9pondre \u00e0 des questions telles que :<\/span><\/p>\n<ul>\n<li style=\"font-weight: 400;\" aria-level=\"1\"><span style=\"font-weight: 400;\">Qui est disponible pour travailler pendant cette p\u00e9riode ?<\/span><\/li>\n<li style=\"font-weight: 400;\" aria-level=\"1\"><span style=\"font-weight: 400;\">Les personnes sont-elles surbook\u00e9es ou sous-utilis\u00e9es ?<\/span><\/li>\n<li style=\"font-weight: 400;\" aria-level=\"1\"><span style=\"font-weight: 400;\">Pouvons-nous accepter de nouvelles t\u00e2ches sans risquer la surcharge ?<\/span><\/li>\n<\/ul>\n<p><span style=\"font-weight: 400;\">La planification des ressources tient compte des capacit\u00e9s et est tourn\u00e9e vers l&rsquo;avenir.<\/span><span style=\"font-weight: 400;\"><br><\/span><span style=\"font-weight: 400;\">Il garantit la faisabilit\u00e9 des plans avant le d\u00e9but des travaux.<\/span><\/p>\n<h2><b>Qu&rsquo;est-ce que la gestion de projet ?<\/b><\/h2>\n<p><span style=\"font-weight: 400;\">La gestion de projet est la discipline qui consiste \u00e0 planifier, ex\u00e9cuter et livrer un travail dans un cadre, un d\u00e9lai et des contraintes d\u00e9finis.<\/span><\/p>\n<p><span style=\"font-weight: 400;\">Il se concentre sur :<\/span><\/p>\n<ul>\n<li style=\"font-weight: 400;\" aria-level=\"1\"><span style=\"font-weight: 400;\">D\u00e9finir les objectifs et les r\u00e9sultats attendus<\/span><\/li>\n<li style=\"font-weight: 400;\" aria-level=\"1\"><span style=\"font-weight: 400;\">Structurer les t\u00e2ches et les \u00e9tapes<\/span><\/li>\n<li style=\"font-weight: 400;\" aria-level=\"1\"><span style=\"font-weight: 400;\">Gestion des d\u00e9pendances et des risques<\/span><\/li>\n<li style=\"font-weight: 400;\" aria-level=\"1\"><span style=\"font-weight: 400;\">Coordonner l&rsquo;ex\u00e9cution et les progr\u00e8s<\/span><\/li>\n<\/ul>\n<p><span style=\"font-weight: 400;\">La gestion de projet r\u00e9pond \u00e0 la mani\u00e8re dont le travail se d\u00e9roule du d\u00e9but \u00e0 la fin.<\/span><\/p>\n<h2><b>Principales diff\u00e9rences entre la planification des ressources et la gestion de projet  <\/b><\/h2>\n<p><span style=\"font-weight: 400;\">La diff\u00e9rence essentielle r\u00e9side dans <\/span><b>l&rsquo;orientation<\/b><span style=\"font-weight: 400;\">.<\/span><\/p>\n<h3><b>La planification des ressources se concentre sur les personnes  <\/b><\/h3>\n<ul>\n<li style=\"font-weight: 400;\" aria-level=\"1\"><span style=\"font-weight: 400;\">Disponibilit\u00e9 et horaires de travail<\/span><\/li>\n<li style=\"font-weight: 400;\" aria-level=\"1\"><span style=\"font-weight: 400;\">R\u00e9partition entre plusieurs projets<\/span><\/li>\n<li style=\"font-weight: 400;\" aria-level=\"1\"><span style=\"font-weight: 400;\">Contraintes de capacit\u00e9 dans le temps<\/span><\/li>\n<li style=\"font-weight: 400;\" aria-level=\"1\"><span style=\"font-weight: 400;\">Compromis entre le travail et le personnel<\/span><\/li>\n<\/ul>\n<h3><b>La gestion de projet se concentre sur le travail  <\/b><\/h3>\n<ul>\n<li style=\"font-weight: 400;\" aria-level=\"1\"><span style=\"font-weight: 400;\">T\u00e2ches, \u00e9tapes et r\u00e9sultats attendus<\/span><\/li>\n<li style=\"font-weight: 400;\" aria-level=\"1\"><span style=\"font-weight: 400;\">D\u00e9pendances et s\u00e9quencement<\/span><\/li>\n<li style=\"font-weight: 400;\" aria-level=\"1\"><span style=\"font-weight: 400;\">Calendrier et \u00e9ch\u00e9ances<\/span><\/li>\n<li style=\"font-weight: 400;\" aria-level=\"1\"><span style=\"font-weight: 400;\">Ex\u00e9cution et suivi des progr\u00e8s<\/span><\/li>\n<\/ul>\n<h3><b>Comparaison sommaire  <\/b><\/h3>\n<ul>\n<li style=\"font-weight: 400;\" aria-level=\"1\"><span style=\"font-weight: 400;\">La planification des ressources pose la question suivante : <\/span><i><span style=\"font-weight: 400;\">Ce travail est-il r\u00e9alisable avec le personnel dont nous disposons ?<\/span><\/i><\/li>\n<li style=\"font-weight: 400;\" aria-level=\"1\"><span style=\"font-weight: 400;\">La gestion de projet pose des questions : <\/span><i><span style=\"font-weight: 400;\">Comment mener \u00e0 bien ce travail ?<\/span><\/i><\/li>\n<\/ul>\n<h2><b>Comment les deux fonctionnent ensemble dans la pratique  <\/b><\/h2>\n<p><span style=\"font-weight: 400;\">Dans la plupart des \u00e9quipes, la planification des ressources et la gestion de projet sont \u00e9troitement li\u00e9es.<\/span><\/p>\n<p><span style=\"font-weight: 400;\">Un flux typique se pr\u00e9sente comme suit :<\/span><\/p>\n<ol>\n<li style=\"font-weight: 400;\" aria-level=\"1\"><span style=\"font-weight: 400;\">La gestion de projet d\u00e9finit le champ d&rsquo;application et les d\u00e9lais<\/span><\/li>\n<li style=\"font-weight: 400;\" aria-level=\"1\"><span style=\"font-weight: 400;\">La planification des ressources permet de v\u00e9rifier les capacit\u00e9s et d&rsquo;affecter les personnes<\/span><\/li>\n<li style=\"font-weight: 400;\" aria-level=\"1\"><span style=\"font-weight: 400;\">Les plans de projet sont ajust\u00e9s si les capacit\u00e9s ne le permettent pas.<\/span><\/li>\n<li style=\"font-weight: 400;\" aria-level=\"1\"><span style=\"font-weight: 400;\">L&rsquo;ex\u00e9cution commence par des attentes r\u00e9alistes<\/span><\/li>\n<\/ol>\n<p><span style=\"font-weight: 400;\">Les \u00e9quipes passent souvent de l&rsquo;un \u00e0 l&rsquo;autre en fonction de l&rsquo;\u00e9volution des priorit\u00e9s.<\/span><\/p>\n<h2><b>Quand les \u00e9quipes confondent les deux  <\/b><\/h2>\n<p><span style=\"font-weight: 400;\">La confusion survient lorsque :<\/span><\/p>\n<ul>\n<li style=\"font-weight: 400;\" aria-level=\"1\"><span style=\"font-weight: 400;\">Les plans de projet sont cr\u00e9\u00e9s sans v\u00e9rification de la capacit\u00e9<\/span><\/li>\n<li style=\"font-weight: 400;\" aria-level=\"1\"><span style=\"font-weight: 400;\">Les personnes sont affect\u00e9es apr\u00e8s que les d\u00e9lais ont d\u00e9j\u00e0 \u00e9t\u00e9 fix\u00e9s<\/span><\/li>\n<li style=\"font-weight: 400;\" aria-level=\"1\"><span style=\"font-weight: 400;\">Les outils de projet sont cens\u00e9s r\u00e9soudre les probl\u00e8mes de personnel<\/span><\/li>\n<li style=\"font-weight: 400;\" aria-level=\"1\"><span style=\"font-weight: 400;\">La surcharge n&rsquo;est d\u00e9couverte qu&rsquo;au cours de l&rsquo;ex\u00e9cution<\/span><\/li>\n<\/ul>\n<p><span style=\"font-weight: 400;\">Cela conduit \u00e0 une planification r\u00e9active et \u00e0 des attentes non satisfaites.<\/span><\/p>\n<h2><b>Qui assume g\u00e9n\u00e9ralement chaque responsabilit\u00e9<\/b><\/h2>\n<p><span style=\"font-weight: 400;\">La propri\u00e9t\u00e9 varie en fonction de l&rsquo;organisation, mais en g\u00e9n\u00e9ral :<\/span><\/p>\n<ul>\n<li style=\"font-weight: 400;\" aria-level=\"1\"><span style=\"font-weight: 400;\">La planification des ressources est assur\u00e9e par les gestionnaires de ressources, les \u00e9quipes d&rsquo;exploitation ou les responsables de la livraison.<\/span><\/li>\n<li style=\"font-weight: 400;\" aria-level=\"1\"><span style=\"font-weight: 400;\">La gestion du projet est assur\u00e9e par des chefs de projet ou des chefs d&rsquo;\u00e9quipe.<\/span><\/li>\n<\/ul>\n<p><span style=\"font-weight: 400;\">Dans les petites \u00e9quipes, une seule personne peut s&rsquo;occuper des deux, mais les responsabilit\u00e9s restent distinctes.<\/span><\/p>\n<h2><b>Probl\u00e8mes courants caus\u00e9s par le m\u00e9lange des deux<\/b><\/h2>\n<p><span style=\"font-weight: 400;\">Lorsque les \u00e9quipes traitent la gestion de projet et la planification des ressources comme une seule et m\u00eame chose, elles sont souvent confront\u00e9es \u00e0 des difficult\u00e9s :<\/span><\/p>\n<ul>\n<li style=\"font-weight: 400;\" aria-level=\"1\"><span style=\"font-weight: 400;\">Surr\u00e9servation chronique<\/span><\/li>\n<li style=\"font-weight: 400;\" aria-level=\"1\"><span style=\"font-weight: 400;\">Des d\u00e9lais irr\u00e9alistes<\/span><\/li>\n<li style=\"font-weight: 400;\" aria-level=\"1\"><span style=\"font-weight: 400;\">L&rsquo;\u00e9puisement des principaux collaborateurs<\/span><\/li>\n<li style=\"font-weight: 400;\" aria-level=\"1\"><span style=\"font-weight: 400;\">Changements fr\u00e9quents de derni\u00e8re minute<\/span><\/li>\n<li style=\"font-weight: 400;\" aria-level=\"1\"><span style=\"font-weight: 400;\">R\u00e9duction de la fiabilit\u00e9 des livraisons<\/span><\/li>\n<\/ul>\n<p><span style=\"font-weight: 400;\">La s\u00e9paration des deux concepts am\u00e9liore la qualit\u00e9 et la pr\u00e9visibilit\u00e9 de la planification.<\/span><\/p>\n<h2><b>Questions fr\u00e9quentes <\/b><\/h2>\n<h3><b>Les outils de gestion de projet peuvent-ils remplacer la planification des ressources ?  <\/b><\/h3>\n<p><span style=\"font-weight: 400;\">Pas enti\u00e8rement. Les outils de gestion de projet se concentrent sur les t\u00e2ches et les d\u00e9lais. Ils manquent souvent de visibilit\u00e9 sur la capacit\u00e9 et la disponibilit\u00e9 inter-projets.  <\/span><\/p>\n<h3><b>Les petites \u00e9quipes ont-elles besoin d&rsquo;une planification des ressources et d&rsquo;une gestion de projet ?  <\/b><\/h3>\n<p><span style=\"font-weight: 400;\">Les petites \u00e9quipes peuvent g\u00e9rer les deux de mani\u00e8re informelle, mais la distinction existe toujours. D\u00e8s que plusieurs projets se chevauchent, la planification explicite des ressources devient importante. <\/span><\/p>\n<h3><b>Qu&rsquo;est-ce qui vient en premier : la planification des ressources ou la gestion de projet ?  <\/b><\/h3>\n<p><span style=\"font-weight: 400;\">Elles s&rsquo;influencent mutuellement. La gestion de projet d\u00e9finit ce qui doit \u00eatre fait, tandis que la planification des ressources v\u00e9rifie si cela peut \u00eatre fait de mani\u00e8re r\u00e9aliste avec les capacit\u00e9s disponibles. <\/span><\/p>\n<h2><b>Sources d&rsquo;information  <\/b><\/h2>\n<p><span style=\"font-weight: 400;\">PMI : Principes fondamentaux de la gestion de projet<\/span><span style=\"font-weight: 400;\"><br><\/span><span style=\"font-weight: 400;\">https:\/\/www.pmi.org\/about\/learn-about-pmi\/what-is-project-management<\/span><\/p>\n<p><span style=\"font-weight: 400;\">Biblioth\u00e8que du PMI : Concepts de planification des ressources et d&rsquo;ordonnancement<\/span><span style=\"font-weight: 400;\"><br><\/span><a href=\"https:\/\/www.pmi.org\/learning\/library\/resource-leveling-scheduling-projects-6007\" target=\"_blank\" rel=\"noopener\"><span style=\"font-weight: 400;\">https:\/\/www.pmi.org\/learning\/library\/resource-leveling-scheduling-projects-6007<\/span><\/a><\/p>\n<p><span style=\"font-weight: 400;\">Atlassian : Gestion de projet vs gestion des ressources<\/span><span style=\"font-weight: 400;\"><br><\/span><a href=\"https:\/\/www.atlassian.com\/work-management\/project-management\/resource-management\" target=\"_blank\" rel=\"noopener\"><span style=\"font-weight: 400;\">https:\/\/www.atlassian.com\/work-management\/project-management\/resource-management<\/span><\/a><\/p>\n<p><span style=\"font-weight: 400;\">IBM : Planification de projet et consid\u00e9rations de capacit\u00e9<\/span><span style=\"font-weight: 400;\"><br><\/span><span style=\"font-weight: 400;\">https:\/\/www.ibm.com\/topics\/project-management<\/span><\/p>\t\t\t\t\t\t\t\t<\/div>\n\t\t\t\t\t<\/div>\n\t\t\t\t<\/div>\n\t\t\t\t<\/div>\n\t\t","protected":false},"excerpt":{"rendered":"<p>Quelle est la diff\u00e9rence entre la planification des ressources et la gestion de projet ? TL;DR La planification des ressources se concentre sur l&rsquo;affectation des personnes au travail en fonction de leur disponibilit\u00e9 et de leur capacit\u00e9 au fil du temps. La gestion de projet se concentre sur la r\u00e9alisation du travail en g\u00e9rant la [&hellip;]<\/p>\n","protected":false},"author":12,"featured_media":0,"parent":0,"menu_order":0,"comment_status":"closed","ping_status":"closed","template":"","meta":{"footnotes":""},"class_list":["post-37430","page","type-page","status-publish","hentry"],"_links":{"self":[{"href":"https:\/\/teambookapp.com\/fr\/wp-json\/wp\/v2\/pages\/37430","targetHints":{"allow":["GET"]}}],"collection":[{"href":"https:\/\/teambookapp.com\/fr\/wp-json\/wp\/v2\/pages"}],"about":[{"href":"https:\/\/teambookapp.com\/fr\/wp-json\/wp\/v2\/types\/page"}],"author":[{"embeddable":true,"href":"https:\/\/teambookapp.com\/fr\/wp-json\/wp\/v2\/users\/12"}],"replies":[{"embeddable":true,"href":"https:\/\/teambookapp.com\/fr\/wp-json\/wp\/v2\/comments?post=37430"}],"version-history":[{"count":5,"href":"https:\/\/teambookapp.com\/fr\/wp-json\/wp\/v2\/pages\/37430\/revisions"}],"predecessor-version":[{"id":37465,"href":"https:\/\/teambookapp.com\/fr\/wp-json\/wp\/v2\/pages\/37430\/revisions\/37465"}],"wp:attachment":[{"href":"https:\/\/teambookapp.com\/fr\/wp-json\/wp\/v2\/media?parent=37430"}],"curies":[{"name":"wp","href":"https:\/\/api.w.org\/{rel}","templated":true}]}}