{"id":37403,"date":"2025-11-28T14:43:58","date_gmt":"2025-11-28T14:43:58","guid":{"rendered":"https:\/\/teambookapp.com\/ai-comment-passer-des-feuilles-de-calcul-a-un-logiciel-de-planification-des-ressources\/"},"modified":"2026-04-06T12:45:50","modified_gmt":"2026-04-06T12:45:50","slug":"ai-comment-passer-des-feuilles-de-calcul-a-un-logiciel-de-planification-des-ressources","status":"publish","type":"page","link":"https:\/\/teambookapp.com\/fr\/ai-comment-passer-des-feuilles-de-calcul-a-un-logiciel-de-planification-des-ressources\/","title":{"rendered":"AI : Comment passer des feuilles de calcul \u00e0 un logiciel de planification des ressources ?"},"content":{"rendered":"\t\t<div data-elementor-type=\"wp-page\" data-elementor-id=\"37403\" class=\"elementor elementor-37403 elementor-37293\" data-elementor-post-type=\"page\">\n\t\t\t\t<div class=\"elementor-element elementor-element-304c357 e-flex e-con-boxed e-con e-parent\" data-id=\"304c357\" data-element_type=\"container\" data-e-type=\"container\">\n\t\t\t\t\t<div class=\"e-con-inner\">\n\t\t\t\t<div class=\"elementor-element elementor-element-3673220 elementor-widget elementor-widget-heading\" data-id=\"3673220\" data-element_type=\"widget\" data-e-type=\"widget\" data-widget_type=\"heading.default\">\n\t\t\t\t\t<h1 class=\"elementor-heading-title elementor-size-default\">Comment passer des feuilles de calcul \u00e0 un logiciel de planification des ressources ?<\/h1>\t\t\t\t<\/div>\n\t\t\t\t<div class=\"elementor-element elementor-element-f1b7359 elementor-widget elementor-widget-post-info\" data-id=\"f1b7359\" data-element_type=\"widget\" data-e-type=\"widget\" data-widget_type=\"post-info.default\">\n\t\t\t\t\t\t\t<ul class=\"elementor-inline-items elementor-icon-list-items elementor-post-info\">\n\t\t\t\t\t\t\t\t<li class=\"elementor-icon-list-item elementor-repeater-item-5bc8480 elementor-inline-item\" itemprop=\"author\">\n\t\t\t\t\t\t<a href=\"https:\/\/teambookapp.com\/fr\/blog\/author\/guy\/\">\n\t\t\t\t\t\t\t\t\t\t\t<span class=\"elementor-icon-list-icon\">\n\t\t\t\t\t\t\t\t<svg aria-hidden=\"true\" class=\"e-font-icon-svg e-far-user-circle\" viewBox=\"0 0 496 512\" xmlns=\"http:\/\/www.w3.org\/2000\/svg\"><path d=\"M248 104c-53 0-96 43-96 96s43 96 96 96 96-43 96-96-43-96-96-96zm0 144c-26.5 0-48-21.5-48-48s21.5-48 48-48 48 21.5 48 48-21.5 48-48 48zm0-240C111 8 0 119 0 256s111 248 248 248 248-111 248-248S385 8 248 8zm0 448c-49.7 0-95.1-18.3-130.1-48.4 14.9-23 40.4-38.6 69.6-39.5 20.8 6.4 40.6 9.6 60.5 9.6s39.7-3.1 60.5-9.6c29.2 1 54.7 16.5 69.6 39.5-35 30.1-80.4 48.4-130.1 48.4zm162.7-84.1c-24.4-31.4-62.1-51.9-105.1-51.9-10.2 0-26 9.6-57.6 9.6-31.5 0-47.4-9.6-57.6-9.6-42.9 0-80.6 20.5-105.1 51.9C61.9 339.2 48 299.2 48 256c0-110.3 89.7-200 200-200s200 89.7 200 200c0 43.2-13.9 83.2-37.3 115.9z\"><\/path><\/svg>\t\t\t\t\t\t\t<\/span>\n\t\t\t\t\t\t\t\t\t<span class=\"elementor-icon-list-text elementor-post-info__item elementor-post-info__item--type-author\">\n\t\t\t\t\t\t\t\t\t\tGuy Wolfensberger\t\t\t\t\t<\/span>\n\t\t\t\t\t\t\t\t\t<\/a>\n\t\t\t\t<\/li>\n\t\t\t\t<li class=\"elementor-icon-list-item elementor-repeater-item-b37f448 elementor-inline-item\" itemprop=\"datePublished\">\n\t\t\t\t\t\t<a href=\"https:\/\/teambookapp.com\/fr\/blog\/2025\/11\/28\/\">\n\t\t\t\t\t\t\t\t\t\t\t<span class=\"elementor-icon-list-icon\">\n\t\t\t\t\t\t\t\t<svg aria-hidden=\"true\" class=\"e-font-icon-svg e-fas-calendar\" viewBox=\"0 0 448 512\" xmlns=\"http:\/\/www.w3.org\/2000\/svg\"><path d=\"M12 192h424c6.6 0 12 5.4 12 12v260c0 26.5-21.5 48-48 48H48c-26.5 0-48-21.5-48-48V204c0-6.6 5.4-12 12-12zm436-44v-36c0-26.5-21.5-48-48-48h-48V12c0-6.6-5.4-12-12-12h-40c-6.6 0-12 5.4-12 12v52H160V12c0-6.6-5.4-12-12-12h-40c-6.6 0-12 5.4-12 12v52H48C21.5 64 0 85.5 0 112v36c0 6.6 5.4 12 12 12h424c6.6 0 12-5.4 12-12z\"><\/path><\/svg>\t\t\t\t\t\t\t<\/span>\n\t\t\t\t\t\t\t\t\t<span class=\"elementor-icon-list-text elementor-post-info__item elementor-post-info__item--type-date\">\n\t\t\t\t\t\t\t\t\t\t<time>novembre 28, 2025<\/time>\t\t\t\t\t<\/span>\n\t\t\t\t\t\t\t\t\t<\/a>\n\t\t\t\t<\/li>\n\t\t\t\t<li class=\"elementor-icon-list-item elementor-repeater-item-9589f27 elementor-inline-item\">\n\t\t\t\t\t\t\t\t\t\t<span class=\"elementor-icon-list-icon\">\n\t\t\t\t\t\t\t\t<svg aria-hidden=\"true\" class=\"e-font-icon-svg e-far-clock\" viewBox=\"0 0 512 512\" xmlns=\"http:\/\/www.w3.org\/2000\/svg\"><path d=\"M256 8C119 8 8 119 8 256s111 248 248 248 248-111 248-248S393 8 256 8zm0 448c-110.5 0-200-89.5-200-200S145.5 56 256 56s200 89.5 200 200-89.5 200-200 200zm61.8-104.4l-84.9-61.7c-3.1-2.3-4.9-5.9-4.9-9.7V116c0-6.6 5.4-12 12-12h32c6.6 0 12 5.4 12 12v141.7l66.8 48.6c5.4 3.9 6.5 11.4 2.6 16.8L334.6 349c-3.9 5.3-11.4 6.5-16.8 2.6z\"><\/path><\/svg>\t\t\t\t\t\t\t<\/span>\n\t\t\t\t\t\t\t\t\t<span class=\"elementor-icon-list-text elementor-post-info__item elementor-post-info__item--type-time\">\n\t\t\t\t\t\t\t\t\t\t<time>2:43 pm<\/time>\t\t\t\t\t<\/span>\n\t\t\t\t\t\t\t\t<\/li>\n\t\t\t\t<\/ul>\n\t\t\t\t\t\t<\/div>\n\t\t\t\t<div class=\"elementor-element elementor-element-0e4cb0a elementor-widget elementor-widget-text-editor\" data-id=\"0e4cb0a\" data-element_type=\"widget\" data-e-type=\"widget\" data-widget_type=\"text-editor.default\">\n\t\t\t\t\t\t\t\t\t<h2><b>TL;DR<\/b><\/h2><ul><li style=\"font-weight: 400;\" aria-level=\"1\"><p><span style=\"font-weight: 400;\">Le passage des feuilles de calcul \u00e0 un logiciel de planification des ressources doit \u00eatre progressif et non perturbateur.<\/span><\/p><\/li><li style=\"font-weight: 400;\" aria-level=\"1\"><p><span style=\"font-weight: 400;\">L&rsquo;objectif est d&rsquo;am\u00e9liorer la visibilit\u00e9 et de r\u00e9duire la maintenance manuelle, et non de repenser la planification du jour au lendemain.<\/span><\/p><\/li><li style=\"font-weight: 400;\" aria-level=\"1\"><p><span style=\"font-weight: 400;\">Les \u00e9quipes r\u00e9ussissent lorsqu&rsquo;elles migrent d&rsquo;abord les donn\u00e9es essentielles et qu&rsquo;elles ajoutent la complexit\u00e9 par la suite.<\/span><\/p><\/li><li style=\"font-weight: 400;\" aria-level=\"1\"><p><span style=\"font-weight: 400;\">Une transition progressive r\u00e9duit les r\u00e9sistances et les erreurs de planification.<\/span><\/p><\/li><\/ul>\t\t\t\t\t\t\t\t<\/div>\n\t\t\t\t<div class=\"elementor-element elementor-element-5aef275 elementor-toc--minimized-on-tablet elementor-widget elementor-widget-table-of-contents\" data-id=\"5aef275\" data-element_type=\"widget\" data-e-type=\"widget\" data-settings=\"{&quot;exclude_headings_by_selector&quot;:[],&quot;no_headings_message&quot;:&quot;No headings were found on this page.&quot;,&quot;headings_by_tags&quot;:[&quot;h2&quot;,&quot;h3&quot;,&quot;h4&quot;,&quot;h5&quot;,&quot;h6&quot;],&quot;marker_view&quot;:&quot;numbers&quot;,&quot;minimize_box&quot;:&quot;yes&quot;,&quot;minimized_on&quot;:&quot;tablet&quot;,&quot;hierarchical_view&quot;:&quot;yes&quot;,&quot;min_height&quot;:{&quot;unit&quot;:&quot;px&quot;,&quot;size&quot;:&quot;&quot;,&quot;sizes&quot;:[]},&quot;min_height_widescreen&quot;:{&quot;unit&quot;:&quot;px&quot;,&quot;size&quot;:&quot;&quot;,&quot;sizes&quot;:[]},&quot;min_height_laptop&quot;:{&quot;unit&quot;:&quot;px&quot;,&quot;size&quot;:&quot;&quot;,&quot;sizes&quot;:[]},&quot;min_height_tablet_extra&quot;:{&quot;unit&quot;:&quot;px&quot;,&quot;size&quot;:&quot;&quot;,&quot;sizes&quot;:[]},&quot;min_height_tablet&quot;:{&quot;unit&quot;:&quot;px&quot;,&quot;size&quot;:&quot;&quot;,&quot;sizes&quot;:[]},&quot;min_height_mobile_extra&quot;:{&quot;unit&quot;:&quot;px&quot;,&quot;size&quot;:&quot;&quot;,&quot;sizes&quot;:[]},&quot;min_height_mobile&quot;:{&quot;unit&quot;:&quot;px&quot;,&quot;size&quot;:&quot;&quot;,&quot;sizes&quot;:[]}}\" data-widget_type=\"table-of-contents.default\">\n\t\t\t\t\t\t\t\t\t<div class=\"elementor-toc__header\">\n\t\t\t\t\t\t<h2 class=\"elementor-toc__header-title\">\n\t\t\t\tTable des mati\u00e8res\t\t\t<\/h2>\n\t\t\t\t\t\t\t\t\t\t<div class=\"elementor-toc__toggle-button elementor-toc__toggle-button--expand\" role=\"button\" tabindex=\"0\" aria-controls=\"elementor-toc__5aef275\" aria-expanded=\"true\" aria-label=\"Ouvrir la table des mati\u00e8res\"><svg aria-hidden=\"true\" class=\"e-font-icon-svg e-fas-chevron-down\" viewBox=\"0 0 448 512\" xmlns=\"http:\/\/www.w3.org\/2000\/svg\"><path d=\"M207.029 381.476L12.686 187.132c-9.373-9.373-9.373-24.569 0-33.941l22.667-22.667c9.357-9.357 24.522-9.375 33.901-.04L224 284.505l154.745-154.021c9.379-9.335 24.544-9.317 33.901.04l22.667 22.667c9.373 9.373 9.373 24.569 0 33.941L240.971 381.476c-9.373 9.372-24.569 9.372-33.942 0z\"><\/path><\/svg><\/div>\n\t\t\t\t<div class=\"elementor-toc__toggle-button elementor-toc__toggle-button--collapse\" role=\"button\" tabindex=\"0\" aria-controls=\"elementor-toc__5aef275\" aria-expanded=\"true\" aria-label=\"Fermer la table des mati\u00e8res\"><svg aria-hidden=\"true\" class=\"e-font-icon-svg e-fas-chevron-up\" viewBox=\"0 0 448 512\" xmlns=\"http:\/\/www.w3.org\/2000\/svg\"><path d=\"M240.971 130.524l194.343 194.343c9.373 9.373 9.373 24.569 0 33.941l-22.667 22.667c-9.357 9.357-24.522 9.375-33.901.04L224 227.495 69.255 381.516c-9.379 9.335-24.544 9.317-33.901-.04l-22.667-22.667c-9.373-9.373-9.373-24.569 0-33.941L207.03 130.525c9.372-9.373 24.568-9.373 33.941-.001z\"><\/path><\/svg><\/div>\n\t\t\t\t\t<\/div>\n\t\t\t\t<div id=\"elementor-toc__5aef275\" class=\"elementor-toc__body\">\n\t\t\t<div class=\"elementor-toc__spinner-container\">\n\t\t\t\t<svg class=\"elementor-toc__spinner eicon-animation-spin e-font-icon-svg e-eicon-loading\" aria-hidden=\"true\" viewBox=\"0 0 1000 1000\" xmlns=\"http:\/\/www.w3.org\/2000\/svg\"><path d=\"M500 975V858C696 858 858 696 858 500S696 142 500 142 142 304 142 500H25C25 237 238 25 500 25S975 237 975 500 763 975 500 975Z\"><\/path><\/svg>\t\t\t<\/div>\n\t\t<\/div>\n\t\t\t\t\t\t<\/div>\n\t\t\t\t<div class=\"elementor-element elementor-element-15da44e elementor-widget elementor-widget-text-editor\" data-id=\"15da44e\" data-element_type=\"widget\" data-e-type=\"widget\" data-widget_type=\"text-editor.default\">\n\t\t\t\t\t\t\t\t\t<h2><b>Pourquoi les \u00e9quipes abandonnent-elles les feuilles de calcul ?<\/b><\/h2><p><span style=\"font-weight: 400;\">Les \u00e9quipes s&rsquo;\u00e9loignent g\u00e9n\u00e9ralement des feuilles de calcul lorsque :<\/span><\/p><ul><li style=\"font-weight: 400;\" aria-level=\"1\"><span style=\"font-weight: 400;\">Les plans changent trop souvent<\/span><\/li><li style=\"font-weight: 400;\" aria-level=\"1\"><span style=\"font-weight: 400;\">Il existe plusieurs versions d&rsquo;un m\u00eame fichier<\/span><\/li><li style=\"font-weight: 400;\" aria-level=\"1\"><span style=\"font-weight: 400;\">Les conflits de capacit\u00e9 sont d\u00e9couverts tardivement<\/span><\/li><li style=\"font-weight: 400;\" aria-level=\"1\"><span style=\"font-weight: 400;\">Les pr\u00e9visions au-del\u00e0 de quelques semaines deviennent peu fiables<\/span><\/li><li style=\"font-weight: 400;\" aria-level=\"1\"><span style=\"font-weight: 400;\">La planification du travail prend plus de temps que l&rsquo;ex\u00e9cution<\/span><\/li><\/ul><p><span style=\"font-weight: 400;\">Les feuilles de calcul \u00e9chouent non pas parce qu&rsquo;elles sont erron\u00e9es, mais parce qu&rsquo;elles ne peuvent pas s&rsquo;adapter au changement.<\/span><\/p><h2><b>Ce qu&rsquo;il faut pr\u00e9parer avant de passer \u00e0 l&rsquo;action<\/b><\/h2><p><span style=\"font-weight: 400;\">Avant d&rsquo;adopter un logiciel de planification des ressources, les \u00e9quipes doivent clarifier quelques points essentiels.<\/span><\/p><h3><b>D\u00e9finissez les \u00e9l\u00e9ments sur lesquels vous souhaitez avoir une visibilit\u00e9<\/b><\/h3><p><span style=\"font-weight: 400;\">La plupart des \u00e9quipes commencent par :<\/span><\/p><ul><li style=\"font-weight: 400;\" aria-level=\"1\"><span style=\"font-weight: 400;\">Qui travaille sur quoi ?<\/span><\/li><li style=\"font-weight: 400;\" aria-level=\"1\"><span style=\"font-weight: 400;\">Lorsque la capacit\u00e9 est surcharg\u00e9e<\/span><\/li><li style=\"font-weight: 400;\" aria-level=\"1\"><span style=\"font-weight: 400;\">Quels sont les risques futurs ?<\/span><\/li><\/ul><p><span style=\"font-weight: 400;\">Essayer de tout mod\u00e9liser d&#8217;embl\u00e9e ralentit l&rsquo;adoption.<\/span><\/p><h3><b>Nettoyer les donn\u00e9es de base<\/b><\/h3><p><span style=\"font-weight: 400;\">Pr\u00e9parez-vous :<\/span><\/p><ul><li style=\"font-weight: 400;\" aria-level=\"1\"><span style=\"font-weight: 400;\">Une liste de projets actifs<\/span><\/li><li style=\"font-weight: 400;\" aria-level=\"1\"><span style=\"font-weight: 400;\">Personnes et r\u00f4les<\/span><\/li><li style=\"font-weight: 400;\" aria-level=\"1\"><span style=\"font-weight: 400;\">Horaires de travail et disponibilit\u00e9<\/span><\/li><li style=\"font-weight: 400;\" aria-level=\"1\"><span style=\"font-weight: 400;\">Temps libre connu<\/span><\/li><\/ul><p><span style=\"font-weight: 400;\">Des donn\u00e9es d&rsquo;entr\u00e9e propres importent plus que des d\u00e9tails parfaits.<\/span><\/p><h2><b>Passage pas \u00e0 pas des feuilles de calcul aux logiciels<\/b><\/h2><h3><b>\u00c9tape 1 : Commencer par les travaux actuels et futurs<\/b><\/h3><p><span style=\"font-weight: 400;\">Ne migrez pas les donn\u00e9es historiques \u00e0 moins que cela ne soit n\u00e9cessaire.<\/span><span style=\"font-weight: 400;\"><br><\/span><span style=\"font-weight: 400;\">Concentrez-vous sur ce qui est pr\u00e9vu \u00e0 partir d&rsquo;aujourd&rsquo;hui.<\/span><\/p><h3><b>\u00c9tape 2 : Importer des personnes et des disponibilit\u00e9s<\/b><\/h3><p><span style=\"font-weight: 400;\">Fixez des horaires de travail r\u00e9alistes, des horaires \u00e0 temps partiel et des absences planifi\u00e9es.<\/span><\/p><h3><b>\u00c9tape 3 : Ajouter des projets \u00e0 un niveau \u00e9lev\u00e9<\/b><\/h3><p><span style=\"font-weight: 400;\">Cr\u00e9ez des projets avec :<\/span><\/p><ul><li style=\"font-weight: 400;\" aria-level=\"1\"><span style=\"font-weight: 400;\">Dates de d\u00e9but et de fin<\/span><\/li><li style=\"font-weight: 400;\" aria-level=\"1\"><span style=\"font-weight: 400;\">Estimation approximative de l&rsquo;effort de p\u00eache<\/span><\/li><li style=\"font-weight: 400;\" aria-level=\"1\"><span style=\"font-weight: 400;\">Demande au niveau du r\u00f4le<\/span><\/li><\/ul><p><span style=\"font-weight: 400;\">\u00c9vitez les d\u00e9tails au niveau des t\u00e2ches d\u00e8s le d\u00e9but.<\/span><\/p><h3><b>\u00c9tape 4 : Comparer les r\u00e9sultats du tableur et du logiciel<\/b><\/h3><p><span style=\"font-weight: 400;\">Faites fonctionner bri\u00e8vement les deux syst\u00e8mes en parall\u00e8le afin d&rsquo;instaurer la confiance dans le nouveau syst\u00e8me.<\/span><\/p><h3><b>\u00c9tape 5 : Retirer d\u00e9lib\u00e9r\u00e9ment la feuille de calcul<\/b><\/h3><p><span style=\"font-weight: 400;\">Fixez une date limite claire.<\/span><span style=\"font-weight: 400;\"><br><\/span><span style=\"font-weight: 400;\">Le fait de faire fonctionner les deux ind\u00e9finiment cr\u00e9e de la confusion.<\/span><\/p><h2><b>Ce qu&rsquo;il ne faut pas migrer des feuilles de calcul  <\/b><\/h2><p><span style=\"font-weight: 400;\">Les \u00e9quipes devraient \u00e9viter de migrer :<\/span><\/p><ul><li style=\"font-weight: 400;\" aria-level=\"1\"><span style=\"font-weight: 400;\">Anciens plans historiques<\/span><\/li><li style=\"font-weight: 400;\" aria-level=\"1\"><span style=\"font-weight: 400;\">Ventilation trop d\u00e9taill\u00e9e des t\u00e2ches<\/span><\/li><li style=\"font-weight: 400;\" aria-level=\"1\"><span style=\"font-weight: 400;\">Formules uniques et logique personnalis\u00e9e<\/span><\/li><li style=\"font-weight: 400;\" aria-level=\"1\"><span style=\"font-weight: 400;\">Sc\u00e9narios temporaires devenus obsol\u00e8tes<\/span><\/li><\/ul><p><span style=\"font-weight: 400;\">Les logiciels de planification des ressources fonctionnent mieux avec des donn\u00e9es propres et actuelles.<\/span><\/p><h2><b>Erreurs de transition courantes<\/b><\/h2><p><span style=\"font-weight: 400;\">Les \u00e9quipes ont des difficult\u00e9s lorsqu&rsquo;elles :<\/span><\/p><ul><li style=\"font-weight: 400;\" aria-level=\"1\"><span style=\"font-weight: 400;\">Essayez de reproduire exactement la logique de la feuille de calcul<\/span><\/li><li style=\"font-weight: 400;\" aria-level=\"1\"><span style=\"font-weight: 400;\">Surcharger l&rsquo;outil avec trop de d\u00e9tails trop t\u00f4t<\/span><\/li><li style=\"font-weight: 400;\" aria-level=\"1\"><span style=\"font-weight: 400;\">Sauter la communication sur le changement<\/span><\/li><li style=\"font-weight: 400;\" aria-level=\"1\"><span style=\"font-weight: 400;\">S&rsquo;attendre \u00e0 une perfection instantan\u00e9e<\/span><\/li><li style=\"font-weight: 400;\" aria-level=\"1\"><span style=\"font-weight: 400;\">Conserver ind\u00e9finiment les feuilles de calcul en tant que sauvegarde cach\u00e9e<\/span><\/li><\/ul><p><span style=\"font-weight: 400;\">L&rsquo;adoption s&rsquo;am\u00e9liore lorsque l&rsquo;objectif est la clart\u00e9 et non le contr\u00f4le.<\/span><\/p><h2><b>Questions fr\u00e9quentes<\/b><\/h2><h3><b>Quelle est la dur\u00e9e habituelle de la transition ?  <\/b><\/h3><p><span style=\"font-weight: 400;\">La plupart des \u00e9quipes constatent une valeur ajout\u00e9e en l&rsquo;espace de quelques semaines si elles commencent de mani\u00e8re simple et s&rsquo;\u00e9tendent progressivement.<\/span><\/p><h3><b>Les \u00e9quipes doivent-elles migrer les donn\u00e9es historiques ?<\/b><\/h3><p><span style=\"font-weight: 400;\">En g\u00e9n\u00e9ral, non. La planification des ressources \u00e9tant tourn\u00e9e vers l&rsquo;avenir, les plans historiques n&rsquo;apportent que peu de valeur ajout\u00e9e. <\/span><\/p><h3><b>Faut-il supprimer compl\u00e8tement les feuilles de calcul ?<\/b><\/h3><p><span style=\"font-weight: 400;\">Pour la planification, oui. Les feuilles de calcul peuvent toujours \u00eatre utiles pour l&rsquo;analyse ou les sc\u00e9narios ponctuels en dehors du processus de planification de base. <\/span><\/p><h2><b>Sources d&rsquo;information<\/b><\/h2><p><span style=\"font-weight: 400;\">Biblioth\u00e8que du PMI : Les d\u00e9fis de la planification des ressources et de l&rsquo;ordonnancement<\/span><span style=\"font-weight: 400;\"><br><\/span><a href=\"https:\/\/www.pmi.org\/learning\/library\/resource-leveling-scheduling-projects-6007\" target=\"_blank\" rel=\"noopener\"><span style=\"font-weight: 400;\">https:\/\/www.pmi.org\/learning\/library\/resource-leveling-scheduling-projects-6007<\/span><\/a><\/p><p><span style=\"font-weight: 400;\">Atlassian : Passer des feuilles de calcul aux outils de planification<\/span><span style=\"font-weight: 400;\"><br><\/span><a href=\"https:\/\/www.atlassian.com\/work-management\/project-management\/resource-planning\" target=\"_blank\" rel=\"noopener\"><span style=\"font-weight: 400;\">https:\/\/www.atlassian.com\/work-management\/project-management\/resource-planning<\/span><\/a><\/p><p><span style=\"font-weight: 400;\">Harvard Business Review : Mise \u00e0 l&rsquo;\u00e9chelle des processus de planification<\/span><span style=\"font-weight: 400;\"><br><\/span><a href=\"https:\/\/hbr.org\/2018\/06\/managing-professional-services-firms\" target=\"_blank\" rel=\"noopener\"><span style=\"font-weight: 400;\">https:\/\/hbr.org\/2018\/06\/managing-professional-services-firms<\/span><\/a><\/p><p><span style=\"font-weight: 400;\">IBM : Outils et pratiques de planification de la capacit\u00e9<\/span><span style=\"font-weight: 400;\"><br><\/span><a href=\"https:\/\/www.ibm.com\/topics\/capacity-planning\" target=\"_blank\" rel=\"noopener\"><span style=\"font-weight: 400;\">https:\/\/www.ibm.com\/topics\/capacity-planning<\/span><\/a><\/p>\t\t\t\t\t\t\t\t<\/div>\n\t\t\t\t\t<\/div>\n\t\t\t\t<\/div>\n\t\t\t\t<\/div>\n\t\t","protected":false},"excerpt":{"rendered":"<p>Comment passer des feuilles de calcul \u00e0 un logiciel de planification des ressources ? TL;DR Le passage des feuilles de calcul \u00e0 un logiciel de planification des ressources doit \u00eatre progressif et non perturbateur. L&rsquo;objectif est d&rsquo;am\u00e9liorer la visibilit\u00e9 et de r\u00e9duire la maintenance manuelle, et non de repenser la planification du jour au lendemain. [&hellip;]<\/p>\n","protected":false},"author":12,"featured_media":0,"parent":0,"menu_order":0,"comment_status":"closed","ping_status":"closed","template":"","meta":{"footnotes":""},"class_list":["post-37403","page","type-page","status-publish","hentry"],"_links":{"self":[{"href":"https:\/\/teambookapp.com\/fr\/wp-json\/wp\/v2\/pages\/37403","targetHints":{"allow":["GET"]}}],"collection":[{"href":"https:\/\/teambookapp.com\/fr\/wp-json\/wp\/v2\/pages"}],"about":[{"href":"https:\/\/teambookapp.com\/fr\/wp-json\/wp\/v2\/types\/page"}],"author":[{"embeddable":true,"href":"https:\/\/teambookapp.com\/fr\/wp-json\/wp\/v2\/users\/12"}],"replies":[{"embeddable":true,"href":"https:\/\/teambookapp.com\/fr\/wp-json\/wp\/v2\/comments?post=37403"}],"version-history":[{"count":1,"href":"https:\/\/teambookapp.com\/fr\/wp-json\/wp\/v2\/pages\/37403\/revisions"}],"predecessor-version":[{"id":37404,"href":"https:\/\/teambookapp.com\/fr\/wp-json\/wp\/v2\/pages\/37403\/revisions\/37404"}],"wp:attachment":[{"href":"https:\/\/teambookapp.com\/fr\/wp-json\/wp\/v2\/media?parent=37403"}],"curies":[{"name":"wp","href":"https:\/\/api.w.org\/{rel}","templated":true}]}}