{"id":37399,"date":"2025-11-17T14:55:34","date_gmt":"2025-11-17T14:55:34","guid":{"rendered":"https:\/\/teambookapp.com\/ia-comment-planifier-la-capacite-des-equipes-a-distance\/"},"modified":"2026-04-06T12:45:47","modified_gmt":"2026-04-06T12:45:47","slug":"ia-comment-planifier-la-capacite-des-equipes-a-distance","status":"publish","type":"page","link":"https:\/\/teambookapp.com\/fr\/ia-comment-planifier-la-capacite-des-equipes-a-distance\/","title":{"rendered":"IA : Comment planifier la capacit\u00e9 des \u00e9quipes \u00e0 distance ?"},"content":{"rendered":"\t\t<div data-elementor-type=\"wp-page\" data-elementor-id=\"37399\" class=\"elementor elementor-37399 elementor-37308\" data-elementor-post-type=\"page\">\n\t\t\t\t<div class=\"elementor-element elementor-element-304c357 e-flex e-con-boxed e-con e-parent\" data-id=\"304c357\" data-element_type=\"container\" data-e-type=\"container\">\n\t\t\t\t\t<div class=\"e-con-inner\">\n\t\t\t\t<div class=\"elementor-element elementor-element-3673220 elementor-widget elementor-widget-heading\" data-id=\"3673220\" data-element_type=\"widget\" data-e-type=\"widget\" data-widget_type=\"heading.default\">\n\t\t\t\t\t<h1 class=\"elementor-heading-title elementor-size-default\">Comment planifier la capacit\u00e9 des \u00e9quipes \u00e0 distance ?<\/h1>\t\t\t\t<\/div>\n\t\t\t\t<div class=\"elementor-element elementor-element-f1b7359 elementor-widget elementor-widget-post-info\" data-id=\"f1b7359\" data-element_type=\"widget\" data-e-type=\"widget\" data-widget_type=\"post-info.default\">\n\t\t\t\t\t\t\t<ul class=\"elementor-inline-items elementor-icon-list-items elementor-post-info\">\n\t\t\t\t\t\t\t\t<li class=\"elementor-icon-list-item elementor-repeater-item-5bc8480 elementor-inline-item\" itemprop=\"author\">\n\t\t\t\t\t\t<a href=\"https:\/\/teambookapp.com\/fr\/blog\/author\/guy\/\">\n\t\t\t\t\t\t\t\t\t\t\t<span class=\"elementor-icon-list-icon\">\n\t\t\t\t\t\t\t\t<svg aria-hidden=\"true\" class=\"e-font-icon-svg e-far-user-circle\" viewBox=\"0 0 496 512\" xmlns=\"http:\/\/www.w3.org\/2000\/svg\"><path d=\"M248 104c-53 0-96 43-96 96s43 96 96 96 96-43 96-96-43-96-96-96zm0 144c-26.5 0-48-21.5-48-48s21.5-48 48-48 48 21.5 48 48-21.5 48-48 48zm0-240C111 8 0 119 0 256s111 248 248 248 248-111 248-248S385 8 248 8zm0 448c-49.7 0-95.1-18.3-130.1-48.4 14.9-23 40.4-38.6 69.6-39.5 20.8 6.4 40.6 9.6 60.5 9.6s39.7-3.1 60.5-9.6c29.2 1 54.7 16.5 69.6 39.5-35 30.1-80.4 48.4-130.1 48.4zm162.7-84.1c-24.4-31.4-62.1-51.9-105.1-51.9-10.2 0-26 9.6-57.6 9.6-31.5 0-47.4-9.6-57.6-9.6-42.9 0-80.6 20.5-105.1 51.9C61.9 339.2 48 299.2 48 256c0-110.3 89.7-200 200-200s200 89.7 200 200c0 43.2-13.9 83.2-37.3 115.9z\"><\/path><\/svg>\t\t\t\t\t\t\t<\/span>\n\t\t\t\t\t\t\t\t\t<span class=\"elementor-icon-list-text elementor-post-info__item elementor-post-info__item--type-author\">\n\t\t\t\t\t\t\t\t\t\tGuy Wolfensberger\t\t\t\t\t<\/span>\n\t\t\t\t\t\t\t\t\t<\/a>\n\t\t\t\t<\/li>\n\t\t\t\t<li class=\"elementor-icon-list-item elementor-repeater-item-b37f448 elementor-inline-item\" itemprop=\"datePublished\">\n\t\t\t\t\t\t<a href=\"https:\/\/teambookapp.com\/fr\/blog\/2025\/11\/17\/\">\n\t\t\t\t\t\t\t\t\t\t\t<span class=\"elementor-icon-list-icon\">\n\t\t\t\t\t\t\t\t<svg aria-hidden=\"true\" class=\"e-font-icon-svg e-fas-calendar\" viewBox=\"0 0 448 512\" xmlns=\"http:\/\/www.w3.org\/2000\/svg\"><path d=\"M12 192h424c6.6 0 12 5.4 12 12v260c0 26.5-21.5 48-48 48H48c-26.5 0-48-21.5-48-48V204c0-6.6 5.4-12 12-12zm436-44v-36c0-26.5-21.5-48-48-48h-48V12c0-6.6-5.4-12-12-12h-40c-6.6 0-12 5.4-12 12v52H160V12c0-6.6-5.4-12-12-12h-40c-6.6 0-12 5.4-12 12v52H48C21.5 64 0 85.5 0 112v36c0 6.6 5.4 12 12 12h424c6.6 0 12-5.4 12-12z\"><\/path><\/svg>\t\t\t\t\t\t\t<\/span>\n\t\t\t\t\t\t\t\t\t<span class=\"elementor-icon-list-text elementor-post-info__item elementor-post-info__item--type-date\">\n\t\t\t\t\t\t\t\t\t\t<time>novembre 17, 2025<\/time>\t\t\t\t\t<\/span>\n\t\t\t\t\t\t\t\t\t<\/a>\n\t\t\t\t<\/li>\n\t\t\t\t<li class=\"elementor-icon-list-item elementor-repeater-item-9589f27 elementor-inline-item\">\n\t\t\t\t\t\t\t\t\t\t<span class=\"elementor-icon-list-icon\">\n\t\t\t\t\t\t\t\t<svg aria-hidden=\"true\" class=\"e-font-icon-svg e-far-clock\" viewBox=\"0 0 512 512\" xmlns=\"http:\/\/www.w3.org\/2000\/svg\"><path d=\"M256 8C119 8 8 119 8 256s111 248 248 248 248-111 248-248S393 8 256 8zm0 448c-110.5 0-200-89.5-200-200S145.5 56 256 56s200 89.5 200 200-89.5 200-200 200zm61.8-104.4l-84.9-61.7c-3.1-2.3-4.9-5.9-4.9-9.7V116c0-6.6 5.4-12 12-12h32c6.6 0 12 5.4 12 12v141.7l66.8 48.6c5.4 3.9 6.5 11.4 2.6 16.8L334.6 349c-3.9 5.3-11.4 6.5-16.8 2.6z\"><\/path><\/svg>\t\t\t\t\t\t\t<\/span>\n\t\t\t\t\t\t\t\t\t<span class=\"elementor-icon-list-text elementor-post-info__item elementor-post-info__item--type-time\">\n\t\t\t\t\t\t\t\t\t\t<time>2:55 pm<\/time>\t\t\t\t\t<\/span>\n\t\t\t\t\t\t\t\t<\/li>\n\t\t\t\t<\/ul>\n\t\t\t\t\t\t<\/div>\n\t\t\t\t<div class=\"elementor-element elementor-element-0e4cb0a elementor-widget elementor-widget-text-editor\" data-id=\"0e4cb0a\" data-element_type=\"widget\" data-e-type=\"widget\" data-widget_type=\"text-editor.default\">\n\t\t\t\t\t\t\t\t\t<h2><b>TL;DR<\/b><\/h2><ul><li style=\"font-weight: 400;\" aria-level=\"1\"><p><span style=\"font-weight: 400;\">La planification des capacit\u00e9s pour les \u00e9quipes \u00e0 distance n\u00e9cessite une meilleure visibilit\u00e9 de la disponibilit\u00e9, des fuseaux horaires et du travail hors projet.<\/span><\/p><\/li><li style=\"font-weight: 400;\" aria-level=\"1\"><p><span style=\"font-weight: 400;\">Le travail \u00e0 distance accro\u00eet la flexibilit\u00e9 mais cache \u00e9galement une surcharge si la capacit\u00e9 n&rsquo;est pas explicit\u00e9e.<\/span><\/p><\/li><li style=\"font-weight: 400;\" aria-level=\"1\"><p><span style=\"font-weight: 400;\">Une planification efficace repose sur des hypoth\u00e8ses partag\u00e9es, des mises \u00e0 jour asynchrones et des r\u00e9visions r\u00e9guli\u00e8res.<\/span><\/p><\/li><li style=\"font-weight: 400;\" aria-level=\"1\"><p><span style=\"font-weight: 400;\">Sans une planification d\u00e9lib\u00e9r\u00e9e des capacit\u00e9s, les \u00e9quipes \u00e0 distance d\u00e9rivent vers un surengagement silencieux.<\/span><\/p><\/li><\/ul>\t\t\t\t\t\t\t\t<\/div>\n\t\t\t\t<div class=\"elementor-element elementor-element-5aef275 elementor-toc--minimized-on-tablet elementor-widget elementor-widget-table-of-contents\" data-id=\"5aef275\" data-element_type=\"widget\" data-e-type=\"widget\" data-settings=\"{&quot;exclude_headings_by_selector&quot;:[],&quot;no_headings_message&quot;:&quot;No headings were found on this page.&quot;,&quot;headings_by_tags&quot;:[&quot;h2&quot;,&quot;h3&quot;,&quot;h4&quot;,&quot;h5&quot;,&quot;h6&quot;],&quot;marker_view&quot;:&quot;numbers&quot;,&quot;minimize_box&quot;:&quot;yes&quot;,&quot;minimized_on&quot;:&quot;tablet&quot;,&quot;hierarchical_view&quot;:&quot;yes&quot;,&quot;min_height&quot;:{&quot;unit&quot;:&quot;px&quot;,&quot;size&quot;:&quot;&quot;,&quot;sizes&quot;:[]},&quot;min_height_widescreen&quot;:{&quot;unit&quot;:&quot;px&quot;,&quot;size&quot;:&quot;&quot;,&quot;sizes&quot;:[]},&quot;min_height_laptop&quot;:{&quot;unit&quot;:&quot;px&quot;,&quot;size&quot;:&quot;&quot;,&quot;sizes&quot;:[]},&quot;min_height_tablet_extra&quot;:{&quot;unit&quot;:&quot;px&quot;,&quot;size&quot;:&quot;&quot;,&quot;sizes&quot;:[]},&quot;min_height_tablet&quot;:{&quot;unit&quot;:&quot;px&quot;,&quot;size&quot;:&quot;&quot;,&quot;sizes&quot;:[]},&quot;min_height_mobile_extra&quot;:{&quot;unit&quot;:&quot;px&quot;,&quot;size&quot;:&quot;&quot;,&quot;sizes&quot;:[]},&quot;min_height_mobile&quot;:{&quot;unit&quot;:&quot;px&quot;,&quot;size&quot;:&quot;&quot;,&quot;sizes&quot;:[]}}\" data-widget_type=\"table-of-contents.default\">\n\t\t\t\t\t\t\t\t\t<div class=\"elementor-toc__header\">\n\t\t\t\t\t\t<h2 class=\"elementor-toc__header-title\">\n\t\t\t\tTable des mati\u00e8res\t\t\t<\/h2>\n\t\t\t\t\t\t\t\t\t\t<div class=\"elementor-toc__toggle-button elementor-toc__toggle-button--expand\" role=\"button\" tabindex=\"0\" aria-controls=\"elementor-toc__5aef275\" aria-expanded=\"true\" aria-label=\"Ouvrir la table des mati\u00e8res\"><svg aria-hidden=\"true\" class=\"e-font-icon-svg e-fas-chevron-down\" viewBox=\"0 0 448 512\" xmlns=\"http:\/\/www.w3.org\/2000\/svg\"><path d=\"M207.029 381.476L12.686 187.132c-9.373-9.373-9.373-24.569 0-33.941l22.667-22.667c9.357-9.357 24.522-9.375 33.901-.04L224 284.505l154.745-154.021c9.379-9.335 24.544-9.317 33.901.04l22.667 22.667c9.373 9.373 9.373 24.569 0 33.941L240.971 381.476c-9.373 9.372-24.569 9.372-33.942 0z\"><\/path><\/svg><\/div>\n\t\t\t\t<div class=\"elementor-toc__toggle-button elementor-toc__toggle-button--collapse\" role=\"button\" tabindex=\"0\" aria-controls=\"elementor-toc__5aef275\" aria-expanded=\"true\" aria-label=\"Fermer la table des mati\u00e8res\"><svg aria-hidden=\"true\" class=\"e-font-icon-svg e-fas-chevron-up\" viewBox=\"0 0 448 512\" xmlns=\"http:\/\/www.w3.org\/2000\/svg\"><path d=\"M240.971 130.524l194.343 194.343c9.373 9.373 9.373 24.569 0 33.941l-22.667 22.667c-9.357 9.357-24.522 9.375-33.901.04L224 227.495 69.255 381.516c-9.379 9.335-24.544 9.317-33.901-.04l-22.667-22.667c-9.373-9.373-9.373-24.569 0-33.941L207.03 130.525c9.372-9.373 24.568-9.373 33.941-.001z\"><\/path><\/svg><\/div>\n\t\t\t\t\t<\/div>\n\t\t\t\t<div id=\"elementor-toc__5aef275\" class=\"elementor-toc__body\">\n\t\t\t<div class=\"elementor-toc__spinner-container\">\n\t\t\t\t<svg class=\"elementor-toc__spinner eicon-animation-spin e-font-icon-svg e-eicon-loading\" aria-hidden=\"true\" viewBox=\"0 0 1000 1000\" xmlns=\"http:\/\/www.w3.org\/2000\/svg\"><path d=\"M500 975V858C696 858 858 696 858 500S696 142 500 142 142 304 142 500H25C25 237 238 25 500 25S975 237 975 500 763 975 500 975Z\"><\/path><\/svg>\t\t\t<\/div>\n\t\t<\/div>\n\t\t\t\t\t\t<\/div>\n\t\t\t\t<div class=\"elementor-element elementor-element-15da44e elementor-widget elementor-widget-text-editor\" data-id=\"15da44e\" data-element_type=\"widget\" data-e-type=\"widget\" data-widget_type=\"text-editor.default\">\n\t\t\t\t\t\t\t\t\t<h2><b>Ce qui rend la planification des capacit\u00e9s plus difficile pour les \u00e9quipes \u00e0 distance<\/b><\/h2><p><span style=\"font-weight: 400;\">Les \u00e9quipes \u00e0 distance sont confront\u00e9es \u00e0 des d\u00e9fis uniques :<\/span><\/p><ul><li style=\"font-weight: 400;\" aria-level=\"1\"><span style=\"font-weight: 400;\">La disponibilit\u00e9 est moins visible<\/span><\/li><li style=\"font-weight: 400;\" aria-level=\"1\"><span style=\"font-weight: 400;\">Les horaires de travail varient selon les sites<\/span><\/li><li style=\"font-weight: 400;\" aria-level=\"1\"><span style=\"font-weight: 400;\">Le travail hors projet est fragment\u00e9<\/span><\/li><li style=\"font-weight: 400;\" aria-level=\"1\"><span style=\"font-weight: 400;\">Le surmenage est plus difficile \u00e0 percevoir<\/span><\/li><\/ul><p><span style=\"font-weight: 400;\">Sans contexte partag\u00e9, les \u00e9quipes supposent souvent des capacit\u00e9s qui n&rsquo;existent pas.<\/span><\/p><h2><b>Ce que signifie la planification des capacit\u00e9s dans un contexte \u00e9loign\u00e9  <\/b><\/h2><p><span style=\"font-weight: 400;\">Pour les \u00e9quipes \u00e0 distance, la planification de la capacit\u00e9 implique une d\u00e9finition explicite :<\/span><\/p><ul><li style=\"font-weight: 400;\" aria-level=\"1\"><span style=\"font-weight: 400;\">Quand les gens sont disponibles<\/span><\/li><li style=\"font-weight: 400;\" aria-level=\"1\"><span style=\"font-weight: 400;\">Combien de temps est-il possible d&rsquo;allouer de mani\u00e8re r\u00e9aliste ?<\/span><\/li><li style=\"font-weight: 400;\" aria-level=\"1\"><span style=\"font-weight: 400;\">En cas de chevauchement des fuseaux horaires<\/span><\/li><li style=\"font-weight: 400;\" aria-level=\"1\"><span style=\"font-weight: 400;\">Quels sont les travaux qui doivent \u00eatre effectu\u00e9s de mani\u00e8re synchrone ?<\/span><\/li><\/ul><p><span style=\"font-weight: 400;\">L&rsquo;objectif est de remplacer les hypoth\u00e8ses par une visibilit\u00e9 partag\u00e9e.<\/span><\/p><h2><b>Ce dont les \u00e9quipes \u00e0 distance ont besoin<\/b><\/h2><h3><b>1. Des horaires de travail et des fuseaux horaires clairs<\/b><\/h3><p><span style=\"font-weight: 400;\">Les \u00e9quipes \u00e0 distance doivent se documenter :<\/span><\/p><ul><li style=\"font-weight: 400;\" aria-level=\"1\"><span style=\"font-weight: 400;\">Heures de travail essentielles par personne<\/span><\/li><li style=\"font-weight: 400;\" aria-level=\"1\"><span style=\"font-weight: 400;\">Diff\u00e9rences de fuseaux horaires<\/span><\/li><li style=\"font-weight: 400;\" aria-level=\"1\"><span style=\"font-weight: 400;\">Fen\u00eatres de chevauchement attendues<\/span><\/li><\/ul><p><span style=\"font-weight: 400;\">Cela permet d&rsquo;\u00e9viter une programmation irr\u00e9aliste.<\/span><\/p><h3><b>2. Travaux pr\u00e9vus et priorit\u00e9s<\/b><\/h3><p><span style=\"font-weight: 400;\">Tous les projets et engagements planifi\u00e9s doivent \u00eatre visibles en un seul endroit, avec des priorit\u00e9s claires.<\/span><\/p><p><span style=\"font-weight: 400;\">Les \u00e9quipes \u00e0 distance s&rsquo;appuient davantage sur des plans \u00e9crits que sur un alignement en personne.<\/span><\/p><h3><b>3. Travail hors projet et asynchrone  <\/b><\/h3><p><span style=\"font-weight: 400;\">Les r\u00e9unions, la coordination asynchrone, les r\u00e9visions et la communication interne doivent \u00eatre trait\u00e9es comme de v\u00e9ritables demandes.<\/span><\/p><p><span style=\"font-weight: 400;\">Ignorer cela conduit \u00e0 une surcharge chronique.<\/span><\/p><h2><b>Planification \u00e9tape par \u00e9tape de la capacit\u00e9 des \u00e9quipes \u00e0 distance  <\/b><\/h2><h3><b>\u00c9tape 1 : Rendre la disponibilit\u00e9 explicite  <\/b><\/h3><p><span style=\"font-weight: 400;\">D\u00e9finissez une disponibilit\u00e9 hebdomadaire r\u00e9aliste par personne, en tenant compte des \u00e9l\u00e9ments suivants<\/span><\/p><ul><li style=\"font-weight: 400;\" aria-level=\"1\"><span style=\"font-weight: 400;\">Horaires de travail locaux<\/span><\/li><li style=\"font-weight: 400;\" aria-level=\"1\"><span style=\"font-weight: 400;\">Temps libre<\/span><\/li><li style=\"font-weight: 400;\" aria-level=\"1\"><span style=\"font-weight: 400;\">Responsabilit\u00e9s hors projet<\/span><\/li><\/ul><p><span style=\"font-weight: 400;\">La disponibilit\u00e9 doit \u00eatre visible pour toutes les personnes impliqu\u00e9es dans la planification.<\/span><\/p><h3><b>\u00c9tape 2 : Planifier le travail \u00e0 un niveau \u00e9lev\u00e9<\/b><\/h3><p><span style=\"font-weight: 400;\">Planifiez au niveau du projet ou du r\u00f4le plut\u00f4t qu&rsquo;au niveau de la t\u00e2che, en particulier pour les horizons plus lointains.<\/span><\/p><p><span style=\"font-weight: 400;\">La planification reste ainsi souple, quel que soit le fuseau horaire.<\/span><\/p><h3><b>\u00c9tape 3 : V\u00e9rifier les contraintes de chevauchement<\/b><\/h3><p><span style=\"font-weight: 400;\">Identifiez les travaux qui n\u00e9cessitent une collaboration synchrone et veillez \u00e0 ce qu&rsquo;il y ait un chevauchement l\u00e0 o\u00f9 c&rsquo;est n\u00e9cessaire.<\/span><\/p><p><span style=\"font-weight: 400;\">Tous les travaux n&rsquo;ont pas besoin de se chevaucher, mais certains en ont toujours besoin.<\/span><\/p><h3><b>\u00c9tape 4 : Examiner r\u00e9guli\u00e8rement les capacit\u00e9s<\/b><\/h3><p><span style=\"font-weight: 400;\">Les plans \u00e0 distance d\u00e9rivent plus rapidement.<\/span><span style=\"font-weight: 400;\"><br><\/span><span style=\"font-weight: 400;\">Les examens hebdomadaires permettent de d\u00e9tecter rapidement les surcharges de travail.<\/span><\/p><h2><b>Comment g\u00e9rer les fuseaux horaires et le travail asynchrone ?<\/b><\/h2><p><span style=\"font-weight: 400;\">Les \u00e9quipes \u00e0 distance doivent :<\/span><\/p><ul><li style=\"font-weight: 400;\" aria-level=\"1\"><span style=\"font-weight: 400;\">Limitez le travail synchrone aux moments essentiels<\/span><\/li><li style=\"font-weight: 400;\" aria-level=\"1\"><span style=\"font-weight: 400;\">Planifiez les \u00e9ch\u00e9ances en fonction des fen\u00eatres de chevauchement<\/span><\/li><li style=\"font-weight: 400;\" aria-level=\"1\"><span style=\"font-weight: 400;\">\u00c9vitez de confier des t\u00e2ches urgentes en dehors des heures de travail d&rsquo;une personne.<\/span><\/li><li style=\"font-weight: 400;\" aria-level=\"1\"><span style=\"font-weight: 400;\">Utilisez des mises \u00e0 jour asynchrones pour r\u00e9duire la charge des r\u00e9unions<\/span><\/li><\/ul><p><span style=\"font-weight: 400;\">La planification des capacit\u00e9s doit refl\u00e9ter la mani\u00e8re dont le travail se d\u00e9roule r\u00e9ellement \u00e0 distance.<\/span><\/p><h2><b>Les erreurs courantes des \u00e9quipes \u00e0 distance<\/b><\/h2><p><span style=\"font-weight: 400;\">Les \u00e9quipes \u00e0 distance ont des difficult\u00e9s lorsqu&rsquo;elles :<\/span><\/p><ul><li style=\"font-weight: 400;\" aria-level=\"1\"><span style=\"font-weight: 400;\">Partir du principe que la flexibilit\u00e9 est synonyme de capacit\u00e9 illimit\u00e9e<\/span><\/li><li style=\"font-weight: 400;\" aria-level=\"1\"><span style=\"font-weight: 400;\">Ignorer les contraintes de fuseau horaire<\/span><\/li><li style=\"font-weight: 400;\" aria-level=\"1\"><span style=\"font-weight: 400;\">Planifier le travail sans documenter la disponibilit\u00e9<\/span><\/li><li style=\"font-weight: 400;\" aria-level=\"1\"><span style=\"font-weight: 400;\">Ne d\u00e9couvrez la surcharge qu&rsquo;\u00e0 travers les d\u00e9lais non respect\u00e9s<\/span><\/li><li style=\"font-weight: 400;\" aria-level=\"1\"><span style=\"font-weight: 400;\">S&rsquo;appuyer sur des contr\u00f4les informels plut\u00f4t que sur la planification<\/span><\/li><\/ul><p><span style=\"font-weight: 400;\">La visibilit\u00e9 est d&rsquo;autant plus importante que les \u00e9quipes sont r\u00e9parties.<\/span><\/p><h2><b>Questions fr\u00e9quentes <\/b><\/h2><h3><b>La planification de la capacit\u00e9 est-elle plus importante pour les \u00e9quipes \u00e0 distance ?  <\/b><\/h3><p><span style=\"font-weight: 400;\">Oui. Le travail \u00e0 distance dissimule plus facilement la surcharge, ce qui rend la planification explicite des capacit\u00e9s plus importante. <\/span><\/p><h3><b>Les \u00e9quipes \u00e0 distance doivent-elles planifier la capacit\u00e9 par personne ou par r\u00f4le ?  <\/b><\/h3><p><span style=\"font-weight: 400;\">La planification pr\u00e9coce fonctionne souvent mieux au niveau des r\u00f4les, la planification individuelle \u00e9tant plus proche de l&rsquo;ex\u00e9cution.<\/span><\/p><h3><b>\u00c0 quelle fr\u00e9quence les \u00e9quipes \u00e0 distance doivent-elles revoir leur capacit\u00e9 ?<\/b><\/h3><p><span style=\"font-weight: 400;\">La plupart des \u00e9quipes \u00e0 distance b\u00e9n\u00e9ficient de bilans hebdomadaires afin de maintenir les plans align\u00e9s lorsque les conditions changent.<\/span><\/p><h2><b>Sources d&rsquo;information<\/b><\/h2><p><span style=\"font-weight: 400;\">Biblioth\u00e8que du PMI : Planification des ressources dans les \u00e9quipes distribu\u00e9es<\/span><span style=\"font-weight: 400;\"><br><\/span><a href=\"https:\/\/www.pmi.org\/learning\/library\/resource-leveling-scheduling-projects-6007\" target=\"_blank\" rel=\"noopener\"><span style=\"font-weight: 400;\">https:\/\/www.pmi.org\/learning\/library\/resource-leveling-scheduling-projects-6007<\/span><\/a><\/p><p><span style=\"font-weight: 400;\">Atlassian : G\u00e9rer la capacit\u00e9 des \u00e9quipes \u00e0 distance<\/span><span style=\"font-weight: 400;\"><br><\/span><a href=\"https:\/\/www.atlassian.com\/work-management\/project-management\/resource-management\" target=\"_blank\" rel=\"noopener\"><span style=\"font-weight: 400;\">https:\/\/www.atlassian.com\/work-management\/project-management\/resource-management<\/span><\/a><\/p><p><span style=\"font-weight: 400;\">Harvard Business Review : G\u00e9rer le travail \u00e0 distance \u00e0 grande \u00e9chelle<\/span><span style=\"font-weight: 400;\"><br><\/span><a href=\"https:\/\/hbr.org\/2020\/03\/a-guide-to-managing-your-newly-remote-workers\" target=\"_blank\" rel=\"noopener\"><span style=\"font-weight: 400;\">https:\/\/hbr.org\/2020\/03\/a-guide-to-managing-your-newly-remote-workers<\/span><\/a><\/p><p><span style=\"font-weight: 400;\">IBM : Planification de la main-d&rsquo;\u0153uvre \u00e0 distance<\/span><span style=\"font-weight: 400;\"><br><\/span><a href=\"https:\/\/www.ibm.com\/topics\/workforce-planning\" target=\"_blank\" rel=\"noopener\"><span style=\"font-weight: 400;\">https:\/\/www.ibm.com\/topics\/workforce-planning<\/span><\/a><\/p>\t\t\t\t\t\t\t\t<\/div>\n\t\t\t\t\t<\/div>\n\t\t\t\t<\/div>\n\t\t\t\t<\/div>\n\t\t","protected":false},"excerpt":{"rendered":"<p>Comment planifier la capacit\u00e9 des \u00e9quipes \u00e0 distance ? TL;DR La planification des capacit\u00e9s pour les \u00e9quipes \u00e0 distance n\u00e9cessite une meilleure visibilit\u00e9 de la disponibilit\u00e9, des fuseaux horaires et du travail hors projet. Le travail \u00e0 distance accro\u00eet la flexibilit\u00e9 mais cache \u00e9galement une surcharge si la capacit\u00e9 n&rsquo;est pas explicit\u00e9e. Une planification efficace [&hellip;]<\/p>\n","protected":false},"author":12,"featured_media":0,"parent":0,"menu_order":0,"comment_status":"closed","ping_status":"closed","template":"","meta":{"footnotes":""},"class_list":["post-37399","page","type-page","status-publish","hentry"],"_links":{"self":[{"href":"https:\/\/teambookapp.com\/fr\/wp-json\/wp\/v2\/pages\/37399","targetHints":{"allow":["GET"]}}],"collection":[{"href":"https:\/\/teambookapp.com\/fr\/wp-json\/wp\/v2\/pages"}],"about":[{"href":"https:\/\/teambookapp.com\/fr\/wp-json\/wp\/v2\/types\/page"}],"author":[{"embeddable":true,"href":"https:\/\/teambookapp.com\/fr\/wp-json\/wp\/v2\/users\/12"}],"replies":[{"embeddable":true,"href":"https:\/\/teambookapp.com\/fr\/wp-json\/wp\/v2\/comments?post=37399"}],"version-history":[{"count":1,"href":"https:\/\/teambookapp.com\/fr\/wp-json\/wp\/v2\/pages\/37399\/revisions"}],"predecessor-version":[{"id":37400,"href":"https:\/\/teambookapp.com\/fr\/wp-json\/wp\/v2\/pages\/37399\/revisions\/37400"}],"wp:attachment":[{"href":"https:\/\/teambookapp.com\/fr\/wp-json\/wp\/v2\/media?parent=37399"}],"curies":[{"name":"wp","href":"https:\/\/api.w.org\/{rel}","templated":true}]}}