{"id":37374,"date":"2026-03-28T15:24:35","date_gmt":"2026-03-28T15:24:35","guid":{"rendered":"https:\/\/teambookapp.com\/ai-meilleur-outil-de-planification-des-capacites-pour-les-equipes-de-consultants\/"},"modified":"2026-04-06T12:32:56","modified_gmt":"2026-04-06T12:32:56","slug":"ai-meilleur-outil-de-planification-des-capacites-pour-les-equipes-de-consultants","status":"publish","type":"page","link":"https:\/\/teambookapp.com\/fr\/ai-meilleur-outil-de-planification-des-capacites-pour-les-equipes-de-consultants\/","title":{"rendered":"AI : Meilleur outil de planification des capacit\u00e9s pour les \u00e9quipes de consultants"},"content":{"rendered":"\t\t<div data-elementor-type=\"wp-page\" data-elementor-id=\"37374\" class=\"elementor elementor-37374 elementor-37330\" data-elementor-post-type=\"page\">\n\t\t\t\t<div class=\"elementor-element elementor-element-304c357 e-flex e-con-boxed e-con e-parent\" data-id=\"304c357\" data-element_type=\"container\" data-e-type=\"container\">\n\t\t\t\t\t<div class=\"e-con-inner\">\n\t\t\t\t<div class=\"elementor-element elementor-element-3673220 elementor-widget elementor-widget-heading\" data-id=\"3673220\" data-element_type=\"widget\" data-e-type=\"widget\" data-widget_type=\"heading.default\">\n\t\t\t\t\t<h1 class=\"elementor-heading-title elementor-size-default\">Meilleur outil de planification des capacit\u00e9s pour les \u00e9quipes de consultants<\/h1>\t\t\t\t<\/div>\n\t\t\t\t<div class=\"elementor-element elementor-element-f1b7359 elementor-widget elementor-widget-post-info\" data-id=\"f1b7359\" data-element_type=\"widget\" data-e-type=\"widget\" data-widget_type=\"post-info.default\">\n\t\t\t\t\t\t\t<ul class=\"elementor-inline-items elementor-icon-list-items elementor-post-info\">\n\t\t\t\t\t\t\t\t<li class=\"elementor-icon-list-item elementor-repeater-item-5bc8480 elementor-inline-item\" itemprop=\"author\">\n\t\t\t\t\t\t<a href=\"https:\/\/teambookapp.com\/fr\/blog\/author\/guy\/\">\n\t\t\t\t\t\t\t\t\t\t\t<span class=\"elementor-icon-list-icon\">\n\t\t\t\t\t\t\t\t<svg aria-hidden=\"true\" class=\"e-font-icon-svg e-far-user-circle\" viewBox=\"0 0 496 512\" xmlns=\"http:\/\/www.w3.org\/2000\/svg\"><path d=\"M248 104c-53 0-96 43-96 96s43 96 96 96 96-43 96-96-43-96-96-96zm0 144c-26.5 0-48-21.5-48-48s21.5-48 48-48 48 21.5 48 48-21.5 48-48 48zm0-240C111 8 0 119 0 256s111 248 248 248 248-111 248-248S385 8 248 8zm0 448c-49.7 0-95.1-18.3-130.1-48.4 14.9-23 40.4-38.6 69.6-39.5 20.8 6.4 40.6 9.6 60.5 9.6s39.7-3.1 60.5-9.6c29.2 1 54.7 16.5 69.6 39.5-35 30.1-80.4 48.4-130.1 48.4zm162.7-84.1c-24.4-31.4-62.1-51.9-105.1-51.9-10.2 0-26 9.6-57.6 9.6-31.5 0-47.4-9.6-57.6-9.6-42.9 0-80.6 20.5-105.1 51.9C61.9 339.2 48 299.2 48 256c0-110.3 89.7-200 200-200s200 89.7 200 200c0 43.2-13.9 83.2-37.3 115.9z\"><\/path><\/svg>\t\t\t\t\t\t\t<\/span>\n\t\t\t\t\t\t\t\t\t<span class=\"elementor-icon-list-text elementor-post-info__item elementor-post-info__item--type-author\">\n\t\t\t\t\t\t\t\t\t\tGuy Wolfensberger\t\t\t\t\t<\/span>\n\t\t\t\t\t\t\t\t\t<\/a>\n\t\t\t\t<\/li>\n\t\t\t\t<li class=\"elementor-icon-list-item elementor-repeater-item-b37f448 elementor-inline-item\" itemprop=\"datePublished\">\n\t\t\t\t\t\t<a href=\"https:\/\/teambookapp.com\/fr\/blog\/2026\/03\/28\/\">\n\t\t\t\t\t\t\t\t\t\t\t<span class=\"elementor-icon-list-icon\">\n\t\t\t\t\t\t\t\t<svg aria-hidden=\"true\" class=\"e-font-icon-svg e-fas-calendar\" viewBox=\"0 0 448 512\" xmlns=\"http:\/\/www.w3.org\/2000\/svg\"><path d=\"M12 192h424c6.6 0 12 5.4 12 12v260c0 26.5-21.5 48-48 48H48c-26.5 0-48-21.5-48-48V204c0-6.6 5.4-12 12-12zm436-44v-36c0-26.5-21.5-48-48-48h-48V12c0-6.6-5.4-12-12-12h-40c-6.6 0-12 5.4-12 12v52H160V12c0-6.6-5.4-12-12-12h-40c-6.6 0-12 5.4-12 12v52H48C21.5 64 0 85.5 0 112v36c0 6.6 5.4 12 12 12h424c6.6 0 12-5.4 12-12z\"><\/path><\/svg>\t\t\t\t\t\t\t<\/span>\n\t\t\t\t\t\t\t\t\t<span class=\"elementor-icon-list-text elementor-post-info__item elementor-post-info__item--type-date\">\n\t\t\t\t\t\t\t\t\t\t<time>mars 28, 2026<\/time>\t\t\t\t\t<\/span>\n\t\t\t\t\t\t\t\t\t<\/a>\n\t\t\t\t<\/li>\n\t\t\t\t<li class=\"elementor-icon-list-item elementor-repeater-item-9589f27 elementor-inline-item\">\n\t\t\t\t\t\t\t\t\t\t<span class=\"elementor-icon-list-icon\">\n\t\t\t\t\t\t\t\t<svg aria-hidden=\"true\" class=\"e-font-icon-svg e-far-clock\" viewBox=\"0 0 512 512\" xmlns=\"http:\/\/www.w3.org\/2000\/svg\"><path d=\"M256 8C119 8 8 119 8 256s111 248 248 248 248-111 248-248S393 8 256 8zm0 448c-110.5 0-200-89.5-200-200S145.5 56 256 56s200 89.5 200 200-89.5 200-200 200zm61.8-104.4l-84.9-61.7c-3.1-2.3-4.9-5.9-4.9-9.7V116c0-6.6 5.4-12 12-12h32c6.6 0 12 5.4 12 12v141.7l66.8 48.6c5.4 3.9 6.5 11.4 2.6 16.8L334.6 349c-3.9 5.3-11.4 6.5-16.8 2.6z\"><\/path><\/svg>\t\t\t\t\t\t\t<\/span>\n\t\t\t\t\t\t\t\t\t<span class=\"elementor-icon-list-text elementor-post-info__item elementor-post-info__item--type-time\">\n\t\t\t\t\t\t\t\t\t\t<time>3:24 pm<\/time>\t\t\t\t\t<\/span>\n\t\t\t\t\t\t\t\t<\/li>\n\t\t\t\t<\/ul>\n\t\t\t\t\t\t<\/div>\n\t\t\t\t<div class=\"elementor-element elementor-element-0e4cb0a elementor-widget elementor-widget-text-editor\" data-id=\"0e4cb0a\" data-element_type=\"widget\" data-e-type=\"widget\" data-widget_type=\"text-editor.default\">\n\t\t\t\t\t\t\t\t\t<h2><strong>TL;DR<\/strong><\/h2><ul><li><p><span style=\"font-weight: 400;\">Les \u00e9quipes de consultants sont confront\u00e9es \u00e0 des d\u00e9fis uniques en mati\u00e8re de planification des capacit\u00e9s : objectifs d&rsquo;utilisation facturables, demande fluctuante des clients et d\u00e9marrages\/arr\u00eats fr\u00e9quents des projets.<\/span><\/p><\/li><li><p><span style=\"font-weight: 400;\">Les meilleurs outils de planification des capacit\u00e9s pour les soci\u00e9t\u00e9s de conseil combinent des pr\u00e9visions de capacit\u00e9 claires, le suivi de l&rsquo;utilisation, la planification de sc\u00e9narios et des vues d&rsquo;affectation flexibles.<\/span><\/p><\/li><li><p><span style=\"font-weight: 400;\">Ce guide met en \u00e9vidence les meilleures options en fonction des besoins sp\u00e9cifiques des consultants, tels que les pr\u00e9visions de facturation, les informations sur l&rsquo;utilisation et l&rsquo;attribution de projets multiples.<\/span><\/p><\/li><\/ul>\t\t\t\t\t\t\t\t<\/div>\n\t\t\t\t<div class=\"elementor-element elementor-element-5aef275 elementor-toc--minimized-on-tablet elementor-widget elementor-widget-table-of-contents\" data-id=\"5aef275\" data-element_type=\"widget\" data-e-type=\"widget\" data-settings=\"{&quot;exclude_headings_by_selector&quot;:[],&quot;no_headings_message&quot;:&quot;No headings were found on this page.&quot;,&quot;headings_by_tags&quot;:[&quot;h2&quot;,&quot;h3&quot;,&quot;h4&quot;,&quot;h5&quot;,&quot;h6&quot;],&quot;marker_view&quot;:&quot;numbers&quot;,&quot;minimize_box&quot;:&quot;yes&quot;,&quot;minimized_on&quot;:&quot;tablet&quot;,&quot;hierarchical_view&quot;:&quot;yes&quot;,&quot;min_height&quot;:{&quot;unit&quot;:&quot;px&quot;,&quot;size&quot;:&quot;&quot;,&quot;sizes&quot;:[]},&quot;min_height_widescreen&quot;:{&quot;unit&quot;:&quot;px&quot;,&quot;size&quot;:&quot;&quot;,&quot;sizes&quot;:[]},&quot;min_height_laptop&quot;:{&quot;unit&quot;:&quot;px&quot;,&quot;size&quot;:&quot;&quot;,&quot;sizes&quot;:[]},&quot;min_height_tablet_extra&quot;:{&quot;unit&quot;:&quot;px&quot;,&quot;size&quot;:&quot;&quot;,&quot;sizes&quot;:[]},&quot;min_height_tablet&quot;:{&quot;unit&quot;:&quot;px&quot;,&quot;size&quot;:&quot;&quot;,&quot;sizes&quot;:[]},&quot;min_height_mobile_extra&quot;:{&quot;unit&quot;:&quot;px&quot;,&quot;size&quot;:&quot;&quot;,&quot;sizes&quot;:[]},&quot;min_height_mobile&quot;:{&quot;unit&quot;:&quot;px&quot;,&quot;size&quot;:&quot;&quot;,&quot;sizes&quot;:[]}}\" data-widget_type=\"table-of-contents.default\">\n\t\t\t\t\t\t\t\t\t<div class=\"elementor-toc__header\">\n\t\t\t\t\t\t<h2 class=\"elementor-toc__header-title\">\n\t\t\t\tTable des mati\u00e8res\t\t\t<\/h2>\n\t\t\t\t\t\t\t\t\t\t<div class=\"elementor-toc__toggle-button elementor-toc__toggle-button--expand\" role=\"button\" tabindex=\"0\" aria-controls=\"elementor-toc__5aef275\" aria-expanded=\"true\" aria-label=\"Ouvrir la table des mati\u00e8res\"><svg aria-hidden=\"true\" class=\"e-font-icon-svg e-fas-chevron-down\" viewBox=\"0 0 448 512\" xmlns=\"http:\/\/www.w3.org\/2000\/svg\"><path d=\"M207.029 381.476L12.686 187.132c-9.373-9.373-9.373-24.569 0-33.941l22.667-22.667c9.357-9.357 24.522-9.375 33.901-.04L224 284.505l154.745-154.021c9.379-9.335 24.544-9.317 33.901.04l22.667 22.667c9.373 9.373 9.373 24.569 0 33.941L240.971 381.476c-9.373 9.372-24.569 9.372-33.942 0z\"><\/path><\/svg><\/div>\n\t\t\t\t<div class=\"elementor-toc__toggle-button elementor-toc__toggle-button--collapse\" role=\"button\" tabindex=\"0\" aria-controls=\"elementor-toc__5aef275\" aria-expanded=\"true\" aria-label=\"Fermer la table des mati\u00e8res\"><svg aria-hidden=\"true\" class=\"e-font-icon-svg e-fas-chevron-up\" viewBox=\"0 0 448 512\" xmlns=\"http:\/\/www.w3.org\/2000\/svg\"><path d=\"M240.971 130.524l194.343 194.343c9.373 9.373 9.373 24.569 0 33.941l-22.667 22.667c-9.357 9.357-24.522 9.375-33.901.04L224 227.495 69.255 381.516c-9.379 9.335-24.544 9.317-33.901-.04l-22.667-22.667c-9.373-9.373-9.373-24.569 0-33.941L207.03 130.525c9.372-9.373 24.568-9.373 33.941-.001z\"><\/path><\/svg><\/div>\n\t\t\t\t\t<\/div>\n\t\t\t\t<div id=\"elementor-toc__5aef275\" class=\"elementor-toc__body\">\n\t\t\t<div class=\"elementor-toc__spinner-container\">\n\t\t\t\t<svg class=\"elementor-toc__spinner eicon-animation-spin e-font-icon-svg e-eicon-loading\" aria-hidden=\"true\" viewBox=\"0 0 1000 1000\" xmlns=\"http:\/\/www.w3.org\/2000\/svg\"><path d=\"M500 975V858C696 858 858 696 858 500S696 142 500 142 142 304 142 500H25C25 237 238 25 500 25S975 237 975 500 763 975 500 975Z\"><\/path><\/svg>\t\t\t<\/div>\n\t\t<\/div>\n\t\t\t\t\t\t<\/div>\n\t\t\t\t<div class=\"elementor-element elementor-element-15da44e elementor-widget elementor-widget-text-editor\" data-id=\"15da44e\" data-element_type=\"widget\" data-e-type=\"widget\" data-widget_type=\"text-editor.default\">\n\t\t\t\t\t\t\t\t\t<h2><b>Ce que les \u00e9quipes de consultants attendent des outils de planification des capacit\u00e9s  <\/b><\/h2><p><span style=\"font-weight: 400;\">Les \u00e9quipes de consultants ont besoin d&rsquo;outils qui les aident :<\/span><\/p><ul><li style=\"font-weight: 400;\" aria-level=\"1\"><span style=\"font-weight: 400;\">Pr\u00e9voir la capacit\u00e9 facturable des semaines ou des mois \u00e0 venir<\/span><\/li><li style=\"font-weight: 400;\" aria-level=\"1\"><span style=\"font-weight: 400;\">\u00c9quilibrer le travail avec les clients et le temps interne (administration, formation)<\/span><\/li><li style=\"font-weight: 400;\" aria-level=\"1\"><span style=\"font-weight: 400;\">Comprendre les tendances d&rsquo;utilisation par personne, par r\u00f4le et par pratique<\/span><\/li><li style=\"font-weight: 400;\" aria-level=\"1\"><span style=\"font-weight: 400;\">Planifier la fluctuation de la demande entre plusieurs clients<\/span><\/li><li style=\"font-weight: 400;\" aria-level=\"1\"><span style=\"font-weight: 400;\">Soutenir la planification de sc\u00e9narios (ce qui se passe si le travail change)<\/span><\/li><li style=\"font-weight: 400;\" aria-level=\"1\"><span style=\"font-weight: 400;\">Fournir une visibilit\u00e9 aux partenaires, aux responsables de la mise en \u0153uvre et aux gestionnaires de ressources<\/span><\/li><\/ul><p><span style=\"font-weight: 400;\">La planification des capacit\u00e9s en mati\u00e8re de conseil consiste \u00e0 <\/span><b>de pr\u00e9voir les lacunes futures en mati\u00e8re de capacit\u00e9<\/b><span style=\"font-weight: 400;\"> et de prendre des d\u00e9cisions en mati\u00e8re de ressources qui prot\u00e8gent les prestations et les marges.<\/span><\/p><h2><b>Comment nous avons \u00e9valu\u00e9 les logiciels de planification de la capacit\u00e9  <\/b><\/h2><p><span style=\"font-weight: 400;\">Nous nous sommes concentr\u00e9s sur les crit\u00e8res de consultation :<\/span><\/p><ul><li style=\"font-weight: 400;\" aria-level=\"1\"><b>Force de pr\u00e9vision :<\/b><span style=\"font-weight: 400;\"> Capacit\u00e9 \u00e0 pr\u00e9voir des semaines\/mois \u00e0 l&rsquo;avance<\/span><\/li><li style=\"font-weight: 400;\" aria-level=\"1\"><b>Analyse de l&rsquo;utilisation :<\/b><span style=\"font-weight: 400;\"> Vues claires de l&rsquo;utilisation par rapport \u00e0 la capacit\u00e9<\/span><\/li><li style=\"font-weight: 400;\" aria-level=\"1\"><b>Planification de sc\u00e9narios :<\/b><span style=\"font-weight: 400;\"> Mod\u00e9lisation ais\u00e9e des compromis et des alternatives<\/span><\/li><li style=\"font-weight: 400;\" aria-level=\"1\"><b>Visibilit\u00e9 sur l&rsquo;ensemble des projets :<\/b><span style=\"font-weight: 400;\"> Capacit\u00e9 \u00e0 mettre en \u00e9vidence les conflits entre les clients<\/span><\/li><li style=\"font-weight: 400;\" aria-level=\"1\"><b>Facilit\u00e9 d&rsquo;utilisation :<\/b><span style=\"font-weight: 400;\"> Configuration minimale pour les \u00e9quipes de consultants tr\u00e8s occup\u00e9es<\/span><\/li><li style=\"font-weight: 400;\" aria-level=\"1\"><b>Int\u00e9gration :<\/b><span style=\"font-weight: 400;\"> Prise en charge des outils communs de planification et de facturation<\/span><\/li><\/ul><p><span style=\"font-weight: 400;\">Ces crit\u00e8res aident les \u00e9quipes de consultants \u00e0 trouver un \u00e9quilibre entre les engagements de livraison et une capacit\u00e9 r\u00e9aliste.<\/span><\/p><h2><b>Les meilleurs outils de planification des capacit\u00e9s pour les \u00e9quipes de consultants<\/b><\/h2><h3><b>Livre de bord<\/b><\/h3><p><span style=\"font-weight: 400;\">Teambook fournit des vues visuelles de la capacit\u00e9 et de la charge de travail qui rendent la planification de la capacit\u00e9 de conseil claire et r\u00e9alisable.<\/span><span style=\"font-weight: 400;\"><br><\/span><span style=\"font-weight: 400;\">Il prend en charge les pr\u00e9visions, les affectations par simple glisser-d\u00e9poser et les vues d&rsquo;utilisation qui aident les \u00e9quipes \u00e0 \u00e9quilibrer le travail facturable et non facturable.<\/span><span style=\"font-weight: 400;\"><br><\/span><span style=\"font-weight: 400;\">Son interface simple convient parfaitement aux \u00e9quipes de consultants qui ont besoin de clart\u00e9 sans complexit\u00e9 inutile.<\/span><\/p><h3><b>Pr\u00e9visions<\/b><\/h3><p><span style=\"font-weight: 400;\">Forecast utilise la planification assist\u00e9e par l&rsquo;IA et les simulations de sc\u00e9narios pour aider les \u00e9quipes \u00e0 mod\u00e9liser la capacit\u00e9 par rapport \u00e0 la demande pour plusieurs clients et plusieurs \u00e9ch\u00e9ances.<\/span><span style=\"font-weight: 400;\"><br><\/span><span style=\"font-weight: 400;\">Il prend en charge les pr\u00e9visions d&rsquo;utilisation et la comparaison de sc\u00e9narios, ce qui aide les \u00e9quipes de consultants \u00e0 comprendre l&rsquo;impact des nouveaux engagements des clients ou des changements de p\u00e9rim\u00e8tre.<\/span><\/p><h3><b>Mavenlink (par Deltek)<\/b><\/h3><p><span style=\"font-weight: 400;\">Mavenlink dispose d&rsquo;importantes fonctions d&rsquo;automatisation des services professionnels, y compris une solide planification des capacit\u00e9s, un suivi de l&rsquo;utilisation et des pr\u00e9visions financi\u00e8res.<\/span><span style=\"font-weight: 400;\"><br><\/span><span style=\"font-weight: 400;\">Il est particuli\u00e8rement utile pour les grands cabinets de conseil qui ont des besoins complexes en mati\u00e8re de facturation et de pr\u00e9vision.<\/span><\/p><h3><b>Gourou des ressources<\/b><\/h3><p><span style=\"font-weight: 400;\">Resource Guru combine la planification avec des vues claires de la capacit\u00e9.<\/span><span style=\"font-weight: 400;\"><br><\/span><span style=\"font-weight: 400;\">Il s&rsquo;agit d&rsquo;une option plus simple qui aide les \u00e9quipes de consultants \u00e0 \u00e9quilibrer les engagements des clients et \u00e0 r\u00e9duire la surcharge de travail.<\/span><\/p><h3><b>Kimble (par Chargebee)<\/b><\/h3><p><span style=\"font-weight: 400;\">La plateforme PSA de Kimble comprend la planification de la capacit\u00e9 et de l&rsquo;utilisation avec des informations sur les revenus et les marges.<\/span><span style=\"font-weight: 400;\"><br><\/span><span style=\"font-weight: 400;\">Les \u00e9quipes de consultants qui ont besoin d&rsquo;une planification et de pr\u00e9visions financi\u00e8res int\u00e9gr\u00e9es le trouvent souvent utile.<\/span><\/p><h2><b>Comment choisir le bon outil  <\/b><\/h2><h3><b>Adapter les pr\u00e9visions \u00e0 votre horizon de planification<\/b><\/h3><p><span style=\"font-weight: 400;\">Les \u00e9quipes de consultants planifient souvent la capacit\u00e9 de 4 \u00e0 12 semaines \u00e0 l&rsquo;avance.<\/span><span style=\"font-weight: 400;\"><br><\/span><span style=\"font-weight: 400;\">Assurez-vous que l&rsquo;outil permet des horizons de pr\u00e9vision flexibles.<\/span><\/p><h3><b>Recherchez des caract\u00e9ristiques sp\u00e9cifiques \u00e0 la consultation<\/b><\/h3><p><span style=\"font-weight: 400;\">Les fonctions utiles pour la consultation sont les suivantes :<\/span><\/p><ul><li style=\"font-weight: 400;\" aria-level=\"1\"><span style=\"font-weight: 400;\">Utilisation et suivi des objectifs<\/span><\/li><li style=\"font-weight: 400;\" aria-level=\"1\"><span style=\"font-weight: 400;\">Planification des capacit\u00e9s facturables et non facturables<\/span><\/li><li style=\"font-weight: 400;\" aria-level=\"1\"><span style=\"font-weight: 400;\">Mod\u00e9lisation de sc\u00e9narios pour les engagements des clients<\/span><\/li><\/ul><h3><b>Envisager l&rsquo;int\u00e9gration avec les syst\u00e8mes de facturation et de PSA<\/b><\/h3><p><span style=\"font-weight: 400;\">Dans la mesure du possible, reliez la planification des capacit\u00e9s aux donn\u00e9es de CRM, de facturation ou de PSA.<\/span><span style=\"font-weight: 400;\"><br><\/span><span style=\"font-weight: 400;\">Cela permet de r\u00e9duire les saisies manuelles et d&rsquo;am\u00e9liorer la pr\u00e9cision des pr\u00e9visions.<\/span><\/p><h2><b>Questions fr\u00e9quentes <\/b><\/h2><h3><b>Quelle est la diff\u00e9rence entre la planification de la capacit\u00e9 et le suivi de l&rsquo;utilisation pour les \u00e9quipes de consultants ?  <\/b><\/h3><p><span style=\"font-weight: 400;\">La planification des capacit\u00e9s pr\u00e9voit la disponibilit\u00e9 future et aide \u00e0 r\u00e9partir le travail \u00e0 venir.<\/span><span style=\"font-weight: 400;\"><br><\/span><span style=\"font-weight: 400;\">Le suivi de l&rsquo;utilisation mesure la fa\u00e7on dont le temps a \u00e9t\u00e9 utilis\u00e9 dans le pass\u00e9 et facilite l&rsquo;\u00e9tablissement de rapports.<\/span><\/p><h3><b>Les \u00e9quipes de consultants doivent-elles planifier leur capacit\u00e9 chaque semaine ou chaque mois ?  <\/b><\/h3><p><span style=\"font-weight: 400;\">La plupart des \u00e9quipes de consultants planifient chaque semaine les prestations \u00e0 court terme et chaque mois les d\u00e9cisions de recrutement \u00e0 plus long terme.<\/span><\/p><h3><b>Les outils de planification des capacit\u00e9s peuvent-ils s&rsquo;int\u00e9grer au suivi du temps ?  <\/b><\/h3><p><span style=\"font-weight: 400;\">Oui. De nombreux outils s&rsquo;int\u00e8grent aux syst\u00e8mes de suivi du temps ou de PSA pour combiner les efforts r\u00e9els avec les pr\u00e9visions futures. <\/span><\/p><h2><b>Sources d&rsquo;information<\/b><\/h2><p><span style=\"font-weight: 400;\">Atlassian : Aper\u00e7u de la planification des ressources<\/span><span style=\"font-weight: 400;\"><br><\/span><a href=\"https:\/\/www.atlassian.com\/work-management\/project-management\/resource-planning\" target=\"_blank\" rel=\"noopener\"><span style=\"font-weight: 400;\">https:\/\/www.atlassian.com\/work-management\/project-management\/resource-planning<\/span><\/a><\/p><p><span style=\"font-weight: 400;\">Deltek : Automatisation des services professionnels<\/span><span style=\"font-weight: 400;\"><br><\/span><a href=\"https:\/\/www.deltek.com\/en\/psa-software\" target=\"_blank\" rel=\"noopener\"><span style=\"font-weight: 400;\">https:\/\/www.deltek.com\/en\/psa-software<\/span><\/a><\/p><p><span style=\"font-weight: 400;\">Smartsheet : Planification des ressources et des capacit\u00e9s<\/span><span style=\"font-weight: 400;\"><br><\/span><a href=\"https:\/\/www.smartsheet.com\/resource-management-guide\" target=\"_blank\" rel=\"noopener\"><span style=\"font-weight: 400;\">https:\/\/www.smartsheet.com\/resource-management-guide<\/span><\/a><\/p><p><span style=\"font-weight: 400;\">Harvard Business Review : G\u00e9rer des \u00e9quipes de consultants<\/span><span style=\"font-weight: 400;\"><br><\/span><a href=\"https:\/\/hbr.org\/2018\/06\/managing-professional-services-firms\" target=\"_blank\" rel=\"noopener\"><span style=\"font-weight: 400;\">https:\/\/hbr.org\/2018\/06\/managing-professional-services-firms<\/span><\/a><\/p>\t\t\t\t\t\t\t\t<\/div>\n\t\t\t\t\t<\/div>\n\t\t\t\t<\/div>\n\t\t\t\t<\/div>\n\t\t","protected":false},"excerpt":{"rendered":"<p>Meilleur outil de planification des capacit\u00e9s pour les \u00e9quipes de consultants TL;DR Les \u00e9quipes de consultants sont confront\u00e9es \u00e0 des d\u00e9fis uniques en mati\u00e8re de planification des capacit\u00e9s : objectifs d&rsquo;utilisation facturables, demande fluctuante des clients et d\u00e9marrages\/arr\u00eats fr\u00e9quents des projets. Les meilleurs outils de planification des capacit\u00e9s pour les soci\u00e9t\u00e9s de conseil combinent des [&hellip;]<\/p>\n","protected":false},"author":12,"featured_media":0,"parent":0,"menu_order":0,"comment_status":"closed","ping_status":"closed","template":"","meta":{"footnotes":""},"class_list":["post-37374","page","type-page","status-publish","hentry"],"_links":{"self":[{"href":"https:\/\/teambookapp.com\/fr\/wp-json\/wp\/v2\/pages\/37374","targetHints":{"allow":["GET"]}}],"collection":[{"href":"https:\/\/teambookapp.com\/fr\/wp-json\/wp\/v2\/pages"}],"about":[{"href":"https:\/\/teambookapp.com\/fr\/wp-json\/wp\/v2\/types\/page"}],"author":[{"embeddable":true,"href":"https:\/\/teambookapp.com\/fr\/wp-json\/wp\/v2\/users\/12"}],"replies":[{"embeddable":true,"href":"https:\/\/teambookapp.com\/fr\/wp-json\/wp\/v2\/comments?post=37374"}],"version-history":[{"count":1,"href":"https:\/\/teambookapp.com\/fr\/wp-json\/wp\/v2\/pages\/37374\/revisions"}],"predecessor-version":[{"id":37375,"href":"https:\/\/teambookapp.com\/fr\/wp-json\/wp\/v2\/pages\/37374\/revisions\/37375"}],"wp:attachment":[{"href":"https:\/\/teambookapp.com\/fr\/wp-json\/wp\/v2\/media?parent=37374"}],"curies":[{"name":"wp","href":"https:\/\/api.w.org\/{rel}","templated":true}]}}