{"id":35470,"date":"2026-02-24T17:00:16","date_gmt":"2026-02-24T17:00:16","guid":{"rendered":"https:\/\/teambookapp.com\/confidentialite\/"},"modified":"2026-03-24T18:02:39","modified_gmt":"2026-03-24T18:02:39","slug":"confidentialite","status":"publish","type":"page","link":"https:\/\/teambookapp.com\/fr\/confidentialite\/","title":{"rendered":"Vie priv\u00e9e"},"content":{"rendered":"\t\t<div data-elementor-type=\"wp-page\" data-elementor-id=\"35470\" class=\"elementor elementor-35470 elementor-35028\" data-elementor-post-type=\"page\">\n\t\t\t\t<div class=\"elementor-element elementor-element-304c357 e-flex e-con-boxed e-con e-parent\" data-id=\"304c357\" data-element_type=\"container\" data-e-type=\"container\">\n\t\t\t\t\t<div class=\"e-con-inner\">\n\t\t\t\t<div class=\"elementor-element elementor-element-530b3c1 elementor-widget elementor-widget-heading\" data-id=\"530b3c1\" data-element_type=\"widget\" data-e-type=\"widget\" data-widget_type=\"heading.default\">\n\t\t\t\t\t<p class=\"elementor-heading-title elementor-size-default\">Date d'entr\u00e9e en vigueur : <em>1er janvier 2025<\/em><\/p>\t\t\t\t<\/div>\n\t\t\t\t<div class=\"elementor-element elementor-element-3673220 elementor-widget elementor-widget-heading\" data-id=\"3673220\" data-element_type=\"widget\" data-e-type=\"widget\" data-widget_type=\"heading.default\">\n\t\t\t\t\t<h1 class=\"elementor-heading-title elementor-size-default\">Politique de confidentialit\u00e9<\/h1>\t\t\t\t<\/div>\n\t\t\t\t<div class=\"elementor-element elementor-element-15da44e elementor-widget elementor-widget-text-editor\" data-id=\"15da44e\" data-element_type=\"widget\" data-e-type=\"widget\" data-widget_type=\"text-editor.default\">\n\t\t\t\t\t\t\t\t\t<div class=\"elementor-element elementor-element-8fc97c6 elementor-widget elementor-widget-text-editor\" data-id=\"8fc97c6\" data-element_type=\"widget\" data-e-type=\"widget\" data-widget_type=\"text-editor.default\"><div class=\"elementor-widget-container\"><p>Teambook peut p\u00e9riodiquement mettre \u00e0 jour la pr\u00e9sente politique de confidentialit\u00e9. Nous vous informerons des changements importants dans la mani\u00e8re dont nous traitons les informations personnelles en envoyant un avis \u00e0 l&rsquo;adresse \u00e9lectronique principale sp\u00e9cifi\u00e9e dans votre compte Teambook ou en pla\u00e7ant un avis bien visible sur notre site. <\/p><p>Bien que la pr\u00e9sente politique puisse \u00eatre traduite dans d&rsquo;autres langues et mise \u00e0 la disposition du public sur l&rsquo;internet, la version anglaise pr\u00e9vaut en cas de litige.<\/p><p>Si, \u00e0 tout moment, vous avez des questions ou des inqui\u00e9tudes concernant nos pratiques en mati\u00e8re de protection de la vie priv\u00e9e, n&rsquo;h\u00e9sitez pas \u00e0 nous contacter \u00e0 l&rsquo;adresse suivante <a href=\"mailto:privacy@teambookapp.com\">: privacy@teambookapp.com<\/a>.<\/p><\/div><\/div><div class=\"elementor-element elementor-element-d44fa62 elementor-widget elementor-widget-heading\" data-id=\"d44fa62\" data-element_type=\"widget\" data-e-type=\"widget\" data-widget_type=\"heading.default\"><div class=\"elementor-widget-container\"><h2 class=\"elementor-heading-title elementor-size-default\">Nos engagements en mati\u00e8re de protection de la vie priv\u00e9e<\/h2><\/div><\/div><div class=\"elementor-element elementor-element-86dca0f elementor-widget elementor-widget-text-editor\" data-id=\"86dca0f\" data-element_type=\"widget\" data-e-type=\"widget\" data-widget_type=\"text-editor.default\"><div class=\"elementor-widget-container\"><p>Teambook SA s&rsquo;engage \u00e0 prot\u00e9ger la vie priv\u00e9e de ses clients. La pr\u00e9sente politique de confidentialit\u00e9 d\u00e9crit les informations que nous recueillons et la mani\u00e8re dont nous pouvons les utiliser sur <a href=\"https:\/\/teambookapp.com\/fr\/\">www.teambookapp.com<\/a> ainsi que sur <a href=\"http:\/\/web.teambookapp.com\/\">web.teambookapp.com.<\/a> <\/p><p>Le maintien de la confidentialit\u00e9 de vos informations est d&rsquo;une importance capitale pour nous, car il contribue \u00e0 renforcer la confiance, la bonne volont\u00e9 et les relations avec vous, nos clients.<\/p><p>Nous nous engageons \u00e0 garantir que toutes les donn\u00e9es personnelles que nous d\u00e9tenons et traitons sont s\u00fbres et s\u00e9curis\u00e9es :<\/p><ol><li>ne pas vendre, \u00e9changer, louer ou partager vos informations personnelles avec des tiers<\/li><li>Supprimer automatiquement toute donn\u00e9e personnelle qui n&rsquo;est plus jug\u00e9e n\u00e9cessaire.  <\/li><li>Permettre aux utilisateurs et aux organisations de supprimer les donn\u00e9es personnelles qu&rsquo;ils contr\u00f4lent.<\/li><li>Permettre aux personnes concern\u00e9es d&rsquo;acc\u00e9der \u00e0 leurs donn\u00e9es \u00e0 caract\u00e8re personnel, si elles en font la demande.<\/li><li>Int\u00e9grer la notion de \u00ab\u00a0privacy by design\u00a0\u00bb (respect de la vie priv\u00e9e d\u00e8s la conception) dans le d\u00e9veloppement et l&rsquo;am\u00e9lioration des services de Teambook.  <\/li><li>D\u00e9signer un responsable de la protection de la vie priv\u00e9e<a href=\"mailto:privacy@teambookapp.com\">(privacy@teambookapp.com)<\/a> charg\u00e9 de superviser les questions relatives \u00e0 la protection de la vie priv\u00e9e.<\/li><li>R\u00e9viser r\u00e9guli\u00e8rement nos d\u00e9clarations de confidentialit\u00e9, l&rsquo;accord sur le traitement des donn\u00e9es, ainsi que la documentation et les processus internes.  <\/li><\/ol><\/div><\/div><div class=\"elementor-element elementor-element-6de421f elementor-widget elementor-widget-heading\" data-id=\"6de421f\" data-element_type=\"widget\" data-e-type=\"widget\" data-widget_type=\"heading.default\"><div class=\"elementor-widget-container\"><h2 class=\"elementor-heading-title elementor-size-default\">Le cadre juridique<\/h2><\/div><\/div><div class=\"elementor-element elementor-element-90a3227 elementor-widget elementor-widget-text-editor\" data-id=\"90a3227\" data-element_type=\"widget\" data-e-type=\"widget\" data-widget_type=\"text-editor.default\"><div class=\"elementor-widget-container\"><p>Teambook SA, en tant que soci\u00e9t\u00e9 suisse, reconna\u00eet que le traitement du Contenu Client peut \u00eatre soumis \u00e0 des obligations de secret officiel, professionnel et d&rsquo;autres obligations l\u00e9gales suisses (par exemple, Art. 320 et seqq. du Code p\u00e9nal suisse) (les \u00ab\u00a0Lois sur le secret\u00a0\u00bb). Teambook gardera le Contenu Client confidentiel aussi longtemps que l&rsquo;exigent ces Lois sur le secret (m\u00eame apr\u00e8s la dur\u00e9e du Contrat) et ne l&rsquo;utilisera que si cela est n\u00e9cessaire pour fournir les Services, et ne le divulguera \u00e0 aucun tiers, sauf si cela est n\u00e9cessaire pour se conformer aux instructions du Client, aux obligations du Contrat ou \u00e0 un ordre valide et contraignant d&rsquo;un organisme gouvernemental comp\u00e9tent (tel qu&rsquo;une citation \u00e0 compara\u00eetre, un mandat ou un ordre de la cour).   <\/p><\/div><\/div><div class=\"elementor-element elementor-element-2569d59 elementor-widget elementor-widget-heading\" data-id=\"2569d59\" data-element_type=\"widget\" data-e-type=\"widget\" data-widget_type=\"heading.default\"><div class=\"elementor-widget-container\"><h2 class=\"elementor-heading-title elementor-size-default\">Quelles sont les informations que nous recueillons et pourquoi ?<\/h2><\/div><\/div><div class=\"elementor-element elementor-element-41cc14d elementor-widget elementor-widget-text-editor\" data-id=\"41cc14d\" data-element_type=\"widget\" data-e-type=\"widget\" data-widget_type=\"text-editor.default\"><div class=\"elementor-widget-container\"><p>Lors d&rsquo;une visite sur le site web, vous pouvez choisir de nous fournir des informations personnelles, telles que votre nom, le nom de votre organisation, votre adresse \u00e9lectronique et un mot de passe, afin de cr\u00e9er une version d&rsquo;essai gratuite du service.<\/p><p>Lorsque vous choisissez de nous fournir votre adresse \u00e9lectronique, nous pouvons l&rsquo;utiliser pour r\u00e9pondre \u00e0 un message que vous nous avez envoy\u00e9. Nous pouvons \u00e9galement utiliser votre adresse \u00e9lectronique pour vous contacter de temps \u00e0 autre au sujet de mises \u00e0 jour ou d&rsquo;am\u00e9liorations du service Teambook ou de nos politiques, ou pour vous envoyer d&rsquo;autres informations susceptibles de vous int\u00e9resser. <\/p><p>\u200dLes informations que vous t\u00e9l\u00e9chargez lors de l&rsquo;utilisation du service peuvent inclure le nom, l&rsquo;adresse \u00e9lectronique, la photo de vous-m\u00eame ou de vos coll\u00e8gues ou employ\u00e9s. Ces informations sont affich\u00e9es aux utilisateurs de votre compte Teambook, y compris le propri\u00e9taire du compte, les administrateurs et les membres de l&rsquo;\u00e9quipe, ainsi que toute autre personne \u00e0 qui vous fournissez des identifiants de connexion. <\/p><p>Vous \u00eates responsable des donn\u00e9es que vous et les utilisateurs autoris\u00e9s par vous introduisez dans le service et de la conformit\u00e9 de ces donn\u00e9es avec le droit applicable, y compris, mais sans s&rsquo;y limiter, les lois sur la protection des donn\u00e9es.<\/p><p>Si vous choisissez de vous abonner pour utiliser le service, nous pouvons vous demander de fournir des informations sur votre carte de cr\u00e9dit et votre compte afin de traiter votre commande. Les informations financi\u00e8res fournies par l&rsquo;interm\u00e9diaire de notre site web sont transf\u00e9r\u00e9es via une connexion s\u00e9curis\u00e9e. Nous conservons un enregistrement de la transaction de paiement, y compris les quatre derniers chiffres du num\u00e9ro de la carte de cr\u00e9dit, \u00e0 des fins de facturation. Nous n&rsquo;autoriserons pas la divulgation de vos informations personnelles ou financi\u00e8res \u00e0 quiconque n&rsquo;est pas directement impliqu\u00e9 dans le traitement de la transaction. Ces informations peuvent \u00eatre crypt\u00e9es et stock\u00e9es \u00e0 des fins de journalisation conform\u00e9ment aux exigences r\u00e9glementaires applicables. Les num\u00e9ros de carte de cr\u00e9dit ne sont utilis\u00e9s que pour le traitement des paiements et ne sont pas utilis\u00e9s \u00e0 d&rsquo;autres fins.     <\/p><p>Dans le cadre du Service, nous faisons appel \u00e0 des sous-traitants tiers pour traiter tout ou partie de vos informations personnelles. Nos sous-traitants sont des fournisseurs de services en nuage, des services de livraison de courrier \u00e9lectronique, des services d&rsquo;analyse comportementale num\u00e9rique et des fournisseurs de logiciels d&rsquo;assistance. <\/p><\/div><\/div><div class=\"elementor-element elementor-element-34a1483 elementor-widget elementor-widget-heading\" data-id=\"34a1483\" data-element_type=\"widget\" data-e-type=\"widget\" data-widget_type=\"heading.default\"><div class=\"elementor-widget-container\"><h2 class=\"elementor-heading-title elementor-size-default\">Cookies<\/h2><\/div><\/div><div class=\"elementor-element elementor-element-80eacb2 elementor-widget elementor-widget-text-editor\" data-id=\"80eacb2\" data-element_type=\"widget\" data-e-type=\"widget\" data-widget_type=\"text-editor.default\"><div class=\"elementor-widget-container\"><p>Pour continuer \u00e0 am\u00e9liorer et \u00e0 fournir une exp\u00e9rience plus pertinente du site web et du service, nous et nos sous-traitants pouvons utiliser des \u00ab\u00a0cookies\u00a0\u00bb, des \u00ab\u00a0balises web\u00a0\u00bb et des dispositifs similaires pour suivre vos activit\u00e9s de mani\u00e8re anonyme.<\/p><p>Un cookie est une petite quantit\u00e9 de donn\u00e9es, qui comprend souvent un identifiant unique anonyme, envoy\u00e9 \u00e0 votre navigateur par les ordinateurs d&rsquo;un site web et stock\u00e9 sur le disque dur de votre ordinateur. Teambook peut installer des cookies Teambook sur votre ordinateur et y acc\u00e9der ; les cookies sont n\u00e9cessaires pour utiliser le service Teambook. <\/p><p>Nous n&rsquo;\u00e9tablissons pas de lien entre les informations que nous stockons dans les cookies et les informations personnelles identifiables que vous soumettez sur notre site.<\/p><p>Nous utilisons \u00e0 la fois des cookies de session et des cookies persistants. Nous utilisons des cookies de session pour faciliter votre navigation sur notre site. Un cookie d&rsquo;identification de session expire lorsque vous fermez votre navigateur. Un cookie persistant reste sur votre disque dur pendant une p\u00e9riode prolong\u00e9e. Vous pouvez supprimer les cookies persistants en suivant les instructions fournies dans le fichier d&rsquo;aide de votre navigateur Internet.    <\/p><p>Notez que l&rsquo;utilisation de cookies par des tiers n&rsquo;est pas couverte par notre d\u00e9claration de confidentialit\u00e9. Nous n&rsquo;avons ni acc\u00e8s ni contr\u00f4le sur ces cookies. Ces tiers utilisent des cookies d&rsquo;identification de session pour faciliter votre navigation sur notre site.  <\/p><p>Teambook fait appel \u00e0 des fournisseurs tiers et \u00e0 des partenaires d&rsquo;h\u00e9bergement pour fournir le mat\u00e9riel, les logiciels, le r\u00e9seau, le stockage et la technologie connexe n\u00e9cessaires au fonctionnement du service. Bien que Teambook soit propri\u00e9taire du code, des bases de donn\u00e9es et de tous les droits relatifs \u00e0 l&rsquo;application Teambook, vous conservez tous les droits sur vos donn\u00e9es. <\/p><p>Nous utilisons cookie-script.com comme plateforme de gestion du consentement. Dans la fen\u00eatre contextuelle qui s&rsquo;affiche lorsque vous naviguez sur notre site web et notre application, vous choisissez les cookies que vous souhaitez que nous utilisions. <\/p><\/div><\/div><div class=\"elementor-element elementor-element-96eb212 elementor-widget elementor-widget-heading\" data-id=\"96eb212\" data-element_type=\"widget\" data-e-type=\"widget\" data-widget_type=\"heading.default\"><div class=\"elementor-widget-container\"><h2 class=\"elementor-heading-title elementor-size-default\">Comment prot\u00e9geons-nous vos informations ?<\/h2><\/div><\/div><div class=\"elementor-element elementor-element-ef20cd9 elementor-widget elementor-widget-text-editor\" data-id=\"ef20cd9\" data-element_type=\"widget\" data-e-type=\"widget\" data-widget_type=\"text-editor.default\"><div class=\"elementor-widget-container\"><p>Nous suivons les normes industrielles g\u00e9n\u00e9ralement accept\u00e9es pour prot\u00e9ger les informations personnellement identifiables qui nous sont soumises, \u00e0 la fois pendant leur transmission et une fois que nous les avons re\u00e7ues. Toutefois, aucune m\u00e9thode de transmission sur l&rsquo;internet ou de stockage \u00e9lectronique n&rsquo;est s\u00fbre \u00e0 100 %. Par cons\u00e9quent, bien que nous nous efforcions d&rsquo;utiliser des moyens commercialement acceptables pour prot\u00e9ger vos informations personnelles, nous ne pouvons pas garantir leur s\u00e9curit\u00e9 absolue.  <\/p><p>Teambook n&rsquo;utilise qu&rsquo;un certificat SSL valide provenant des principaux fournisseurs de services et utilise le protocole Secure Sockets Layer (HTTPS), de sorte que l&rsquo;\u00e9change d&rsquo;informations entre vous et Teambook est crypt\u00e9, prend en charge le cryptage AES 256 bits et TLS 1.2 et le cryptage unidirectionnel de tous les mots de passe.<\/p><p>Notez que les mots de passe, lorsqu&rsquo;ils sont re\u00e7us par Teambook, sont stock\u00e9s sous forme de cha\u00eene non d\u00e9chiffr\u00e9e dans la base de donn\u00e9es, ce qui permet \u00e0 Teambook de comparer uniquement le mot de passe saisi par l&rsquo;utilisateur sur la page de connexion, mais ne permet pas de voir le mot de passe d\u00e9chiffr\u00e9.  <\/p><\/div><\/div><div class=\"elementor-element elementor-element-9fd5977 elementor-widget elementor-widget-heading\" data-id=\"9fd5977\" data-element_type=\"widget\" data-e-type=\"widget\" data-widget_type=\"heading.default\"><div class=\"elementor-widget-container\"><h2 class=\"elementor-heading-title elementor-size-default\">Notre politique de conservation<\/h2><\/div><\/div><div class=\"elementor-element elementor-element-b08fb6b elementor-widget elementor-widget-text-editor\" data-id=\"b08fb6b\" data-element_type=\"widget\" data-e-type=\"widget\" data-widget_type=\"text-editor.default\"><div class=\"elementor-widget-container\"><ul><li>En g\u00e9n\u00e9ral, si vous supprimez votre compte en tant que client (compte payant, compte d&rsquo;essai ou compte gratuit), toutes les donn\u00e9es contenues dans la base de donn\u00e9es de Teambook seront imm\u00e9diatement supprim\u00e9es.<\/li><li>Notez que Teambook surveille tous les comptes libres et inactifs ; en cas d&rsquo;inactivit\u00e9 pendant une p\u00e9riode de 90 jours, Teambook informera le propri\u00e9taire du compte par courrier \u00e9lectronique que le compte sera supprim\u00e9 parce qu&rsquo;il est inactif (et s&rsquo;il le reste !). Conform\u00e9ment au paragraphe pr\u00e9c\u00e9dent, toutes les donn\u00e9es contenues dans la base de donn\u00e9es de Teambook seront imm\u00e9diatement supprim\u00e9es avec la suppression du compte. <\/li><li>Les donn\u00e9es du compte stock\u00e9es dans un syst\u00e8me tiers (par exemple, le syst\u00e8me du service client\u00e8le) seront supprim\u00e9es dans les 90 jours suivant la suppression du compte.<\/li><li>Dans Teambook, lorsqu&rsquo;un utilisateur ou un projet est supprim\u00e9, les donn\u00e9es de la base de donn\u00e9es correspondante sont imm\u00e9diatement supprim\u00e9es.<\/li><li>Notez que la base de donn\u00e9es de Teambook est automatiquement sauvegard\u00e9e quotidiennement par notre fournisseur de cloud ; les fichiers de sauvegarde sont syst\u00e9matiquement supprim\u00e9s apr\u00e8s une semaine.<\/li><li>Enfin, les journaux d&rsquo;\u00e9v\u00e9nements ne conserveront que les \u00e9v\u00e9nements des 90 derniers jours.<\/li><\/ul><\/div><\/div><div class=\"elementor-element elementor-element-af1b918 elementor-widget elementor-widget-heading\" data-id=\"af1b918\" data-element_type=\"widget\" data-e-type=\"widget\" data-widget_type=\"heading.default\"><div class=\"elementor-widget-container\"><h2 class=\"elementor-heading-title elementor-size-default\">Vos droits<\/h2><\/div><\/div><div class=\"elementor-element elementor-element-699feef elementor-widget elementor-widget-text-editor\" data-id=\"699feef\" data-element_type=\"widget\" data-e-type=\"widget\" data-widget_type=\"text-editor.default\"><div class=\"elementor-widget-container\"><p><strong>\u200dLe<\/strong>r\u00e8glement g\u00e9n\u00e9ral sur la protection des donn\u00e9es (RGPD) de l&rsquo;Union europ\u00e9enne a introduit de nouvelles lois sur la protection de la vie priv\u00e9e qui ont un impact sur vos droits et nos pratiques en mati\u00e8re de stockage et de protection de vos donn\u00e9es. Vos droits comprennent : <\/p><ul><li><strong>Droit \u00e0 la portabilit\u00e9 des donn\u00e9es :<\/strong> Nous vous proposons un certain nombre de moyens d&rsquo;exporter vos donn\u00e9es, \u00e0 la fois au format CSV et au format API.<\/li><li><strong>Droit d&rsquo;opposition et droit de rectification :<\/strong> Toutes vos donn\u00e9es personnelles disponibles peuvent \u00eatre consult\u00e9es et modifi\u00e9es \u00e0 tout moment via notre application web ou notre API. Vous pouvez \u00e9galement vous d\u00e9sinscrire de nos e-mails marketing en suivant le lien de d\u00e9sinscription figurant au bas du message. Si vous n&rsquo;\u00eates pas s\u00fbr du type ou de l&rsquo;exactitude des donn\u00e9es personnelles que nous avons stock\u00e9es, vous pouvez nous envoyer un courriel \u00e0 <a href=\"mailto:privacy@teambookapp.com\">privacy@teambookapp.com<\/a> et nous clarifierons et, si n\u00e9cessaire, corrigerons.  <\/li><li><strong>Droit \u00e0 l&rsquo;effacement :<\/strong> Le propri\u00e9taire du compte peut \u00e0 tout moment supprimer votre compte \u00e0 partir des param\u00e8tres du compte. Tous vos contenus seront supprim\u00e9s de nos serveurs dans un d\u00e9lai de 30 jours. Les donn\u00e9es relatives aux personnes et aux projets peuvent \u00e9galement \u00eatre supprim\u00e9es \u00e0 tout moment \u00e0 partir de l&rsquo;application ou via notre API.  <\/li><li><strong>Notification rapide des violations :<\/strong> Vous serez inform\u00e9 rapidement des violations de vos donn\u00e9es personnelles conform\u00e9ment aux exigences du GDPR d\u00e9crites dans l&rsquo;Art. 34.<\/li><li><strong>\u200dVous<\/strong>avez \u00e9galement le droit de d\u00e9poser une <strong>plainte au titre du GDPR<\/strong> aupr\u00e8s de l&rsquo;<a href=\"http:\/\/ec.europa.eu\/justice\/data-protection\/bodies\/authorities\/index_en.htm\" target=\"_blank\" rel=\"noopener\">autorit\u00e9 de surveillance comp\u00e9tente<\/a>.<\/li><\/ul><\/div><\/div><div class=\"elementor-element elementor-element-061ef84 elementor-widget elementor-widget-heading\" data-id=\"061ef84\" data-element_type=\"widget\" data-e-type=\"widget\" data-widget_type=\"heading.default\"><div class=\"elementor-widget-container\"><h2 class=\"elementor-heading-title elementor-size-default\">Que faire si j&rsquo;ai besoin de plus d&rsquo;informations ou si j&rsquo;ai une demande sp\u00e9ciale ?<\/h2><\/div><\/div><div class=\"elementor-element elementor-element-292174f elementor-widget elementor-widget-text-editor\" data-id=\"292174f\" data-element_type=\"widget\" data-e-type=\"widget\" data-widget_type=\"text-editor.default\"><div class=\"elementor-widget-container\"><p>Nous recherchons en permanence des moyens de renforcer nos pratiques en mati\u00e8re de protection de la vie priv\u00e9e et d&rsquo;am\u00e9liorer nos processus. Si vous \u00eates un client ou un partenaire de Teambook et que vous avez des commentaires, des pr\u00e9occupations ou une demande sp\u00e9ciale concernant la protection de la vie priv\u00e9e, veuillez contacter notre responsable de la protection de la vie priv\u00e9e \u00e0 l&rsquo;adresse <a href=\"mailto:privacy@teambookapp.com\">suivante : privacy@teambookapp.com<\/a>. <\/p><\/div><\/div>\t\t\t\t\t\t\t\t<\/div>\n\t\t\t\t\t<\/div>\n\t\t\t\t<\/div>\n\t\t<div class=\"elementor-element elementor-element-d7a2b7f e-flex e-con-boxed e-con e-parent\" data-id=\"d7a2b7f\" data-element_type=\"container\" data-e-type=\"container\">\n\t\t\t\t\t<div class=\"e-con-inner\">\n\t\t<div class=\"elementor-element elementor-element-1eee7b7 e-con-full animated-fast e-flex elementor-invisible e-con e-child\" data-id=\"1eee7b7\" data-element_type=\"container\" data-e-type=\"container\" data-settings=\"{&quot;background_background&quot;:&quot;classic&quot;,&quot;animation_delay&quot;:100,&quot;animation&quot;:&quot;fadeInUp&quot;}\">\n\t\t\t\t<div class=\"elementor-element elementor-element-88289d8 elementor-widget__width-initial elementor-widget elementor-widget-heading\" data-id=\"88289d8\" data-element_type=\"widget\" data-e-type=\"widget\" data-widget_type=\"heading.default\">\n\t\t\t\t\t<h2 class=\"elementor-heading-title elementor-size-default\">Rejoignez des \u00e9quipes qui planifient les ressources d'un projet de mani\u00e8re plus intelligente<\/h2>\t\t\t\t<\/div>\n\t\t\t\t<div class=\"elementor-element elementor-element-3bed869 elementor-widget elementor-widget-heading\" data-id=\"3bed869\" data-element_type=\"widget\" data-e-type=\"widget\" data-widget_type=\"heading.default\">\n\t\t\t\t\t<div class=\"elementor-heading-title elementor-size-default\"><div class=\"trust-badges\" style=\"display: flex;flex-wrap: wrap;gap: 10px;justify-content: center\">\n  <div style=\"display: flex !important;align-items: end;gap: 5px !important\">H\u00e9berg\u00e9 dans l'UE  <img decoding=\"async\" src=\"\/wp-content\/uploads\/2026\/02\/flag-for-european-union_1f1ea-1f1fa-1.png\" width=\"20\" height=\"20\" alt=\"Drapeau de l&#039;UE\" style=\"margin-bottom: -2px\" title=\"\"><\/div>\n  <div style=\"display: flex !important;align-items: center;gap: 5px !important\">Conforme au GDPR  <img decoding=\"async\" src=\"\/wp-content\/uploads\/2026\/02\/shield_1f6e1.png\" width=\"18\" height=\"20\" alt=\"Bouclier\" title=\"\"><\/div>\n  <div style=\"display: flex;align-items: end;gap: 5px\">Fabriqu\u00e9 en Suisse  <img decoding=\"async\" src=\"\/wp-content\/uploads\/2026\/02\/flag-for-switzerland_1f1e8-1f1ed-1.png\" width=\"20\" height=\"20\" alt=\"Drapeau suisse\" style=\"margin-bottom: -2px\" title=\"\"><\/div>\n<\/div><\/div>\t\t\t\t<\/div>\n\t\t<div class=\"elementor-element elementor-element-2150ab1 e-con-full e-flex e-con e-child\" data-id=\"2150ab1\" data-element_type=\"container\" data-e-type=\"container\">\n\t\t\t\t<div class=\"elementor-element elementor-element-3766ead elementor-align-justify elementor-widget-mobile__width-initial elementor-widget__width-initial elementor-widget elementor-widget-button\" data-id=\"3766ead\" data-element_type=\"widget\" data-e-type=\"widget\" data-widget_type=\"button.default\">\n\t\t\t\t\t\t\t\t\t\t<a class=\"elementor-button elementor-button-link elementor-size-sm\" href=\"https:\/\/web.teambookapp.com\/register\/en\/\">\n\t\t\t\t\t\t<span class=\"elementor-button-content-wrapper\">\n\t\t\t\t\t\t\t\t\t<span class=\"elementor-button-text\">Essai gratuit<\/span>\n\t\t\t\t\t<\/span>\n\t\t\t\t\t<\/a>\n\t\t\t\t\t\t\t\t<\/div>\n\t\t\t\t<div class=\"elementor-element elementor-element-7b00b13 elementor-widget elementor-widget-heading\" data-id=\"7b00b13\" data-element_type=\"widget\" data-e-type=\"widget\" data-widget_type=\"heading.default\">\n\t\t\t\t\t<p class=\"elementor-heading-title elementor-size-default\">Aucune carte de cr\u00e9dit n'est requise<\/p>\t\t\t\t<\/div>\n\t\t\t\t<\/div>\n\t\t\t\t<\/div>\n\t\t\t\t\t<\/div>\n\t\t\t\t<\/div>\n\t\t\t\t<\/div>\n\t\t","protected":false},"excerpt":{"rendered":"<p>Date d&rsquo;entr\u00e9e en vigueur : 1er janvier 2025 Politique de confidentialit\u00e9 Teambook peut p\u00e9riodiquement mettre \u00e0 jour la pr\u00e9sente politique de confidentialit\u00e9. Nous vous informerons des changements importants dans la mani\u00e8re dont nous traitons les informations personnelles en envoyant un avis \u00e0 l&rsquo;adresse \u00e9lectronique principale sp\u00e9cifi\u00e9e dans votre compte Teambook ou en pla\u00e7ant un avis [&hellip;]<\/p>\n","protected":false},"author":1,"featured_media":0,"parent":0,"menu_order":0,"comment_status":"closed","ping_status":"closed","template":"","meta":{"footnotes":""},"class_list":["post-35470","page","type-page","status-publish","hentry"],"_links":{"self":[{"href":"https:\/\/teambookapp.com\/fr\/wp-json\/wp\/v2\/pages\/35470","targetHints":{"allow":["GET"]}}],"collection":[{"href":"https:\/\/teambookapp.com\/fr\/wp-json\/wp\/v2\/pages"}],"about":[{"href":"https:\/\/teambookapp.com\/fr\/wp-json\/wp\/v2\/types\/page"}],"author":[{"embeddable":true,"href":"https:\/\/teambookapp.com\/fr\/wp-json\/wp\/v2\/users\/1"}],"replies":[{"embeddable":true,"href":"https:\/\/teambookapp.com\/fr\/wp-json\/wp\/v2\/comments?post=35470"}],"version-history":[{"count":4,"href":"https:\/\/teambookapp.com\/fr\/wp-json\/wp\/v2\/pages\/35470\/revisions"}],"predecessor-version":[{"id":37112,"href":"https:\/\/teambookapp.com\/fr\/wp-json\/wp\/v2\/pages\/35470\/revisions\/37112"}],"wp:attachment":[{"href":"https:\/\/teambookapp.com\/fr\/wp-json\/wp\/v2\/media?parent=35470"}],"curies":[{"name":"wp","href":"https:\/\/api.w.org\/{rel}","templated":true}]}}