{"id":34077,"date":"2026-02-07T15:16:56","date_gmt":"2026-02-07T15:16:56","guid":{"rendered":"https:\/\/teambookapp.com\/a-propos\/"},"modified":"2026-03-12T10:15:10","modified_gmt":"2026-03-12T10:15:10","slug":"a-propos","status":"publish","type":"page","link":"https:\/\/teambookapp.com\/fr\/a-propos\/","title":{"rendered":"A propos de"},"content":{"rendered":"\t\t<div data-elementor-type=\"wp-page\" data-elementor-id=\"34077\" class=\"elementor elementor-34077 elementor-1189\" data-elementor-post-type=\"page\">\n\t\t\t\t<div class=\"elementor-element elementor-element-61f9f31 e-flex e-con-boxed e-con e-parent\" data-id=\"61f9f31\" data-element_type=\"container\" data-e-type=\"container\" data-settings=\"{&quot;background_background&quot;:&quot;classic&quot;}\">\n\t\t\t\t\t<div class=\"e-con-inner\">\n\t\t\t\t<div class=\"elementor-element elementor-element-a0bf641 elementor-widget__width-initial animated-fast elementor-invisible elementor-widget elementor-widget-heading\" data-id=\"a0bf641\" data-element_type=\"widget\" data-e-type=\"widget\" data-settings=\"{&quot;_animation_delay&quot;:50,&quot;_animation&quot;:&quot;fadeInUp&quot;}\" data-widget_type=\"heading.default\">\n\t\t\t\t\t<h1 class=\"elementor-heading-title elementor-size-default\">Construit par des personnes qui comprennent le probl\u00e8me<\/h1>\t\t\t\t<\/div>\n\t\t\t\t<div class=\"elementor-element elementor-element-be2afb3 elementor-widget__width-initial animated-fast elementor-invisible elementor-widget elementor-widget-heading\" data-id=\"be2afb3\" data-element_type=\"widget\" data-e-type=\"widget\" data-settings=\"{&quot;_animation_delay&quot;:150,&quot;_animation&quot;:&quot;fadeInUp&quot;}\" data-widget_type=\"heading.default\">\n\t\t\t\t\t<p class=\"elementor-heading-title elementor-size-default\">Teambook est n\u00e9 du chaos en mati\u00e8re d'emploi du temps que nous avons nous-m\u00eames connu. Aujourd'hui, nous aidons des milliers d'\u00e9quipes \u00e0 planifier et \u00e0 g\u00e9rer le temps de leurs collaborateurs avec clart\u00e9. <\/p>\t\t\t\t<\/div>\n\t\t<div class=\"elementor-element elementor-element-c53d017 e-con-full animated-fast e-flex elementor-invisible e-con e-child\" data-id=\"c53d017\" data-element_type=\"container\" data-e-type=\"container\" data-settings=\"{&quot;background_background&quot;:&quot;classic&quot;,&quot;animation_delay&quot;:220,&quot;animation&quot;:&quot;fadeInUp&quot;}\">\n\t\t\t\t<div class=\"elementor-element elementor-element-a44e2e7 ui-e-counter-odometer ui-e-align-center elementor-widget elementor-widget-uicore-counter\" data-id=\"a44e2e7\" data-element_type=\"widget\" data-e-type=\"widget\" data-settings=\"{&quot;count_end&quot;:17000,&quot;counter_separator&quot;:&quot;,&quot;,&quot;counter_suffix&quot;:&quot;+&quot;,&quot;counter_animation&quot;:&quot;odometer&quot;,&quot;duration&quot;:1.5,&quot;count_start&quot;:11111,&quot;use_grouping&quot;:&quot;true&quot;,&quot;decimal_places&quot;:0}\" data-widget_type=\"uicore-counter.default\">\n\t\t\t\t<div class=\"elementor-widget-container\">\n\t\t\t\t\t <div class=\"ui-e-wrp\"> <p class=\"ui-e-num\"><span class=\"ui-e-prefix\"><\/span><span class=\"value\"> 0 <\/span><span class=\"ui-e-suffix\">+<\/span><\/p><p class=\"ui-e-title\">Utilisateurs<\/p> <\/div> \t\t\t\t<\/div>\n\t\t\t\t<\/div>\n\t\t\t\t<div class=\"elementor-element elementor-element-58b7cf0 ui-e-counter-odometer ui-e-align-center elementor-widget elementor-widget-uicore-counter\" data-id=\"58b7cf0\" data-element_type=\"widget\" data-e-type=\"widget\" data-settings=\"{&quot;count_end&quot;:59000,&quot;counter_separator&quot;:&quot;,&quot;,&quot;counter_suffix&quot;:&quot;+&quot;,&quot;counter_animation&quot;:&quot;odometer&quot;,&quot;duration&quot;:1.5,&quot;count_start&quot;:11111,&quot;use_grouping&quot;:&quot;true&quot;,&quot;decimal_places&quot;:0}\" data-widget_type=\"uicore-counter.default\">\n\t\t\t\t<div class=\"elementor-widget-container\">\n\t\t\t\t\t <div class=\"ui-e-wrp\"> <p class=\"ui-e-num\"><span class=\"ui-e-prefix\"><\/span><span class=\"value\"> 0 <\/span><span class=\"ui-e-suffix\">+<\/span><\/p><p class=\"ui-e-title\">Projets g\u00e9r\u00e9s<\/p> <\/div> \t\t\t\t<\/div>\n\t\t\t\t<\/div>\n\t\t\t\t<div class=\"elementor-element elementor-element-5e6d1e7 ui-e-counter-odometer ui-e-align-center elementor-widget elementor-widget-uicore-counter\" data-id=\"5e6d1e7\" data-element_type=\"widget\" data-e-type=\"widget\" data-settings=\"{&quot;count_end&quot;:4000000,&quot;counter_separator&quot;:&quot;,&quot;,&quot;counter_suffix&quot;:&quot;+&quot;,&quot;counter_animation&quot;:&quot;odometer&quot;,&quot;duration&quot;:1.5,&quot;count_start&quot;:1234567,&quot;use_grouping&quot;:&quot;true&quot;,&quot;decimal_places&quot;:0}\" data-widget_type=\"uicore-counter.default\">\n\t\t\t\t<div class=\"elementor-widget-container\">\n\t\t\t\t\t <div class=\"ui-e-wrp\"> <p class=\"ui-e-num\"><span class=\"ui-e-prefix\"><\/span><span class=\"value\"> 0 <\/span><span class=\"ui-e-suffix\">+<\/span><\/p><p class=\"ui-e-title\">R\u00e9servations cr\u00e9\u00e9es<\/p> <\/div> \t\t\t\t<\/div>\n\t\t\t\t<\/div>\n\t\t\t\t<\/div>\n\t\t<div class=\"elementor-element elementor-element-5a1b7ad e-con-full animated-fast e-flex elementor-invisible e-con e-child\" data-id=\"5a1b7ad\" data-element_type=\"container\" data-e-type=\"container\" data-settings=\"{&quot;animation_delay&quot;:100,&quot;animation&quot;:&quot;fadeInUp&quot;}\">\n\t\t<div class=\"elementor-element elementor-element-b8ef1f8 e-con-full e-flex e-con e-child\" data-id=\"b8ef1f8\" data-element_type=\"container\" data-e-type=\"container\">\n\t\t\t\t<div class=\"elementor-element elementor-element-680831e elementor-widget elementor-widget-heading\" data-id=\"680831e\" data-element_type=\"widget\" data-e-type=\"widget\" data-widget_type=\"heading.default\">\n\t\t\t\t\t<h2 class=\"elementor-heading-title elementor-size-default\">Nous avons cr\u00e9\u00e9 Teambook parce que nous en avions besoin<\/h2>\t\t\t\t<\/div>\n\t\t\t\t<\/div>\n\t\t\t\t<div class=\"elementor-element elementor-element-78f75f0 elementor-widget__width-initial elementor-hidden-mobile elementor-widget elementor-widget-image\" data-id=\"78f75f0\" data-element_type=\"widget\" data-e-type=\"widget\" data-widget_type=\"image.default\">\n\t\t\t\t\t\t\t\t\t\t\t\t\t\t\t<img decoding=\"async\" width=\"1\" height=\"608\" src=\"https:\/\/teambookapp.com\/wp-content\/uploads\/2026\/01\/Pain-Points-Container.svg\" class=\"attachment-large size-large wp-image-33834\" alt=\"\" title=\"\">\t\t\t\t\t\t\t\t\t\t\t\t\t\t\t<\/div>\n\t\t<div class=\"elementor-element elementor-element-89e8837 e-con-full e-flex e-con e-child\" data-id=\"89e8837\" data-element_type=\"container\" data-e-type=\"container\">\n\t\t<div class=\"elementor-element elementor-element-40e8d59 e-con-full e-flex e-con e-child\" data-id=\"40e8d59\" data-element_type=\"container\" data-e-type=\"container\">\n\t\t\t\t<div class=\"elementor-element elementor-element-1e63e6e elementor-widget elementor-widget-heading\" data-id=\"1e63e6e\" data-element_type=\"widget\" data-e-type=\"widget\" data-widget_type=\"heading.default\">\n\t\t\t\t\t<p class=\"elementor-heading-title elementor-size-default\">Notre Histoire<\/p>\t\t\t\t<\/div>\n\t\t\t\t<div class=\"elementor-element elementor-element-b57c6f0 elementor-widget elementor-widget-heading\" data-id=\"b57c6f0\" data-element_type=\"widget\" data-e-type=\"widget\" data-widget_type=\"heading.default\">\n\t\t\t\t\t<p class=\"elementor-heading-title elementor-size-default\">Notre histoire a commenc\u00e9 en 2013 lorsque, en tant que soci\u00e9t\u00e9 de conseil prosp\u00e8re et en pleine croissance, nous avons rencontr\u00e9 des difficult\u00e9s de planification avec notre \u00e9quipe de 50 consultants.\n\n<br>Les planificateurs et les chefs de projet \u00e9taient r\u00e9guli\u00e8rement confront\u00e9s \u00e0 la pression des clients \u00e0 la recherche de consultants disponibles et traitaient continuellement les demandes des membres de l'\u00e9quipe telles que les cong\u00e9s.<br><br><br>Dans l'\u00e8re de l'imm\u00e9diatet\u00e9 et de l'optimisation dans laquelle nous vivons aujourd'hui, la planification en temps r\u00e9el et l'efficacit\u00e9 ne sont plus une option - c'est la raison pour laquelle nous avons cr\u00e9\u00e9 Teambook.<\/p>\t\t\t\t<\/div>\n\t\t\t\t<\/div>\n\t\t\t\t<div class=\"elementor-element elementor-element-7efd707 elementor-widget-mobile__width-inherit elementor-hidden-widescreen elementor-hidden-desktop elementor-hidden-laptop elementor-hidden-tablet_extra elementor-hidden-tablet elementor-hidden-mobile_extra elementor-widget elementor-widget-image\" data-id=\"7efd707\" data-element_type=\"widget\" data-e-type=\"widget\" data-widget_type=\"image.default\">\n\t\t\t\t\t\t\t\t\t\t\t\t\t\t\t<img decoding=\"async\" width=\"800\" height=\"2\" src=\"https:\/\/teambookapp.com\/wp-content\/uploads\/2026\/01\/Pain-Points-Container-1024x3.avif\" class=\"attachment-large size-large wp-image-33835\" alt=\"\" srcset=\"https:\/\/teambookapp.com\/wp-content\/uploads\/2026\/01\/Pain-Points-Container-1024x3.avif 1024w, https:\/\/teambookapp.com\/wp-content\/uploads\/2026\/01\/Pain-Points-Container-300x1.avif 300w, https:\/\/teambookapp.com\/wp-content\/uploads\/2026\/01\/Pain-Points-Container-768x2.avif 768w, https:\/\/teambookapp.com\/wp-content\/uploads\/2026\/01\/Pain-Points-Container-1536x4.avif 1536w, https:\/\/teambookapp.com\/wp-content\/uploads\/2026\/01\/Pain-Points-Container-2048x6.avif 2048w\" sizes=\"(max-width: 800px) 100vw, 800px\" title=\"\">\t\t\t\t\t\t\t\t\t\t\t\t\t\t\t<\/div>\n\t\t\t\t<\/div>\n\t\t\t\t<\/div>\n\t\t\t\t\t<\/div>\n\t\t\t\t<\/div>\n\t\t<div class=\"elementor-element elementor-element-953f50c e-flex e-con-boxed e-con e-parent\" data-id=\"953f50c\" data-element_type=\"container\" data-e-type=\"container\">\n\t\t\t\t\t<div class=\"e-con-inner\">\n\t\t<div class=\"elementor-element elementor-element-8e425eb e-con-full animated-fast e-flex elementor-invisible e-con e-child\" data-id=\"8e425eb\" data-element_type=\"container\" data-e-type=\"container\" data-settings=\"{&quot;background_background&quot;:&quot;classic&quot;,&quot;animation_delay&quot;:100,&quot;animation&quot;:&quot;fadeInUp&quot;}\">\n\t\t\t\t<div class=\"elementor-element elementor-element-20bc7fb elementor-widget__width-initial elementor-widget elementor-widget-heading\" data-id=\"20bc7fb\" data-element_type=\"widget\" data-e-type=\"widget\" data-widget_type=\"heading.default\">\n\t\t\t\t\t<h2 class=\"elementor-heading-title elementor-size-default\">Fabriqu\u00e9 en Suisse, \nh\u00e9berg\u00e9 en Europe<\/h2>\t\t\t\t<\/div>\n\t\t\t\t<div class=\"elementor-element elementor-element-d9c0d52 elementor-widget__width-initial elementor-absolute elementor-hidden-tablet elementor-hidden-mobile_extra elementor-hidden-mobile elementor-widget elementor-widget-image\" data-id=\"d9c0d52\" data-element_type=\"widget\" data-e-type=\"widget\" data-settings=\"{&quot;_position&quot;:&quot;absolute&quot;}\" data-widget_type=\"image.default\">\n\t\t\t\t\t\t\t\t\t\t\t\t\t\t\t<img fetchpriority=\"high\" decoding=\"async\" width=\"717\" height=\"510\" src=\"https:\/\/teambookapp.com\/wp-content\/uploads\/2026\/01\/6-Multi-projects-cropped.svg\" class=\"attachment-large size-large wp-image-33836\" alt=\"\" title=\"\">\t\t\t\t\t\t\t\t\t\t\t\t\t\t\t<\/div>\n\t\t<div class=\"elementor-element elementor-element-e20a225 e-con-full e-flex e-con e-child\" data-id=\"e20a225\" data-element_type=\"container\" data-e-type=\"container\">\n\t\t<div class=\"elementor-element elementor-element-6927443 e-con-full e-flex e-con e-child\" data-id=\"6927443\" data-element_type=\"container\" data-e-type=\"container\">\n\t\t<div class=\"elementor-element elementor-element-576cb3a e-con-full e-flex e-con e-child\" data-id=\"576cb3a\" data-element_type=\"container\" data-e-type=\"container\">\n\t\t\t\t<div class=\"elementor-element elementor-element-d68d6bb elementor-widget elementor-widget-heading\" data-id=\"d68d6bb\" data-element_type=\"widget\" data-e-type=\"widget\" data-widget_type=\"heading.default\">\n\t\t\t\t\t<p class=\"elementor-heading-title elementor-size-default\">Les diff\u00e9rences de Teambook<\/p>\t\t\t\t<\/div>\n\t\t\t\t<div class=\"elementor-element elementor-element-6b0b7dc elementor-widget elementor-widget-heading\" data-id=\"6b0b7dc\" data-element_type=\"widget\" data-e-type=\"widget\" data-widget_type=\"heading.default\">\n\t\t\t\t\t<p class=\"elementor-heading-title elementor-size-default\">Teambook est con\u00e7u et d\u00e9velopp\u00e9 en Suisse. Ce n'est pas qu'une simple \u00e9tiquette - cela fa\u00e7onne notre fa\u00e7on de travailler.\nLa tradition suisse en mati\u00e8re de design est synonyme de clart\u00e9 plut\u00f4t que d'encombrement.   \n<br><br>Nous avons supprim\u00e9 tout ce qui n'\u00e9tait pas essentiel, afin que les informations importantes soient toujours \u00e0 port\u00e9e de main. Le r\u00e9sultat est un outil qui semble intuitif d\u00e8s le premier jour. \n<br><br>\u00catre suisse, c'est aussi prendre les donn\u00e9es au s\u00e9rieux. Vos informations restent en Europe, sur une infrastructure s\u00e9curis\u00e9e, conforme au GDPR. Nous ne l\u00e9sinons pas sur la confidentialit\u00e9 ou la s\u00e9curit\u00e9.  <\/p>\t\t\t\t<\/div>\n\t\t\t\t<\/div>\n\t\t\t\t<\/div>\n\t\t\t\t<\/div>\n\t\t\t\t<\/div>\n\t\t\t\t\t<\/div>\n\t\t\t\t<\/div>\n\t\t<div class=\"elementor-element elementor-element-5eae8ce e-flex e-con-boxed e-con e-parent\" data-id=\"5eae8ce\" data-element_type=\"container\" data-e-type=\"container\">\n\t\t\t\t\t<div class=\"e-con-inner\">\n\t\t<div class=\"elementor-element elementor-element-ce81a0d e-con-full animated-fast e-flex elementor-invisible e-con e-child\" data-id=\"ce81a0d\" data-element_type=\"container\" data-e-type=\"container\" data-settings=\"{&quot;background_background&quot;:&quot;classic&quot;,&quot;animation_delay&quot;:75,&quot;animation&quot;:&quot;fadeInUp&quot;}\">\n\t\t<div class=\"elementor-element elementor-element-259c193 e-con-full e-flex e-con e-child\" data-id=\"259c193\" data-element_type=\"container\" data-e-type=\"container\">\n\t\t\t\t<div class=\"elementor-element elementor-element-ea47447 elementor-widget elementor-widget-heading\" data-id=\"ea47447\" data-element_type=\"widget\" data-e-type=\"widget\" data-widget_type=\"heading.default\">\n\t\t\t\t\t<p class=\"elementor-heading-title elementor-size-default\">Notre mission<\/p>\t\t\t\t<\/div>\n\t\t\t\t<div class=\"elementor-element elementor-element-c6cbf95 elementor-widget elementor-widget-heading\" data-id=\"c6cbf95\" data-element_type=\"widget\" data-e-type=\"widget\" data-widget_type=\"heading.default\">\n\t\t\t\t\t<p class=\"elementor-heading-title elementor-size-default\">Redonner du temps aux \u00e9quipes<\/p>\t\t\t\t<\/div>\n\t\t\t\t<div class=\"elementor-element elementor-element-da6c1d9 elementor-widget elementor-widget-heading\" data-id=\"da6c1d9\" data-element_type=\"widget\" data-e-type=\"widget\" data-widget_type=\"heading.default\">\n\t\t\t\t\t<p class=\"elementor-heading-title elementor-size-default\">Teambook a pour but d'all\u00e9ger vos probl\u00e8mes de gestion des ressources de projet et de vous permettre de garder le pouls de votre entreprise.\n<br><br>Dans le secteur des services professionnels, l'expression \"le temps c'est de l'argent\" prend tout son sens et guide notre objectif qui est de vous aider \u00e0 devenir plus efficace. Comment? En vous redonnant du temps pour que vous puissiez vous concentrer sur le d\u00e9veloppement de votre entreprise. Nous comprenons vos difficult\u00e9s, car nous en avons fait l'exp\u00e9rience, et nous travaillons avec passion pour que vous puissiez atteindre le succ\u00e8s.<\/p>\t\t\t\t<\/div>\n\t\t\t\t<\/div>\n\t\t\t\t<div class=\"elementor-element elementor-element-2a71ac1 elementor-widget__width-initial elementor-widget elementor-widget-image\" data-id=\"2a71ac1\" data-element_type=\"widget\" data-e-type=\"widget\" data-widget_type=\"image.default\">\n\t\t\t\t\t\t\t\t\t\t\t\t\t\t\t<img loading=\"lazy\" decoding=\"async\" width=\"341\" height=\"320\" src=\"https:\/\/teambookapp.com\/wp-content\/uploads\/2026\/02\/11-ill4-1.svg\" class=\"attachment-large size-large wp-image-33724\" alt=\"\" title=\"\">\t\t\t\t\t\t\t\t\t\t\t\t\t\t\t<\/div>\n\t\t\t\t<\/div>\n\t\t<div class=\"elementor-element elementor-element-5aebf8e e-con-full animated-fast e-flex elementor-invisible e-con e-child\" data-id=\"5aebf8e\" data-element_type=\"container\" data-e-type=\"container\" data-settings=\"{&quot;animation_delay&quot;:150,&quot;animation&quot;:&quot;fadeInUp&quot;}\">\n\t\t\t\t<div class=\"elementor-element elementor-element-dfeaf81 elementor-widget elementor-widget-heading\" data-id=\"dfeaf81\" data-element_type=\"widget\" data-e-type=\"widget\" data-widget_type=\"heading.default\">\n\t\t\t\t\t<p class=\"elementor-heading-title elementor-size-default\">Nos valeurs et nos engagements<\/p>\t\t\t\t<\/div>\n\t\t\t\t<div class=\"elementor-element elementor-element-6cf696f elementor-widget elementor-widget-icon-box\" data-id=\"6cf696f\" data-element_type=\"widget\" data-e-type=\"widget\" data-widget_type=\"icon-box.default\">\n\t\t\t\t\t\t\t<div class=\"elementor-icon-box-wrapper\">\n\n\t\t\t\n\t\t\t\t\t\t<div class=\"elementor-icon-box-content\">\n\n\t\t\t\t\t\t\t\t\t<h3 class=\"elementor-icon-box-title\">\n\t\t\t\t\t\t<span  >\n\t\t\t\t\t\t\tService et clients\t\t\t\t\t\t<\/span>\n\t\t\t\t\t<\/h3>\n\t\t\t\t\n\t\t\t\t\t\t\t\t\t<p class=\"elementor-icon-box-description\">\n\t\t\t\t\t\tNous sommes constamment \u00e0 l'\u00e9coute des besoins de nos clients et prospects et nous nous effor\u00e7ons de d\u00e9velopper rapidement des fonctionnalit\u00e9s utiles \u00e0 leur activit\u00e9.\t\t\t\t\t<\/p>\n\t\t\t\t\n\t\t\t<\/div>\n\t\t\t\n\t\t<\/div>\n\t\t\t\t\t\t<\/div>\n\t\t\t\t<div class=\"elementor-element elementor-element-38d1a47 elementor-widget elementor-widget-icon-box\" data-id=\"38d1a47\" data-element_type=\"widget\" data-e-type=\"widget\" data-widget_type=\"icon-box.default\">\n\t\t\t\t\t\t\t<div class=\"elementor-icon-box-wrapper\">\n\n\t\t\t\n\t\t\t\t\t\t<div class=\"elementor-icon-box-content\">\n\n\t\t\t\t\t\t\t\t\t<h3 class=\"elementor-icon-box-title\">\n\t\t\t\t\t\t<span  >\n\t\t\t\t\t\t\tAgilit\u00e9 et modestie\t\t\t\t\t\t<\/span>\n\t\t\t\t\t<\/h3>\n\t\t\t\t\n\t\t\t\t\t\t\t\t\t<p class=\"elementor-icon-box-description\">\n\t\t\t\t\t\tIl est important pour nous de nous concentrer sur notre c\u0153ur de m\u00e9tier, la planification, et de simplifier la complexit\u00e9. Cette approche agile se refl\u00e8te \u00e9galement dans la fa\u00e7on dont nous travaillons 100% \u00e0 distance, sans les contraintes de bureau et de d\u00e9placement.\t\t\t\t\t<\/p>\n\t\t\t\t\n\t\t\t<\/div>\n\t\t\t\n\t\t<\/div>\n\t\t\t\t\t\t<\/div>\n\t\t\t\t<div class=\"elementor-element elementor-element-84cdbb9 elementor-widget elementor-widget-icon-box\" data-id=\"84cdbb9\" data-element_type=\"widget\" data-e-type=\"widget\" data-widget_type=\"icon-box.default\">\n\t\t\t\t\t\t\t<div class=\"elementor-icon-box-wrapper\">\n\n\t\t\t\n\t\t\t\t\t\t<div class=\"elementor-icon-box-content\">\n\n\t\t\t\t\t\t\t\t\t<h3 class=\"elementor-icon-box-title\">\n\t\t\t\t\t\t<span  >\n\t\t\t\t\t\t\tPartage et confiance\t\t\t\t\t\t<\/span>\n\t\t\t\t\t<\/h3>\n\t\t\t\t\n\t\t\t\t\t\t\t\t\t<p class=\"elementor-icon-box-description\">\n\t\t\t\t\t\tBien que les origines de Teambook soient en Suisse, nous collaborons avec des talents du monde entier et donnons une chance aux juniors que nous formons et encourageons \u00e0 relever de nouveaux d\u00e9fis, dans un environnement de travail tr\u00e8s flexible.\t\t\t\t\t<\/p>\n\t\t\t\t\n\t\t\t<\/div>\n\t\t\t\n\t\t<\/div>\n\t\t\t\t\t\t<\/div>\n\t\t\t\t<div class=\"elementor-element elementor-element-45a6162 elementor-widget elementor-widget-icon-box\" data-id=\"45a6162\" data-element_type=\"widget\" data-e-type=\"widget\" data-widget_type=\"icon-box.default\">\n\t\t\t\t\t\t\t<div class=\"elementor-icon-box-wrapper\">\n\n\t\t\t\n\t\t\t\t\t\t<div class=\"elementor-icon-box-content\">\n\n\t\t\t\t\t\t\t\t\t<h3 class=\"elementor-icon-box-title\">\n\t\t\t\t\t\t<span  >\n\t\t\t\t\t\t\tDurabilit\u00e9\t\t\t\t\t\t<\/span>\n\t\t\t\t\t<\/h3>\n\t\t\t\t\n\t\t\t\t\t\t\t\t\t<p class=\"elementor-icon-box-description\">\n\t\t\t\t\t\tL'environnement est un facteur que nous prenons tr\u00e8s au s\u00e9rieux. Nous minimisons notre impact en travaillant exclusivement de mani\u00e8re virtuelle, nous veillons \u00e0 travailler efficacement et nous nous appuyons sur des partenaires partageant les m\u00eames valeurs.\t\t\t\t\t<\/p>\n\t\t\t\t\n\t\t\t<\/div>\n\t\t\t\n\t\t<\/div>\n\t\t\t\t\t\t<\/div>\n\t\t\t\t<\/div>\n\t\t\t\t\t<\/div>\n\t\t\t\t<\/div>\n\t\t<div class=\"elementor-element elementor-element-34e5e98 e-flex e-con-boxed e-con e-parent\" data-id=\"34e5e98\" data-element_type=\"container\" data-e-type=\"container\">\n\t\t\t\t\t<div class=\"e-con-inner\">\n\t\t<div class=\"elementor-element elementor-element-6b8cf69 e-con-full animated-fast e-flex elementor-invisible e-con e-child\" data-id=\"6b8cf69\" data-element_type=\"container\" data-e-type=\"container\" data-settings=\"{&quot;background_background&quot;:&quot;classic&quot;,&quot;animation_delay&quot;:100,&quot;animation&quot;:&quot;fadeInUp&quot;}\">\n\t\t\t\t<div class=\"elementor-element elementor-element-0748667 elementor-widget__width-initial elementor-widget elementor-widget-heading\" data-id=\"0748667\" data-element_type=\"widget\" data-e-type=\"widget\" data-widget_type=\"heading.default\">\n\t\t\t\t\t<h2 class=\"elementor-heading-title elementor-size-default\">Rejoignez des \u00e9quipes qui planifient les ressources d'un projet de mani\u00e8re plus intelligente<\/h2>\t\t\t\t<\/div>\n\t\t\t\t<div class=\"elementor-element elementor-element-1092cd0 elementor-widget elementor-widget-heading\" data-id=\"1092cd0\" data-element_type=\"widget\" data-e-type=\"widget\" data-widget_type=\"heading.default\">\n\t\t\t\t\t<div class=\"elementor-heading-title elementor-size-default\"><div class=\"trust-badges\" style=\"display: flex;flex-wrap: wrap;gap: 10px;justify-content: center\">\n  <div style=\"display: flex !important;align-items: end;gap: 5px !important\">H\u00e9berg\u00e9 dans l'UE  <img loading=\"lazy\" decoding=\"async\" src=\"\/wp-content\/uploads\/2026\/02\/flag-for-european-union_1f1ea-1f1fa-1.png\" width=\"20\" height=\"20\" alt=\"Drapeau de l&#039;UE\" style=\"margin-bottom: -2px\" title=\"\"><\/div>\n  <div style=\"display: flex !important;align-items: center;gap: 5px !important\">Conforme au GDPR  <img loading=\"lazy\" decoding=\"async\" src=\"\/wp-content\/uploads\/2026\/02\/shield_1f6e1.png\" width=\"18\" height=\"20\" alt=\"Bouclier\" title=\"\"><\/div>\n  <div style=\"display: flex;align-items: end;gap: 5px\">Fabriqu\u00e9 en Suisse  <img loading=\"lazy\" decoding=\"async\" src=\"\/wp-content\/uploads\/2026\/02\/flag-for-switzerland_1f1e8-1f1ed-1.png\" width=\"20\" height=\"20\" alt=\"Drapeau suisse\" style=\"margin-bottom: -2px\" title=\"\"><\/div>\n<\/div><\/div>\t\t\t\t<\/div>\n\t\t<div class=\"elementor-element elementor-element-eb7e5c3 e-con-full e-flex e-con e-child\" data-id=\"eb7e5c3\" data-element_type=\"container\" data-e-type=\"container\">\n\t\t\t\t<div class=\"elementor-element elementor-element-799e0b1 elementor-align-justify elementor-widget-mobile__width-initial elementor-widget__width-initial elementor-widget elementor-widget-button\" data-id=\"799e0b1\" data-element_type=\"widget\" data-e-type=\"widget\" data-widget_type=\"button.default\">\n\t\t\t\t\t\t\t\t\t\t<a class=\"elementor-button elementor-button-link elementor-size-sm\" href=\"https:\/\/web.teambookapp.com\/register\/en\/\">\n\t\t\t\t\t\t<span class=\"elementor-button-content-wrapper\">\n\t\t\t\t\t\t\t\t\t<span class=\"elementor-button-text\">Essai gratuit<\/span>\n\t\t\t\t\t<\/span>\n\t\t\t\t\t<\/a>\n\t\t\t\t\t\t\t\t<\/div>\n\t\t\t\t<div class=\"elementor-element elementor-element-a7ec344 elementor-widget elementor-widget-heading\" data-id=\"a7ec344\" data-element_type=\"widget\" data-e-type=\"widget\" data-widget_type=\"heading.default\">\n\t\t\t\t\t<p class=\"elementor-heading-title elementor-size-default\">Aucune carte de cr\u00e9dit n'est requise<\/p>\t\t\t\t<\/div>\n\t\t\t\t<\/div>\n\t\t\t\t<\/div>\n\t\t\t\t\t<\/div>\n\t\t\t\t<\/div>\n\t\t\t\t<\/div>\n\t\t","protected":false},"excerpt":{"rendered":"<p>Construit par des personnes qui comprennent le probl\u00e8me Teambook est n\u00e9 du chaos en mati\u00e8re d&#8217;emploi du temps que nous avons nous-m\u00eames connu. Aujourd&rsquo;hui, nous aidons des milliers d&rsquo;\u00e9quipes \u00e0 planifier et \u00e0 g\u00e9rer le temps de leurs collaborateurs avec clart\u00e9. 0 + Utilisateurs 0 + Projets g\u00e9r\u00e9s 0 + R\u00e9servations cr\u00e9\u00e9es Nous avons cr\u00e9\u00e9 [&hellip;]<\/p>\n","protected":false},"author":1,"featured_media":0,"parent":0,"menu_order":0,"comment_status":"closed","ping_status":"closed","template":"","meta":{"footnotes":""},"class_list":["post-34077","page","type-page","status-publish","hentry"],"_links":{"self":[{"href":"https:\/\/teambookapp.com\/fr\/wp-json\/wp\/v2\/pages\/34077","targetHints":{"allow":["GET"]}}],"collection":[{"href":"https:\/\/teambookapp.com\/fr\/wp-json\/wp\/v2\/pages"}],"about":[{"href":"https:\/\/teambookapp.com\/fr\/wp-json\/wp\/v2\/types\/page"}],"author":[{"embeddable":true,"href":"https:\/\/teambookapp.com\/fr\/wp-json\/wp\/v2\/users\/1"}],"replies":[{"embeddable":true,"href":"https:\/\/teambookapp.com\/fr\/wp-json\/wp\/v2\/comments?post=34077"}],"version-history":[{"count":5,"href":"https:\/\/teambookapp.com\/fr\/wp-json\/wp\/v2\/pages\/34077\/revisions"}],"predecessor-version":[{"id":36870,"href":"https:\/\/teambookapp.com\/fr\/wp-json\/wp\/v2\/pages\/34077\/revisions\/36870"}],"wp:attachment":[{"href":"https:\/\/teambookapp.com\/fr\/wp-json\/wp\/v2\/media?parent=34077"}],"curies":[{"name":"wp","href":"https:\/\/api.w.org\/{rel}","templated":true}]}}