{"id":35467,"date":"2026-02-24T17:00:16","date_gmt":"2026-02-24T17:00:16","guid":{"rendered":"https:\/\/teambookapp.com\/privacidad\/"},"modified":"2026-03-24T18:02:39","modified_gmt":"2026-03-24T18:02:39","slug":"privacidad","status":"publish","type":"page","link":"https:\/\/teambookapp.com\/es\/privacidad\/","title":{"rendered":"Privacidad"},"content":{"rendered":"\t\t<div data-elementor-type=\"wp-page\" data-elementor-id=\"35467\" class=\"elementor elementor-35467 elementor-35028\" data-elementor-post-type=\"page\">\n\t\t\t\t<div class=\"elementor-element elementor-element-304c357 e-flex e-con-boxed e-con e-parent\" data-id=\"304c357\" data-element_type=\"container\" data-e-type=\"container\">\n\t\t\t\t\t<div class=\"e-con-inner\">\n\t\t\t\t<div class=\"elementor-element elementor-element-530b3c1 elementor-widget elementor-widget-heading\" data-id=\"530b3c1\" data-element_type=\"widget\" data-e-type=\"widget\" data-widget_type=\"heading.default\">\n\t\t\t\t\t<p class=\"elementor-heading-title elementor-size-default\">Fecha de entrada en vigor: <em>1 de enero de 2025<\/em><\/p>\t\t\t\t<\/div>\n\t\t\t\t<div class=\"elementor-element elementor-element-3673220 elementor-widget elementor-widget-heading\" data-id=\"3673220\" data-element_type=\"widget\" data-e-type=\"widget\" data-widget_type=\"heading.default\">\n\t\t\t\t\t<h1 class=\"elementor-heading-title elementor-size-default\">Pol\u00edtica de privacidad<\/h1>\t\t\t\t<\/div>\n\t\t\t\t<div class=\"elementor-element elementor-element-15da44e elementor-widget elementor-widget-text-editor\" data-id=\"15da44e\" data-element_type=\"widget\" data-e-type=\"widget\" data-widget_type=\"text-editor.default\">\n\t\t\t\t\t\t\t\t\t<div class=\"elementor-element elementor-element-8fc97c6 elementor-widget elementor-widget-text-editor\" data-id=\"8fc97c6\" data-element_type=\"widget\" data-e-type=\"widget\" data-widget_type=\"text-editor.default\"><div class=\"elementor-widget-container\"><p>Teambook puede actualizar peri\u00f3dicamente esta Pol\u00edtica de Privacidad. Le notificaremos los cambios significativos en la forma en que tratamos la informaci\u00f3n personal envi\u00e1ndole un aviso a la direcci\u00f3n de correo electr\u00f3nico principal especificada en su cuenta de Teambook o colocando un aviso destacado en nuestro sitio web. <\/p><p>Aunque esta pol\u00edtica puede traducirse a otros idiomas y hacerse p\u00fablica en Internet, la versi\u00f3n en ingl\u00e9s prevalecer\u00e1 en caso de litigio.<\/p><p>Si, en cualquier momento, tienes preguntas o dudas sobre nuestras pr\u00e1cticas de privacidad, no dudes en ponerte en contacto con nosotros en <a href=\"mailto:privacy@teambookapp.com\">privacy@teambookapp.com<\/a>.<\/p><\/div><\/div><div class=\"elementor-element elementor-element-d44fa62 elementor-widget elementor-widget-heading\" data-id=\"d44fa62\" data-element_type=\"widget\" data-e-type=\"widget\" data-widget_type=\"heading.default\"><div class=\"elementor-widget-container\"><h2 class=\"elementor-heading-title elementor-size-default\">Nuestros compromisos de privacidad<\/h2><\/div><\/div><div class=\"elementor-element elementor-element-86dca0f elementor-widget elementor-widget-text-editor\" data-id=\"86dca0f\" data-element_type=\"widget\" data-e-type=\"widget\" data-widget_type=\"text-editor.default\"><div class=\"elementor-widget-container\"><p>Teambook SA se compromete a proteger la privacidad de nuestros clientes. Esta Pol\u00edtica de Privacidad describe qu\u00e9 informaci\u00f3n recogemos y c\u00f3mo podemos utilizarla en <a href=\"https:\/\/teambookapp.com\/es\/\">www.teambookapp.com<\/a> as\u00ed como en <a href=\"http:\/\/web.teambookapp.com\/\">web.teambookapp.com<\/a> <\/p><p>Mantener la privacidad de tu informaci\u00f3n es de suma importancia para nosotros, ya que ayuda a fomentar la confianza, la buena voluntad y unas relaciones m\u00e1s s\u00f3lidas contigo, nuestros clientes.<\/p><p>Nos comprometemos a garantizar que todos los datos personales que tenemos y procesamos est\u00e1n seguros y protegidos, incluyendo:<\/p><ol><li>No vender, comerciar, alquilar o compartir tu informaci\u00f3n personal con terceros<\/li><li>Eliminar autom\u00e1ticamente cualquier dato personal que ya no se considere necesario.  <\/li><li>Permitir que los usuarios y las organizaciones eliminen los datos personales que controlan.<\/li><li>Facilitar a los interesados el acceso a sus datos personales, si lo solicitan.<\/li><li>Incorporar la \u00abprivacidad por dise\u00f1o\u00bb a medida que desarrollamos y mejoramos los servicios de Teambook.  <\/li><li>Nombrar un Responsable de Privacidad<a href=\"mailto:privacy@teambookapp.com\">(privacy@teambookapp.com)<\/a> para supervisar las cuestiones de privacidad.<\/li><li>Revisar peri\u00f3dicamente nuestras declaraciones de privacidad, el acuerdo de procesamiento de datos y la documentaci\u00f3n y procesos internos.  <\/li><\/ol><\/div><\/div><div class=\"elementor-element elementor-element-6de421f elementor-widget elementor-widget-heading\" data-id=\"6de421f\" data-element_type=\"widget\" data-e-type=\"widget\" data-widget_type=\"heading.default\"><div class=\"elementor-widget-container\"><h2 class=\"elementor-heading-title elementor-size-default\">Marco jur\u00eddico<\/h2><\/div><\/div><div class=\"elementor-element elementor-element-90a3227 elementor-widget elementor-widget-text-editor\" data-id=\"90a3227\" data-element_type=\"widget\" data-e-type=\"widget\" data-widget_type=\"text-editor.default\"><div class=\"elementor-widget-container\"><p>Teambook SA, al ser una empresa suiza, reconoce que el procesamiento del Contenido del Cliente puede estar sujeto a las obligaciones suizas de secreto oficial, profesional y otras obligaciones legales (por ejemplo, Art. 320 y siguientes del C\u00f3digo Penal Suizo) (las \u00abLeyes de Secreto\u00bb). Teambook mantendr\u00e1 la confidencialidad del Contenido del Cliente durante el tiempo que exijan dichas Leyes de Secreto (incluso despu\u00e9s de la vigencia del Contrato) y lo utilizar\u00e1 \u00fanicamente cuando sea necesario para prestar los Servicios, y no lo revelar\u00e1 a terceros, salvo cuando sea necesario para cumplir las instrucciones del Cliente, las obligaciones del Contrato o una orden v\u00e1lida y vinculante de un organismo gubernamental competente (como una citaci\u00f3n, orden judicial u orden de un tribunal).   <\/p><\/div><\/div><div class=\"elementor-element elementor-element-2569d59 elementor-widget elementor-widget-heading\" data-id=\"2569d59\" data-element_type=\"widget\" data-e-type=\"widget\" data-widget_type=\"heading.default\"><div class=\"elementor-widget-container\"><h2 class=\"elementor-heading-title elementor-size-default\">\u00bfQu\u00e9 informaci\u00f3n recogemos y por qu\u00e9?<\/h2><\/div><\/div><div class=\"elementor-element elementor-element-41cc14d elementor-widget elementor-widget-text-editor\" data-id=\"41cc14d\" data-element_type=\"widget\" data-e-type=\"widget\" data-widget_type=\"text-editor.default\"><div class=\"elementor-widget-container\"><p>Durante una visita al Sitio Web, puedes optar por proporcionarnos informaci\u00f3n personal, como tu nombre, nombre de la organizaci\u00f3n, correo electr\u00f3nico y una contrase\u00f1a, para crear una prueba gratuita del Servicio.<\/p><p>Cuando decides proporcionarnos tu direcci\u00f3n de correo electr\u00f3nico, podemos utilizarla para responder a un mensaje que nos hayas enviado. Tambi\u00e9n podemos utilizar tu correo electr\u00f3nico para ponernos en contacto contigo de vez en cuando en relaci\u00f3n con actualizaciones o mejoras del Servicio Teambook, o de nuestras pol\u00edticas, o para enviarte otra informaci\u00f3n que consideremos que pueda ser de tu inter\u00e9s. <\/p><p>\u200dLa informaci\u00f3n que subas durante el uso del Servicio puede incluir el nombre, correo electr\u00f3nico, foto tuya o de tus compa\u00f1eros o empleados. La informaci\u00f3n se muestra a los usuarios de tu cuenta Teambook, incluido el propietario de la cuenta, los administradores y los miembros del equipo, as\u00ed como a cualquier otra persona a la que proporciones credenciales de inicio de sesi\u00f3n. <\/p><p>Eres responsable de los datos que t\u00fa y los usuarios autorizados por ti introduzc\u00e1is en el Servicio y de la conformidad de dichos datos con la legislaci\u00f3n aplicable, incluidas, entre otras, las leyes de protecci\u00f3n de datos.<\/p><p>Si decides suscribirte para utilizar el Servicio, es posible que te pidamos informaci\u00f3n sobre tu tarjeta de cr\u00e9dito y tu cuenta para procesar tu pedido. La informaci\u00f3n financiera proporcionada a trav\u00e9s de nuestro Sitio Web se transfiere mediante una conexi\u00f3n segura. Almacenamos un registro de la transacci\u00f3n de pago, incluidos los 4 \u00faltimos d\u00edgitos del n\u00famero de la tarjeta de cr\u00e9dito, a efectos de cuenta y facturaci\u00f3n. No autorizaremos la divulgaci\u00f3n de tu informaci\u00f3n personal o financiera a nadie que no est\u00e9 directamente implicado en el procesamiento de la transacci\u00f3n. Esta informaci\u00f3n puede encriptarse y almacenarse con fines de registro de acuerdo con los requisitos normativos aplicables. Los n\u00fameros de las tarjetas de cr\u00e9dito s\u00f3lo se utilizan para procesar los pagos y no se utilizan para ning\u00fan otro fin.     <\/p><p>Como parte del Servicio, utilizamos determinados procesadores externos para procesar parte o la totalidad de tu informaci\u00f3n personal. Nuestros subprocesadores consisten en proveedores de servicios en la nube, servicio de entrega de correo electr\u00f3nico, servicio de an\u00e1lisis de comportamiento digital y proveedores de software de asistencia. <\/p><\/div><\/div><div class=\"elementor-element elementor-element-34a1483 elementor-widget elementor-widget-heading\" data-id=\"34a1483\" data-element_type=\"widget\" data-e-type=\"widget\" data-widget_type=\"heading.default\"><div class=\"elementor-widget-container\"><h2 class=\"elementor-heading-title elementor-size-default\">Cookies<\/h2><\/div><\/div><div class=\"elementor-element elementor-element-80eacb2 elementor-widget elementor-widget-text-editor\" data-id=\"80eacb2\" data-element_type=\"widget\" data-e-type=\"widget\" data-widget_type=\"text-editor.default\"><div class=\"elementor-widget-container\"><p>Para continuar mejorando y proporcionando una experiencia m\u00e1s relevante del Sitio Web y del Servicio, nosotros y nuestros subprocesadores podemos utilizar \u00abcookies\u00bb, \u00abweb beacons\u00bb y dispositivos similares para rastrear tus actividades de forma an\u00f3nima.<\/p><p>Una cookie es una peque\u00f1a cantidad de datos, que a menudo incluye un identificador \u00fanico an\u00f3nimo, que se env\u00eda a tu navegador desde los ordenadores de un sitio web y se almacena en el disco duro de tu ordenador. Teambook puede establecer y acceder a cookies de Teambook en tu ordenador, las cookies son necesarias para utilizar el servicio Teambook. <\/p><p>No vinculamos la informaci\u00f3n que almacenamos en las cookies a ninguna informaci\u00f3n personal identificable que env\u00edes mientras est\u00e1s en nuestro sitio.<\/p><p>Utilizamos tanto cookies de identificaci\u00f3n de sesi\u00f3n como cookies persistentes. Utilizamos cookies de sesi\u00f3n para facilitarte la navegaci\u00f3n por nuestro sitio. Una cookie de identificaci\u00f3n de sesi\u00f3n caduca cuando cierras el navegador. Una cookie persistente permanece en tu disco duro durante un largo periodo de tiempo. Puedes eliminar las cookies persistentes siguiendo las instrucciones del archivo de \u00abayuda\u00bb de tu navegador de Internet.    <\/p><p>Ten en cuenta que el uso de cookies por parte de terceros no est\u00e1 cubierto por nuestra declaraci\u00f3n de privacidad. No tenemos acceso ni control sobre estas cookies. Estos terceros utilizan cookies de identificaci\u00f3n de sesi\u00f3n para facilitarte la navegaci\u00f3n por nuestro sitio.  <\/p><p>Teambook utiliza proveedores externos y socios de alojamiento para proporcionar el hardware, software, redes, almacenamiento y tecnolog\u00eda relacionada necesarios para ejecutar el Servicio. Aunque Teambook posee el c\u00f3digo, las bases de datos y todos los derechos de la aplicaci\u00f3n Teambook, usted conserva todos los derechos sobre sus datos. <\/p><p>Utilizamos cookie-script.com como plataforma de gesti\u00f3n del consentimiento. En la ventana emergente que aparece cuando navegas por nuestro sitio web y nuestra aplicaci\u00f3n, eliges qu\u00e9 cookies quieres que utilicemos. <\/p><\/div><\/div><div class=\"elementor-element elementor-element-96eb212 elementor-widget elementor-widget-heading\" data-id=\"96eb212\" data-element_type=\"widget\" data-e-type=\"widget\" data-widget_type=\"heading.default\"><div class=\"elementor-widget-container\"><h2 class=\"elementor-heading-title elementor-size-default\">\u00bfC\u00f3mo protegemos tu informaci\u00f3n?<\/h2><\/div><\/div><div class=\"elementor-element elementor-element-ef20cd9 elementor-widget elementor-widget-text-editor\" data-id=\"ef20cd9\" data-element_type=\"widget\" data-e-type=\"widget\" data-widget_type=\"text-editor.default\"><div class=\"elementor-widget-container\"><p>Seguimos las normas industriales generalmente aceptadas para proteger la informaci\u00f3n personal identificable que se nos env\u00eda, tanto durante la transmisi\u00f3n como una vez que la recibimos. Sin embargo, ning\u00fan m\u00e9todo de transmisi\u00f3n a trav\u00e9s de Internet, ni ning\u00fan m\u00e9todo de almacenamiento electr\u00f3nico, es seguro al 100%. Por lo tanto, aunque nos esforzamos por utilizar medios comercialmente aceptables para proteger tu informaci\u00f3n personal, no podemos garantizar su seguridad absoluta.  <\/p><p>Teambook s\u00f3lo utiliza un certificado SSL v\u00e1lido de los principales proveedores de servicios y opera a trav\u00e9s del protocolo de Capa de Conexi\u00f3n Segura (HTTPS), de modo que el intercambio de informaci\u00f3n entre t\u00fa y Teambook est\u00e1 encriptado, soporta encriptaci\u00f3n AES de 256 bits y TLS 1.2 y encriptaci\u00f3n unidireccional de todas las contrase\u00f1as.<\/p><p>Ten en cuenta que las contrase\u00f1as, cuando las recibe Teambook, se almacenan en un valor de cadena no descifrado en la base de datos, que permite a Teambook s\u00f3lo comparar la contrase\u00f1a introducida por el usuario en la p\u00e1gina de inicio de sesi\u00f3n, pero no permite verla de forma descifrada.  <\/p><\/div><\/div><div class=\"elementor-element elementor-element-9fd5977 elementor-widget elementor-widget-heading\" data-id=\"9fd5977\" data-element_type=\"widget\" data-e-type=\"widget\" data-widget_type=\"heading.default\"><div class=\"elementor-widget-container\"><h2 class=\"elementor-heading-title elementor-size-default\">Nuestra pol\u00edtica de conservaci\u00f3n<\/h2><\/div><\/div><div class=\"elementor-element elementor-element-b08fb6b elementor-widget elementor-widget-text-editor\" data-id=\"b08fb6b\" data-element_type=\"widget\" data-e-type=\"widget\" data-widget_type=\"text-editor.default\"><div class=\"elementor-widget-container\"><ul><li>En general, si eliminas tu cuenta como cliente (cuenta de pago, de prueba o gratuita), todos los datos de la base de datos de Teambook se eliminar\u00e1n inmediatamente.<\/li><li>Ten en cuenta que Teambook supervisa todas las cuentas libres e inactivas; en caso de inactividad durante un periodo de 90 d\u00edas, Teambook informar\u00e1 al propietario de la cuenta por correo de que la cuenta se eliminar\u00e1 porque est\u00e1 inactiva (\u00a1y si sigue as\u00ed!). De acuerdo con el p\u00e1rrafo anterior, todos los datos de la base de datos de Teambook se eliminar\u00e1n inmediatamente con la eliminaci\u00f3n de la cuenta. <\/li><li>Los datos de la cuenta almacenados en un sistema de terceros (por ejemplo, un sistema de atenci\u00f3n al cliente) se eliminar\u00e1n en los 90 d\u00edas siguientes a la eliminaci\u00f3n de la cuenta.<\/li><li>Dentro de Teambook, cuando se elimina un usuario o un proyecto, los datos de la base de datos correspondiente se eliminar\u00e1n inmediatamente.<\/li><li>Ten en cuenta que nuestro proveedor de la nube realiza copias de seguridad autom\u00e1ticas diarias de la base de datos de Teambook; los archivos de las copias de seguridad se eliminan sistem\u00e1ticamente al cabo de una semana.<\/li><li>Por \u00faltimo, los registros de eventos s\u00f3lo almacenar\u00e1n los eventos de los \u00faltimos 90 d\u00edas.<\/li><\/ul><\/div><\/div><div class=\"elementor-element elementor-element-af1b918 elementor-widget elementor-widget-heading\" data-id=\"af1b918\" data-element_type=\"widget\" data-e-type=\"widget\" data-widget_type=\"heading.default\"><div class=\"elementor-widget-container\"><h2 class=\"elementor-heading-title elementor-size-default\">Tus derechos<\/h2><\/div><\/div><div class=\"elementor-element elementor-element-699feef elementor-widget elementor-widget-text-editor\" data-id=\"699feef\" data-element_type=\"widget\" data-e-type=\"widget\" data-widget_type=\"text-editor.default\"><div class=\"elementor-widget-container\"><p><strong>\u200dEl<\/strong>Reglamento General de Protecci\u00f3n de Datos (RGPD) de la Uni\u00f3n Europea introdujo nuevas leyes de privacidad que afectan a tus derechos y a nuestras pr\u00e1cticas sobre c\u00f3mo almacenamos y protegemos tus datos. Tus derechos incluyen: <\/p><ul><li><strong>Derecho a la portabilidad de datos:<\/strong> Te ofrecemos varias formas de exportar tus datos, tanto en formato CSV como API<\/li><li><strong>Derecho de oposici\u00f3n y derecho de rectificaci\u00f3n:<\/strong> Todos tus datos personales disponibles pueden consultarse y modificarse en cualquier momento a trav\u00e9s de nuestra aplicaci\u00f3n web o nuestra API. Tambi\u00e9n puedes darte de baja de nuestro correo electr\u00f3nico de marketing siguiendo el enlace para darse de baja que aparece al final del mensaje. Si no est\u00e1s seguro del tipo o la exactitud de los datos personales que hemos almacenado, puedes enviarnos un correo electr\u00f3nico a <a href=\"mailto:privacy@teambookapp.com\">privacy@teambookapp.com<\/a> y los aclararemos y, si es necesario, los corregiremos.  <\/li><li><strong>Derecho de eliminaci\u00f3n:<\/strong> El propietario de la cuenta puede eliminarla en cualquier momento desde la configuraci\u00f3n de la cuenta. Todo tu contenido se eliminar\u00e1 de nuestros servidores en un plazo de 30 d\u00edas. Los datos individuales de personas y proyectos tambi\u00e9n pueden borrarse en cualquier momento desde dentro de la aplicaci\u00f3n o a trav\u00e9s de nuestra API.  <\/li><li><strong>Notificaci\u00f3n r\u00e1pida de infracciones:<\/strong> Se te notificar\u00e1n sin demora las violaciones que afecten a tus datos personales de acuerdo con los requisitos del GDPR establecidos en el Art. 34.<\/li><li><strong>\u200dTambi\u00e9n<\/strong>tienes derecho a presentar una <strong>reclamaci\u00f3n GDPR<\/strong> ante la <a href=\"http:\/\/ec.europa.eu\/justice\/data-protection\/bodies\/authorities\/index_en.htm\" target=\"_blank\" rel=\"noopener\">Autoridad de Supervisi\u00f3n pertinente<\/a>.<\/li><\/ul><\/div><\/div><div class=\"elementor-element elementor-element-061ef84 elementor-widget elementor-widget-heading\" data-id=\"061ef84\" data-element_type=\"widget\" data-e-type=\"widget\" data-widget_type=\"heading.default\"><div class=\"elementor-widget-container\"><h2 class=\"elementor-heading-title elementor-size-default\">\u00bfY si necesito m\u00e1s informaci\u00f3n o tengo una petici\u00f3n especial?<\/h2><\/div><\/div><div class=\"elementor-element elementor-element-292174f elementor-widget elementor-widget-text-editor\" data-id=\"292174f\" data-element_type=\"widget\" data-e-type=\"widget\" data-widget_type=\"text-editor.default\"><div class=\"elementor-widget-container\"><p>Buscamos continuamente formas de reforzar nuestras pr\u00e1cticas de privacidad y mejorar nuestros procesos. Si eres cliente o socio de Teambook y tienes alg\u00fan comentario, duda o petici\u00f3n especial sobre cuestiones de privacidad, ponte en contacto con nuestro Responsable de Privacidad en <a href=\"mailto:privacy@teambookapp.com\">privacy@teambookapp.com<\/a>. <\/p><\/div><\/div>\t\t\t\t\t\t\t\t<\/div>\n\t\t\t\t\t<\/div>\n\t\t\t\t<\/div>\n\t\t<div class=\"elementor-element elementor-element-d7a2b7f e-flex e-con-boxed e-con e-parent\" data-id=\"d7a2b7f\" data-element_type=\"container\" data-e-type=\"container\">\n\t\t\t\t\t<div class=\"e-con-inner\">\n\t\t<div class=\"elementor-element elementor-element-1eee7b7 e-con-full animated-fast e-flex elementor-invisible e-con e-child\" data-id=\"1eee7b7\" data-element_type=\"container\" data-e-type=\"container\" data-settings=\"{&quot;background_background&quot;:&quot;classic&quot;,&quot;animation_delay&quot;:100,&quot;animation&quot;:&quot;fadeInUp&quot;}\">\n\t\t\t\t<div class=\"elementor-element elementor-element-88289d8 elementor-widget__width-initial elementor-widget elementor-widget-heading\" data-id=\"88289d8\" data-element_type=\"widget\" data-e-type=\"widget\" data-widget_type=\"heading.default\">\n\t\t\t\t\t<h2 class=\"elementor-heading-title elementor-size-default\">\u00danete a equipos que planifiquen los recursos del proyecto de forma m\u00e1s inteligente<\/h2>\t\t\t\t<\/div>\n\t\t\t\t<div class=\"elementor-element elementor-element-3bed869 elementor-widget elementor-widget-heading\" data-id=\"3bed869\" data-element_type=\"widget\" data-e-type=\"widget\" data-widget_type=\"heading.default\">\n\t\t\t\t\t<div class=\"elementor-heading-title elementor-size-default\"><div class=\"trust-badges\" style=\"display: flex;flex-wrap: wrap;gap: 10px;justify-content: center\">\n  <div style=\"display: flex !important;align-items: end;gap: 5px !important\">Acogida en la UE  <img decoding=\"async\" src=\"\/wp-content\/uploads\/2026\/02\/flag-for-european-union_1f1ea-1f1fa-1.png\" width=\"20\" height=\"20\" alt=\"Bandera de la UE\" style=\"margin-bottom: -2px\" title=\"\"><\/div>\n  <div style=\"display: flex !important;align-items: center;gap: 5px !important\">Cumple el GDPR  <img decoding=\"async\" src=\"\/wp-content\/uploads\/2026\/02\/shield_1f6e1.png\" width=\"18\" height=\"20\" alt=\"Escudo\" title=\"\"><\/div>\n  <div style=\"display: flex;align-items: end;gap: 5px\">Fabricaci\u00f3n suiza  <img decoding=\"async\" src=\"\/wp-content\/uploads\/2026\/02\/flag-for-switzerland_1f1e8-1f1ed-1.png\" width=\"20\" height=\"20\" alt=\"Bandera de Suiza\" style=\"margin-bottom: -2px\" title=\"\"><\/div>\n<\/div><\/div>\t\t\t\t<\/div>\n\t\t<div class=\"elementor-element elementor-element-2150ab1 e-con-full e-flex e-con e-child\" data-id=\"2150ab1\" data-element_type=\"container\" data-e-type=\"container\">\n\t\t\t\t<div class=\"elementor-element elementor-element-3766ead elementor-align-justify elementor-widget-mobile__width-initial elementor-widget__width-initial elementor-widget elementor-widget-button\" data-id=\"3766ead\" data-element_type=\"widget\" data-e-type=\"widget\" data-widget_type=\"button.default\">\n\t\t\t\t\t\t\t\t\t\t<a class=\"elementor-button elementor-button-link elementor-size-sm\" href=\"https:\/\/web.teambookapp.com\/register\/en\/\">\n\t\t\t\t\t\t<span class=\"elementor-button-content-wrapper\">\n\t\t\t\t\t\t\t\t\t<span class=\"elementor-button-text\">Prueba gratuita<\/span>\n\t\t\t\t\t<\/span>\n\t\t\t\t\t<\/a>\n\t\t\t\t\t\t\t\t<\/div>\n\t\t\t\t<div class=\"elementor-element elementor-element-7b00b13 elementor-widget elementor-widget-heading\" data-id=\"7b00b13\" data-element_type=\"widget\" data-e-type=\"widget\" data-widget_type=\"heading.default\">\n\t\t\t\t\t<p class=\"elementor-heading-title elementor-size-default\">No se necesita tarjeta de cr\u00e9dito<\/p>\t\t\t\t<\/div>\n\t\t\t\t<\/div>\n\t\t\t\t<\/div>\n\t\t\t\t\t<\/div>\n\t\t\t\t<\/div>\n\t\t\t\t<\/div>\n\t\t","protected":false},"excerpt":{"rendered":"<p>Fecha de entrada en vigor: 1 de enero de 2025 Pol\u00edtica de privacidad Teambook puede actualizar peri\u00f3dicamente esta Pol\u00edtica de Privacidad. Le notificaremos los cambios significativos en la forma en que tratamos la informaci\u00f3n personal envi\u00e1ndole un aviso a la direcci\u00f3n de correo electr\u00f3nico principal especificada en su cuenta de Teambook o colocando un aviso [&hellip;]<\/p>\n","protected":false},"author":1,"featured_media":0,"parent":0,"menu_order":0,"comment_status":"closed","ping_status":"closed","template":"","meta":{"footnotes":""},"class_list":["post-35467","page","type-page","status-publish","hentry"],"_links":{"self":[{"href":"https:\/\/teambookapp.com\/es\/wp-json\/wp\/v2\/pages\/35467","targetHints":{"allow":["GET"]}}],"collection":[{"href":"https:\/\/teambookapp.com\/es\/wp-json\/wp\/v2\/pages"}],"about":[{"href":"https:\/\/teambookapp.com\/es\/wp-json\/wp\/v2\/types\/page"}],"author":[{"embeddable":true,"href":"https:\/\/teambookapp.com\/es\/wp-json\/wp\/v2\/users\/1"}],"replies":[{"embeddable":true,"href":"https:\/\/teambookapp.com\/es\/wp-json\/wp\/v2\/comments?post=35467"}],"version-history":[{"count":3,"href":"https:\/\/teambookapp.com\/es\/wp-json\/wp\/v2\/pages\/35467\/revisions"}],"predecessor-version":[{"id":37110,"href":"https:\/\/teambookapp.com\/es\/wp-json\/wp\/v2\/pages\/35467\/revisions\/37110"}],"wp:attachment":[{"href":"https:\/\/teambookapp.com\/es\/wp-json\/wp\/v2\/media?parent=35467"}],"curies":[{"name":"wp","href":"https:\/\/api.w.org\/{rel}","templated":true}]}}