{"id":34094,"date":"2026-02-07T15:16:56","date_gmt":"2026-02-07T15:16:56","guid":{"rendered":"https:\/\/teambookapp.com\/acerca-de\/"},"modified":"2026-03-05T08:24:24","modified_gmt":"2026-03-05T08:24:24","slug":"acerca-de","status":"publish","type":"page","link":"https:\/\/teambookapp.com\/es\/acerca-de\/","title":{"rendered":"Acerca de"},"content":{"rendered":"\t\t<div data-elementor-type=\"wp-page\" data-elementor-id=\"34094\" class=\"elementor elementor-34094 elementor-1189\" data-elementor-post-type=\"page\">\n\t\t\t\t<div class=\"elementor-element elementor-element-61f9f31 e-flex e-con-boxed e-con e-parent\" data-id=\"61f9f31\" data-element_type=\"container\" data-e-type=\"container\" data-settings=\"{&quot;background_background&quot;:&quot;classic&quot;}\">\n\t\t\t\t\t<div class=\"e-con-inner\">\n\t\t\t\t<div class=\"elementor-element elementor-element-a0bf641 elementor-widget__width-initial animated-fast elementor-invisible elementor-widget elementor-widget-heading\" data-id=\"a0bf641\" data-element_type=\"widget\" data-e-type=\"widget\" data-settings=\"{&quot;_animation_delay&quot;:50,&quot;_animation&quot;:&quot;fadeInUp&quot;}\" data-widget_type=\"heading.default\">\n\t\t\t\t\t<h1 class=\"elementor-heading-title elementor-size-default\">Construido por personas que entienden el problema<\/h1>\t\t\t\t<\/div>\n\t\t\t\t<div class=\"elementor-element elementor-element-be2afb3 elementor-widget__width-initial animated-fast elementor-invisible elementor-widget elementor-widget-heading\" data-id=\"be2afb3\" data-element_type=\"widget\" data-e-type=\"widget\" data-settings=\"{&quot;_animation_delay&quot;:150,&quot;_animation&quot;:&quot;fadeInUp&quot;}\" data-widget_type=\"heading.default\">\n\t\t\t\t\t<p class=\"elementor-heading-title elementor-size-default\">Teambook naci\u00f3 del caos de planificaci\u00f3n que nosotros mismos experimentamos. Ahora ayudamos a miles de equipos a planificar y gestionar el tiempo de su gente con claridad. <\/p>\t\t\t\t<\/div>\n\t\t<div class=\"elementor-element elementor-element-c53d017 e-con-full animated-fast e-flex elementor-invisible e-con e-child\" data-id=\"c53d017\" data-element_type=\"container\" data-e-type=\"container\" data-settings=\"{&quot;background_background&quot;:&quot;classic&quot;,&quot;animation_delay&quot;:220,&quot;animation&quot;:&quot;fadeInUp&quot;}\">\n\t\t\t\t<div class=\"elementor-element elementor-element-a44e2e7 ui-e-counter-odometer ui-e-align-center elementor-widget elementor-widget-uicore-counter\" data-id=\"a44e2e7\" data-element_type=\"widget\" data-e-type=\"widget\" data-settings=\"{&quot;count_end&quot;:17000,&quot;counter_separator&quot;:&quot;,&quot;,&quot;counter_suffix&quot;:&quot;+&quot;,&quot;counter_animation&quot;:&quot;odometer&quot;,&quot;duration&quot;:1.5,&quot;count_start&quot;:11111,&quot;use_grouping&quot;:&quot;true&quot;,&quot;decimal_places&quot;:0}\" data-widget_type=\"uicore-counter.default\">\n\t\t\t\t<div class=\"elementor-widget-container\">\n\t\t\t\t\t <div class=\"ui-e-wrp\"> <p class=\"ui-e-num\"><span class=\"ui-e-prefix\"><\/span><span class=\"value\"> 0 <\/span><span class=\"ui-e-suffix\">+<\/span><\/p><p class=\"ui-e-title\">Users<\/p> <\/div> \t\t\t\t<\/div>\n\t\t\t\t<\/div>\n\t\t\t\t<div class=\"elementor-element elementor-element-58b7cf0 ui-e-counter-odometer ui-e-align-center elementor-widget elementor-widget-uicore-counter\" data-id=\"58b7cf0\" data-element_type=\"widget\" data-e-type=\"widget\" data-settings=\"{&quot;count_end&quot;:59000,&quot;counter_separator&quot;:&quot;,&quot;,&quot;counter_suffix&quot;:&quot;+&quot;,&quot;counter_animation&quot;:&quot;odometer&quot;,&quot;duration&quot;:1.5,&quot;count_start&quot;:11111,&quot;use_grouping&quot;:&quot;true&quot;,&quot;decimal_places&quot;:0}\" data-widget_type=\"uicore-counter.default\">\n\t\t\t\t<div class=\"elementor-widget-container\">\n\t\t\t\t\t <div class=\"ui-e-wrp\"> <p class=\"ui-e-num\"><span class=\"ui-e-prefix\"><\/span><span class=\"value\"> 0 <\/span><span class=\"ui-e-suffix\">+<\/span><\/p><p class=\"ui-e-title\">Proyectos gestionados<\/p> <\/div> \t\t\t\t<\/div>\n\t\t\t\t<\/div>\n\t\t\t\t<div class=\"elementor-element elementor-element-5e6d1e7 ui-e-counter-odometer ui-e-align-center elementor-widget elementor-widget-uicore-counter\" data-id=\"5e6d1e7\" data-element_type=\"widget\" data-e-type=\"widget\" data-settings=\"{&quot;count_end&quot;:4000000,&quot;counter_separator&quot;:&quot;,&quot;,&quot;counter_suffix&quot;:&quot;+&quot;,&quot;counter_animation&quot;:&quot;odometer&quot;,&quot;duration&quot;:1.5,&quot;count_start&quot;:1234567,&quot;use_grouping&quot;:&quot;true&quot;,&quot;decimal_places&quot;:0}\" data-widget_type=\"uicore-counter.default\">\n\t\t\t\t<div class=\"elementor-widget-container\">\n\t\t\t\t\t <div class=\"ui-e-wrp\"> <p class=\"ui-e-num\"><span class=\"ui-e-prefix\"><\/span><span class=\"value\"> 0 <\/span><span class=\"ui-e-suffix\">+<\/span><\/p><p class=\"ui-e-title\">Reservas creadas<\/p> <\/div> \t\t\t\t<\/div>\n\t\t\t\t<\/div>\n\t\t\t\t<\/div>\n\t\t<div class=\"elementor-element elementor-element-5a1b7ad e-con-full animated-fast e-flex elementor-invisible e-con e-child\" data-id=\"5a1b7ad\" data-element_type=\"container\" data-e-type=\"container\" data-settings=\"{&quot;animation_delay&quot;:100,&quot;animation&quot;:&quot;fadeInUp&quot;}\">\n\t\t<div class=\"elementor-element elementor-element-b8ef1f8 e-con-full e-flex e-con e-child\" data-id=\"b8ef1f8\" data-element_type=\"container\" data-e-type=\"container\">\n\t\t\t\t<div class=\"elementor-element elementor-element-680831e elementor-widget elementor-widget-heading\" data-id=\"680831e\" data-element_type=\"widget\" data-e-type=\"widget\" data-widget_type=\"heading.default\">\n\t\t\t\t\t<h2 class=\"elementor-heading-title elementor-size-default\">Creamos Teambook porque lo necesit\u00e1bamos<\/h2>\t\t\t\t<\/div>\n\t\t\t\t<\/div>\n\t\t\t\t<div class=\"elementor-element elementor-element-78f75f0 elementor-widget__width-initial elementor-hidden-mobile elementor-widget elementor-widget-image\" data-id=\"78f75f0\" data-element_type=\"widget\" data-e-type=\"widget\" data-widget_type=\"image.default\">\n\t\t\t\t\t\t\t\t\t\t\t\t\t\t\t<img decoding=\"async\" width=\"1\" height=\"608\" src=\"https:\/\/teambookapp.com\/wp-content\/uploads\/2026\/01\/Pain-Points-Container.svg\" class=\"attachment-large size-large wp-image-34095\" alt=\"\" title=\"\">\t\t\t\t\t\t\t\t\t\t\t\t\t\t\t<\/div>\n\t\t<div class=\"elementor-element elementor-element-89e8837 e-con-full e-flex e-con e-child\" data-id=\"89e8837\" data-element_type=\"container\" data-e-type=\"container\">\n\t\t<div class=\"elementor-element elementor-element-40e8d59 e-con-full e-flex e-con e-child\" data-id=\"40e8d59\" data-element_type=\"container\" data-e-type=\"container\">\n\t\t\t\t<div class=\"elementor-element elementor-element-1e63e6e elementor-widget elementor-widget-heading\" data-id=\"1e63e6e\" data-element_type=\"widget\" data-e-type=\"widget\" data-widget_type=\"heading.default\">\n\t\t\t\t\t<p class=\"elementor-heading-title elementor-size-default\">Nuestra historia<\/p>\t\t\t\t<\/div>\n\t\t\t\t<div class=\"elementor-element elementor-element-b57c6f0 elementor-widget elementor-widget-heading\" data-id=\"b57c6f0\" data-element_type=\"widget\" data-e-type=\"widget\" data-widget_type=\"heading.default\">\n\t\t\t\t\t<p class=\"elementor-heading-title elementor-size-default\">Nuestra historia comenz\u00f3 en 2012 cuando, como empresa de consultor\u00eda en crecimiento y de \u00e9xito, experimentamos dificultades de programaci\u00f3n con nuestra plantilla de 50 consultores.\n<br><br>Los planificadores y gestores de proyectos se enfrentaban regularmente a la presi\u00f3n de los clientes que buscaban consultores disponibles y lidiaban continuamente con las peticiones de los miembros del equipo, como el tiempo libre.\n<br><br>En la era de la inmediatez y la optimizaci\u00f3n en la que vivimos hoy en d\u00eda, la programaci\u00f3n en tiempo real y la eficiencia ya no son una opci\u00f3n, por eso creamos Teambook.<\/p>\t\t\t\t<\/div>\n\t\t\t\t<\/div>\n\t\t\t\t<div class=\"elementor-element elementor-element-7efd707 elementor-widget-mobile__width-inherit elementor-hidden-widescreen elementor-hidden-desktop elementor-hidden-laptop elementor-hidden-tablet_extra elementor-hidden-tablet elementor-hidden-mobile_extra elementor-widget elementor-widget-image\" data-id=\"7efd707\" data-element_type=\"widget\" data-e-type=\"widget\" data-widget_type=\"image.default\">\n\t\t\t\t\t\t\t\t\t\t\t\t\t\t\t<img decoding=\"async\" width=\"800\" height=\"2\" src=\"https:\/\/teambookapp.com\/wp-content\/uploads\/2026\/01\/Pain-Points-Container-1024x3.avif\" class=\"attachment-large size-large wp-image-34096\" alt=\"\" srcset=\"https:\/\/teambookapp.com\/wp-content\/uploads\/2026\/01\/Pain-Points-Container-1024x3.avif 1024w, https:\/\/teambookapp.com\/wp-content\/uploads\/2026\/01\/Pain-Points-Container-300x1.avif 300w, https:\/\/teambookapp.com\/wp-content\/uploads\/2026\/01\/Pain-Points-Container-768x2.avif 768w, https:\/\/teambookapp.com\/wp-content\/uploads\/2026\/01\/Pain-Points-Container-1536x4.avif 1536w, https:\/\/teambookapp.com\/wp-content\/uploads\/2026\/01\/Pain-Points-Container-2048x6.avif 2048w\" sizes=\"(max-width: 800px) 100vw, 800px\" title=\"\">\t\t\t\t\t\t\t\t\t\t\t\t\t\t\t<\/div>\n\t\t\t\t<\/div>\n\t\t\t\t<\/div>\n\t\t\t\t\t<\/div>\n\t\t\t\t<\/div>\n\t\t<div class=\"elementor-element elementor-element-953f50c e-flex e-con-boxed e-con e-parent\" data-id=\"953f50c\" data-element_type=\"container\" data-e-type=\"container\">\n\t\t\t\t\t<div class=\"e-con-inner\">\n\t\t<div class=\"elementor-element elementor-element-8e425eb e-con-full animated-fast e-flex elementor-invisible e-con e-child\" data-id=\"8e425eb\" data-element_type=\"container\" data-e-type=\"container\" data-settings=\"{&quot;background_background&quot;:&quot;classic&quot;,&quot;animation_delay&quot;:100,&quot;animation&quot;:&quot;fadeInUp&quot;}\">\n\t\t\t\t<div class=\"elementor-element elementor-element-20bc7fb elementor-widget__width-initial elementor-widget elementor-widget-heading\" data-id=\"20bc7fb\" data-element_type=\"widget\" data-e-type=\"widget\" data-widget_type=\"heading.default\">\n\t\t\t\t\t<h2 class=\"elementor-heading-title elementor-size-default\">Fabricado en Suiza, \nalojado en Europa<\/h2>\t\t\t\t<\/div>\n\t\t\t\t<div class=\"elementor-element elementor-element-d9c0d52 elementor-widget__width-initial elementor-absolute elementor-hidden-tablet elementor-hidden-mobile_extra elementor-hidden-mobile elementor-widget elementor-widget-image\" data-id=\"d9c0d52\" data-element_type=\"widget\" data-e-type=\"widget\" data-settings=\"{&quot;_position&quot;:&quot;absolute&quot;}\" data-widget_type=\"image.default\">\n\t\t\t\t\t\t\t\t\t\t\t\t\t\t\t<img fetchpriority=\"high\" decoding=\"async\" width=\"717\" height=\"510\" src=\"https:\/\/teambookapp.com\/wp-content\/uploads\/2026\/01\/6-Multi-projects-cropped.svg\" class=\"attachment-large size-large wp-image-34097\" alt=\"\" title=\"\">\t\t\t\t\t\t\t\t\t\t\t\t\t\t\t<\/div>\n\t\t<div class=\"elementor-element elementor-element-e20a225 e-con-full e-flex e-con e-child\" data-id=\"e20a225\" data-element_type=\"container\" data-e-type=\"container\">\n\t\t<div class=\"elementor-element elementor-element-6927443 e-con-full e-flex e-con e-child\" data-id=\"6927443\" data-element_type=\"container\" data-e-type=\"container\">\n\t\t<div class=\"elementor-element elementor-element-576cb3a e-con-full e-flex e-con e-child\" data-id=\"576cb3a\" data-element_type=\"container\" data-e-type=\"container\">\n\t\t\t\t<div class=\"elementor-element elementor-element-d68d6bb elementor-widget elementor-widget-heading\" data-id=\"d68d6bb\" data-element_type=\"widget\" data-e-type=\"widget\" data-widget_type=\"heading.default\">\n\t\t\t\t\t<p class=\"elementor-heading-title elementor-size-default\">Las diferencias de Teambook<\/p>\t\t\t\t<\/div>\n\t\t\t\t<div class=\"elementor-element elementor-element-6b0b7dc elementor-widget elementor-widget-heading\" data-id=\"6b0b7dc\" data-element_type=\"widget\" data-e-type=\"widget\" data-widget_type=\"heading.default\">\n\t\t\t\t\t<p class=\"elementor-heading-title elementor-size-default\">Teambook est\u00e1 dise\u00f1ado y desarrollado en Suiza. No es s\u00f3lo una etiqueta, sino que determina nuestra forma de trabajar.\nLa tradici\u00f3n del dise\u00f1o suizo significa claridad por encima del desorden.  \n<br><br>Hemos eliminado todo lo que no es esencial, para que la informaci\u00f3n importante est\u00e9 siempre a mano. El resultado es una herramienta intuitiva desde el primer d\u00eda. \n<br><br>Ser suizo tambi\u00e9n significa tomarse en serio los datos. Tu informaci\u00f3n permanece en Europa, en una infraestructura segura y conforme con la GDPR. No escatimamos en privacidad o seguridad.  <\/p>\t\t\t\t<\/div>\n\t\t\t\t<\/div>\n\t\t\t\t<\/div>\n\t\t\t\t<\/div>\n\t\t\t\t<\/div>\n\t\t\t\t\t<\/div>\n\t\t\t\t<\/div>\n\t\t<div class=\"elementor-element elementor-element-5eae8ce e-flex e-con-boxed e-con e-parent\" data-id=\"5eae8ce\" data-element_type=\"container\" data-e-type=\"container\">\n\t\t\t\t\t<div class=\"e-con-inner\">\n\t\t<div class=\"elementor-element elementor-element-ce81a0d e-con-full animated-fast e-flex elementor-invisible e-con e-child\" data-id=\"ce81a0d\" data-element_type=\"container\" data-e-type=\"container\" data-settings=\"{&quot;background_background&quot;:&quot;classic&quot;,&quot;animation_delay&quot;:75,&quot;animation&quot;:&quot;fadeInUp&quot;}\">\n\t\t<div class=\"elementor-element elementor-element-259c193 e-con-full e-flex e-con e-child\" data-id=\"259c193\" data-element_type=\"container\" data-e-type=\"container\">\n\t\t\t\t<div class=\"elementor-element elementor-element-ea47447 elementor-widget elementor-widget-heading\" data-id=\"ea47447\" data-element_type=\"widget\" data-e-type=\"widget\" data-widget_type=\"heading.default\">\n\t\t\t\t\t<p class=\"elementor-heading-title elementor-size-default\">Nuestra misi\u00f3n<\/p>\t\t\t\t<\/div>\n\t\t\t\t<div class=\"elementor-element elementor-element-c6cbf95 elementor-widget elementor-widget-heading\" data-id=\"c6cbf95\" data-element_type=\"widget\" data-e-type=\"widget\" data-widget_type=\"heading.default\">\n\t\t\t\t\t<p class=\"elementor-heading-title elementor-size-default\">Devuelve a los equipos su tiempo<\/p>\t\t\t\t<\/div>\n\t\t\t\t<div class=\"elementor-element elementor-element-da6c1d9 elementor-widget elementor-widget-heading\" data-id=\"da6c1d9\" data-element_type=\"widget\" data-e-type=\"widget\" data-widget_type=\"heading.default\">\n\t\t\t\t\t<p class=\"elementor-heading-title elementor-size-default\">Teambook pretende aliviar tus dolores de gesti\u00f3n de recursos de proyectos y mantener tu dedo en el pulso de tu negocio.\n<br><br>En el sector de los servicios profesionales, la expresi\u00f3n \"el tiempo es oro\" cobra todo su sentido y gu\u00eda nuestro objetivo, que es ayudarle a ser m\u00e1s eficiente. \u00bfC\u00f3mo? Devolvi\u00e9ndole su tiempo para que pueda centrarse en hacer crecer su negocio. Comprendemos tus dificultades, pues hemos pasado por lo mismo, y trabajamos con pasi\u00f3n para que puedas aspirar al \u00e9xito.<\/p>\t\t\t\t<\/div>\n\t\t\t\t<\/div>\n\t\t\t\t<div class=\"elementor-element elementor-element-2a71ac1 elementor-widget__width-initial elementor-widget elementor-widget-image\" data-id=\"2a71ac1\" data-element_type=\"widget\" data-e-type=\"widget\" data-widget_type=\"image.default\">\n\t\t\t\t\t\t\t\t\t\t\t\t\t\t\t<img loading=\"lazy\" decoding=\"async\" width=\"341\" height=\"320\" src=\"https:\/\/teambookapp.com\/wp-content\/uploads\/2026\/02\/11-ill4-1.svg\" class=\"attachment-large size-large wp-image-33748\" alt=\"\" title=\"\">\t\t\t\t\t\t\t\t\t\t\t\t\t\t\t<\/div>\n\t\t\t\t<\/div>\n\t\t<div class=\"elementor-element elementor-element-5aebf8e e-con-full animated-fast e-flex elementor-invisible e-con e-child\" data-id=\"5aebf8e\" data-element_type=\"container\" data-e-type=\"container\" data-settings=\"{&quot;animation_delay&quot;:150,&quot;animation&quot;:&quot;fadeInUp&quot;}\">\n\t\t\t\t<div class=\"elementor-element elementor-element-dfeaf81 elementor-widget elementor-widget-heading\" data-id=\"dfeaf81\" data-element_type=\"widget\" data-e-type=\"widget\" data-widget_type=\"heading.default\">\n\t\t\t\t\t<p class=\"elementor-heading-title elementor-size-default\">Nuestros valores y compromisos<\/p>\t\t\t\t<\/div>\n\t\t\t\t<div class=\"elementor-element elementor-element-6cf696f elementor-widget elementor-widget-icon-box\" data-id=\"6cf696f\" data-element_type=\"widget\" data-e-type=\"widget\" data-widget_type=\"icon-box.default\">\n\t\t\t\t\t\t\t<div class=\"elementor-icon-box-wrapper\">\n\n\t\t\t\n\t\t\t\t\t\t<div class=\"elementor-icon-box-content\">\n\n\t\t\t\t\t\t\t\t\t<h3 class=\"elementor-icon-box-title\">\n\t\t\t\t\t\t<span  >\n\t\t\t\t\t\t\tServicio y clientes\t\t\t\t\t\t<\/span>\n\t\t\t\t\t<\/h3>\n\t\t\t\t\n\t\t\t\t\t\t\t\t\t<p class=\"elementor-icon-box-description\">\n\t\t\t\t\t\tEscuchamos constantemente las necesidades de nuestros clientes y posibles clientes e intentamos desarrollar r\u00e1pidamente funciones que tengan sentido para su negocio.\t\t\t\t\t<\/p>\n\t\t\t\t\n\t\t\t<\/div>\n\t\t\t\n\t\t<\/div>\n\t\t\t\t\t\t<\/div>\n\t\t\t\t<div class=\"elementor-element elementor-element-38d1a47 elementor-widget elementor-widget-icon-box\" data-id=\"38d1a47\" data-element_type=\"widget\" data-e-type=\"widget\" data-widget_type=\"icon-box.default\">\n\t\t\t\t\t\t\t<div class=\"elementor-icon-box-wrapper\">\n\n\t\t\t\n\t\t\t\t\t\t<div class=\"elementor-icon-box-content\">\n\n\t\t\t\t\t\t\t\t\t<h3 class=\"elementor-icon-box-title\">\n\t\t\t\t\t\t<span  >\n\t\t\t\t\t\t\tAgilidad y modestia\t\t\t\t\t\t<\/span>\n\t\t\t\t\t<\/h3>\n\t\t\t\t\n\t\t\t\t\t\t\t\t\t<p class=\"elementor-icon-box-description\">\n\t\t\t\t\t\tPara nosotros es importante centrarnos en nuestra actividad principal, la planificaci\u00f3n, y simplificar la complejidad. Este enfoque \u00e1gil tambi\u00e9n se refleja en la forma en que trabajamos 100% a distancia, sin los engorrosos requisitos de oficina y viajes.\t\t\t\t\t<\/p>\n\t\t\t\t\n\t\t\t<\/div>\n\t\t\t\n\t\t<\/div>\n\t\t\t\t\t\t<\/div>\n\t\t\t\t<div class=\"elementor-element elementor-element-84cdbb9 elementor-widget elementor-widget-icon-box\" data-id=\"84cdbb9\" data-element_type=\"widget\" data-e-type=\"widget\" data-widget_type=\"icon-box.default\">\n\t\t\t\t\t\t\t<div class=\"elementor-icon-box-wrapper\">\n\n\t\t\t\n\t\t\t\t\t\t<div class=\"elementor-icon-box-content\">\n\n\t\t\t\t\t\t\t\t\t<h3 class=\"elementor-icon-box-title\">\n\t\t\t\t\t\t<span  >\n\t\t\t\t\t\t\tCompartir y confiar\t\t\t\t\t\t<\/span>\n\t\t\t\t\t<\/h3>\n\t\t\t\t\n\t\t\t\t\t\t\t\t\t<p class=\"elementor-icon-box-description\">\n\t\t\t\t\t\tAunque los or\u00edgenes de Teambook est\u00e1n en Suiza, colaboramos con talentos de todo el mundo y damos una oportunidad a los juniors a los que formamos y animamos a asumir nuevos retos, en un entorno de trabajo muy flexible.\t\t\t\t\t<\/p>\n\t\t\t\t\n\t\t\t<\/div>\n\t\t\t\n\t\t<\/div>\n\t\t\t\t\t\t<\/div>\n\t\t\t\t<div class=\"elementor-element elementor-element-45a6162 elementor-widget elementor-widget-icon-box\" data-id=\"45a6162\" data-element_type=\"widget\" data-e-type=\"widget\" data-widget_type=\"icon-box.default\">\n\t\t\t\t\t\t\t<div class=\"elementor-icon-box-wrapper\">\n\n\t\t\t\n\t\t\t\t\t\t<div class=\"elementor-icon-box-content\">\n\n\t\t\t\t\t\t\t\t\t<h3 class=\"elementor-icon-box-title\">\n\t\t\t\t\t\t<span  >\n\t\t\t\t\t\t\tSostenibilidad\t\t\t\t\t\t<\/span>\n\t\t\t\t\t<\/h3>\n\t\t\t\t\n\t\t\t\t\t\t\t\t\t<p class=\"elementor-icon-box-description\">\n\t\t\t\t\t\tEl medio ambiente es un factor que nos tomamos muy en serio. Minimizamos nuestro impacto trabajando exclusivamente de forma virtual, nos aseguramos de trabajar con eficacia y nos apoyamos en socios con valores similares.\t\t\t\t\t<\/p>\n\t\t\t\t\n\t\t\t<\/div>\n\t\t\t\n\t\t<\/div>\n\t\t\t\t\t\t<\/div>\n\t\t\t\t<\/div>\n\t\t\t\t\t<\/div>\n\t\t\t\t<\/div>\n\t\t<div class=\"elementor-element elementor-element-34e5e98 e-flex e-con-boxed e-con e-parent\" data-id=\"34e5e98\" data-element_type=\"container\" data-e-type=\"container\">\n\t\t\t\t\t<div class=\"e-con-inner\">\n\t\t<div class=\"elementor-element elementor-element-6b8cf69 e-con-full animated-fast e-flex elementor-invisible e-con e-child\" data-id=\"6b8cf69\" data-element_type=\"container\" data-e-type=\"container\" data-settings=\"{&quot;background_background&quot;:&quot;classic&quot;,&quot;animation_delay&quot;:100,&quot;animation&quot;:&quot;fadeInUp&quot;}\">\n\t\t\t\t<div class=\"elementor-element elementor-element-0748667 elementor-widget__width-initial elementor-widget elementor-widget-heading\" data-id=\"0748667\" data-element_type=\"widget\" data-e-type=\"widget\" data-widget_type=\"heading.default\">\n\t\t\t\t\t<h2 class=\"elementor-heading-title elementor-size-default\">\u00danete a equipos que planifiquen los recursos del proyecto de forma m\u00e1s inteligente<\/h2>\t\t\t\t<\/div>\n\t\t\t\t<div class=\"elementor-element elementor-element-1092cd0 elementor-widget elementor-widget-heading\" data-id=\"1092cd0\" data-element_type=\"widget\" data-e-type=\"widget\" data-widget_type=\"heading.default\">\n\t\t\t\t\t<div class=\"elementor-heading-title elementor-size-default\"><div class=\"trust-badges\" style=\"display: flex;flex-wrap: wrap;gap: 10px;justify-content: center\">\n  <div style=\"display: flex !important;align-items: end;gap: 5px !important\">Acogida en la UE  <img loading=\"lazy\" decoding=\"async\" src=\"\/wp-content\/uploads\/2026\/02\/flag-for-european-union_1f1ea-1f1fa-1.png\" width=\"20\" height=\"20\" alt=\"Bandera de la UE\" style=\"margin-bottom: -2px\" title=\"\"><\/div>\n  <div style=\"display: flex !important;align-items: center;gap: 5px !important\">Cumple el GDPR  <img loading=\"lazy\" decoding=\"async\" src=\"\/wp-content\/uploads\/2026\/02\/shield_1f6e1.png\" width=\"18\" height=\"20\" alt=\"Escudo\" title=\"\"><\/div>\n  <div style=\"display: flex;align-items: end;gap: 5px\">Fabricaci\u00f3n suiza  <img loading=\"lazy\" decoding=\"async\" src=\"\/wp-content\/uploads\/2026\/02\/flag-for-switzerland_1f1e8-1f1ed-1.png\" width=\"20\" height=\"20\" alt=\"Bandera de Suiza\" style=\"margin-bottom: -2px\" title=\"\"><\/div>\n<\/div><\/div>\t\t\t\t<\/div>\n\t\t<div class=\"elementor-element elementor-element-eb7e5c3 e-con-full e-flex e-con e-child\" data-id=\"eb7e5c3\" data-element_type=\"container\" data-e-type=\"container\">\n\t\t\t\t<div class=\"elementor-element elementor-element-799e0b1 elementor-align-justify elementor-widget-mobile__width-initial elementor-widget__width-initial elementor-widget elementor-widget-button\" data-id=\"799e0b1\" data-element_type=\"widget\" data-e-type=\"widget\" data-widget_type=\"button.default\">\n\t\t\t\t\t\t\t\t\t\t<a class=\"elementor-button elementor-button-link elementor-size-sm\" href=\"https:\/\/web.teambookapp.com\/register\/en\/\">\n\t\t\t\t\t\t<span class=\"elementor-button-content-wrapper\">\n\t\t\t\t\t\t\t\t\t<span class=\"elementor-button-text\">Prueba gratuita<\/span>\n\t\t\t\t\t<\/span>\n\t\t\t\t\t<\/a>\n\t\t\t\t\t\t\t\t<\/div>\n\t\t\t\t<div class=\"elementor-element elementor-element-a7ec344 elementor-widget elementor-widget-heading\" data-id=\"a7ec344\" data-element_type=\"widget\" data-e-type=\"widget\" data-widget_type=\"heading.default\">\n\t\t\t\t\t<p class=\"elementor-heading-title elementor-size-default\">No se necesita tarjeta de cr\u00e9dito<\/p>\t\t\t\t<\/div>\n\t\t\t\t<\/div>\n\t\t\t\t<\/div>\n\t\t\t\t\t<\/div>\n\t\t\t\t<\/div>\n\t\t\t\t<\/div>\n\t\t","protected":false},"excerpt":{"rendered":"<p>Construido por personas que entienden el problema Teambook naci\u00f3 del caos de planificaci\u00f3n que nosotros mismos experimentamos. Ahora ayudamos a miles de equipos a planificar y gestionar el tiempo de su gente con claridad. 0 + Users 0 + Proyectos gestionados 0 + Reservas creadas Creamos Teambook porque lo necesit\u00e1bamos Nuestra historia Nuestra historia comenz\u00f3 [&hellip;]<\/p>\n","protected":false},"author":1,"featured_media":0,"parent":0,"menu_order":0,"comment_status":"closed","ping_status":"closed","template":"","meta":{"footnotes":""},"class_list":["post-34094","page","type-page","status-publish","hentry"],"_links":{"self":[{"href":"https:\/\/teambookapp.com\/es\/wp-json\/wp\/v2\/pages\/34094","targetHints":{"allow":["GET"]}}],"collection":[{"href":"https:\/\/teambookapp.com\/es\/wp-json\/wp\/v2\/pages"}],"about":[{"href":"https:\/\/teambookapp.com\/es\/wp-json\/wp\/v2\/types\/page"}],"author":[{"embeddable":true,"href":"https:\/\/teambookapp.com\/es\/wp-json\/wp\/v2\/users\/1"}],"replies":[{"embeddable":true,"href":"https:\/\/teambookapp.com\/es\/wp-json\/wp\/v2\/comments?post=34094"}],"version-history":[{"count":5,"href":"https:\/\/teambookapp.com\/es\/wp-json\/wp\/v2\/pages\/34094\/revisions"}],"predecessor-version":[{"id":36187,"href":"https:\/\/teambookapp.com\/es\/wp-json\/wp\/v2\/pages\/34094\/revisions\/36187"}],"wp:attachment":[{"href":"https:\/\/teambookapp.com\/es\/wp-json\/wp\/v2\/media?parent=34094"}],"curies":[{"name":"wp","href":"https:\/\/api.w.org\/{rel}","templated":true}]}}