{"id":37472,"date":"2026-02-14T13:03:11","date_gmt":"2026-02-14T13:03:11","guid":{"rendered":"https:\/\/teambookapp.com\/ai-ist-kapazitaetsplanung-dasselbe-wie-auslastungsverfolgung\/"},"modified":"2026-04-06T12:48:42","modified_gmt":"2026-04-06T12:48:42","slug":"ai-ist-kapazitaetsplanung-dasselbe-wie-auslastungsverfolgung","status":"publish","type":"page","link":"https:\/\/teambookapp.com\/de\/ai-ist-kapazitaetsplanung-dasselbe-wie-auslastungsverfolgung\/","title":{"rendered":"AI: Ist Kapazit\u00e4tsplanung dasselbe wie Auslastungsverfolgung?"},"content":{"rendered":"\t\t<div data-elementor-type=\"wp-page\" data-elementor-id=\"37472\" class=\"elementor elementor-37472 elementor-37245\" data-elementor-post-type=\"page\">\n\t\t\t\t<div class=\"elementor-element elementor-element-304c357 e-flex e-con-boxed e-con e-parent\" data-id=\"304c357\" data-element_type=\"container\" data-e-type=\"container\">\n\t\t\t\t\t<div class=\"e-con-inner\">\n\t\t\t\t<div class=\"elementor-element elementor-element-3673220 elementor-widget elementor-widget-heading\" data-id=\"3673220\" data-element_type=\"widget\" data-e-type=\"widget\" data-widget_type=\"heading.default\">\n\t\t\t\t\t<h1 class=\"elementor-heading-title elementor-size-default\">Ist Kapazit\u00e4tsplanung dasselbe wie Auslastungsverfolgung?  <\/h1>\t\t\t\t<\/div>\n\t\t\t\t<div class=\"elementor-element elementor-element-f1b7359 elementor-widget elementor-widget-post-info\" data-id=\"f1b7359\" data-element_type=\"widget\" data-e-type=\"widget\" data-widget_type=\"post-info.default\">\n\t\t\t\t\t\t\t<ul class=\"elementor-inline-items elementor-icon-list-items elementor-post-info\">\n\t\t\t\t\t\t\t\t<li class=\"elementor-icon-list-item elementor-repeater-item-5bc8480 elementor-inline-item\" itemprop=\"author\">\n\t\t\t\t\t\t<a href=\"https:\/\/teambookapp.com\/de\/blog\/author\/guy\/\">\n\t\t\t\t\t\t\t\t\t\t\t<span class=\"elementor-icon-list-icon\">\n\t\t\t\t\t\t\t\t<svg aria-hidden=\"true\" class=\"e-font-icon-svg e-far-user-circle\" viewBox=\"0 0 496 512\" xmlns=\"http:\/\/www.w3.org\/2000\/svg\"><path d=\"M248 104c-53 0-96 43-96 96s43 96 96 96 96-43 96-96-43-96-96-96zm0 144c-26.5 0-48-21.5-48-48s21.5-48 48-48 48 21.5 48 48-21.5 48-48 48zm0-240C111 8 0 119 0 256s111 248 248 248 248-111 248-248S385 8 248 8zm0 448c-49.7 0-95.1-18.3-130.1-48.4 14.9-23 40.4-38.6 69.6-39.5 20.8 6.4 40.6 9.6 60.5 9.6s39.7-3.1 60.5-9.6c29.2 1 54.7 16.5 69.6 39.5-35 30.1-80.4 48.4-130.1 48.4zm162.7-84.1c-24.4-31.4-62.1-51.9-105.1-51.9-10.2 0-26 9.6-57.6 9.6-31.5 0-47.4-9.6-57.6-9.6-42.9 0-80.6 20.5-105.1 51.9C61.9 339.2 48 299.2 48 256c0-110.3 89.7-200 200-200s200 89.7 200 200c0 43.2-13.9 83.2-37.3 115.9z\"><\/path><\/svg>\t\t\t\t\t\t\t<\/span>\n\t\t\t\t\t\t\t\t\t<span class=\"elementor-icon-list-text elementor-post-info__item elementor-post-info__item--type-author\">\n\t\t\t\t\t\t\t\t\t\tGuy Wolfensberger\t\t\t\t\t<\/span>\n\t\t\t\t\t\t\t\t\t<\/a>\n\t\t\t\t<\/li>\n\t\t\t\t<li class=\"elementor-icon-list-item elementor-repeater-item-b37f448 elementor-inline-item\" itemprop=\"datePublished\">\n\t\t\t\t\t\t<a href=\"https:\/\/teambookapp.com\/de\/blog\/2026\/02\/14\/\">\n\t\t\t\t\t\t\t\t\t\t\t<span class=\"elementor-icon-list-icon\">\n\t\t\t\t\t\t\t\t<svg aria-hidden=\"true\" class=\"e-font-icon-svg e-fas-calendar\" viewBox=\"0 0 448 512\" xmlns=\"http:\/\/www.w3.org\/2000\/svg\"><path d=\"M12 192h424c6.6 0 12 5.4 12 12v260c0 26.5-21.5 48-48 48H48c-26.5 0-48-21.5-48-48V204c0-6.6 5.4-12 12-12zm436-44v-36c0-26.5-21.5-48-48-48h-48V12c0-6.6-5.4-12-12-12h-40c-6.6 0-12 5.4-12 12v52H160V12c0-6.6-5.4-12-12-12h-40c-6.6 0-12 5.4-12 12v52H48C21.5 64 0 85.5 0 112v36c0 6.6 5.4 12 12 12h424c6.6 0 12-5.4 12-12z\"><\/path><\/svg>\t\t\t\t\t\t\t<\/span>\n\t\t\t\t\t\t\t\t\t<span class=\"elementor-icon-list-text elementor-post-info__item elementor-post-info__item--type-date\">\n\t\t\t\t\t\t\t\t\t\t<time>Februar 14, 2026<\/time>\t\t\t\t\t<\/span>\n\t\t\t\t\t\t\t\t\t<\/a>\n\t\t\t\t<\/li>\n\t\t\t\t<li class=\"elementor-icon-list-item elementor-repeater-item-9589f27 elementor-inline-item\">\n\t\t\t\t\t\t\t\t\t\t<span class=\"elementor-icon-list-icon\">\n\t\t\t\t\t\t\t\t<svg aria-hidden=\"true\" class=\"e-font-icon-svg e-far-clock\" viewBox=\"0 0 512 512\" xmlns=\"http:\/\/www.w3.org\/2000\/svg\"><path d=\"M256 8C119 8 8 119 8 256s111 248 248 248 248-111 248-248S393 8 256 8zm0 448c-110.5 0-200-89.5-200-200S145.5 56 256 56s200 89.5 200 200-89.5 200-200 200zm61.8-104.4l-84.9-61.7c-3.1-2.3-4.9-5.9-4.9-9.7V116c0-6.6 5.4-12 12-12h32c6.6 0 12 5.4 12 12v141.7l66.8 48.6c5.4 3.9 6.5 11.4 2.6 16.8L334.6 349c-3.9 5.3-11.4 6.5-16.8 2.6z\"><\/path><\/svg>\t\t\t\t\t\t\t<\/span>\n\t\t\t\t\t\t\t\t\t<span class=\"elementor-icon-list-text elementor-post-info__item elementor-post-info__item--type-time\">\n\t\t\t\t\t\t\t\t\t\t<time>1:03 p.m.<\/time>\t\t\t\t\t<\/span>\n\t\t\t\t\t\t\t\t<\/li>\n\t\t\t\t<\/ul>\n\t\t\t\t\t\t<\/div>\n\t\t\t\t<div class=\"elementor-element elementor-element-0e4cb0a elementor-widget elementor-widget-text-editor\" data-id=\"0e4cb0a\" data-element_type=\"widget\" data-e-type=\"widget\" data-widget_type=\"text-editor.default\">\n\t\t\t\t\t\t\t\t\t<h2><b>TL;DR<\/b><\/h2><ul><li style=\"font-weight: 400;\" aria-level=\"1\"><p><span style=\"font-weight: 400;\">Nein. Kapazit\u00e4tsplanung und Auslastungsverfolgung sind miteinander verwandt, aber nicht dasselbe.<\/span><\/p><\/li><li style=\"font-weight: 400;\" aria-level=\"1\"><p><span style=\"font-weight: 400;\">Die Kapazit\u00e4tsplanung blickt in die Zukunft und bewertet, ob die zuk\u00fcnftige Arbeit in die verf\u00fcgbare Zeit und die vorhandenen F\u00e4higkeiten passt.<\/span><\/p><\/li><li style=\"font-weight: 400;\" aria-level=\"1\"><p><span style=\"font-weight: 400;\">Die Verfolgung der Auslastung ist r\u00fcckw\u00e4rtsgerichtet und misst, wie viel von der Zeit eines Mitarbeiters tats\u00e4chlich genutzt wurde, oft f\u00fcr die Rechnungsstellung oder Leistungsanalyse.<\/span><\/p><\/li><li style=\"font-weight: 400;\" aria-level=\"1\"><p><span style=\"font-weight: 400;\">Teams nutzen die Kapazit\u00e4tsplanung, um \u00dcberlastung zu vermeiden, und die Verfolgung der Auslastung, um die bisherige Effizienz zu verstehen.<\/span><\/p><\/li><\/ul>\t\t\t\t\t\t\t\t<\/div>\n\t\t\t\t<div class=\"elementor-element elementor-element-5aef275 elementor-toc--minimized-on-tablet elementor-widget elementor-widget-table-of-contents\" data-id=\"5aef275\" data-element_type=\"widget\" data-e-type=\"widget\" data-settings=\"{&quot;exclude_headings_by_selector&quot;:[],&quot;no_headings_message&quot;:&quot;No headings were found on this page.&quot;,&quot;headings_by_tags&quot;:[&quot;h2&quot;,&quot;h3&quot;,&quot;h4&quot;,&quot;h5&quot;,&quot;h6&quot;],&quot;marker_view&quot;:&quot;numbers&quot;,&quot;minimize_box&quot;:&quot;yes&quot;,&quot;minimized_on&quot;:&quot;tablet&quot;,&quot;hierarchical_view&quot;:&quot;yes&quot;,&quot;min_height&quot;:{&quot;unit&quot;:&quot;px&quot;,&quot;size&quot;:&quot;&quot;,&quot;sizes&quot;:[]},&quot;min_height_widescreen&quot;:{&quot;unit&quot;:&quot;px&quot;,&quot;size&quot;:&quot;&quot;,&quot;sizes&quot;:[]},&quot;min_height_laptop&quot;:{&quot;unit&quot;:&quot;px&quot;,&quot;size&quot;:&quot;&quot;,&quot;sizes&quot;:[]},&quot;min_height_tablet_extra&quot;:{&quot;unit&quot;:&quot;px&quot;,&quot;size&quot;:&quot;&quot;,&quot;sizes&quot;:[]},&quot;min_height_tablet&quot;:{&quot;unit&quot;:&quot;px&quot;,&quot;size&quot;:&quot;&quot;,&quot;sizes&quot;:[]},&quot;min_height_mobile_extra&quot;:{&quot;unit&quot;:&quot;px&quot;,&quot;size&quot;:&quot;&quot;,&quot;sizes&quot;:[]},&quot;min_height_mobile&quot;:{&quot;unit&quot;:&quot;px&quot;,&quot;size&quot;:&quot;&quot;,&quot;sizes&quot;:[]}}\" data-widget_type=\"table-of-contents.default\">\n\t\t\t\t\t\t\t\t\t<div class=\"elementor-toc__header\">\n\t\t\t\t\t\t<h2 class=\"elementor-toc__header-title\">\n\t\t\t\tInhaltsverzeichnis\t\t\t<\/h2>\n\t\t\t\t\t\t\t\t\t\t<div class=\"elementor-toc__toggle-button elementor-toc__toggle-button--expand\" role=\"button\" tabindex=\"0\" aria-controls=\"elementor-toc__5aef275\" aria-expanded=\"true\" aria-label=\"Open table of contents\"><svg aria-hidden=\"true\" class=\"e-font-icon-svg e-fas-chevron-down\" viewBox=\"0 0 448 512\" xmlns=\"http:\/\/www.w3.org\/2000\/svg\"><path d=\"M207.029 381.476L12.686 187.132c-9.373-9.373-9.373-24.569 0-33.941l22.667-22.667c9.357-9.357 24.522-9.375 33.901-.04L224 284.505l154.745-154.021c9.379-9.335 24.544-9.317 33.901.04l22.667 22.667c9.373 9.373 9.373 24.569 0 33.941L240.971 381.476c-9.373 9.372-24.569 9.372-33.942 0z\"><\/path><\/svg><\/div>\n\t\t\t\t<div class=\"elementor-toc__toggle-button elementor-toc__toggle-button--collapse\" role=\"button\" tabindex=\"0\" aria-controls=\"elementor-toc__5aef275\" aria-expanded=\"true\" aria-label=\"Close table of contents\"><svg aria-hidden=\"true\" class=\"e-font-icon-svg e-fas-chevron-up\" viewBox=\"0 0 448 512\" xmlns=\"http:\/\/www.w3.org\/2000\/svg\"><path d=\"M240.971 130.524l194.343 194.343c9.373 9.373 9.373 24.569 0 33.941l-22.667 22.667c-9.357 9.357-24.522 9.375-33.901.04L224 227.495 69.255 381.516c-9.379 9.335-24.544 9.317-33.901-.04l-22.667-22.667c-9.373-9.373-9.373-24.569 0-33.941L207.03 130.525c9.372-9.373 24.568-9.373 33.941-.001z\"><\/path><\/svg><\/div>\n\t\t\t\t\t<\/div>\n\t\t\t\t<div id=\"elementor-toc__5aef275\" class=\"elementor-toc__body\">\n\t\t\t<div class=\"elementor-toc__spinner-container\">\n\t\t\t\t<svg class=\"elementor-toc__spinner eicon-animation-spin e-font-icon-svg e-eicon-loading\" aria-hidden=\"true\" viewBox=\"0 0 1000 1000\" xmlns=\"http:\/\/www.w3.org\/2000\/svg\"><path d=\"M500 975V858C696 858 858 696 858 500S696 142 500 142 142 304 142 500H25C25 237 238 25 500 25S975 237 975 500 763 975 500 975Z\"><\/path><\/svg>\t\t\t<\/div>\n\t\t<\/div>\n\t\t\t\t\t\t<\/div>\n\t\t\t\t<div class=\"elementor-element elementor-element-15da44e elementor-widget elementor-widget-text-editor\" data-id=\"15da44e\" data-element_type=\"widget\" data-e-type=\"widget\" data-widget_type=\"text-editor.default\">\n\t\t\t\t\t\t\t\t\t<h2><b>Was ist Kapazit\u00e4tsplanung?  <\/b><\/h2><p><span style=\"font-weight: 400;\">Bei der Kapazit\u00e4tsplanung wird bewertet, ob ein Team \u00fcber gen\u00fcgend Zeit und F\u00e4higkeiten verf\u00fcgt, um die erwartete zuk\u00fcnftige Arbeit zu bew\u00e4ltigen.<\/span><\/p><p><span style=\"font-weight: 400;\">Es hilft den Teams, Fragen wie diese zu beantworten:<\/span><\/p><ul><li style=\"font-weight: 400;\" aria-level=\"1\"><span style=\"font-weight: 400;\">K\u00f6nnen wir neue Projekte in Angriff nehmen, ohne die Mitarbeiter zu \u00fcberlasten?<\/span><\/li><li style=\"font-weight: 400;\" aria-level=\"1\"><span style=\"font-weight: 400;\">Wo werden in den kommenden Wochen oder Monaten Kapazit\u00e4tsengp\u00e4sse auftreten?<\/span><\/li><li style=\"font-weight: 400;\" aria-level=\"1\"><span style=\"font-weight: 400;\">Sollten wir den Zeitplan verschieben, die Arbeit neu verteilen oder die Kapazit\u00e4t erh\u00f6hen?<\/span><\/li><\/ul><p><span style=\"font-weight: 400;\">Kapazit\u00e4tsplanung ist proaktiv und vorausschauend.<\/span><span style=\"font-weight: 400;\"><br><\/span><span style=\"font-weight: 400;\">Ihr Ziel ist es, Probleme zu vermeiden, bevor die Arbeit beginnt.<\/span><\/p><h2><b>Was ist die Nutzungs\u00fcberwachung?  <\/b><\/h2><p><span style=\"font-weight: 400;\">Die Auslastungs\u00fcberwachung misst, wie viel der verf\u00fcgbaren Zeit einer Person tats\u00e4chlich f\u00fcr die Arbeit aufgewendet wurde, oft ausgedr\u00fcckt als Prozentsatz.<\/span><\/p><p><span style=\"font-weight: 400;\">Es wird \u00fcblicherweise verwendet, um:<\/span><\/p><ul><li style=\"font-weight: 400;\" aria-level=\"1\"><span style=\"font-weight: 400;\">\u00dcberwachen Sie fakturierbare und nicht fakturierbare Zeit<\/span><\/li><li style=\"font-weight: 400;\" aria-level=\"1\"><span style=\"font-weight: 400;\">Analysieren Sie Effizienz und Margen<\/span><\/li><li style=\"font-weight: 400;\" aria-level=\"1\"><span style=\"font-weight: 400;\">Unterst\u00fctzung bei der Rechnungsstellung und Berichterstattung<\/span><\/li><li style=\"font-weight: 400;\" aria-level=\"1\"><span style=\"font-weight: 400;\">\u00dcberpr\u00fcfen Sie die historische Leistung<\/span><\/li><\/ul><p><span style=\"font-weight: 400;\">Die Verfolgung der Inanspruchnahme ist r\u00fcckblickend. Sie erkl\u00e4rt, was bereits geschehen ist. <\/span><\/p><h2><b>Hauptunterschiede zwischen Kapazit\u00e4tsplanung und Auslastungsverfolgung  <\/b><\/h2><p><span style=\"font-weight: 400;\">Der Unterschied liegt in der <\/span><b>Timing und Absicht<\/b><span style=\"font-weight: 400;\">.<\/span><\/p><h3><b>Kapazit\u00e4tsplanung blickt nach vorn  <\/b><\/h3><ul><li style=\"font-weight: 400;\" aria-level=\"1\"><span style=\"font-weight: 400;\">Konzentriert sich auf die zuk\u00fcnftige Verf\u00fcgbarkeit<\/span><\/li><li style=\"font-weight: 400;\" aria-level=\"1\"><span style=\"font-weight: 400;\">Bewertet die Machbarkeit, bevor er sich zur Arbeit verpflichtet<\/span><\/li><li style=\"font-weight: 400;\" aria-level=\"1\"><span style=\"font-weight: 400;\">Hilft, \u00dcberlastung und Burnout zu verhindern<\/span><\/li><li style=\"font-weight: 400;\" aria-level=\"1\"><span style=\"font-weight: 400;\">Unterst\u00fctzt Entscheidungen zur Planung und Personalausstattung<\/span><\/li><\/ul><h3><b>Die Verfolgung der Auslastung ist r\u00fcckw\u00e4rtsgerichtet  <\/b><\/h3><ul><li style=\"font-weight: 400;\" aria-level=\"1\"><span style=\"font-weight: 400;\">Misst die Nutzung der vergangenen Zeit<\/span><\/li><li style=\"font-weight: 400;\" aria-level=\"1\"><span style=\"font-weight: 400;\">Verfolgt Effizienz und Abrechenbarkeit<\/span><\/li><li style=\"font-weight: 400;\" aria-level=\"1\"><span style=\"font-weight: 400;\">Unterst\u00fctzt Berichte und Finanzanalysen<\/span><\/li><li style=\"font-weight: 400;\" aria-level=\"1\"><span style=\"font-weight: 400;\">Erkl\u00e4rt die Ergebnisse nach der Entbindung<\/span><\/li><\/ul><h3><b>Zusammenfassender Vergleich  <\/b><\/h3><ul><li style=\"font-weight: 400;\" aria-level=\"1\"><span style=\"font-weight: 400;\">Die Kapazit\u00e4tsplanung fragt: <\/span><i><span style=\"font-weight: 400;\">K\u00f6nnen wir diese Arbeit bew\u00e4ltigen?<\/span><\/i><\/li><li style=\"font-weight: 400;\" aria-level=\"1\"><span style=\"font-weight: 400;\">Die Verfolgung der Nutzung fragt: <\/span><i><span style=\"font-weight: 400;\">Wie wurde unsere Zeit tats\u00e4chlich genutzt?<\/span><\/i><\/li><\/ul><h2><b>Wie die beiden zusammen verwendet werden  <\/b><\/h2><p><span style=\"font-weight: 400;\">Viele Teams verwenden beides, aber in unterschiedlichen Phasen.<\/span><\/p><p><span style=\"font-weight: 400;\">Ein typischer Ablauf sieht so aus:<\/span><\/p><ol><li style=\"font-weight: 400;\" aria-level=\"1\"><span style=\"font-weight: 400;\">Die Kapazit\u00e4tsplanung bewertet die zuk\u00fcnftige Machbarkeit<\/span><\/li><li style=\"font-weight: 400;\" aria-level=\"1\"><span style=\"font-weight: 400;\">Teams passen Pl\u00e4ne an, um \u00dcberlastung zu vermeiden<\/span><\/li><li style=\"font-weight: 400;\" aria-level=\"1\"><span style=\"font-weight: 400;\">Arbeit wird geliefert<\/span><\/li><li style=\"font-weight: 400;\" aria-level=\"1\"><span style=\"font-weight: 400;\">Die Verfolgung der Auslastung erfasst den tats\u00e4chlichen Aufwand<\/span><\/li><li style=\"font-weight: 400;\" aria-level=\"1\"><span style=\"font-weight: 400;\">Historische Nutzung als Grundlage f\u00fcr zuk\u00fcnftige Annahmen<\/span><\/li><\/ol><p><span style=\"font-weight: 400;\">Zusammen eingesetzt, unterst\u00fctzen sie eine realistische Planung und kontinuierliche Verbesserung.<\/span><\/p><h2><b>Wenn Teams Kapazit\u00e4t und Auslastung verwechseln  <\/b><\/h2><p><span style=\"font-weight: 400;\">Verwirrung entsteht, wenn Teams:<\/span><\/p><ul><li style=\"font-weight: 400;\" aria-level=\"1\"><span style=\"font-weight: 400;\">Versuchen Sie, die k\u00fcnftige Arbeit nur anhand von Nutzungsberichten zu planen<\/span><\/li><li style=\"font-weight: 400;\" aria-level=\"1\"><span style=\"font-weight: 400;\">Entdecken Sie die \u00dcberlastung, nachdem die Menschen bereits \u00fcberlastet sind<\/span><\/li><li style=\"font-weight: 400;\" aria-level=\"1\"><span style=\"font-weight: 400;\">Behandeln Sie eine hohe Auslastung als Planungsziel und nicht als Signal<\/span><\/li><li style=\"font-weight: 400;\" aria-level=\"1\"><span style=\"font-weight: 400;\">Erwarten Sie eine Verfolgung der Nutzung, um Lieferrisiken zu vermeiden<\/span><\/li><\/ul><p><span style=\"font-weight: 400;\">Auslastungskennzahlen allein k\u00f6nnen die zuk\u00fcnftige Kapazit\u00e4t nicht sch\u00fctzen.<\/span><\/p><h2><b>Wer benutzt typischerweise jedes  <\/b><\/h2><p><span style=\"font-weight: 400;\">\u00dcbliche Verwendungsmuster sind:<\/span><\/p><ul><li style=\"font-weight: 400;\" aria-level=\"1\"><span style=\"font-weight: 400;\">Kapazit\u00e4tsplanung: Betriebsteams, Ressourcenmanager, Lieferleiter<\/span><\/li><li style=\"font-weight: 400;\" aria-level=\"1\"><span style=\"font-weight: 400;\">Verfolgung der Nutzung: Finanzteams, Leiter professioneller Dienstleistungen, Projektmanager<\/span><\/li><\/ul><p><span style=\"font-weight: 400;\">In kleineren Teams sehen sich dieselben Personen vielleicht beides an, aber aus unterschiedlichen Gr\u00fcnden.<\/span><\/p><h2><b>H\u00e4ufige Probleme, die durch Verwechslung verursacht werden  <\/b><\/h2><p><span style=\"font-weight: 400;\">Wenn Teams Kapazit\u00e4tsplanung und Auslastungs\u00fcberwachung als austauschbar betrachten, stehen sie oft vor einem Problem:<\/span><\/p><ul><li style=\"font-weight: 400;\" aria-level=\"1\"><span style=\"font-weight: 400;\">Chronische \u00dcberengagiertheit<\/span><\/li><li style=\"font-weight: 400;\" aria-level=\"1\"><span style=\"font-weight: 400;\">Burnout bei wichtigen Mitarbeitern<\/span><\/li><li style=\"font-weight: 400;\" aria-level=\"1\"><span style=\"font-weight: 400;\">Unrealistische Lieferversprechen<\/span><\/li><li style=\"font-weight: 400;\" aria-level=\"1\"><span style=\"font-weight: 400;\">Reaktive Personalentscheidungen<\/span><\/li><li style=\"font-weight: 400;\" aria-level=\"1\"><span style=\"font-weight: 400;\">Schlechte langfristige Gesundheit der Kapazit\u00e4t<\/span><\/li><\/ul><p><span style=\"font-weight: 400;\">Eine klare Trennung verbessert die Vorhersehbarkeit und Nachhaltigkeit.<\/span><\/p><h2><b>H\u00e4ufig gestellte Fragen <\/b><\/h2><h3><b>Ist eine hohe Auslastung immer eine gute Sache?<\/b><\/h3><p><span style=\"font-weight: 400;\">Nein. Eine gleichbleibend hohe Auslastung l\u00e4sst keinen Puffer f\u00fcr Ver\u00e4nderungen, erh\u00f6ht das Burnout-Risiko und verringert die F\u00e4higkeit eines Teams, auf neue Aufgaben zu reagieren.<\/span><\/p><h3><b>Kann die Verfolgung der Auslastung die Kapazit\u00e4tsplanung ersetzen?  <\/b><\/h3><p><span style=\"font-weight: 400;\">Nein. Die Verfolgung der Auslastung erkl\u00e4rt die Zeitnutzung in der Vergangenheit, sagt aber nichts dar\u00fcber aus, ob zuk\u00fcnftige Arbeiten mit der verf\u00fcgbaren Kapazit\u00e4t machbar sind.<\/span><\/p><h3><b>Sollten Teams nach Auslastung oder Kapazit\u00e4t optimieren?  <\/b><\/h3><p><span style=\"font-weight: 400;\">Teams sollten zuerst die nachhaltige Kapazit\u00e4t optimieren. Die Auslastung ist ein Ergebnis, nicht der prim\u00e4re Planungsinput. <\/span><\/p><h2><b>Quellen  <\/b><\/h2><p><span style=\"font-weight: 400;\">PMI-Bibliothek: Konzepte zur Ressourcenkapazit\u00e4t und -auslastung<\/span><span style=\"font-weight: 400;\"><br><\/span><a href=\"https:\/\/www.pmi.org\/learning\/library\/resource-leveling-scheduling-projects-6007\" target=\"_blank\" rel=\"noopener\"><span style=\"font-weight: 400;\">https:\/\/www.pmi.org\/learning\/library\/resource-leveling-scheduling-projects-6007<\/span><\/a><\/p><p><span style=\"font-weight: 400;\">Atlassian: Kapazit\u00e4tsplanung und Auslastung erkl\u00e4rt<\/span><span style=\"font-weight: 400;\"><br><\/span><span style=\"font-weight: 400;\">https:\/\/www.atlassian.com\/work-management\/project-management\/capacity-planning<\/span><\/p><p><span style=\"font-weight: 400;\">Harvard Business Review: Management der Auslastung bei professionellen Dienstleistungen<\/span><span style=\"font-weight: 400;\"><br><\/span><span style=\"font-weight: 400;\">https:\/\/hbr.org\/2018\/06\/managing-professional-services-firms<\/span><\/p><p><span style=\"font-weight: 400;\">Planta-Glossar: Verwendungsnachweis erkl\u00e4rt<\/span><span style=\"font-weight: 400;\"><br><\/span><span style=\"font-weight: 400;\">https:\/\/plantapp.io\/glossary\/utilization-rate\/<\/span><\/p>\t\t\t\t\t\t\t\t<\/div>\n\t\t\t\t\t<\/div>\n\t\t\t\t<\/div>\n\t\t\t\t<\/div>\n\t\t","protected":false},"excerpt":{"rendered":"<p>Ist Kapazit\u00e4tsplanung dasselbe wie Auslastungsverfolgung? TL;DR Nein. Kapazit\u00e4tsplanung und Auslastungsverfolgung sind miteinander verwandt, aber nicht dasselbe. Die Kapazit\u00e4tsplanung blickt in die Zukunft und bewertet, ob die zuk\u00fcnftige Arbeit in die verf\u00fcgbare Zeit und die vorhandenen F\u00e4higkeiten passt. Die Verfolgung der Auslastung ist r\u00fcckw\u00e4rtsgerichtet und misst, wie viel von der Zeit eines Mitarbeiters tats\u00e4chlich genutzt wurde, [&hellip;]<\/p>\n","protected":false},"author":12,"featured_media":0,"parent":0,"menu_order":0,"comment_status":"closed","ping_status":"closed","template":"","meta":{"footnotes":""},"class_list":["post-37472","page","type-page","status-publish","hentry"],"_links":{"self":[{"href":"https:\/\/teambookapp.com\/de\/wp-json\/wp\/v2\/pages\/37472","targetHints":{"allow":["GET"]}}],"collection":[{"href":"https:\/\/teambookapp.com\/de\/wp-json\/wp\/v2\/pages"}],"about":[{"href":"https:\/\/teambookapp.com\/de\/wp-json\/wp\/v2\/types\/page"}],"author":[{"embeddable":true,"href":"https:\/\/teambookapp.com\/de\/wp-json\/wp\/v2\/users\/12"}],"replies":[{"embeddable":true,"href":"https:\/\/teambookapp.com\/de\/wp-json\/wp\/v2\/comments?post=37472"}],"version-history":[{"count":1,"href":"https:\/\/teambookapp.com\/de\/wp-json\/wp\/v2\/pages\/37472\/revisions"}],"predecessor-version":[{"id":37473,"href":"https:\/\/teambookapp.com\/de\/wp-json\/wp\/v2\/pages\/37472\/revisions\/37473"}],"wp:attachment":[{"href":"https:\/\/teambookapp.com\/de\/wp-json\/wp\/v2\/media?parent=37472"}],"curies":[{"name":"wp","href":"https:\/\/api.w.org\/{rel}","templated":true}]}}