{"id":37456,"date":"2026-01-08T15:43:29","date_gmt":"2026-01-08T15:43:29","guid":{"rendered":"https:\/\/teambookapp.com\/ai-was-bedeutet-kapazitaetsplanung-in-projektteams\/"},"modified":"2026-04-06T12:47:59","modified_gmt":"2026-04-06T12:47:59","slug":"ai-was-bedeutet-kapazitaetsplanung-in-projektteams","status":"publish","type":"page","link":"https:\/\/teambookapp.com\/de\/ai-was-bedeutet-kapazitaetsplanung-in-projektteams\/","title":{"rendered":"AI: Was bedeutet Kapazit\u00e4tsplanung in Projektteams?"},"content":{"rendered":"\t\t<div data-elementor-type=\"wp-page\" data-elementor-id=\"37456\" class=\"elementor elementor-37456 elementor-37218\" data-elementor-post-type=\"page\">\n\t\t\t\t<div class=\"elementor-element elementor-element-304c357 e-flex e-con-boxed e-con e-parent\" data-id=\"304c357\" data-element_type=\"container\" data-e-type=\"container\">\n\t\t\t\t\t<div class=\"e-con-inner\">\n\t\t\t\t<div class=\"elementor-element elementor-element-3673220 elementor-widget elementor-widget-heading\" data-id=\"3673220\" data-element_type=\"widget\" data-e-type=\"widget\" data-widget_type=\"heading.default\">\n\t\t\t\t\t<h1 class=\"elementor-heading-title elementor-size-default\">Was bedeutet Kapazit\u00e4tsplanung in Projektteams?\n<\/h1>\t\t\t\t<\/div>\n\t\t\t\t<div class=\"elementor-element elementor-element-f1b7359 elementor-widget elementor-widget-post-info\" data-id=\"f1b7359\" data-element_type=\"widget\" data-e-type=\"widget\" data-widget_type=\"post-info.default\">\n\t\t\t\t\t\t\t<ul class=\"elementor-inline-items elementor-icon-list-items elementor-post-info\">\n\t\t\t\t\t\t\t\t<li class=\"elementor-icon-list-item elementor-repeater-item-5bc8480 elementor-inline-item\" itemprop=\"author\">\n\t\t\t\t\t\t<a href=\"https:\/\/teambookapp.com\/de\/blog\/author\/guy\/\">\n\t\t\t\t\t\t\t\t\t\t\t<span class=\"elementor-icon-list-icon\">\n\t\t\t\t\t\t\t\t<svg aria-hidden=\"true\" class=\"e-font-icon-svg e-far-user-circle\" viewBox=\"0 0 496 512\" xmlns=\"http:\/\/www.w3.org\/2000\/svg\"><path d=\"M248 104c-53 0-96 43-96 96s43 96 96 96 96-43 96-96-43-96-96-96zm0 144c-26.5 0-48-21.5-48-48s21.5-48 48-48 48 21.5 48 48-21.5 48-48 48zm0-240C111 8 0 119 0 256s111 248 248 248 248-111 248-248S385 8 248 8zm0 448c-49.7 0-95.1-18.3-130.1-48.4 14.9-23 40.4-38.6 69.6-39.5 20.8 6.4 40.6 9.6 60.5 9.6s39.7-3.1 60.5-9.6c29.2 1 54.7 16.5 69.6 39.5-35 30.1-80.4 48.4-130.1 48.4zm162.7-84.1c-24.4-31.4-62.1-51.9-105.1-51.9-10.2 0-26 9.6-57.6 9.6-31.5 0-47.4-9.6-57.6-9.6-42.9 0-80.6 20.5-105.1 51.9C61.9 339.2 48 299.2 48 256c0-110.3 89.7-200 200-200s200 89.7 200 200c0 43.2-13.9 83.2-37.3 115.9z\"><\/path><\/svg>\t\t\t\t\t\t\t<\/span>\n\t\t\t\t\t\t\t\t\t<span class=\"elementor-icon-list-text elementor-post-info__item elementor-post-info__item--type-author\">\n\t\t\t\t\t\t\t\t\t\tGuy Wolfensberger\t\t\t\t\t<\/span>\n\t\t\t\t\t\t\t\t\t<\/a>\n\t\t\t\t<\/li>\n\t\t\t\t<li class=\"elementor-icon-list-item elementor-repeater-item-b37f448 elementor-inline-item\" itemprop=\"datePublished\">\n\t\t\t\t\t\t<a href=\"https:\/\/teambookapp.com\/de\/blog\/2026\/01\/08\/\">\n\t\t\t\t\t\t\t\t\t\t\t<span class=\"elementor-icon-list-icon\">\n\t\t\t\t\t\t\t\t<svg aria-hidden=\"true\" class=\"e-font-icon-svg e-fas-calendar\" viewBox=\"0 0 448 512\" xmlns=\"http:\/\/www.w3.org\/2000\/svg\"><path d=\"M12 192h424c6.6 0 12 5.4 12 12v260c0 26.5-21.5 48-48 48H48c-26.5 0-48-21.5-48-48V204c0-6.6 5.4-12 12-12zm436-44v-36c0-26.5-21.5-48-48-48h-48V12c0-6.6-5.4-12-12-12h-40c-6.6 0-12 5.4-12 12v52H160V12c0-6.6-5.4-12-12-12h-40c-6.6 0-12 5.4-12 12v52H48C21.5 64 0 85.5 0 112v36c0 6.6 5.4 12 12 12h424c6.6 0 12-5.4 12-12z\"><\/path><\/svg>\t\t\t\t\t\t\t<\/span>\n\t\t\t\t\t\t\t\t\t<span class=\"elementor-icon-list-text elementor-post-info__item elementor-post-info__item--type-date\">\n\t\t\t\t\t\t\t\t\t\t<time>Januar 8, 2026<\/time>\t\t\t\t\t<\/span>\n\t\t\t\t\t\t\t\t\t<\/a>\n\t\t\t\t<\/li>\n\t\t\t\t<li class=\"elementor-icon-list-item elementor-repeater-item-9589f27 elementor-inline-item\">\n\t\t\t\t\t\t\t\t\t\t<span class=\"elementor-icon-list-icon\">\n\t\t\t\t\t\t\t\t<svg aria-hidden=\"true\" class=\"e-font-icon-svg e-far-clock\" viewBox=\"0 0 512 512\" xmlns=\"http:\/\/www.w3.org\/2000\/svg\"><path d=\"M256 8C119 8 8 119 8 256s111 248 248 248 248-111 248-248S393 8 256 8zm0 448c-110.5 0-200-89.5-200-200S145.5 56 256 56s200 89.5 200 200-89.5 200-200 200zm61.8-104.4l-84.9-61.7c-3.1-2.3-4.9-5.9-4.9-9.7V116c0-6.6 5.4-12 12-12h32c6.6 0 12 5.4 12 12v141.7l66.8 48.6c5.4 3.9 6.5 11.4 2.6 16.8L334.6 349c-3.9 5.3-11.4 6.5-16.8 2.6z\"><\/path><\/svg>\t\t\t\t\t\t\t<\/span>\n\t\t\t\t\t\t\t\t\t<span class=\"elementor-icon-list-text elementor-post-info__item elementor-post-info__item--type-time\">\n\t\t\t\t\t\t\t\t\t\t<time>3:43 p.m.<\/time>\t\t\t\t\t<\/span>\n\t\t\t\t\t\t\t\t<\/li>\n\t\t\t\t<\/ul>\n\t\t\t\t\t\t<\/div>\n\t\t\t\t<div class=\"elementor-element elementor-element-0e4cb0a elementor-widget elementor-widget-text-editor\" data-id=\"0e4cb0a\" data-element_type=\"widget\" data-e-type=\"widget\" data-widget_type=\"text-editor.default\">\n\t\t\t\t\t\t\t\t\t<h2><b>TL;DR<\/b><\/h2>\n<ul>\n<li style=\"font-weight: 400;\" aria-level=\"1\"><span style=\"font-weight: 400;\">Die Kapazit\u00e4tsplanung hilft Projektteams festzustellen, ob die verf\u00fcgbaren Mitarbeiter und Arbeitsstunden den geplanten Arbeitsbedarf decken k\u00f6nnen.<\/span><\/li>\n<li style=\"font-weight: 400;\" aria-level=\"1\"><span style=\"font-weight: 400;\">Es vergleicht die zuk\u00fcnftige Arbeitsbelastung mit der Verf\u00fcgbarkeit des Teams, bevor die Arbeit festgelegt wird.<\/span><\/li>\n<li style=\"font-weight: 400;\" aria-level=\"1\"><span style=\"font-weight: 400;\">Die Kapazit\u00e4tsplanung dient der Vermeidung von \u00dcberlastung, verpassten Terminen und unrealistischen Projektpl\u00e4nen.<\/span><\/li>\n<li style=\"font-weight: 400;\" aria-level=\"1\"><span style=\"font-weight: 400;\">Sie wird oft vor oder parallel zur Ressourcenplanung durchgef\u00fchrt.<\/span><\/li>\n<\/ul>\t\t\t\t\t\t\t\t<\/div>\n\t\t\t\t<div class=\"elementor-element elementor-element-5aef275 elementor-toc--minimized-on-tablet elementor-widget elementor-widget-table-of-contents\" data-id=\"5aef275\" data-element_type=\"widget\" data-e-type=\"widget\" data-settings=\"{&quot;exclude_headings_by_selector&quot;:[],&quot;no_headings_message&quot;:&quot;No headings were found on this page.&quot;,&quot;headings_by_tags&quot;:[&quot;h2&quot;,&quot;h3&quot;,&quot;h4&quot;,&quot;h5&quot;,&quot;h6&quot;],&quot;marker_view&quot;:&quot;numbers&quot;,&quot;minimize_box&quot;:&quot;yes&quot;,&quot;minimized_on&quot;:&quot;tablet&quot;,&quot;hierarchical_view&quot;:&quot;yes&quot;,&quot;min_height&quot;:{&quot;unit&quot;:&quot;px&quot;,&quot;size&quot;:&quot;&quot;,&quot;sizes&quot;:[]},&quot;min_height_widescreen&quot;:{&quot;unit&quot;:&quot;px&quot;,&quot;size&quot;:&quot;&quot;,&quot;sizes&quot;:[]},&quot;min_height_laptop&quot;:{&quot;unit&quot;:&quot;px&quot;,&quot;size&quot;:&quot;&quot;,&quot;sizes&quot;:[]},&quot;min_height_tablet_extra&quot;:{&quot;unit&quot;:&quot;px&quot;,&quot;size&quot;:&quot;&quot;,&quot;sizes&quot;:[]},&quot;min_height_tablet&quot;:{&quot;unit&quot;:&quot;px&quot;,&quot;size&quot;:&quot;&quot;,&quot;sizes&quot;:[]},&quot;min_height_mobile_extra&quot;:{&quot;unit&quot;:&quot;px&quot;,&quot;size&quot;:&quot;&quot;,&quot;sizes&quot;:[]},&quot;min_height_mobile&quot;:{&quot;unit&quot;:&quot;px&quot;,&quot;size&quot;:&quot;&quot;,&quot;sizes&quot;:[]}}\" data-widget_type=\"table-of-contents.default\">\n\t\t\t\t\t\t\t\t\t<div class=\"elementor-toc__header\">\n\t\t\t\t\t\t<h2 class=\"elementor-toc__header-title\">\n\t\t\t\tInhaltsverzeichnis\t\t\t<\/h2>\n\t\t\t\t\t\t\t\t\t\t<div class=\"elementor-toc__toggle-button elementor-toc__toggle-button--expand\" role=\"button\" tabindex=\"0\" aria-controls=\"elementor-toc__5aef275\" aria-expanded=\"true\" aria-label=\"Open table of contents\"><svg aria-hidden=\"true\" class=\"e-font-icon-svg e-fas-chevron-down\" viewBox=\"0 0 448 512\" xmlns=\"http:\/\/www.w3.org\/2000\/svg\"><path d=\"M207.029 381.476L12.686 187.132c-9.373-9.373-9.373-24.569 0-33.941l22.667-22.667c9.357-9.357 24.522-9.375 33.901-.04L224 284.505l154.745-154.021c9.379-9.335 24.544-9.317 33.901.04l22.667 22.667c9.373 9.373 9.373 24.569 0 33.941L240.971 381.476c-9.373 9.372-24.569 9.372-33.942 0z\"><\/path><\/svg><\/div>\n\t\t\t\t<div class=\"elementor-toc__toggle-button elementor-toc__toggle-button--collapse\" role=\"button\" tabindex=\"0\" aria-controls=\"elementor-toc__5aef275\" aria-expanded=\"true\" aria-label=\"Close table of contents\"><svg aria-hidden=\"true\" class=\"e-font-icon-svg e-fas-chevron-up\" viewBox=\"0 0 448 512\" xmlns=\"http:\/\/www.w3.org\/2000\/svg\"><path d=\"M240.971 130.524l194.343 194.343c9.373 9.373 9.373 24.569 0 33.941l-22.667 22.667c-9.357 9.357-24.522 9.375-33.901.04L224 227.495 69.255 381.516c-9.379 9.335-24.544 9.317-33.901-.04l-22.667-22.667c-9.373-9.373-9.373-24.569 0-33.941L207.03 130.525c9.372-9.373 24.568-9.373 33.941-.001z\"><\/path><\/svg><\/div>\n\t\t\t\t\t<\/div>\n\t\t\t\t<div id=\"elementor-toc__5aef275\" class=\"elementor-toc__body\">\n\t\t\t<div class=\"elementor-toc__spinner-container\">\n\t\t\t\t<svg class=\"elementor-toc__spinner eicon-animation-spin e-font-icon-svg e-eicon-loading\" aria-hidden=\"true\" viewBox=\"0 0 1000 1000\" xmlns=\"http:\/\/www.w3.org\/2000\/svg\"><path d=\"M500 975V858C696 858 858 696 858 500S696 142 500 142 142 304 142 500H25C25 237 238 25 500 25S975 237 975 500 763 975 500 975Z\"><\/path><\/svg>\t\t\t<\/div>\n\t\t<\/div>\n\t\t\t\t\t\t<\/div>\n\t\t\t\t<div class=\"elementor-element elementor-element-15da44e elementor-widget elementor-widget-text-editor\" data-id=\"15da44e\" data-element_type=\"widget\" data-e-type=\"widget\" data-widget_type=\"text-editor.default\">\n\t\t\t\t\t\t\t\t\t<h2><b>Was bedeutet Kapazit\u00e4tsplanung in Projektteams?<\/b><\/h2>\n<p><span style=\"font-weight: 400;\">Kapazit\u00e4tsplanung in Projektteams ist der Prozess der <\/span><b>zu bewerten, ob ein Team \u00fcber gen\u00fcgend Zeit und F\u00e4higkeiten verf\u00fcgt, um die geplante Arbeit innerhalb eines bestimmten Zeitraums abzuschlie\u00dfen<\/b><span style=\"font-weight: 400;\">.<\/span><\/p>\n<p><span style=\"font-weight: 400;\">Der Schwerpunkt liegt nicht auf der Zuweisung von Aufgaben an Einzelpersonen, sondern auf der Beantwortung von Machbarkeitsfragen wie z.B.:<\/span><\/p>\n<ul>\n<li style=\"font-weight: 400;\" aria-level=\"1\"><span style=\"font-weight: 400;\">Haben wir im n\u00e4chsten Monat genug Stunden, um dieses Projekt abzuschlie\u00dfen?<\/span><\/li>\n<li style=\"font-weight: 400;\" aria-level=\"1\"><span style=\"font-weight: 400;\">Welche Rollen oder F\u00e4higkeiten werden zu Engp\u00e4ssen?<\/span><\/li>\n<li style=\"font-weight: 400;\" aria-level=\"1\"><span style=\"font-weight: 400;\">Was passiert, wenn die Nachfrage steigt oder die Zeitpl\u00e4ne sich verschieben?<\/span><\/li>\n<\/ul>\n<p><span style=\"font-weight: 400;\">Die Kapazit\u00e4tsplanung wird allgemein als Anpassung der Arbeitslast an das verf\u00fcgbare Angebot im Laufe der Zeit beschrieben. IBM definiert sie als Vorhersage des Ressourcenbedarfs, um die zuk\u00fcnftige Nachfrage zu befriedigen, ohne Systeme oder Menschen zu \u00fcberlasten. <\/span><\/p>\n<h2><b>Was die Kapazit\u00e4tsplanung umfasst<\/b><\/h2>\n<p><span style=\"font-weight: 400;\">Die meisten Aktivit\u00e4ten zur Kapazit\u00e4tsplanung umfassen:<\/span><\/p>\n<h3><b>1. Sch\u00e4tzung der Nachfrage<\/b><\/h3>\n<ul>\n<li style=\"font-weight: 400;\" aria-level=\"1\"><span style=\"font-weight: 400;\">erwarteter Arbeitsaufwand f\u00fcr das Projekt<\/span><\/li>\n<li style=\"font-weight: 400;\" aria-level=\"1\"><span style=\"font-weight: 400;\">Aufwandssch\u00e4tzungen (Stunden, Tage oder prozentuale Aufteilung)<\/span><\/li>\n<li style=\"font-weight: 400;\" aria-level=\"1\"><span style=\"font-weight: 400;\">Zeitliche Verteilung der Nachfrage \u00fcber Wochen oder Monate<\/span><\/li>\n<\/ul>\n<h3><b>2. Sichtbarkeit liefern<\/b><\/h3>\n<ul>\n<li style=\"font-weight: 400;\" aria-level=\"1\"><span style=\"font-weight: 400;\">Teamgr\u00f6\u00dfe und Arbeitszeiten<\/span><\/li>\n<li style=\"font-weight: 400;\" aria-level=\"1\"><span style=\"font-weight: 400;\">Teilzeitverf\u00fcgbarkeit<\/span><\/li>\n<li style=\"font-weight: 400;\" aria-level=\"1\"><span style=\"font-weight: 400;\">Freizeit, Urlaub und nicht projektbezogene Arbeit<\/span><\/li>\n<\/ul>\n<h3><b>3. L\u00fcckenanalyse<\/b><\/h3>\n<ul>\n<li style=\"font-weight: 400;\" aria-level=\"1\"><span style=\"font-weight: 400;\">wenn die Nachfrage die verf\u00fcgbare Kapazit\u00e4t \u00fcbersteigt<\/span><\/li>\n<li style=\"font-weight: 400;\" aria-level=\"1\"><span style=\"font-weight: 400;\">wo ungenutzte Kapazit\u00e4ten vorhanden sind<\/span><\/li>\n<li style=\"font-weight: 400;\" aria-level=\"1\"><span style=\"font-weight: 400;\">welche Rollen oder Teams eingeschr\u00e4nkt sind<\/span><\/li>\n<\/ul>\n<p><span style=\"font-weight: 400;\">Die Kapazit\u00e4tsplanung wird h\u00e4ufig verwendet, bevor die Arbeit genehmigt wird, um zu vermeiden, dass unrealistische Zeitpl\u00e4ne festgelegt werden. Atlassian hebt diese Machbarkeitspr\u00fcfung als einen zentralen Planungsschritt hervor. <\/span><\/p>\n<h2><b>Was die Kapazit\u00e4tsplanung nicht beinhaltet<\/b><\/h2>\n<p><span style=\"font-weight: 400;\">Kapazit\u00e4tsplanung ist <\/span><b>nicht<\/b><span style=\"font-weight: 400;\">:<\/span><\/p>\n<ul>\n<li style=\"font-weight: 400;\" aria-level=\"1\"><span style=\"font-weight: 400;\">Zuweisung auf Aufgabenebene oder t\u00e4gliche Terminplanung<\/span><\/li>\n<li style=\"font-weight: 400;\" aria-level=\"1\"><span style=\"font-weight: 400;\">Abbildung von Abh\u00e4ngigkeiten oder Analyse des kritischen Pfades<\/span><\/li>\n<li style=\"font-weight: 400;\" aria-level=\"1\"><span style=\"font-weight: 400;\">Erfassung der bereits verbrauchten Zeit (Stundenzettel)<\/span><\/li>\n<li style=\"font-weight: 400;\" aria-level=\"1\"><span style=\"font-weight: 400;\">Leistungsbewertung oder Nutzungsoptimierung<\/span><\/li>\n<\/ul>\n<p><span style=\"font-weight: 400;\">Diese Aktivit\u00e4ten geh\u00f6ren zum Projektmanagement, zur Ressourcenplanung oder zur Zeiterfassung, nicht zur Kapazit\u00e4tsplanung.<\/span><\/p>\n<h2><b>So funktioniert Kapazit\u00e4tsplanung Schritt f\u00fcr Schritt<\/b><\/h2>\n<p><span style=\"font-weight: 400;\">Ein typischer Arbeitsablauf bei der Kapazit\u00e4tsplanung in Projektteams sieht folgenderma\u00dfen aus:<\/span><\/p>\n<ol>\n<li style=\"font-weight: 400;\" aria-level=\"1\"><b>Liste der anstehenden Arbeiten<\/b><\/li>\n<\/ol>\n<ul>\n<li style=\"font-weight: 400;\" aria-level=\"1\"><span style=\"font-weight: 400;\">Projekte, Initiativen oder Anfragen<\/span><\/li>\n<li style=\"font-weight: 400;\" aria-level=\"1\"><span style=\"font-weight: 400;\">voraussichtliches Anfangs- und Enddatum<\/span><\/li>\n<\/ul>\n<ol>\n<li style=\"font-weight: 400;\" aria-level=\"1\"><b>Aufwand absch\u00e4tzen<\/b><\/li>\n<\/ol>\n<ul>\n<li style=\"font-weight: 400;\" aria-level=\"1\"><span style=\"font-weight: 400;\">grober Aufwand nach Rolle oder F\u00e4higkeit<\/span><\/li>\n<li style=\"font-weight: 400;\" aria-level=\"1\"><span style=\"font-weight: 400;\">Sch\u00e4tzungen k\u00f6nnen grob sein (z.B. Wochen statt Stunden)<\/span><\/li>\n<\/ul>\n<ol>\n<li style=\"font-weight: 400;\" aria-level=\"1\"><b>Berechnen Sie die verf\u00fcgbare Kapazit\u00e4t<\/b><\/li>\n<\/ol>\n<ul>\n<li style=\"font-weight: 400;\" aria-level=\"1\"><span style=\"font-weight: 400;\">Arbeitsstunden pro Person<\/span><\/li>\n<li style=\"font-weight: 400;\" aria-level=\"1\"><span style=\"font-weight: 400;\">Anpassungen f\u00fcr freie Tage und Meetings<\/span><\/li>\n<\/ul>\n<ol>\n<li style=\"font-weight: 400;\" aria-level=\"1\"><b>Vergleichen Sie Nachfrage und Angebot<\/b><\/li>\n<\/ol>\n<ul>\n<li style=\"font-weight: 400;\" aria-level=\"1\"><span style=\"font-weight: 400;\">\u00dcberlastungszeiten erkennen<\/span><\/li>\n<li style=\"font-weight: 400;\" aria-level=\"1\"><span style=\"font-weight: 400;\">den Bedarf an Neueinstellungen oder Umplanungen ermitteln<\/span><\/li>\n<\/ul>\n<ol>\n<li style=\"font-weight: 400;\" aria-level=\"1\"><b>Entscheiden Sie<\/b><\/li>\n<\/ol>\n<ul>\n<li style=\"font-weight: 400;\" aria-level=\"1\"><span style=\"font-weight: 400;\">Arbeiten genehmigen, verz\u00f6gern oder ablehnen<\/span><\/li>\n<li style=\"font-weight: 400;\" aria-level=\"1\"><span style=\"font-weight: 400;\">den Umfang, die Fristen oder den Personalbestand anpassen<\/span><\/li>\n<\/ul>\n<p><span style=\"font-weight: 400;\">Dieser Prozess wird oft monatlich oder viertelj\u00e4hrlich f\u00fcr die Zukunftsplanung wiederholt.<\/span><\/p>\n<h2><b>Kapazit\u00e4tsplanung vs. Ressourcenplanung<\/b><\/h2>\n<p><span style=\"font-weight: 400;\">Diese Begriffe sind miteinander verwandt, dienen aber unterschiedlichen Zwecken.<\/span><\/p>\n<p><b>Kapazit\u00e4tsplanung<\/b><\/p>\n<ul>\n<li style=\"font-weight: 400;\" aria-level=\"1\"><span style=\"font-weight: 400;\">fragt: <\/span><i><span style=\"font-weight: 400;\">K\u00f6nnen wir diese Arbeit mit unserem derzeitigen Team erledigen?<\/span><\/i><\/li>\n<li style=\"font-weight: 400;\" aria-level=\"1\"><span style=\"font-weight: 400;\">konzentriert sich auf Stunden, F\u00e4higkeiten und Machbarkeit<\/span><\/li>\n<li style=\"font-weight: 400;\" aria-level=\"1\"><span style=\"font-weight: 400;\">ist typischerweise auf Rollen- oder Teamebene<\/span><\/li>\n<\/ul>\n<p><b>Ressourcenplanung<\/b><\/p>\n<ul>\n<li style=\"font-weight: 400;\" aria-level=\"1\"><span style=\"font-weight: 400;\">fragt: <\/span><i><span style=\"font-weight: 400;\">Wer wird diese Arbeit machen und wann?<\/span><\/i><\/li>\n<li style=\"font-weight: 400;\" aria-level=\"1\"><span style=\"font-weight: 400;\">weist Mitarbeitern Projekte \u00fcber eine Zeitleiste zu<\/span><\/li>\n<li style=\"font-weight: 400;\" aria-level=\"1\"><span style=\"font-weight: 400;\">erstellt einen ausf\u00fchrbaren Zeitplan<\/span><\/li>\n<\/ul>\n<p><span style=\"font-weight: 400;\">Die Kapazit\u00e4tsplanung kommt in der Regel zuerst. Die Ressourcenplanung folgt, sobald die Machbarkeit best\u00e4tigt ist. <\/span><\/p>\n<h2><b>Wer nutzt die Kapazit\u00e4tsplanung<\/b><\/h2>\n<p><span style=\"font-weight: 400;\">Die Kapazit\u00e4tsplanung wird in der Regel verwendet von:<\/span><\/p>\n<ul>\n<li style=\"font-weight: 400;\" aria-level=\"1\"><span style=\"font-weight: 400;\">Projekt- und Liefermanager<\/span><\/li>\n<li style=\"font-weight: 400;\" aria-level=\"1\"><span style=\"font-weight: 400;\">Betriebs- und PMO-Teams<\/span><\/li>\n<li style=\"font-weight: 400;\" aria-level=\"1\"><span style=\"font-weight: 400;\">Leiter von Agenturen und professionellen Dienstleistungen<\/span><\/li>\n<li style=\"font-weight: 400;\" aria-level=\"1\"><span style=\"font-weight: 400;\">Technik- und Produktmanager bei der Planung von Roadmaps<\/span><\/li>\n<\/ul>\n<p><span style=\"font-weight: 400;\">Dies ist besonders wichtig, wenn Teams an mehreren Projekten gleichzeitig arbeiten oder sich spezialisierte Aufgaben teilen.<\/span><\/p>\n<h2><b>H\u00e4ufige Probleme bei der Kapazit\u00e4tsplanung<\/b><\/h2>\n<p><span style=\"font-weight: 400;\">Teams f\u00fchren in der Regel eine Kapazit\u00e4tsplanung ein, wenn sie Erfahrungen machen:<\/span><\/p>\n<ul>\n<li style=\"font-weight: 400;\" aria-level=\"1\"><span style=\"font-weight: 400;\">wiederkehrende \u00dcberlastung und Burnout<\/span><\/li>\n<li style=\"font-weight: 400;\" aria-level=\"1\"><span style=\"font-weight: 400;\">verpasste Fristen trotz &#8222;voller&#8220; Terminkalender<\/span><\/li>\n<li style=\"font-weight: 400;\" aria-level=\"1\"><span style=\"font-weight: 400;\">unklare Zeitpl\u00e4ne f\u00fcr die Einstellung von Mitarbeitern<\/span><\/li>\n<li style=\"font-weight: 400;\" aria-level=\"1\"><span style=\"font-weight: 400;\">h\u00e4ufige Neupriorisierung und Planungs\u00e4nderungen<\/span><\/li>\n<li style=\"font-weight: 400;\" aria-level=\"1\"><span style=\"font-weight: 400;\">mangelndes Vertrauen in Lieferverpflichtungen<\/span><\/li>\n<\/ul>\n<p><span style=\"font-weight: 400;\">Ohne Kapazit\u00e4tsplanung verpflichten sich Teams oft zu einer Arbeit, die auf Optimismus und nicht auf Verf\u00fcgbarkeit beruht.<\/span><\/p>\n<h2><b>Wenn keine Kapazit\u00e4tsplanung erforderlich ist<\/b><\/h2>\n<p><span style=\"font-weight: 400;\">M\u00f6glicherweise ben\u00f6tigen Sie keine formelle Kapazit\u00e4tsplanung, wenn:<\/span><\/p>\n<ul>\n<li style=\"font-weight: 400;\" aria-level=\"1\"><span style=\"font-weight: 400;\">Das Arbeitsvolumen ist sehr stabil<\/span><\/li>\n<li style=\"font-weight: 400;\" aria-level=\"1\"><span style=\"font-weight: 400;\">das Team ist klein und arbeitet an einer Initiative nach der anderen<\/span><\/li>\n<li style=\"font-weight: 400;\" aria-level=\"1\"><span style=\"font-weight: 400;\">Fristen sind flexibel und risikoarm<\/span><\/li>\n<li style=\"font-weight: 400;\" aria-level=\"1\"><span style=\"font-weight: 400;\">die Nachfrage \u00fcbersteigt selten die verf\u00fcgbare Zeit<\/span><\/li>\n<\/ul>\n<p><span style=\"font-weight: 400;\">In diesen F\u00e4llen kann ein einfacher Kalender oder eine informelle Planung ausreichen.<\/span><\/p>\n<h2><b>H\u00e4ufig gestellte Fragen<\/b><\/h2>\n<ul>\n<li aria-level=\"1\">\n<h3><b>Ist Kapazit\u00e4tsplanung nur etwas f\u00fcr gro\u00dfe Teams?<\/b><\/h3>\n<\/li>\n<\/ul>\n<p><span style=\"font-weight: 400;\">Nein. Auch kleine Teams profitieren davon, insbesondere wenn sie mehrere Projekte oder externe Anfragen bearbeiten.<\/span><\/p>\n<ul>\n<li aria-level=\"1\">\n<h3><b>Ist Kapazit\u00e4tsplanung dasselbe wie Auslastungsverfolgung?<\/b><\/h3>\n<\/li>\n<\/ul>\n<p><span style=\"font-weight: 400;\">Nein. Die Kapazit\u00e4tsplanung blickt nach vorn auf das, was getan werden kann. Die Auslastung misst, wie die Zeit in der Vergangenheit genutzt wurde. <\/span><\/p>\n<ul>\n<li aria-level=\"1\">\n<h3><b>Wie weit im Voraus sollten Teams ihre Kapazit\u00e4ten planen?<\/b><\/h3>\n<\/li>\n<\/ul>\n<p><span style=\"font-weight: 400;\">Die meisten Teams planen 1 bis 6 Monate im Voraus, je nach Projektdauer und personeller Flexibilit\u00e4t.<\/span><\/p>\n<h2><b>Quellen<\/b><\/h2>\n<ul>\n<li style=\"font-weight: 400;\" aria-level=\"1\"><span style=\"font-weight: 400;\">PMI-Bibliotheksinhalte zum Thema Ressourcenbelastung und Planungskonzepte<\/span><span style=\"font-weight: 400;\"><br><\/span><a href=\"https:\/\/www.pmi.org\/learning\/library\/resource-leveling-scheduling-projects-6007\" target=\"_blank\" rel=\"noopener\"><span style=\"font-weight: 400;\">https:\/\/www.pmi.org\/learning\/library\/resource-leveling-scheduling-projects-6007<\/span><\/a><span style=\"font-weight: 400;\"> <\/span><\/li>\n<li style=\"font-weight: 400;\" aria-level=\"1\"><span style=\"font-weight: 400;\">PMI-Definition von Projektressourcenmanagement (PMBOK-konform)<\/span><span style=\"font-weight: 400;\"><br><\/span><a href=\"https:\/\/www.pmi.org\/learning\/library\/project-resource-management-8416\" target=\"_blank\" rel=\"noopener\"><span style=\"font-weight: 400;\">https:\/\/www.pmi.org\/learning\/library\/project-resource-management-8416<\/span><\/a><span style=\"font-weight: 400;\"> <\/span><\/li>\n<li style=\"font-weight: 400;\" aria-level=\"1\"><span style=\"font-weight: 400;\">Atlassian Leitfaden zur Kapazit\u00e4tsplanung<\/span><span style=\"font-weight: 400;\"><br><\/span><a href=\"https:\/\/www.atlassian.com\/work-management\/project-management\/resource-planning\/capacity-planning?utm_source=chatgpt.com\" target=\"_blank\" rel=\"noopener\"><span style=\"font-weight: 400;\">https:\/\/www.atlassian.com\/work-management\/project-management\/resource-planning\/capacity-planning<\/span><\/a><\/li>\n<li style=\"font-weight: 400;\" aria-level=\"1\"><span style=\"font-weight: 400;\">IBM \u00dcberblick \u00fcber die Kapazit\u00e4tsplanung<\/span><span style=\"font-weight: 400;\"><br><\/span><a href=\"https:\/\/www.ibm.com\/topics\/capacity-planning\" target=\"_blank\" rel=\"noopener\"><span style=\"font-weight: 400;\">https:\/\/www.ibm.com\/topics\/capacity-planning<\/span><\/a><span style=\"font-weight: 400;\"> <\/span><\/li>\n<li style=\"font-weight: 400;\" aria-level=\"1\"><span style=\"font-weight: 400;\">Planta-Glossar zur Kapazit\u00e4tsplanung und zum Verh\u00e4ltnis von Angebot und Nachfrage<\/span><span style=\"font-weight: 400;\"><br><\/span><a href=\"https:\/\/plantapp.io\/glossary\/capacity-planning\/\" target=\"_blank\" rel=\"noopener\"><span style=\"font-weight: 400;\">https:\/\/plantapp.io\/glossary\/capacity-planning\/<\/span><\/a><span style=\"font-weight: 400;\"> <\/span><\/li>\n<\/ul>\t\t\t\t\t\t\t\t<\/div>\n\t\t\t\t\t<\/div>\n\t\t\t\t<\/div>\n\t\t\t\t<\/div>\n\t\t","protected":false},"excerpt":{"rendered":"<p>Was bedeutet Kapazit\u00e4tsplanung in Projektteams? TL;DR Die Kapazit\u00e4tsplanung hilft Projektteams festzustellen, ob die verf\u00fcgbaren Mitarbeiter und Arbeitsstunden den geplanten Arbeitsbedarf decken k\u00f6nnen. Es vergleicht die zuk\u00fcnftige Arbeitsbelastung mit der Verf\u00fcgbarkeit des Teams, bevor die Arbeit festgelegt wird. Die Kapazit\u00e4tsplanung dient der Vermeidung von \u00dcberlastung, verpassten Terminen und unrealistischen Projektpl\u00e4nen. Sie wird oft vor oder parallel [&hellip;]<\/p>\n","protected":false},"author":12,"featured_media":0,"parent":0,"menu_order":0,"comment_status":"closed","ping_status":"closed","template":"","meta":{"footnotes":""},"class_list":["post-37456","page","type-page","status-publish","hentry"],"_links":{"self":[{"href":"https:\/\/teambookapp.com\/de\/wp-json\/wp\/v2\/pages\/37456","targetHints":{"allow":["GET"]}}],"collection":[{"href":"https:\/\/teambookapp.com\/de\/wp-json\/wp\/v2\/pages"}],"about":[{"href":"https:\/\/teambookapp.com\/de\/wp-json\/wp\/v2\/types\/page"}],"author":[{"embeddable":true,"href":"https:\/\/teambookapp.com\/de\/wp-json\/wp\/v2\/users\/12"}],"replies":[{"embeddable":true,"href":"https:\/\/teambookapp.com\/de\/wp-json\/wp\/v2\/comments?post=37456"}],"version-history":[{"count":1,"href":"https:\/\/teambookapp.com\/de\/wp-json\/wp\/v2\/pages\/37456\/revisions"}],"predecessor-version":[{"id":37457,"href":"https:\/\/teambookapp.com\/de\/wp-json\/wp\/v2\/pages\/37456\/revisions\/37457"}],"wp:attachment":[{"href":"https:\/\/teambookapp.com\/de\/wp-json\/wp\/v2\/media?parent=37456"}],"curies":[{"name":"wp","href":"https:\/\/api.w.org\/{rel}","templated":true}]}}