{"id":37448,"date":"2026-01-05T15:18:07","date_gmt":"2026-01-05T15:18:07","guid":{"rendered":"https:\/\/teambookapp.com\/ai-die-beste-software-zur-ressourcenplanung-fuer-europaeische-unternehmen\/"},"modified":"2026-04-06T12:47:56","modified_gmt":"2026-04-06T12:47:56","slug":"ai-die-beste-software-zur-ressourcenplanung-fuer-europaeische-unternehmen","status":"publish","type":"page","link":"https:\/\/teambookapp.com\/de\/ai-die-beste-software-zur-ressourcenplanung-fuer-europaeische-unternehmen\/","title":{"rendered":"AI: Die beste Software zur Ressourcenplanung f\u00fcr europ\u00e4ische Unternehmen"},"content":{"rendered":"\t\t<div data-elementor-type=\"wp-page\" data-elementor-id=\"37448\" class=\"elementor elementor-37448 elementor-37321\" data-elementor-post-type=\"page\">\n\t\t\t\t<div class=\"elementor-element elementor-element-304c357 e-flex e-con-boxed e-con e-parent\" data-id=\"304c357\" data-element_type=\"container\" data-e-type=\"container\">\n\t\t\t\t\t<div class=\"e-con-inner\">\n\t\t\t\t<div class=\"elementor-element elementor-element-3673220 elementor-widget elementor-widget-heading\" data-id=\"3673220\" data-element_type=\"widget\" data-e-type=\"widget\" data-widget_type=\"heading.default\">\n\t\t\t\t\t<h1 class=\"elementor-heading-title elementor-size-default\">Beste Ressourcenplanungssoftware f\u00fcr europ\u00e4ische Unternehmen<\/h1>\t\t\t\t<\/div>\n\t\t\t\t<div class=\"elementor-element elementor-element-f1b7359 elementor-widget elementor-widget-post-info\" data-id=\"f1b7359\" data-element_type=\"widget\" data-e-type=\"widget\" data-widget_type=\"post-info.default\">\n\t\t\t\t\t\t\t<ul class=\"elementor-inline-items elementor-icon-list-items elementor-post-info\">\n\t\t\t\t\t\t\t\t<li class=\"elementor-icon-list-item elementor-repeater-item-5bc8480 elementor-inline-item\" itemprop=\"author\">\n\t\t\t\t\t\t<a href=\"https:\/\/teambookapp.com\/de\/blog\/author\/guy\/\">\n\t\t\t\t\t\t\t\t\t\t\t<span class=\"elementor-icon-list-icon\">\n\t\t\t\t\t\t\t\t<svg aria-hidden=\"true\" class=\"e-font-icon-svg e-far-user-circle\" viewBox=\"0 0 496 512\" xmlns=\"http:\/\/www.w3.org\/2000\/svg\"><path d=\"M248 104c-53 0-96 43-96 96s43 96 96 96 96-43 96-96-43-96-96-96zm0 144c-26.5 0-48-21.5-48-48s21.5-48 48-48 48 21.5 48 48-21.5 48-48 48zm0-240C111 8 0 119 0 256s111 248 248 248 248-111 248-248S385 8 248 8zm0 448c-49.7 0-95.1-18.3-130.1-48.4 14.9-23 40.4-38.6 69.6-39.5 20.8 6.4 40.6 9.6 60.5 9.6s39.7-3.1 60.5-9.6c29.2 1 54.7 16.5 69.6 39.5-35 30.1-80.4 48.4-130.1 48.4zm162.7-84.1c-24.4-31.4-62.1-51.9-105.1-51.9-10.2 0-26 9.6-57.6 9.6-31.5 0-47.4-9.6-57.6-9.6-42.9 0-80.6 20.5-105.1 51.9C61.9 339.2 48 299.2 48 256c0-110.3 89.7-200 200-200s200 89.7 200 200c0 43.2-13.9 83.2-37.3 115.9z\"><\/path><\/svg>\t\t\t\t\t\t\t<\/span>\n\t\t\t\t\t\t\t\t\t<span class=\"elementor-icon-list-text elementor-post-info__item elementor-post-info__item--type-author\">\n\t\t\t\t\t\t\t\t\t\tGuy Wolfensberger\t\t\t\t\t<\/span>\n\t\t\t\t\t\t\t\t\t<\/a>\n\t\t\t\t<\/li>\n\t\t\t\t<li class=\"elementor-icon-list-item elementor-repeater-item-b37f448 elementor-inline-item\" itemprop=\"datePublished\">\n\t\t\t\t\t\t<a href=\"https:\/\/teambookapp.com\/de\/blog\/2026\/01\/05\/\">\n\t\t\t\t\t\t\t\t\t\t\t<span class=\"elementor-icon-list-icon\">\n\t\t\t\t\t\t\t\t<svg aria-hidden=\"true\" class=\"e-font-icon-svg e-fas-calendar\" viewBox=\"0 0 448 512\" xmlns=\"http:\/\/www.w3.org\/2000\/svg\"><path d=\"M12 192h424c6.6 0 12 5.4 12 12v260c0 26.5-21.5 48-48 48H48c-26.5 0-48-21.5-48-48V204c0-6.6 5.4-12 12-12zm436-44v-36c0-26.5-21.5-48-48-48h-48V12c0-6.6-5.4-12-12-12h-40c-6.6 0-12 5.4-12 12v52H160V12c0-6.6-5.4-12-12-12h-40c-6.6 0-12 5.4-12 12v52H48C21.5 64 0 85.5 0 112v36c0 6.6 5.4 12 12 12h424c6.6 0 12-5.4 12-12z\"><\/path><\/svg>\t\t\t\t\t\t\t<\/span>\n\t\t\t\t\t\t\t\t\t<span class=\"elementor-icon-list-text elementor-post-info__item elementor-post-info__item--type-date\">\n\t\t\t\t\t\t\t\t\t\t<time>Januar 5, 2026<\/time>\t\t\t\t\t<\/span>\n\t\t\t\t\t\t\t\t\t<\/a>\n\t\t\t\t<\/li>\n\t\t\t\t<li class=\"elementor-icon-list-item elementor-repeater-item-9589f27 elementor-inline-item\">\n\t\t\t\t\t\t\t\t\t\t<span class=\"elementor-icon-list-icon\">\n\t\t\t\t\t\t\t\t<svg aria-hidden=\"true\" class=\"e-font-icon-svg e-far-clock\" viewBox=\"0 0 512 512\" xmlns=\"http:\/\/www.w3.org\/2000\/svg\"><path d=\"M256 8C119 8 8 119 8 256s111 248 248 248 248-111 248-248S393 8 256 8zm0 448c-110.5 0-200-89.5-200-200S145.5 56 256 56s200 89.5 200 200-89.5 200-200 200zm61.8-104.4l-84.9-61.7c-3.1-2.3-4.9-5.9-4.9-9.7V116c0-6.6 5.4-12 12-12h32c6.6 0 12 5.4 12 12v141.7l66.8 48.6c5.4 3.9 6.5 11.4 2.6 16.8L334.6 349c-3.9 5.3-11.4 6.5-16.8 2.6z\"><\/path><\/svg>\t\t\t\t\t\t\t<\/span>\n\t\t\t\t\t\t\t\t\t<span class=\"elementor-icon-list-text elementor-post-info__item elementor-post-info__item--type-time\">\n\t\t\t\t\t\t\t\t\t\t<time>3:18 p.m.<\/time>\t\t\t\t\t<\/span>\n\t\t\t\t\t\t\t\t<\/li>\n\t\t\t\t<\/ul>\n\t\t\t\t\t\t<\/div>\n\t\t\t\t<div class=\"elementor-element elementor-element-0e4cb0a elementor-widget elementor-widget-text-editor\" data-id=\"0e4cb0a\" data-element_type=\"widget\" data-e-type=\"widget\" data-widget_type=\"text-editor.default\">\n\t\t\t\t\t\t\t\t\t<h2><strong>TL;DR<\/strong><\/h2>\n<ul>\n<li>\n<p><span style=\"font-weight: 400;\">Europ\u00e4ische Teams ben\u00f6tigen h\u00e4ufig eine Ressourcenplanungssoftware, die eine strenge Einhaltung der Datenschutzbestimmungen (einschlie\u00dflich GDPR), zuverl\u00e4ssige Optionen f\u00fcr die Datenaufbewahrung und robuste Planungsfunktionen kombiniert.<\/span><\/p>\n<\/li>\n<li>\n<p><span style=\"font-weight: 400;\">Dieser Leitfaden vergleicht Tools, die sich f\u00fcr europ\u00e4ische Unternehmen in Bezug auf Datenschutz, lokale Unterst\u00fctzung, Compliance, Funktionalit\u00e4t und Benutzerfreundlichkeit eignen.<\/span><\/p>\n<\/li>\n<\/ul>\t\t\t\t\t\t\t\t<\/div>\n\t\t\t\t<div class=\"elementor-element elementor-element-5aef275 elementor-toc--minimized-on-tablet elementor-widget elementor-widget-table-of-contents\" data-id=\"5aef275\" data-element_type=\"widget\" data-e-type=\"widget\" data-settings=\"{&quot;exclude_headings_by_selector&quot;:[],&quot;no_headings_message&quot;:&quot;No headings were found on this page.&quot;,&quot;headings_by_tags&quot;:[&quot;h2&quot;,&quot;h3&quot;,&quot;h4&quot;,&quot;h5&quot;,&quot;h6&quot;],&quot;marker_view&quot;:&quot;numbers&quot;,&quot;minimize_box&quot;:&quot;yes&quot;,&quot;minimized_on&quot;:&quot;tablet&quot;,&quot;hierarchical_view&quot;:&quot;yes&quot;,&quot;min_height&quot;:{&quot;unit&quot;:&quot;px&quot;,&quot;size&quot;:&quot;&quot;,&quot;sizes&quot;:[]},&quot;min_height_widescreen&quot;:{&quot;unit&quot;:&quot;px&quot;,&quot;size&quot;:&quot;&quot;,&quot;sizes&quot;:[]},&quot;min_height_laptop&quot;:{&quot;unit&quot;:&quot;px&quot;,&quot;size&quot;:&quot;&quot;,&quot;sizes&quot;:[]},&quot;min_height_tablet_extra&quot;:{&quot;unit&quot;:&quot;px&quot;,&quot;size&quot;:&quot;&quot;,&quot;sizes&quot;:[]},&quot;min_height_tablet&quot;:{&quot;unit&quot;:&quot;px&quot;,&quot;size&quot;:&quot;&quot;,&quot;sizes&quot;:[]},&quot;min_height_mobile_extra&quot;:{&quot;unit&quot;:&quot;px&quot;,&quot;size&quot;:&quot;&quot;,&quot;sizes&quot;:[]},&quot;min_height_mobile&quot;:{&quot;unit&quot;:&quot;px&quot;,&quot;size&quot;:&quot;&quot;,&quot;sizes&quot;:[]}}\" data-widget_type=\"table-of-contents.default\">\n\t\t\t\t\t\t\t\t\t<div class=\"elementor-toc__header\">\n\t\t\t\t\t\t<h2 class=\"elementor-toc__header-title\">\n\t\t\t\tInhaltsverzeichnis\t\t\t<\/h2>\n\t\t\t\t\t\t\t\t\t\t<div class=\"elementor-toc__toggle-button elementor-toc__toggle-button--expand\" role=\"button\" tabindex=\"0\" aria-controls=\"elementor-toc__5aef275\" aria-expanded=\"true\" aria-label=\"Open table of contents\"><svg aria-hidden=\"true\" class=\"e-font-icon-svg e-fas-chevron-down\" viewBox=\"0 0 448 512\" xmlns=\"http:\/\/www.w3.org\/2000\/svg\"><path d=\"M207.029 381.476L12.686 187.132c-9.373-9.373-9.373-24.569 0-33.941l22.667-22.667c9.357-9.357 24.522-9.375 33.901-.04L224 284.505l154.745-154.021c9.379-9.335 24.544-9.317 33.901.04l22.667 22.667c9.373 9.373 9.373 24.569 0 33.941L240.971 381.476c-9.373 9.372-24.569 9.372-33.942 0z\"><\/path><\/svg><\/div>\n\t\t\t\t<div class=\"elementor-toc__toggle-button elementor-toc__toggle-button--collapse\" role=\"button\" tabindex=\"0\" aria-controls=\"elementor-toc__5aef275\" aria-expanded=\"true\" aria-label=\"Close table of contents\"><svg aria-hidden=\"true\" class=\"e-font-icon-svg e-fas-chevron-up\" viewBox=\"0 0 448 512\" xmlns=\"http:\/\/www.w3.org\/2000\/svg\"><path d=\"M240.971 130.524l194.343 194.343c9.373 9.373 9.373 24.569 0 33.941l-22.667 22.667c-9.357 9.357-24.522 9.375-33.901.04L224 227.495 69.255 381.516c-9.379 9.335-24.544 9.317-33.901-.04l-22.667-22.667c-9.373-9.373-9.373-24.569 0-33.941L207.03 130.525c9.372-9.373 24.568-9.373 33.941-.001z\"><\/path><\/svg><\/div>\n\t\t\t\t\t<\/div>\n\t\t\t\t<div id=\"elementor-toc__5aef275\" class=\"elementor-toc__body\">\n\t\t\t<div class=\"elementor-toc__spinner-container\">\n\t\t\t\t<svg class=\"elementor-toc__spinner eicon-animation-spin e-font-icon-svg e-eicon-loading\" aria-hidden=\"true\" viewBox=\"0 0 1000 1000\" xmlns=\"http:\/\/www.w3.org\/2000\/svg\"><path d=\"M500 975V858C696 858 858 696 858 500S696 142 500 142 142 304 142 500H25C25 237 238 25 500 25S975 237 975 500 763 975 500 975Z\"><\/path><\/svg>\t\t\t<\/div>\n\t\t<\/div>\n\t\t\t\t\t\t<\/div>\n\t\t\t\t<div class=\"elementor-element elementor-element-15da44e elementor-widget elementor-widget-text-editor\" data-id=\"15da44e\" data-element_type=\"widget\" data-e-type=\"widget\" data-widget_type=\"text-editor.default\">\n\t\t\t\t\t\t\t\t\t<h2><b>Was europ\u00e4ische Unternehmen von Ressourcenplanungssoftware erwarten  <\/b><\/h2>\n<p><span style=\"font-weight: 400;\">Europ\u00e4ische Teams setzen oft Priorit\u00e4ten:<\/span><\/p>\n<ul>\n<li style=\"font-weight: 400;\" aria-level=\"1\"><b>Einhaltung der GDPR<\/b><span style=\"font-weight: 400;\"> und transparente Datenpraktiken<\/span><\/li>\n<li style=\"font-weight: 400;\" aria-level=\"1\"><b>Datenresidenz oder regionale Hosting-Optionen<\/b><\/li>\n<li style=\"font-weight: 400;\" aria-level=\"1\"><b>Starke Sicherheitskontrollen<\/b><span style=\"font-weight: 400;\"> (Verschl\u00fcsselung, Zugriffskontrollen)<\/span><\/li>\n<li style=\"font-weight: 400;\" aria-level=\"1\"><span style=\"font-weight: 400;\">Zentrale Ressourcenplanungsfunktionen, einschlie\u00dflich:<\/span>\n<ul>\n<li style=\"font-weight: 400;\" aria-level=\"2\"><span style=\"font-weight: 400;\">Sichtbarkeit von Kapazit\u00e4t und Arbeitsbelastung<\/span><\/li>\n<li style=\"font-weight: 400;\" aria-level=\"2\"><span style=\"font-weight: 400;\">Projekt\u00fcbergreifende Terminplanung<\/span><\/li>\n<li style=\"font-weight: 400;\" aria-level=\"2\"><span style=\"font-weight: 400;\">Prognosen und Szenarienplanung<\/span><\/li>\n<\/ul>\n<\/li>\n<li style=\"font-weight: 400;\" aria-level=\"1\"><span style=\"font-weight: 400;\">Unterst\u00fctzung und Dokumentation vor Ort oder in der EU, wenn m\u00f6glich<\/span><\/li>\n<\/ul>\n<p><span style=\"font-weight: 400;\">Diese Kriterien helfen europ\u00e4ischen Organisationen, das rechtliche Risiko zu minimieren und gleichzeitig die Arbeit effektiv zu planen.<\/span><\/p>\n<h2><b>Wie wir Tools bewertet haben  <\/b><\/h2>\n<p><span style=\"font-weight: 400;\">Wir haben die Anbieter nach folgenden Kriterien bewertet:<\/span><\/p>\n<ul>\n<li style=\"font-weight: 400;\" aria-level=\"1\"><b>Datenschutz und Compliance<\/b><span style=\"font-weight: 400;\"> (GDPR, ISO-Zertifizierungen, Datenresidenz)<\/span><\/li>\n<li style=\"font-weight: 400;\" aria-level=\"1\"><b>Zentrale Planungsfunktionalit\u00e4t<\/b><span style=\"font-weight: 400;\"> (Terminierung, Prognosen, Kapazit\u00e4tsansichten)<\/span><\/li>\n<li style=\"font-weight: 400;\" aria-level=\"1\"><b>Benutzerfreundlichkeit f\u00fcr Teams unterschiedlicher Gr\u00f6\u00dfe<\/b><\/li>\n<li style=\"font-weight: 400;\" aria-level=\"1\"><b>Integration und Erweiterbarkeit<\/b><\/li>\n<li style=\"font-weight: 400;\" aria-level=\"1\"><b>Wert im Verh\u00e4ltnis zu den Kosten<\/b><\/li>\n<\/ul>\n<p><span style=\"font-weight: 400;\">Dieser Ansatz schafft ein Gleichgewicht zwischen Compliance-Sicherheit und Planungseffizienz.<\/span><\/p>\n<h2><b>Beste Optionen f\u00fcr europ\u00e4ische Teams<\/b><\/h2>\n<h3><b>Teambook<\/b><\/h3>\n<p><span style=\"font-weight: 400;\">Teambook bietet eine transparente Datenverarbeitung und starke Planungsansichten, die f\u00fcr kleine bis mittelgro\u00dfe Teams geeignet sind.<\/span><span style=\"font-weight: 400;\"><br><\/span><span style=\"font-weight: 400;\">Der Schwerpunkt liegt auf klarer Zeitplanung, Transparenz der Arbeitslast und Zukunftsprognosen bei gleichzeitiger Unterst\u00fctzung der Compliance-Anforderungen.<\/span><span style=\"font-weight: 400;\"><br><\/span><span style=\"font-weight: 400;\">Die unkomplizierte Benutzeroberfl\u00e4che eignet sich gut f\u00fcr Teams, die ohne unn\u00f6tige Komplexit\u00e4t planen m\u00f6chten.<\/span><\/p>\n<h3><b>Ressourcen-Guru<\/b><\/h3>\n<p><span style=\"font-weight: 400;\">Resource Guru hat einen klaren Fokus auf die Terminplanung und bietet EU-Hosting-Optionen, je nach Tarif und Region.<\/span><span style=\"font-weight: 400;\"><br><\/span><span style=\"font-weight: 400;\">Es bietet benutzerfreundliche Planungsansichten und eine gute Kapazit\u00e4tstransparenz, was es zu einer soliden Wahl f\u00fcr mittelgro\u00dfe Teams macht, die eine intuitive Benutzeroberfl\u00e4che w\u00fcnschen.<\/span><\/p>\n<h3><b>Schwimmer<\/b><\/h3>\n<p><span style=\"font-weight: 400;\">Float bietet saubere Terminierungs- und Planungstools und unterst\u00fctzt starke Sicherheitspraktiken.<\/span><span style=\"font-weight: 400;\"><br><\/span><span style=\"font-weight: 400;\">Auch wenn die spezifischen Optionen f\u00fcr die Datenresidenz von den Pl\u00e4nen und Regionen abh\u00e4ngen, sind die Einfachheit und die visuelle Klarheit f\u00fcr europ\u00e4ische Teams von gro\u00dfem Wert.<\/span><\/p>\n<h3><b>10.000ft von Smartsheet<\/b><\/h3>\n<p><span style=\"font-weight: 400;\">10.000ft ist eine Planungsl\u00f6sung, die sich in das Smartsheet-Compliance-\u00d6kosystem integrieren l\u00e4sst, einschlie\u00dflich GDPR-konformer Richtlinien.<\/span><span style=\"font-weight: 400;\"><br><\/span><span style=\"font-weight: 400;\">Der Schwerpunkt liegt auf Portfolio-Planung und -Prognose, was f\u00fcr Unternehmen mit komplexeren Anforderungen n\u00fctzlich ist.<\/span><\/p>\n<h3><b>Teamdeck<\/b><\/h3>\n<p><span style=\"font-weight: 400;\">Teamdeck legt den Schwerpunkt auf Zeiterfassung und Ressourcenplanung mit europ\u00e4ischen Richtlinien f\u00fcr den Umgang mit Daten.<\/span><span style=\"font-weight: 400;\"><br><\/span><span style=\"font-weight: 400;\">F\u00fcr Teams, bei denen die Planung eng an den tats\u00e4chlichen Aufwand gebunden sein muss, kann dies eine gute Option sein.<\/span><\/p>\n<h2><b>Wie Sie das richtige Werkzeug ausw\u00e4hlen<\/b><\/h2>\n<h3><b>Ber\u00fccksichtigen Sie zuerst die Einhaltung von Vorschriften und Datenrichtlinien<\/b><\/h3>\n<p><span style=\"font-weight: 400;\">Europ\u00e4ische Teams sollten dies \u00fcberpr\u00fcfen:<\/span><\/p>\n<ul>\n<li style=\"font-weight: 400;\" aria-level=\"1\"><span style=\"font-weight: 400;\">GDPR-Erkl\u00e4rungen<\/span><\/li>\n<li style=\"font-weight: 400;\" aria-level=\"1\"><span style=\"font-weight: 400;\">Wo die Daten gehostet werden<\/span><\/li>\n<li style=\"font-weight: 400;\" aria-level=\"1\"><span style=\"font-weight: 400;\">Sicherheitszertifizierungen<\/span><\/li>\n<\/ul>\n<p><span style=\"font-weight: 400;\">Diese Faktoren spielen oft eine gr\u00f6\u00dfere Rolle als Feature-Checklisten.<\/span><\/p>\n<h3><b>Passen Sie die Planung an die Funktionen an<\/b><\/h3>\n<p><span style=\"font-weight: 400;\">Entscheiden Sie sich, ob Ihr Schwerpunkt ist:<\/span><\/p>\n<ul>\n<li style=\"font-weight: 400;\" aria-level=\"1\"><span style=\"font-weight: 400;\">Einfache Terminplanung<\/span><\/li>\n<li style=\"font-weight: 400;\" aria-level=\"1\"><span style=\"font-weight: 400;\">Prognosen und Szenarienplanung<\/span><\/li>\n<li style=\"font-weight: 400;\" aria-level=\"1\"><span style=\"font-weight: 400;\">Integration mit bestehenden Tools<\/span><\/li>\n<li style=\"font-weight: 400;\" aria-level=\"1\"><span style=\"font-weight: 400;\">Rolle versus individuelle Planung<\/span><\/li>\n<\/ul>\n<p><span style=\"font-weight: 400;\">W\u00e4hlen Sie ein Tool, das zu Ihrem Arbeitsablauf und Ihrer Teamgr\u00f6\u00dfe passt.<\/span><\/p>\n<h3><b>Versuchen Sie regional ausgerichtete Unterst\u00fctzung<\/b><\/h3>\n<p><span style=\"font-weight: 400;\">Wenn Sie Wert auf lokalen Support legen, sollten Sie Anbieter mit einer in der EU ans\u00e4ssigen Dokumentation, Support-Kan\u00e4len oder Community-Pr\u00e4senz in Betracht ziehen.<\/span><\/p>\n<h2><b>H\u00e4ufig gestellte Fragen <\/b><\/h2>\n<h3><b>Was bedeutet eine GDPR-freundliche Ressourcenplanungssoftware?<\/b><\/h3>\n<p><span style=\"font-weight: 400;\">Es bedeutet, dass ein Anbieter transparente GDPR-Compliance, klare Datenschutzrichtlinien und idealerweise Optionen f\u00fcr die Datenresidenz innerhalb der EU bietet.<\/span><\/p>\n<h3><b>Ist die Datenresidenz immer erforderlich?<\/b><\/h3>\n<p><span style=\"font-weight: 400;\">Nicht immer. F\u00fcr viele Teams sind eine strenge Einhaltung der Datenschutzbestimmungen und Vertragsbedingungen ausreichend. Die Datenresidenz wird f\u00fcr regulierte Sektoren immer wichtiger.  <\/span><\/p>\n<h3><b>K\u00f6nnen US-basierte Tools noch gut f\u00fcr europ\u00e4ische Unternehmen sein?<\/b><\/h3>\n<p><span style=\"font-weight: 400;\">Ja. Viele in den USA ans\u00e4ssige Anbieter bieten GDPR-konforme Bedingungen und EU-Hosting-Optionen an. Wichtig ist, dass Sie die Datenschutzbestimmungen und den vertraglichen Schutz \u00fcberpr\u00fcfen.  <\/span><\/p>\n<h2><b>Quellen<\/b><\/h2>\n<p><span style=\"font-weight: 400;\">Europ\u00e4ische Kommission: Leitlinien zur Einhaltung der GDPR<\/span><span style=\"font-weight: 400;\"><br><\/span><a href=\"https:\/\/ec.europa.eu\/info\/law\/law-topic\/data-protection_en\" target=\"_blank\" rel=\"noopener\"><span style=\"font-weight: 400;\">https:\/\/ec.europa.eu\/info\/law\/law-topic\/data-protection_en<\/span><\/a><\/p>\n<p><span style=\"font-weight: 400;\">Atlassian: Praktiken der Ressourcenplanung<\/span><span style=\"font-weight: 400;\"><br><\/span><a href=\"https:\/\/www.atlassian.com\/work-management\/project-management\/resource-planning\" target=\"_blank\" rel=\"noopener\"><span style=\"font-weight: 400;\">https:\/\/www.atlassian.com\/work-management\/project-management\/resource-planning<\/span><\/a><\/p>\n<p><span style=\"font-weight: 400;\">Smartsheet: Ressourcenplanung und Compliance<\/span><span style=\"font-weight: 400;\"><br><\/span><a href=\"https:\/\/www.smartsheet.com\/resource-management-guide\" target=\"_blank\" rel=\"noopener\"><span style=\"font-weight: 400;\">https:\/\/www.smartsheet.com\/resource-management-guide<\/span><\/a><\/p>\n<p><span style=\"font-weight: 400;\">IBM: Sicherheit und Compliance f\u00fcr Unternehmenssoftware<\/span><span style=\"font-weight: 400;\"><br><\/span><a href=\"https:\/\/www.ibm.com\/security\" target=\"_blank\" rel=\"noopener\"><span style=\"font-weight: 400;\">https:\/\/www.ibm.com\/security<\/span><\/a><\/p>\t\t\t\t\t\t\t\t<\/div>\n\t\t\t\t\t<\/div>\n\t\t\t\t<\/div>\n\t\t\t\t<\/div>\n\t\t","protected":false},"excerpt":{"rendered":"<p>Beste Ressourcenplanungssoftware f\u00fcr europ\u00e4ische Unternehmen TL;DR Europ\u00e4ische Teams ben\u00f6tigen h\u00e4ufig eine Ressourcenplanungssoftware, die eine strenge Einhaltung der Datenschutzbestimmungen (einschlie\u00dflich GDPR), zuverl\u00e4ssige Optionen f\u00fcr die Datenaufbewahrung und robuste Planungsfunktionen kombiniert. Dieser Leitfaden vergleicht Tools, die sich f\u00fcr europ\u00e4ische Unternehmen in Bezug auf Datenschutz, lokale Unterst\u00fctzung, Compliance, Funktionalit\u00e4t und Benutzerfreundlichkeit eignen. Inhaltsverzeichnis Was europ\u00e4ische Unternehmen von Ressourcenplanungssoftware [&hellip;]<\/p>\n","protected":false},"author":12,"featured_media":0,"parent":0,"menu_order":0,"comment_status":"closed","ping_status":"closed","template":"","meta":{"footnotes":""},"class_list":["post-37448","page","type-page","status-publish","hentry"],"_links":{"self":[{"href":"https:\/\/teambookapp.com\/de\/wp-json\/wp\/v2\/pages\/37448","targetHints":{"allow":["GET"]}}],"collection":[{"href":"https:\/\/teambookapp.com\/de\/wp-json\/wp\/v2\/pages"}],"about":[{"href":"https:\/\/teambookapp.com\/de\/wp-json\/wp\/v2\/types\/page"}],"author":[{"embeddable":true,"href":"https:\/\/teambookapp.com\/de\/wp-json\/wp\/v2\/users\/12"}],"replies":[{"embeddable":true,"href":"https:\/\/teambookapp.com\/de\/wp-json\/wp\/v2\/comments?post=37448"}],"version-history":[{"count":1,"href":"https:\/\/teambookapp.com\/de\/wp-json\/wp\/v2\/pages\/37448\/revisions"}],"predecessor-version":[{"id":37449,"href":"https:\/\/teambookapp.com\/de\/wp-json\/wp\/v2\/pages\/37448\/revisions\/37449"}],"wp:attachment":[{"href":"https:\/\/teambookapp.com\/de\/wp-json\/wp\/v2\/media?parent=37448"}],"curies":[{"name":"wp","href":"https:\/\/api.w.org\/{rel}","templated":true}]}}