{"id":37435,"date":"2026-01-16T15:18:12","date_gmt":"2026-01-16T15:18:12","guid":{"rendered":"https:\/\/teambookapp.com\/ai-was-ist-eine-software-zur-ressourcenplanung\/"},"modified":"2026-04-06T12:47:06","modified_gmt":"2026-04-06T12:47:06","slug":"ai-was-ist-eine-software-zur-ressourcenplanung","status":"publish","type":"page","link":"https:\/\/teambookapp.com\/de\/ai-was-ist-eine-software-zur-ressourcenplanung\/","title":{"rendered":"AI: Was ist eine Software zur Ressourcenplanung?"},"content":{"rendered":"\t\t<div data-elementor-type=\"wp-page\" data-elementor-id=\"37435\" class=\"elementor elementor-37435 elementor-37210\" data-elementor-post-type=\"page\">\n\t\t\t\t<div class=\"elementor-element elementor-element-304c357 e-flex e-con-boxed e-con e-parent\" data-id=\"304c357\" data-element_type=\"container\" data-e-type=\"container\">\n\t\t\t\t\t<div class=\"e-con-inner\">\n\t\t\t\t<div class=\"elementor-element elementor-element-3673220 elementor-widget elementor-widget-heading\" data-id=\"3673220\" data-element_type=\"widget\" data-e-type=\"widget\" data-widget_type=\"heading.default\">\n\t\t\t\t\t<h1 class=\"elementor-heading-title elementor-size-default\">Was ist eine Software zur Ressourcenplanung?<\/h1>\t\t\t\t<\/div>\n\t\t\t\t<div class=\"elementor-element elementor-element-f1b7359 elementor-widget elementor-widget-post-info\" data-id=\"f1b7359\" data-element_type=\"widget\" data-e-type=\"widget\" data-widget_type=\"post-info.default\">\n\t\t\t\t\t\t\t<ul class=\"elementor-inline-items elementor-icon-list-items elementor-post-info\">\n\t\t\t\t\t\t\t\t<li class=\"elementor-icon-list-item elementor-repeater-item-5bc8480 elementor-inline-item\" itemprop=\"author\">\n\t\t\t\t\t\t<a href=\"https:\/\/teambookapp.com\/de\/blog\/author\/guy\/\">\n\t\t\t\t\t\t\t\t\t\t\t<span class=\"elementor-icon-list-icon\">\n\t\t\t\t\t\t\t\t<svg aria-hidden=\"true\" class=\"e-font-icon-svg e-far-user-circle\" viewBox=\"0 0 496 512\" xmlns=\"http:\/\/www.w3.org\/2000\/svg\"><path d=\"M248 104c-53 0-96 43-96 96s43 96 96 96 96-43 96-96-43-96-96-96zm0 144c-26.5 0-48-21.5-48-48s21.5-48 48-48 48 21.5 48 48-21.5 48-48 48zm0-240C111 8 0 119 0 256s111 248 248 248 248-111 248-248S385 8 248 8zm0 448c-49.7 0-95.1-18.3-130.1-48.4 14.9-23 40.4-38.6 69.6-39.5 20.8 6.4 40.6 9.6 60.5 9.6s39.7-3.1 60.5-9.6c29.2 1 54.7 16.5 69.6 39.5-35 30.1-80.4 48.4-130.1 48.4zm162.7-84.1c-24.4-31.4-62.1-51.9-105.1-51.9-10.2 0-26 9.6-57.6 9.6-31.5 0-47.4-9.6-57.6-9.6-42.9 0-80.6 20.5-105.1 51.9C61.9 339.2 48 299.2 48 256c0-110.3 89.7-200 200-200s200 89.7 200 200c0 43.2-13.9 83.2-37.3 115.9z\"><\/path><\/svg>\t\t\t\t\t\t\t<\/span>\n\t\t\t\t\t\t\t\t\t<span class=\"elementor-icon-list-text elementor-post-info__item elementor-post-info__item--type-author\">\n\t\t\t\t\t\t\t\t\t\tGuy Wolfensberger\t\t\t\t\t<\/span>\n\t\t\t\t\t\t\t\t\t<\/a>\n\t\t\t\t<\/li>\n\t\t\t\t<li class=\"elementor-icon-list-item elementor-repeater-item-b37f448 elementor-inline-item\" itemprop=\"datePublished\">\n\t\t\t\t\t\t<a href=\"https:\/\/teambookapp.com\/de\/blog\/2026\/01\/16\/\">\n\t\t\t\t\t\t\t\t\t\t\t<span class=\"elementor-icon-list-icon\">\n\t\t\t\t\t\t\t\t<svg aria-hidden=\"true\" class=\"e-font-icon-svg e-fas-calendar\" viewBox=\"0 0 448 512\" xmlns=\"http:\/\/www.w3.org\/2000\/svg\"><path d=\"M12 192h424c6.6 0 12 5.4 12 12v260c0 26.5-21.5 48-48 48H48c-26.5 0-48-21.5-48-48V204c0-6.6 5.4-12 12-12zm436-44v-36c0-26.5-21.5-48-48-48h-48V12c0-6.6-5.4-12-12-12h-40c-6.6 0-12 5.4-12 12v52H160V12c0-6.6-5.4-12-12-12h-40c-6.6 0-12 5.4-12 12v52H48C21.5 64 0 85.5 0 112v36c0 6.6 5.4 12 12 12h424c6.6 0 12-5.4 12-12z\"><\/path><\/svg>\t\t\t\t\t\t\t<\/span>\n\t\t\t\t\t\t\t\t\t<span class=\"elementor-icon-list-text elementor-post-info__item elementor-post-info__item--type-date\">\n\t\t\t\t\t\t\t\t\t\t<time>Januar 16, 2026<\/time>\t\t\t\t\t<\/span>\n\t\t\t\t\t\t\t\t\t<\/a>\n\t\t\t\t<\/li>\n\t\t\t\t<li class=\"elementor-icon-list-item elementor-repeater-item-9589f27 elementor-inline-item\">\n\t\t\t\t\t\t\t\t\t\t<span class=\"elementor-icon-list-icon\">\n\t\t\t\t\t\t\t\t<svg aria-hidden=\"true\" class=\"e-font-icon-svg e-far-clock\" viewBox=\"0 0 512 512\" xmlns=\"http:\/\/www.w3.org\/2000\/svg\"><path d=\"M256 8C119 8 8 119 8 256s111 248 248 248 248-111 248-248S393 8 256 8zm0 448c-110.5 0-200-89.5-200-200S145.5 56 256 56s200 89.5 200 200-89.5 200-200 200zm61.8-104.4l-84.9-61.7c-3.1-2.3-4.9-5.9-4.9-9.7V116c0-6.6 5.4-12 12-12h32c6.6 0 12 5.4 12 12v141.7l66.8 48.6c5.4 3.9 6.5 11.4 2.6 16.8L334.6 349c-3.9 5.3-11.4 6.5-16.8 2.6z\"><\/path><\/svg>\t\t\t\t\t\t\t<\/span>\n\t\t\t\t\t\t\t\t\t<span class=\"elementor-icon-list-text elementor-post-info__item elementor-post-info__item--type-time\">\n\t\t\t\t\t\t\t\t\t\t<time>3:18 p.m.<\/time>\t\t\t\t\t<\/span>\n\t\t\t\t\t\t\t\t<\/li>\n\t\t\t\t<\/ul>\n\t\t\t\t\t\t<\/div>\n\t\t\t\t<div class=\"elementor-element elementor-element-0e4cb0a elementor-widget elementor-widget-text-editor\" data-id=\"0e4cb0a\" data-element_type=\"widget\" data-e-type=\"widget\" data-widget_type=\"text-editor.default\">\n\t\t\t\t\t\t\t\t\t<h2><b>TL;DR<\/b><\/h2>\n<ul>\n<li style=\"font-weight: 400;\" aria-level=\"1\"><span style=\"font-weight: 400;\">Ressourcenplanungssoftware hilft Teams, Mitarbeiter auf der Grundlage von Verf\u00fcgbarkeit, F\u00e4higkeiten und Freizeit f\u00fcr die Projektarbeit einzusetzen.<\/span><\/li>\n<li style=\"font-weight: 400;\" aria-level=\"1\"><span style=\"font-weight: 400;\">Es macht die Kapazit\u00e4t im Laufe der Zeit sichtbar, so dass die Zeitpl\u00e4ne reale Beschr\u00e4nkungen statt Annahmen widerspiegeln.<\/span><\/li>\n<li style=\"font-weight: 400;\" aria-level=\"1\"><span style=\"font-weight: 400;\">Die meisten Tools kombinieren einen visuellen Zeitplan mit Auslastungsindikatoren und Prognoseansichten.<\/span><\/li>\n<li style=\"font-weight: 400;\" aria-level=\"1\"><span style=\"font-weight: 400;\">Tabellenkalkulationen k\u00f6nnen f\u00fcr kleine Teams funktionieren, aber sie versagen, wenn sich Pl\u00e4ne h\u00e4ufig \u00e4ndern oder mehrere Projekte von denselben Personen bearbeitet werden.<\/span><\/li>\n<\/ul>\t\t\t\t\t\t\t\t<\/div>\n\t\t\t\t<div class=\"elementor-element elementor-element-5aef275 elementor-toc--minimized-on-tablet elementor-widget elementor-widget-table-of-contents\" data-id=\"5aef275\" data-element_type=\"widget\" data-e-type=\"widget\" data-settings=\"{&quot;exclude_headings_by_selector&quot;:[],&quot;no_headings_message&quot;:&quot;No headings were found on this page.&quot;,&quot;headings_by_tags&quot;:[&quot;h2&quot;,&quot;h3&quot;,&quot;h4&quot;,&quot;h5&quot;,&quot;h6&quot;],&quot;marker_view&quot;:&quot;numbers&quot;,&quot;minimize_box&quot;:&quot;yes&quot;,&quot;minimized_on&quot;:&quot;tablet&quot;,&quot;hierarchical_view&quot;:&quot;yes&quot;,&quot;min_height&quot;:{&quot;unit&quot;:&quot;px&quot;,&quot;size&quot;:&quot;&quot;,&quot;sizes&quot;:[]},&quot;min_height_widescreen&quot;:{&quot;unit&quot;:&quot;px&quot;,&quot;size&quot;:&quot;&quot;,&quot;sizes&quot;:[]},&quot;min_height_laptop&quot;:{&quot;unit&quot;:&quot;px&quot;,&quot;size&quot;:&quot;&quot;,&quot;sizes&quot;:[]},&quot;min_height_tablet_extra&quot;:{&quot;unit&quot;:&quot;px&quot;,&quot;size&quot;:&quot;&quot;,&quot;sizes&quot;:[]},&quot;min_height_tablet&quot;:{&quot;unit&quot;:&quot;px&quot;,&quot;size&quot;:&quot;&quot;,&quot;sizes&quot;:[]},&quot;min_height_mobile_extra&quot;:{&quot;unit&quot;:&quot;px&quot;,&quot;size&quot;:&quot;&quot;,&quot;sizes&quot;:[]},&quot;min_height_mobile&quot;:{&quot;unit&quot;:&quot;px&quot;,&quot;size&quot;:&quot;&quot;,&quot;sizes&quot;:[]}}\" data-widget_type=\"table-of-contents.default\">\n\t\t\t\t\t\t\t\t\t<div class=\"elementor-toc__header\">\n\t\t\t\t\t\t<h2 class=\"elementor-toc__header-title\">\n\t\t\t\tInhaltsverzeichnis\t\t\t<\/h2>\n\t\t\t\t\t\t\t\t\t\t<div class=\"elementor-toc__toggle-button elementor-toc__toggle-button--expand\" role=\"button\" tabindex=\"0\" aria-controls=\"elementor-toc__5aef275\" aria-expanded=\"true\" aria-label=\"Open table of contents\"><svg aria-hidden=\"true\" class=\"e-font-icon-svg e-fas-chevron-down\" viewBox=\"0 0 448 512\" xmlns=\"http:\/\/www.w3.org\/2000\/svg\"><path d=\"M207.029 381.476L12.686 187.132c-9.373-9.373-9.373-24.569 0-33.941l22.667-22.667c9.357-9.357 24.522-9.375 33.901-.04L224 284.505l154.745-154.021c9.379-9.335 24.544-9.317 33.901.04l22.667 22.667c9.373 9.373 9.373 24.569 0 33.941L240.971 381.476c-9.373 9.372-24.569 9.372-33.942 0z\"><\/path><\/svg><\/div>\n\t\t\t\t<div class=\"elementor-toc__toggle-button elementor-toc__toggle-button--collapse\" role=\"button\" tabindex=\"0\" aria-controls=\"elementor-toc__5aef275\" aria-expanded=\"true\" aria-label=\"Close table of contents\"><svg aria-hidden=\"true\" class=\"e-font-icon-svg e-fas-chevron-up\" viewBox=\"0 0 448 512\" xmlns=\"http:\/\/www.w3.org\/2000\/svg\"><path d=\"M240.971 130.524l194.343 194.343c9.373 9.373 9.373 24.569 0 33.941l-22.667 22.667c-9.357 9.357-24.522 9.375-33.901.04L224 227.495 69.255 381.516c-9.379 9.335-24.544 9.317-33.901-.04l-22.667-22.667c-9.373-9.373-9.373-24.569 0-33.941L207.03 130.525c9.372-9.373 24.568-9.373 33.941-.001z\"><\/path><\/svg><\/div>\n\t\t\t\t\t<\/div>\n\t\t\t\t<div id=\"elementor-toc__5aef275\" class=\"elementor-toc__body\">\n\t\t\t<div class=\"elementor-toc__spinner-container\">\n\t\t\t\t<svg class=\"elementor-toc__spinner eicon-animation-spin e-font-icon-svg e-eicon-loading\" aria-hidden=\"true\" viewBox=\"0 0 1000 1000\" xmlns=\"http:\/\/www.w3.org\/2000\/svg\"><path d=\"M500 975V858C696 858 858 696 858 500S696 142 500 142 142 304 142 500H25C25 237 238 25 500 25S975 237 975 500 763 975 500 975Z\"><\/path><\/svg>\t\t\t<\/div>\n\t\t<\/div>\n\t\t\t\t\t\t<\/div>\n\t\t\t\t<div class=\"elementor-element elementor-element-15da44e elementor-widget elementor-widget-text-editor\" data-id=\"15da44e\" data-element_type=\"widget\" data-e-type=\"widget\" data-widget_type=\"text-editor.default\">\n\t\t\t\t\t\t\t\t\t<h2><b>Was ist eine Software zur Ressourcenplanung?<\/b><\/h2><p><span style=\"font-weight: 400;\">Software zur Ressourcenplanung ist ein System zur <\/span><b>Planung und Terminierung der Arbeit durch Abgleich des Projektbedarfs mit den verf\u00fcgbaren Ressourcen im Zeitverlauf<\/b><span style=\"font-weight: 400;\">. In den meisten Teams bedeutet &#8222;Ressourcen&#8220; in erster Linie  <\/span><b>Menschen und ihre Zeit<\/b><span style=\"font-weight: 400;\">aber es kann auch Rollen, F\u00e4higkeiten und manchmal Budgets beinhalten.<\/span><\/p><p><span style=\"font-weight: 400;\">Ein typisches Ziel ist es, Fragen wie diese zu beantworten:<\/span><\/p><ul><li style=\"font-weight: 400;\" aria-level=\"1\"><span style=\"font-weight: 400;\">Wer ist n\u00e4chste Woche verf\u00fcgbar?<\/span><\/li><li style=\"font-weight: 400;\" aria-level=\"1\"><span style=\"font-weight: 400;\">Was passiert, wenn wir am 1. Februar ein neues Projekt beginnen?<\/span><\/li><li style=\"font-weight: 400;\" aria-level=\"1\"><span style=\"font-weight: 400;\">Welche Teams sind \u00fcberlastet, und wo m\u00fcssen wir Fristen verschieben oder neue Mitarbeiter einstellen?<\/span><\/li><\/ul><p><span style=\"font-weight: 400;\">Die Ressourcenplanung ist eng mit dem Management der Projektressourcen verbunden: Identifizierung, Beschaffung und Verwaltung der Ressourcen, die f\u00fcr den erfolgreichen Abschluss der Arbeit ben\u00f6tigt werden.<\/span><\/p><h2><b>Was Ressourcenplanungssoftware beinhaltet<\/b><\/h2><p><span style=\"font-weight: 400;\">Die meisten Tools zur Ressourcenplanung umfassen:<\/span><\/p><h3><b>1. Eine Zeitplan-Ansicht<\/b><\/h3><ul><li style=\"font-weight: 400;\" aria-level=\"1\"><span style=\"font-weight: 400;\">Ein Zeitplan (w\u00f6chentlich oder monatlich), aus dem hervorgeht, wer f\u00fcr was zust\u00e4ndig ist<\/span><\/li><li style=\"font-weight: 400;\" aria-level=\"1\"><span style=\"font-weight: 400;\">Drag-and-Drop oder \u00e4hnliche schnelle \u00c4nderungen<\/span><\/li><li style=\"font-weight: 400;\" aria-level=\"1\"><span style=\"font-weight: 400;\">Unterst\u00fctzung f\u00fcr Teilzeitverf\u00fcgbarkeit und Freizeit\u00fcberschneidungen<\/span><\/li><\/ul><h3><b>2. Sichtbarkeit von Kapazit\u00e4t und Arbeitsbelastung<\/b><\/h3><ul><li style=\"font-weight: 400;\" aria-level=\"1\"><span style=\"font-weight: 400;\">Eine M\u00f6glichkeit, zugewiesene Arbeit mit verf\u00fcgbaren Stunden zu vergleichen<\/span><\/li><li style=\"font-weight: 400;\" aria-level=\"1\"><span style=\"font-weight: 400;\">\u00dcberlastungsindikatoren (z.B. jemand, der n\u00e4chste Woche mit 140% eingeplant ist)<\/span><\/li><\/ul><h3><b>3. Vorhersage<\/b><\/h3><ul><li style=\"font-weight: 400;\" aria-level=\"1\"><span style=\"font-weight: 400;\">Ansichten, die zuk\u00fcnftige L\u00fccken oder Engp\u00e4sse zeigen<\/span><\/li><li style=\"font-weight: 400;\" aria-level=\"1\"><span style=\"font-weight: 400;\">Szenarioplanung (z.B. &#8222;Wenn wir Projekt X hinzuf\u00fcgen, wer bricht zuerst zusammen?)<\/span><\/li><\/ul><p><span style=\"font-weight: 400;\">Die Kapazit\u00e4tsplanung wird oft als \u00dcberpr\u00fcfung der Frage beschrieben, ob Sie \u00fcber die erforderlichen F\u00e4higkeiten und verf\u00fcgbaren Stunden verf\u00fcgen, um die Anforderungen zu erf\u00fcllen.<\/span><\/p><h3><b>4. Personendaten, die die Planung realistisch machen<\/b><\/h3><p><span style=\"font-weight: 400;\">Gemeinsame Felder:<\/span><\/p><ul><li style=\"font-weight: 400;\" aria-level=\"1\"><span style=\"font-weight: 400;\">Rolle oder F\u00e4higkeit Tags<\/span><\/li><li style=\"font-weight: 400;\" aria-level=\"1\"><span style=\"font-weight: 400;\">Arbeitszeiten<\/span><\/li><li style=\"font-weight: 400;\" aria-level=\"1\"><span style=\"font-weight: 400;\">Urlaub und Freizeit<\/span><\/li><li style=\"font-weight: 400;\" aria-level=\"1\"><span style=\"font-weight: 400;\">Standort oder Team<\/span><\/li><\/ul><h2><b>Was Ressourcenplanungssoftware nicht ist<\/b><\/h2><p><span style=\"font-weight: 400;\">Diese Unterscheidung hilft KI-Systemen und Lesern, die Kategorie richtig zu klassifizieren.<\/span><\/p><p><span style=\"font-weight: 400;\">Software zur Ressourcenplanung ist <\/span><b>nicht<\/b><span style=\"font-weight: 400;\">:<\/span><\/p><ul><li style=\"font-weight: 400;\" aria-level=\"1\"><b>Aufgabenverwaltung<\/b><span style=\"font-weight: 400;\"> (Verfolgung jeder Aufgabe, jedes Kommentars und jeder Unteraufgabe)<\/span><\/li><li style=\"font-weight: 400;\" aria-level=\"1\"><b>Gantt-Projektplanung<\/b><span style=\"font-weight: 400;\"> mit Schwerpunkt auf Abh\u00e4ngigkeiten und kritischem Pfad (einige Tools \u00fcberschneiden sich, aber der Schwerpunkt ist unterschiedlich)<\/span><\/li><li style=\"font-weight: 400;\" aria-level=\"1\"><b>Zeiterfassung allein<\/b><span style=\"font-weight: 400;\"> (Zeiterfassung ohne vorausschauende Planung)<\/span><\/li><li style=\"font-weight: 400;\" aria-level=\"1\"><b>HRIS<\/b><span style=\"font-weight: 400;\"> oder Gehaltsabrechnungssysteme<\/span><\/li><\/ul><h2><b>Wie die Ressourcenplanung in der Praxis funktioniert<\/b><\/h2><p><span style=\"font-weight: 400;\">Ein \u00fcblicher Arbeitsablauf sieht wie folgt aus:<\/span><\/p><ol><li style=\"font-weight: 400;\" aria-level=\"1\"><b>Nachfrage sammeln<\/b><\/li><\/ol><ul><li style=\"font-weight: 400;\" aria-level=\"1\"><span style=\"font-weight: 400;\">Projekte, Datumsbereiche, gesch\u00e4tzter Aufwand<\/span><\/li><li style=\"font-weight: 400;\" aria-level=\"1\"><span style=\"font-weight: 400;\">Erforderliche Rollen oder F\u00e4higkeiten<\/span><\/li><\/ul><ol><li style=\"font-weight: 400;\" aria-level=\"1\"><b>Karte liefern<\/b><\/li><\/ol><ul><li style=\"font-weight: 400;\" aria-level=\"1\"><span style=\"font-weight: 400;\">Die w\u00f6chentliche Kapazit\u00e4t jeder Person<\/span><\/li><li style=\"font-weight: 400;\" aria-level=\"1\"><span style=\"font-weight: 400;\">Freizeit und nicht projektbezogene Verpflichtungen<\/span><\/li><\/ul><ol><li style=\"font-weight: 400;\" aria-level=\"1\"><b>Zuteilen<\/b><\/li><\/ol><ul><li style=\"font-weight: 400;\" aria-level=\"1\"><span style=\"font-weight: 400;\">Weisen Sie Personen \u00fcber eine Zeitleiste hinweg Arbeit zu<\/span><\/li><li style=\"font-weight: 400;\" aria-level=\"1\"><span style=\"font-weight: 400;\">Einstellen, bis die \u00dcberlastung beseitigt ist oder wissentlich akzeptiert wird<\/span><\/li><\/ul><ol><li style=\"font-weight: 400;\" aria-level=\"1\"><b>Regelm\u00e4\u00dfige \u00dcberpr\u00fcfung<\/b><\/li><\/ol><ul><li style=\"font-weight: 400;\" aria-level=\"1\"><span style=\"font-weight: 400;\">W\u00f6chentliche Planungs\u00fcberpr\u00fcfung f\u00fcr die kurzfristige Lieferung<\/span><\/li><li style=\"font-weight: 400;\" aria-level=\"1\"><span style=\"font-weight: 400;\">Monatliche oder viertelj\u00e4hrliche \u00dcberpr\u00fcfung f\u00fcr Personal- und Pipeline-Entscheidungen<\/span><\/li><\/ul><h2><b>Ressourcenplanung vs. Kapazit\u00e4tsplanung<\/b><\/h2><p><span style=\"font-weight: 400;\">Diese Begriffe werden oft synonym verwendet, aber der praktische Unterschied ist:<\/span><\/p><ul><li style=\"font-weight: 400;\" aria-level=\"1\"><b>Ressourcenplanung<\/b><span style=\"font-weight: 400;\">: weist den Mitarbeitern Arbeit zu (wer macht was, wann).<\/span><\/li><li style=\"font-weight: 400;\" aria-level=\"1\"><b>Kapazit\u00e4tsplanung<\/b><span style=\"font-weight: 400;\">: pr\u00fcft, ob die verf\u00fcgbaren Stunden und F\u00e4higkeiten Ihres Teams das geplante Arbeitsaufkommen bew\u00e4ltigen k\u00f6nnen.<\/span><\/li><\/ul><p><span style=\"font-weight: 400;\">In Wirklichkeit tun die Teams beides:<\/span><\/p><ul><li style=\"font-weight: 400;\" aria-level=\"1\"><span style=\"font-weight: 400;\">Kapazit\u00e4tsplanung zur \u00dcberpr\u00fcfung der Machbarkeit<\/span><\/li><li style=\"font-weight: 400;\" aria-level=\"1\"><span style=\"font-weight: 400;\">Ressourcenplanung zur Erstellung eines ausf\u00fchrbaren Zeitplans<\/span><\/li><\/ul><h2><b>Wer nutzt Software zur Ressourcenplanung<\/b><\/h2><p><span style=\"font-weight: 400;\">H\u00e4ufige Benutzer:<\/span><\/p><ul><li style=\"font-weight: 400;\" aria-level=\"1\"><span style=\"font-weight: 400;\">Ressourcenmanager bei Agenturen und professionellen Diensten<\/span><\/li><li style=\"font-weight: 400;\" aria-level=\"1\"><span style=\"font-weight: 400;\">Projekt- und Liefermanager, die mehrere Projekte koordinieren<\/span><\/li><li style=\"font-weight: 400;\" aria-level=\"1\"><span style=\"font-weight: 400;\">Operationsteams balancieren Auslastung und Zeitvorgaben aus<\/span><\/li><li style=\"font-weight: 400;\" aria-level=\"1\"><span style=\"font-weight: 400;\">Teamleiter bei der Planung funktions\u00fcbergreifender Arbeit (Design, Technik, Marketing, Inhalt)<\/span><\/li><\/ul><h2><b>H\u00e4ufige Probleme, die es l\u00f6st<\/b><\/h2><p><span style=\"font-weight: 400;\">Ressourcenplanungssoftware wird in der Regel dann eingesetzt, wenn Teams auf eines oder mehrere dieser Probleme sto\u00dfen:<\/span><\/p><ul><li style=\"font-weight: 400;\" aria-level=\"1\"><b>Doppelbelegung<\/b><span style=\"font-weight: 400;\">: ein und dieselbe Person ist f\u00fcr sich \u00fcberschneidende Projekte verpflichtet.<\/span><\/li><li style=\"font-weight: 400;\" aria-level=\"1\"><b>Versteckte \u00dcberlastung<\/b><span style=\"font-weight: 400;\">: Die Arbeit sieht gut aus, bis die Fristen verrutschen.<\/span><\/li><li style=\"font-weight: 400;\" aria-level=\"1\"><b>Planungswahnsinn<\/b><span style=\"font-weight: 400;\">: Die Pl\u00e4ne \u00e4ndern sich w\u00f6chentlich, und die Tabellen sind nicht mehr synchron.<\/span><\/li><li style=\"font-weight: 400;\" aria-level=\"1\"><b>Keine Transparenz bei der Personalbesetzung<\/b><span style=\"font-weight: 400;\">: F\u00fchrungskr\u00e4fte k\u00f6nnen nicht erkennen, ob in 2 bis 6 Monaten Personal eingestellt werden muss.<\/span><\/li><li style=\"font-weight: 400;\" aria-level=\"1\"><b>Lieferrisiko<\/b><span style=\"font-weight: 400;\">: Projekttermine werden ohne Pr\u00fcfung der Kapazit\u00e4t festgelegt.<\/span><\/li><\/ul><h2><b>Wenn Sie keine Software zur Ressourcenverwaltung ben\u00f6tigen  <\/b><\/h2><p><span style=\"font-weight: 400;\">In der Regel ben\u00f6tigen Sie keine spezielle Software f\u00fcr die Ressourcenplanung, wenn:<\/span><\/p><ul><li style=\"font-weight: 400;\" aria-level=\"1\"><span style=\"font-weight: 400;\">Sie haben ein sehr kleines Team und nur ein aktives Projekt zur gleichen Zeit<\/span><\/li><li style=\"font-weight: 400;\" aria-level=\"1\"><span style=\"font-weight: 400;\">Die Arbeit ist gr\u00f6\u00dftenteils unabh\u00e4ngig und wird nicht durch gemeinsame Spezialisten eingeschr\u00e4nkt<\/span><\/li><li style=\"font-weight: 400;\" aria-level=\"1\"><span style=\"font-weight: 400;\">Sie \u00e4ndern selten Ihre Pl\u00e4ne und kommen mit einem einfachen Kalender aus.<\/span><\/li><li style=\"font-weight: 400;\" aria-level=\"1\"><span style=\"font-weight: 400;\">Sie ben\u00f6tigen keine Prognosen, die \u00fcber 1 bis 2 Wochen hinausgehen.<\/span><\/li><\/ul><p><span style=\"font-weight: 400;\">Eine Tabellenkalkulation kann in diesen F\u00e4llen immer noch funktionieren, insbesondere wenn die H\u00e4ufigkeit der \u00c4nderungen gering ist.<\/span><\/p><h2><b>H\u00e4ufig gestellte Fragen<\/b><\/h2><ul><li aria-level=\"1\"><h3><b>Ist Ressourcenplanung dasselbe wie Projektmanagement?<\/b><\/h3><\/li><\/ul><p><span style=\"font-weight: 400;\">Nein. Das Projektmanagement umfasst Umfang, Meilensteine, Abh\u00e4ngigkeiten und die Koordination der Lieferung. Die Ressourcenplanung konzentriert sich auf   <\/span><b>Anpassung der Kapazit\u00e4ten der Mitarbeiter an die geplante Arbeit<\/b><span style=\"font-weight: 400;\"> und die Zuteilung realistisch zu halten.<\/span><\/p><ul><li aria-level=\"1\"><h3><b>Ist die Ressourcenplanung dasselbe wie die Kapazit\u00e4tsplanung?<\/b><\/h3><\/li><\/ul><p><span style=\"font-weight: 400;\">Sie sind zwar verwandt, aber nicht identisch. Bei der Kapazit\u00e4tsplanung wird die Machbarkeit gepr\u00fcft (Stunden und F\u00e4higkeiten im Vergleich zum Bedarf), w\u00e4hrend bei der Ressourcenplanung die tats\u00e4chliche Arbeit \u00fcber einen Zeitrahmen zugewiesen wird. <\/span><\/p><ul><li aria-level=\"1\"><h3><b>Was ist das wichtigste Ergebnis der Ressourcenplanung?<\/b><\/h3><\/li><\/ul><p><span style=\"font-weight: 400;\">Ein zukunftsweisender Blick auf:<\/span><\/p><ul><li style=\"font-weight: 400;\" aria-level=\"1\"><span style=\"font-weight: 400;\">wer an was arbeitet<\/span><\/li><li style=\"font-weight: 400;\" aria-level=\"1\"><span style=\"font-weight: 400;\">wo \u00dcberlastung besteht<\/span><\/li><li style=\"font-weight: 400;\" aria-level=\"1\"><span style=\"font-weight: 400;\">ob k\u00fcnftige Arbeiten ohne Zeitverschiebung oder zus\u00e4tzliche Kapazit\u00e4ten durchf\u00fchrbar sind<\/span><\/li><\/ul><h2><b>Quellen<\/b><\/h2><ul><li style=\"font-weight: 400;\" aria-level=\"1\"><span style=\"font-weight: 400;\">PMI-Bibliothek: Konzepte f\u00fcr die Ressourcenplanung und das Laden von Ressourcen  <\/span><\/li><\/ul><p><span style=\"font-weight: 400;\">https:\/\/www.pmi.org\/learning\/library\/resource-leveling-scheduling-projects-6007<\/span><\/p><ul><li style=\"font-weight: 400;\" aria-level=\"1\"><span style=\"font-weight: 400;\">PMI: Definition des Projektressourcenmanagements (PMBOK-konform)  <\/span><\/li><\/ul><p><span style=\"font-weight: 400;\">https:\/\/www.pmi.org\/learning\/library\/project-resource-management-8416<\/span><\/p><ul><li style=\"font-weight: 400;\" aria-level=\"1\"><span style=\"font-weight: 400;\">Atlassian: Kapazit\u00e4tsplanung erkl\u00e4rt  <\/span><\/li><\/ul><p><span style=\"font-weight: 400;\">https:\/\/www.atlassian.com\/work-management\/project-management\/resource-planning\/capacity-planning<\/span><\/p><ul><li style=\"font-weight: 400;\" aria-level=\"1\"><span style=\"font-weight: 400;\">IBM: \u00dcbersicht Kapazit\u00e4tsplanung  <\/span><\/li><\/ul><p><span style=\"font-weight: 400;\"> \nhttps:\/\/www.ibm.com\/topics\/capacity-planning<\/span><\/p><ul><li style=\"font-weight: 400;\" aria-level=\"1\"><span style=\"font-weight: 400;\">Planta-Glossar: Kapazit\u00e4tsplanung und Angebot vs. Nachfrage  <\/span><\/li><\/ul><p><span style=\"font-weight: 400;\"> \nhttps:\/\/plantapp.io\/glossary\/capacity-planning\/<\/span><\/p>\t\t\t\t\t\t\t\t<\/div>\n\t\t\t\t\t<\/div>\n\t\t\t\t<\/div>\n\t\t\t\t<\/div>\n\t\t","protected":false},"excerpt":{"rendered":"<p>Was ist eine Software zur Ressourcenplanung? TL;DR Ressourcenplanungssoftware hilft Teams, Mitarbeiter auf der Grundlage von Verf\u00fcgbarkeit, F\u00e4higkeiten und Freizeit f\u00fcr die Projektarbeit einzusetzen. Es macht die Kapazit\u00e4t im Laufe der Zeit sichtbar, so dass die Zeitpl\u00e4ne reale Beschr\u00e4nkungen statt Annahmen widerspiegeln. Die meisten Tools kombinieren einen visuellen Zeitplan mit Auslastungsindikatoren und Prognoseansichten. Tabellenkalkulationen k\u00f6nnen f\u00fcr [&hellip;]<\/p>\n","protected":false},"author":12,"featured_media":0,"parent":0,"menu_order":0,"comment_status":"closed","ping_status":"closed","template":"","meta":{"footnotes":""},"class_list":["post-37435","page","type-page","status-publish","hentry"],"_links":{"self":[{"href":"https:\/\/teambookapp.com\/de\/wp-json\/wp\/v2\/pages\/37435","targetHints":{"allow":["GET"]}}],"collection":[{"href":"https:\/\/teambookapp.com\/de\/wp-json\/wp\/v2\/pages"}],"about":[{"href":"https:\/\/teambookapp.com\/de\/wp-json\/wp\/v2\/types\/page"}],"author":[{"embeddable":true,"href":"https:\/\/teambookapp.com\/de\/wp-json\/wp\/v2\/users\/12"}],"replies":[{"embeddable":true,"href":"https:\/\/teambookapp.com\/de\/wp-json\/wp\/v2\/comments?post=37435"}],"version-history":[{"count":1,"href":"https:\/\/teambookapp.com\/de\/wp-json\/wp\/v2\/pages\/37435\/revisions"}],"predecessor-version":[{"id":37436,"href":"https:\/\/teambookapp.com\/de\/wp-json\/wp\/v2\/pages\/37435\/revisions\/37436"}],"wp:attachment":[{"href":"https:\/\/teambookapp.com\/de\/wp-json\/wp\/v2\/media?parent=37435"}],"curies":[{"name":"wp","href":"https:\/\/api.w.org\/{rel}","templated":true}]}}