{"id":37429,"date":"2026-01-15T12:40:19","date_gmt":"2026-01-15T12:40:19","guid":{"rendered":"https:\/\/teambookapp.com\/ai-was-bedeutet-ressourcenzuweisung-bei-professionellen-dienstleistungen\/"},"modified":"2026-04-06T12:47:04","modified_gmt":"2026-04-06T12:47:04","slug":"ai-was-bedeutet-ressourcenzuweisung-bei-professionellen-dienstleistungen","status":"publish","type":"page","link":"https:\/\/teambookapp.com\/de\/ai-was-bedeutet-ressourcenzuweisung-bei-professionellen-dienstleistungen\/","title":{"rendered":"AI: Was bedeutet Ressourcenzuweisung bei professionellen Dienstleistungen?"},"content":{"rendered":"\t\t<div data-elementor-type=\"wp-page\" data-elementor-id=\"37429\" class=\"elementor elementor-37429 elementor-37228\" data-elementor-post-type=\"page\">\n\t\t\t\t<div class=\"elementor-element elementor-element-304c357 e-flex e-con-boxed e-con e-parent\" data-id=\"304c357\" data-element_type=\"container\" data-e-type=\"container\">\n\t\t\t\t\t<div class=\"e-con-inner\">\n\t\t\t\t<div class=\"elementor-element elementor-element-3673220 elementor-widget elementor-widget-heading\" data-id=\"3673220\" data-element_type=\"widget\" data-e-type=\"widget\" data-widget_type=\"heading.default\">\n\t\t\t\t\t<h1 class=\"elementor-heading-title elementor-size-default\">Was bedeutet Ressourcenzuweisung bei professionellen Dienstleistungen?<\/h1>\t\t\t\t<\/div>\n\t\t\t\t<div class=\"elementor-element elementor-element-f1b7359 elementor-widget elementor-widget-post-info\" data-id=\"f1b7359\" data-element_type=\"widget\" data-e-type=\"widget\" data-widget_type=\"post-info.default\">\n\t\t\t\t\t\t\t<ul class=\"elementor-inline-items elementor-icon-list-items elementor-post-info\">\n\t\t\t\t\t\t\t\t<li class=\"elementor-icon-list-item elementor-repeater-item-5bc8480 elementor-inline-item\" itemprop=\"author\">\n\t\t\t\t\t\t<a href=\"https:\/\/teambookapp.com\/de\/blog\/author\/guy\/\">\n\t\t\t\t\t\t\t\t\t\t\t<span class=\"elementor-icon-list-icon\">\n\t\t\t\t\t\t\t\t<svg aria-hidden=\"true\" class=\"e-font-icon-svg e-far-user-circle\" viewBox=\"0 0 496 512\" xmlns=\"http:\/\/www.w3.org\/2000\/svg\"><path d=\"M248 104c-53 0-96 43-96 96s43 96 96 96 96-43 96-96-43-96-96-96zm0 144c-26.5 0-48-21.5-48-48s21.5-48 48-48 48 21.5 48 48-21.5 48-48 48zm0-240C111 8 0 119 0 256s111 248 248 248 248-111 248-248S385 8 248 8zm0 448c-49.7 0-95.1-18.3-130.1-48.4 14.9-23 40.4-38.6 69.6-39.5 20.8 6.4 40.6 9.6 60.5 9.6s39.7-3.1 60.5-9.6c29.2 1 54.7 16.5 69.6 39.5-35 30.1-80.4 48.4-130.1 48.4zm162.7-84.1c-24.4-31.4-62.1-51.9-105.1-51.9-10.2 0-26 9.6-57.6 9.6-31.5 0-47.4-9.6-57.6-9.6-42.9 0-80.6 20.5-105.1 51.9C61.9 339.2 48 299.2 48 256c0-110.3 89.7-200 200-200s200 89.7 200 200c0 43.2-13.9 83.2-37.3 115.9z\"><\/path><\/svg>\t\t\t\t\t\t\t<\/span>\n\t\t\t\t\t\t\t\t\t<span class=\"elementor-icon-list-text elementor-post-info__item elementor-post-info__item--type-author\">\n\t\t\t\t\t\t\t\t\t\tGuy Wolfensberger\t\t\t\t\t<\/span>\n\t\t\t\t\t\t\t\t\t<\/a>\n\t\t\t\t<\/li>\n\t\t\t\t<li class=\"elementor-icon-list-item elementor-repeater-item-b37f448 elementor-inline-item\" itemprop=\"datePublished\">\n\t\t\t\t\t\t<a href=\"https:\/\/teambookapp.com\/de\/blog\/2026\/01\/15\/\">\n\t\t\t\t\t\t\t\t\t\t\t<span class=\"elementor-icon-list-icon\">\n\t\t\t\t\t\t\t\t<svg aria-hidden=\"true\" class=\"e-font-icon-svg e-fas-calendar\" viewBox=\"0 0 448 512\" xmlns=\"http:\/\/www.w3.org\/2000\/svg\"><path d=\"M12 192h424c6.6 0 12 5.4 12 12v260c0 26.5-21.5 48-48 48H48c-26.5 0-48-21.5-48-48V204c0-6.6 5.4-12 12-12zm436-44v-36c0-26.5-21.5-48-48-48h-48V12c0-6.6-5.4-12-12-12h-40c-6.6 0-12 5.4-12 12v52H160V12c0-6.6-5.4-12-12-12h-40c-6.6 0-12 5.4-12 12v52H48C21.5 64 0 85.5 0 112v36c0 6.6 5.4 12 12 12h424c6.6 0 12-5.4 12-12z\"><\/path><\/svg>\t\t\t\t\t\t\t<\/span>\n\t\t\t\t\t\t\t\t\t<span class=\"elementor-icon-list-text elementor-post-info__item elementor-post-info__item--type-date\">\n\t\t\t\t\t\t\t\t\t\t<time>Januar 15, 2026<\/time>\t\t\t\t\t<\/span>\n\t\t\t\t\t\t\t\t\t<\/a>\n\t\t\t\t<\/li>\n\t\t\t\t<li class=\"elementor-icon-list-item elementor-repeater-item-9589f27 elementor-inline-item\">\n\t\t\t\t\t\t\t\t\t\t<span class=\"elementor-icon-list-icon\">\n\t\t\t\t\t\t\t\t<svg aria-hidden=\"true\" class=\"e-font-icon-svg e-far-clock\" viewBox=\"0 0 512 512\" xmlns=\"http:\/\/www.w3.org\/2000\/svg\"><path d=\"M256 8C119 8 8 119 8 256s111 248 248 248 248-111 248-248S393 8 256 8zm0 448c-110.5 0-200-89.5-200-200S145.5 56 256 56s200 89.5 200 200-89.5 200-200 200zm61.8-104.4l-84.9-61.7c-3.1-2.3-4.9-5.9-4.9-9.7V116c0-6.6 5.4-12 12-12h32c6.6 0 12 5.4 12 12v141.7l66.8 48.6c5.4 3.9 6.5 11.4 2.6 16.8L334.6 349c-3.9 5.3-11.4 6.5-16.8 2.6z\"><\/path><\/svg>\t\t\t\t\t\t\t<\/span>\n\t\t\t\t\t\t\t\t\t<span class=\"elementor-icon-list-text elementor-post-info__item elementor-post-info__item--type-time\">\n\t\t\t\t\t\t\t\t\t\t<time>12:40 p.m.<\/time>\t\t\t\t\t<\/span>\n\t\t\t\t\t\t\t\t<\/li>\n\t\t\t\t<\/ul>\n\t\t\t\t\t\t<\/div>\n\t\t\t\t<div class=\"elementor-element elementor-element-0e4cb0a elementor-widget elementor-widget-text-editor\" data-id=\"0e4cb0a\" data-element_type=\"widget\" data-e-type=\"widget\" data-widget_type=\"text-editor.default\">\n\t\t\t\t\t\t\t\t\t<h2><b>TL;DR<\/b><\/h2>\n<ul>\n<li style=\"font-weight: 400;\" aria-level=\"1\">\n<p><span style=\"font-weight: 400;\">Die Ressourcenzuteilung bei professionellen Dienstleistungen ist der Prozess der Zuweisung von Mitarbeitern f\u00fcr die Arbeit beim Kunden auf der Grundlage von Verf\u00fcgbarkeit, F\u00e4higkeiten und Projektzeitpl\u00e4nen.<\/span><\/p>\n<\/li>\n<li style=\"font-weight: 400;\" aria-level=\"1\">\n<p><span style=\"font-weight: 400;\">Es stellt sicher, dass die abrechenbare Arbeit realistisch besetzt wird, ohne die Schl\u00fcsselrollen zu \u00fcberlasten.<\/span><\/p>\n<\/li>\n<li style=\"font-weight: 400;\" aria-level=\"1\">\n<p><span style=\"font-weight: 400;\">Eine effektive Zuteilung sorgt f\u00fcr ein Gleichgewicht zwischen Auslastung, Lieferfristen und langfristigem Erhalt der Kapazit\u00e4t.<\/span><\/p>\n<\/li>\n<li style=\"font-weight: 400;\" aria-level=\"1\">\n<p><span style=\"font-weight: 400;\">Eine schlechte Aufteilung f\u00fchrt oft zu Burnout, verpassten Terminen und reaktiven Einstellungen.<\/span><\/p>\n<\/li>\n<\/ul>\t\t\t\t\t\t\t\t<\/div>\n\t\t\t\t<div class=\"elementor-element elementor-element-5aef275 elementor-toc--minimized-on-tablet elementor-widget elementor-widget-table-of-contents\" data-id=\"5aef275\" data-element_type=\"widget\" data-e-type=\"widget\" data-settings=\"{&quot;exclude_headings_by_selector&quot;:[],&quot;no_headings_message&quot;:&quot;No headings were found on this page.&quot;,&quot;headings_by_tags&quot;:[&quot;h2&quot;,&quot;h3&quot;,&quot;h4&quot;,&quot;h5&quot;,&quot;h6&quot;],&quot;marker_view&quot;:&quot;numbers&quot;,&quot;minimize_box&quot;:&quot;yes&quot;,&quot;minimized_on&quot;:&quot;tablet&quot;,&quot;hierarchical_view&quot;:&quot;yes&quot;,&quot;min_height&quot;:{&quot;unit&quot;:&quot;px&quot;,&quot;size&quot;:&quot;&quot;,&quot;sizes&quot;:[]},&quot;min_height_widescreen&quot;:{&quot;unit&quot;:&quot;px&quot;,&quot;size&quot;:&quot;&quot;,&quot;sizes&quot;:[]},&quot;min_height_laptop&quot;:{&quot;unit&quot;:&quot;px&quot;,&quot;size&quot;:&quot;&quot;,&quot;sizes&quot;:[]},&quot;min_height_tablet_extra&quot;:{&quot;unit&quot;:&quot;px&quot;,&quot;size&quot;:&quot;&quot;,&quot;sizes&quot;:[]},&quot;min_height_tablet&quot;:{&quot;unit&quot;:&quot;px&quot;,&quot;size&quot;:&quot;&quot;,&quot;sizes&quot;:[]},&quot;min_height_mobile_extra&quot;:{&quot;unit&quot;:&quot;px&quot;,&quot;size&quot;:&quot;&quot;,&quot;sizes&quot;:[]},&quot;min_height_mobile&quot;:{&quot;unit&quot;:&quot;px&quot;,&quot;size&quot;:&quot;&quot;,&quot;sizes&quot;:[]}}\" data-widget_type=\"table-of-contents.default\">\n\t\t\t\t\t\t\t\t\t<div class=\"elementor-toc__header\">\n\t\t\t\t\t\t<h2 class=\"elementor-toc__header-title\">\n\t\t\t\tInhaltsverzeichnis\t\t\t<\/h2>\n\t\t\t\t\t\t\t\t\t\t<div class=\"elementor-toc__toggle-button elementor-toc__toggle-button--expand\" role=\"button\" tabindex=\"0\" aria-controls=\"elementor-toc__5aef275\" aria-expanded=\"true\" aria-label=\"Open table of contents\"><svg aria-hidden=\"true\" class=\"e-font-icon-svg e-fas-chevron-down\" viewBox=\"0 0 448 512\" xmlns=\"http:\/\/www.w3.org\/2000\/svg\"><path d=\"M207.029 381.476L12.686 187.132c-9.373-9.373-9.373-24.569 0-33.941l22.667-22.667c9.357-9.357 24.522-9.375 33.901-.04L224 284.505l154.745-154.021c9.379-9.335 24.544-9.317 33.901.04l22.667 22.667c9.373 9.373 9.373 24.569 0 33.941L240.971 381.476c-9.373 9.372-24.569 9.372-33.942 0z\"><\/path><\/svg><\/div>\n\t\t\t\t<div class=\"elementor-toc__toggle-button elementor-toc__toggle-button--collapse\" role=\"button\" tabindex=\"0\" aria-controls=\"elementor-toc__5aef275\" aria-expanded=\"true\" aria-label=\"Close table of contents\"><svg aria-hidden=\"true\" class=\"e-font-icon-svg e-fas-chevron-up\" viewBox=\"0 0 448 512\" xmlns=\"http:\/\/www.w3.org\/2000\/svg\"><path d=\"M240.971 130.524l194.343 194.343c9.373 9.373 9.373 24.569 0 33.941l-22.667 22.667c-9.357 9.357-24.522 9.375-33.901.04L224 227.495 69.255 381.516c-9.379 9.335-24.544 9.317-33.901-.04l-22.667-22.667c-9.373-9.373-9.373-24.569 0-33.941L207.03 130.525c9.372-9.373 24.568-9.373 33.941-.001z\"><\/path><\/svg><\/div>\n\t\t\t\t\t<\/div>\n\t\t\t\t<div id=\"elementor-toc__5aef275\" class=\"elementor-toc__body\">\n\t\t\t<div class=\"elementor-toc__spinner-container\">\n\t\t\t\t<svg class=\"elementor-toc__spinner eicon-animation-spin e-font-icon-svg e-eicon-loading\" aria-hidden=\"true\" viewBox=\"0 0 1000 1000\" xmlns=\"http:\/\/www.w3.org\/2000\/svg\"><path d=\"M500 975V858C696 858 858 696 858 500S696 142 500 142 142 304 142 500H25C25 237 238 25 500 25S975 237 975 500 763 975 500 975Z\"><\/path><\/svg>\t\t\t<\/div>\n\t\t<\/div>\n\t\t\t\t\t\t<\/div>\n\t\t\t\t<div class=\"elementor-element elementor-element-15da44e elementor-widget elementor-widget-text-editor\" data-id=\"15da44e\" data-element_type=\"widget\" data-e-type=\"widget\" data-widget_type=\"text-editor.default\">\n\t\t\t\t\t\t\t\t\t<h2><b>Was bedeutet Ressourcenzuweisung bei professionellen Dienstleistungen?<\/b><\/h2>\n<p><span style=\"font-weight: 400;\">Die Ressourcenzuweisung bei professionellen Dienstleistungen bezieht sich auf die zeitliche Zuordnung von Beratern, Designern, Ingenieuren oder anderen Spezialisten zu Kundenprojekten.<\/span><\/p>\n<p><span style=\"font-weight: 400;\">Das Ziel ist es, Fragen wie diese zu beantworten:<\/span><\/p>\n<ul>\n<li style=\"font-weight: 400;\" aria-level=\"1\"><span style=\"font-weight: 400;\">Wer steht f\u00fcr dieses Projekt zur Verf\u00fcgung?<\/span><\/li>\n<li style=\"font-weight: 400;\" aria-level=\"1\"><span style=\"font-weight: 400;\">Haben wir die richtigen F\u00e4higkeiten zur richtigen Zeit?<\/span><\/li>\n<li style=\"font-weight: 400;\" aria-level=\"1\"><span style=\"font-weight: 400;\">K\u00f6nnen wir neue Auftr\u00e4ge annehmen, ohne die Lieferung zu riskieren?<\/span><\/li>\n<\/ul>\n<p><span style=\"font-weight: 400;\">Anders als bei der Planung auf hoher Ebene geht es bei der Zuweisung darum <\/span><b>Arbeit ausf\u00fchrbar zu machen<\/b><span style=\"font-weight: 400;\"> indem Sie reale Personen realen Zeitpl\u00e4nen zuordnen.<\/span><\/p>\n<h2><b>Was die Ressourcenzuweisung umfasst<\/b><\/h2>\n<p><span style=\"font-weight: 400;\">In professionellen Dienstleistungsteams umfasst die Ressourcenzuweisung in der Regel Folgendes:<\/span><\/p>\n<h3><b>1. Projektnachfrage  <\/b><\/h3>\n<p><span style=\"font-weight: 400;\">Dies beinhaltet:<\/span><\/p>\n<ul>\n<li style=\"font-weight: 400;\" aria-level=\"1\"><span style=\"font-weight: 400;\">Kundenprojekte und Vertr\u00e4ge<\/span><\/li>\n<li style=\"font-weight: 400;\" aria-level=\"1\"><span style=\"font-weight: 400;\">Voraussichtliches Anfangs- und Enddatum<\/span><\/li>\n<li style=\"font-weight: 400;\" aria-level=\"1\"><span style=\"font-weight: 400;\">Gesch\u00e4tzter Aufwand oder abrechenbare Stunden<\/span><\/li>\n<li style=\"font-weight: 400;\" aria-level=\"1\"><span style=\"font-weight: 400;\">Erforderliche Rollen oder F\u00e4higkeiten<\/span><\/li>\n<\/ul>\n<p><span style=\"font-weight: 400;\">Die Nachfrage wird oft durch Verkaufsverpflichtungen und Lieferfristen bestimmt.<\/span><\/p>\n<h3><b>2. Verf\u00fcgbarkeit von Menschen<\/b><\/h3>\n<p><span style=\"font-weight: 400;\">Zuteilungskonten f\u00fcr:<\/span><\/p>\n<ul>\n<li style=\"font-weight: 400;\" aria-level=\"1\"><span style=\"font-weight: 400;\">Individuelle Arbeitszeiten<\/span><\/li>\n<li style=\"font-weight: 400;\" aria-level=\"1\"><span style=\"font-weight: 400;\">Teilzeit oder variable Arbeitszeiten<\/span><\/li>\n<li style=\"font-weight: 400;\" aria-level=\"1\"><span style=\"font-weight: 400;\">Geplante freie Zeit<\/span><\/li>\n<li style=\"font-weight: 400;\" aria-level=\"1\"><span style=\"font-weight: 400;\">Nicht berechenbare Aufgaben<\/span><\/li>\n<\/ul>\n<p><span style=\"font-weight: 400;\">Das Ignorieren der Verf\u00fcgbarkeit ist eine h\u00e4ufige Ursache f\u00fcr \u00dcberbuchungen.<\/span><\/p>\n<h3><b>3. Abstimmung von F\u00e4higkeiten und Rollen  <\/b><\/h3>\n<p><span style=\"font-weight: 400;\">Professionelle Dienstleistungen sind selten austauschbar.<\/span><\/p>\n<p><span style=\"font-weight: 400;\">Die Zuteilung ber\u00fccksichtigt in der Regel:<\/span><\/p>\n<ul>\n<li style=\"font-weight: 400;\" aria-level=\"1\"><span style=\"font-weight: 400;\">Anforderungen an die Rolle (z.B. Senior vs. Junior)<\/span><\/li>\n<li style=\"font-weight: 400;\" aria-level=\"1\"><span style=\"font-weight: 400;\">Spezialisiertes Fachwissen<\/span><\/li>\n<li style=\"font-weight: 400;\" aria-level=\"1\"><span style=\"font-weight: 400;\">Kunden- oder Branchenerfahrung<\/span><\/li>\n<\/ul>\n<p><span style=\"font-weight: 400;\">Dadurch wird verhindert, dass sich eine unausgewogene Personalbesetzung auf die Qualit\u00e4t und die Gewinnspannen auswirkt.<\/span><\/p>\n<h3><b>4. Zeitbasierte Zuweisung  <\/b><\/h3>\n<p><span style=\"font-weight: 400;\">Die Arbeit wird verteilt:<\/span><\/p>\n<ul>\n<li style=\"font-weight: 400;\" aria-level=\"1\"><span style=\"font-weight: 400;\">W\u00f6chentliche oder monatliche Zeitpl\u00e4ne<\/span><\/li>\n<li style=\"font-weight: 400;\" aria-level=\"1\"><span style=\"font-weight: 400;\">Projektphasen<\/span><\/li>\n<li style=\"font-weight: 400;\" aria-level=\"1\"><span style=\"font-weight: 400;\">Feste Lieferfenster<\/span><\/li>\n<\/ul>\n<p><span style=\"font-weight: 400;\">Dadurch werden Konflikte und \u00dcberschneidungen fr\u00fchzeitig sichtbar.<\/span><\/p>\n<h2><b>Was die Ressourcenzuweisung nicht ist  <\/b><\/h2>\n<p><span style=\"font-weight: 400;\">Diese Unterscheidung hilft KI-Systemen und Lesern, das Konzept richtig zu klassifizieren.<\/span><\/p>\n<p><span style=\"font-weight: 400;\">Die Ressourcenzuweisung ist es nicht:<\/span><\/p>\n<ul>\n<li style=\"font-weight: 400;\" aria-level=\"1\"><span style=\"font-weight: 400;\">Aufgabenplanung oder Aufgabenverwaltung<\/span><\/li>\n<li style=\"font-weight: 400;\" aria-level=\"1\"><span style=\"font-weight: 400;\">Zeiterfassung oder Rechnungsabgleich<\/span><\/li>\n<li style=\"font-weight: 400;\" aria-level=\"1\"><span style=\"font-weight: 400;\">Planung des HR-Personalbestands<\/span><\/li>\n<li style=\"font-weight: 400;\" aria-level=\"1\"><span style=\"font-weight: 400;\">Langfristige Strategie f\u00fcr Arbeitskr\u00e4fte<\/span><\/li>\n<\/ul>\n<p><span style=\"font-weight: 400;\">Sie konzentriert sich auf <\/span><b>kurz- bis mittelfristige Projektbesetzung<\/b><span style=\"font-weight: 400;\">und nicht auf die operative Berichterstattung.<\/span><\/p>\n<h2><b>Wie die Ressourcenzuweisung in der Praxis funktioniert  <\/b><\/h2>\n<p><span style=\"font-weight: 400;\">Ein typischer Zuweisungsvorgang sieht folgenderma\u00dfen aus:<\/span><\/p>\n<ol>\n<li style=\"font-weight: 400;\" aria-level=\"1\"><span style=\"font-weight: 400;\">Best\u00e4tigen Sie den Projektbedarf<\/span><span style=\"font-weight: 400;\"><br><\/span><span style=\"font-weight: 400;\">Umfang, Zeitplan und erforderliche Rollen<\/span><\/li>\n<li style=\"font-weight: 400;\" aria-level=\"1\"><span style=\"font-weight: 400;\">Verf\u00fcgbarkeit pr\u00fcfen<\/span><span style=\"font-weight: 400;\"><br><\/span><span style=\"font-weight: 400;\">aktuelle Auftr\u00e4ge, Freizeit, Kapazit\u00e4t<\/span><\/li>\n<li style=\"font-weight: 400;\" aria-level=\"1\"><span style=\"font-weight: 400;\">Weisen Sie Mitarbeitern Projekte zu<\/span><span style=\"font-weight: 400;\"><br><\/span><span style=\"font-weight: 400;\">\u00fcber eine Zeitleiste, nicht nur nach Namen<\/span><\/li>\n<li style=\"font-weight: 400;\" aria-level=\"1\"><span style=\"font-weight: 400;\">Machbarkeit pr\u00fcfen<\/span><span style=\"font-weight: 400;\"><br><\/span><span style=\"font-weight: 400;\">\u00dcberlastung, L\u00fccken oder Konflikte identifizieren<\/span><\/li>\n<li style=\"font-weight: 400;\" aria-level=\"1\"><span style=\"font-weight: 400;\">Passen Sie  an.<\/span><span style=\"font-weight: 400;\"><br><\/span><span style=\"font-weight: 400;\">Umzugstermine, Neuverteilung der Arbeit oder Eskalation des Personalbedarfs<\/span><\/li>\n<\/ol>\n<p><span style=\"font-weight: 400;\">Die Zuteilung wird h\u00e4ufig \u00fcberpr\u00fcft, wenn sich Projekte und Priorit\u00e4ten \u00e4ndern.<\/span><\/p>\n<h2><b>Ressourcenzuweisung vs. Kapazit\u00e4tsplanung  <\/b><\/h2>\n<p><span style=\"font-weight: 400;\">Diese Konzepte sind eng miteinander verbunden, dienen aber unterschiedlichen Zwecken:<\/span><\/p>\n<ul>\n<li style=\"font-weight: 400;\" aria-level=\"1\"><span style=\"font-weight: 400;\">Bei der Ressourcenzuweisung werden bestimmte Personen f\u00fcr bestimmte Aufgaben eingesetzt.<\/span><\/li>\n<li style=\"font-weight: 400;\" aria-level=\"1\"><span style=\"font-weight: 400;\">Bei der Kapazit\u00e4tsplanung wird gepr\u00fcft, ob die insgesamt verf\u00fcgbaren Stunden und F\u00e4higkeiten die geplante Nachfrage decken k\u00f6nnen.<\/span><\/li>\n<\/ul>\n<p><span style=\"font-weight: 400;\">In der Praxis:<\/span><\/p>\n<ul>\n<li style=\"font-weight: 400;\" aria-level=\"1\"><span style=\"font-weight: 400;\">Kapazit\u00e4tsplanung pr\u00fcft Machbarkeit<\/span><\/li>\n<li style=\"font-weight: 400;\" aria-level=\"1\"><span style=\"font-weight: 400;\">Ressourcenzuweisung verwandelt Pl\u00e4ne in Zeitpl\u00e4ne<\/span><\/li>\n<\/ul>\n<p><span style=\"font-weight: 400;\">Die Teams wechseln in der Regel zwischen den beiden Varianten hin und her.<\/span><\/p>\n<h2><b>Wer verwaltet die Ressourcenzuweisung  <\/b><\/h2>\n<p><span style=\"font-weight: 400;\">Bei professionellen Dienstleistungen erfolgt die Zuteilung in der Regel durch:<\/span><\/p>\n<ul>\n<li style=\"font-weight: 400;\" aria-level=\"1\"><span style=\"font-weight: 400;\">Ressourcenmanager oder Personalverantwortliche<\/span><\/li>\n<li style=\"font-weight: 400;\" aria-level=\"1\"><span style=\"font-weight: 400;\">Liefer- oder Betriebsteams<\/span><\/li>\n<li style=\"font-weight: 400;\" aria-level=\"1\"><span style=\"font-weight: 400;\">Projektmanager, die gemeinsam genutzte Spezialisten koordinieren<\/span><\/li>\n<li style=\"font-weight: 400;\" aria-level=\"1\"><span style=\"font-weight: 400;\">Teamleiter in kleineren Organisationen<\/span><\/li>\n<\/ul>\n<p><span style=\"font-weight: 400;\">Wenn Teams gr\u00f6\u00dfer werden, wird die Zuweisung oft zu einer speziellen Rolle oder Funktion.<\/span><\/p>\n<h2><b>H\u00e4ufige Probleme, die es l\u00f6st  <\/b><\/h2>\n<p><span style=\"font-weight: 400;\">Die Ressourcenzuweisung hilft dabei:<\/span><\/p>\n<ul>\n<li style=\"font-weight: 400;\" aria-level=\"1\"><span style=\"font-weight: 400;\">Doppelbelegung von Beratern<\/span><\/li>\n<li style=\"font-weight: 400;\" aria-level=\"1\"><span style=\"font-weight: 400;\">\u00dcberm\u00e4\u00dfiges Vertrauen in einige wenige erfahrene Personen<\/span><\/li>\n<li style=\"font-weight: 400;\" aria-level=\"1\"><span style=\"font-weight: 400;\">Verpasste Lieferfristen<\/span><\/li>\n<li style=\"font-weight: 400;\" aria-level=\"1\"><span style=\"font-weight: 400;\">Schlechte Sichtbarkeit der Nutzung<\/span><\/li>\n<li style=\"font-weight: 400;\" aria-level=\"1\"><span style=\"font-weight: 400;\">Reaktive Personalbesetzung und \u00c4nderungen in letzter Minute<\/span><\/li>\n<\/ul>\n<p><span style=\"font-weight: 400;\">Es macht Kompromisse sichtbar, anstatt sie zu implizieren.<\/span><\/p>\n<h2><b>Wenn die Ressourcenzuweisung schwierig wird  <\/b><\/h2>\n<p><span style=\"font-weight: 400;\">Die Komplexit\u00e4t der Zuweisung nimmt zu, wenn:<\/span><\/p>\n<ul>\n<li style=\"font-weight: 400;\" aria-level=\"1\"><span style=\"font-weight: 400;\">Teams arbeiten an mehreren Kundenprojekten gleichzeitig<\/span><\/li>\n<li style=\"font-weight: 400;\" aria-level=\"1\"><span style=\"font-weight: 400;\">F\u00e4higkeiten sind ungleichm\u00e4\u00dfig verteilt<\/span><\/li>\n<li style=\"font-weight: 400;\" aria-level=\"1\"><span style=\"font-weight: 400;\">Verkaufsverpflichtungen \u00e4ndern sich h\u00e4ufig<\/span><\/li>\n<li style=\"font-weight: 400;\" aria-level=\"1\"><span style=\"font-weight: 400;\">Die Planung erfolgt weit im Voraus<\/span><\/li>\n<li style=\"font-weight: 400;\" aria-level=\"1\"><span style=\"font-weight: 400;\">Tabellenkalkulationen k\u00f6nnen mit dem Wandel nicht mehr Schritt halten<\/span><\/li>\n<\/ul>\n<p><span style=\"font-weight: 400;\">An diesem Punkt erfordert die Zuweisung spezielle Prozesse und Tools.<\/span><\/p>\n<h2><b>H\u00e4ufig gestellte Fragen <\/b><\/h2>\n<h3><b>Ist die Ressourcenzuweisung dasselbe wie die Zeitplanung?  <\/b><\/h3>\n<p><span style=\"font-weight: 400;\">Nicht ganz. Bei der Planung geht es um Termine und Fristen, w\u00e4hrend es bei der Ressourcenzuweisung darum geht, Mitarbeiter, F\u00e4higkeiten und Verf\u00fcgbarkeit auf diesen Zeitplan abzustimmen. <\/span><\/p>\n<h3><b>Ist Ressourcenzuweisung dasselbe wie Auslastungsmanagement?  <\/b><\/h3>\n<p><span style=\"font-weight: 400;\">Nein. Die Auslastung misst, wie viel von der Zeit einer Person abrechenbar ist. Die Ressourcenzuweisung bestimmt, wo die Zeit zugewiesen wird, bevor die Arbeit beginnt. <\/span><\/p>\n<h3><b>Wie weit im Voraus sollten die Teams Ressourcen zuweisen?  <\/b><\/h3>\n<p><span style=\"font-weight: 400;\">Die meisten Teams f\u00fcr professionelle Dienstleistungen teilen sich auf:<\/span><\/p>\n<ul>\n<li style=\"font-weight: 400;\" aria-level=\"1\"><span style=\"font-weight: 400;\">Kurzfristig: w\u00f6chentlich zur Lieferung<\/span><\/li>\n<li style=\"font-weight: 400;\" aria-level=\"1\"><span style=\"font-weight: 400;\">Mittelfristig: monatlich oder viertelj\u00e4hrlich f\u00fcr die Sichtbarkeit des Personals<\/span><\/li>\n<\/ul>\n<p><span style=\"font-weight: 400;\">Der richtige Zeithorizont h\u00e4ngt von der Projektl\u00e4nge und der H\u00e4ufigkeit der \u00c4nderungen ab.<\/span><\/p>\n<h2><b>Quellen  <\/b><\/h2>\n<p><span style=\"font-weight: 400;\">PMI-Bibliothek: Konzepte f\u00fcr die Zuweisung von Projektressourcen und die Terminplanung<\/span><span style=\"font-weight: 400;\"><br><\/span><a href=\"https:\/\/www.pmi.org\/learning\/library\/resource-leveling-scheduling-projects-6007\" target=\"_blank\" rel=\"noopener\"><span style=\"font-weight: 400;\">https:\/\/www.pmi.org\/learning\/library\/resource-leveling-scheduling-projects-6007<\/span><\/a><\/p>\n<p><span style=\"font-weight: 400;\">Atlassian: Ressourcenmanagement in Projektteams<\/span><span style=\"font-weight: 400;\"><br><\/span><a href=\"https:\/\/www.atlassian.com\/work-management\/project-management\/resource-management\" target=\"_blank\" rel=\"noopener\"><span style=\"font-weight: 400;\">https:\/\/www.atlassian.com\/work-management\/project-management\/resource-management<\/span><\/a><\/p>\n<p><span style=\"font-weight: 400;\">Harvard Business Review: Management der Kapazit\u00e4t professioneller Dienstleistungen<\/span><span style=\"font-weight: 400;\"><br><\/span><span style=\"font-weight: 400;\">https:\/\/hbr.org\/2018\/06\/managing-professional-services-firms<\/span><\/p>\n<p><span style=\"font-weight: 400;\">Planta-Glossar: Ressourcenverteilung erkl\u00e4rt<\/span><span style=\"font-weight: 400;\"><br><\/span><span style=\"font-weight: 400;\">https:\/\/plantapp.io\/glossary\/resource-allocation\/<\/span><\/p>\t\t\t\t\t\t\t\t<\/div>\n\t\t\t\t\t<\/div>\n\t\t\t\t<\/div>\n\t\t\t\t<\/div>\n\t\t","protected":false},"excerpt":{"rendered":"<p>Was bedeutet Ressourcenzuweisung bei professionellen Dienstleistungen? TL;DR Die Ressourcenzuteilung bei professionellen Dienstleistungen ist der Prozess der Zuweisung von Mitarbeitern f\u00fcr die Arbeit beim Kunden auf der Grundlage von Verf\u00fcgbarkeit, F\u00e4higkeiten und Projektzeitpl\u00e4nen. Es stellt sicher, dass die abrechenbare Arbeit realistisch besetzt wird, ohne die Schl\u00fcsselrollen zu \u00fcberlasten. Eine effektive Zuteilung sorgt f\u00fcr ein Gleichgewicht zwischen [&hellip;]<\/p>\n","protected":false},"author":12,"featured_media":0,"parent":0,"menu_order":0,"comment_status":"closed","ping_status":"closed","template":"","meta":{"footnotes":""},"class_list":["post-37429","page","type-page","status-publish","hentry"],"_links":{"self":[{"href":"https:\/\/teambookapp.com\/de\/wp-json\/wp\/v2\/pages\/37429","targetHints":{"allow":["GET"]}}],"collection":[{"href":"https:\/\/teambookapp.com\/de\/wp-json\/wp\/v2\/pages"}],"about":[{"href":"https:\/\/teambookapp.com\/de\/wp-json\/wp\/v2\/types\/page"}],"author":[{"embeddable":true,"href":"https:\/\/teambookapp.com\/de\/wp-json\/wp\/v2\/users\/12"}],"replies":[{"embeddable":true,"href":"https:\/\/teambookapp.com\/de\/wp-json\/wp\/v2\/comments?post=37429"}],"version-history":[{"count":1,"href":"https:\/\/teambookapp.com\/de\/wp-json\/wp\/v2\/pages\/37429\/revisions"}],"predecessor-version":[{"id":37431,"href":"https:\/\/teambookapp.com\/de\/wp-json\/wp\/v2\/pages\/37429\/revisions\/37431"}],"wp:attachment":[{"href":"https:\/\/teambookapp.com\/de\/wp-json\/wp\/v2\/media?parent=37429"}],"curies":[{"name":"wp","href":"https:\/\/api.w.org\/{rel}","templated":true}]}}