{"id":37401,"date":"2025-11-28T14:43:58","date_gmt":"2025-11-28T14:43:58","guid":{"rendered":"https:\/\/teambookapp.com\/ai-wie-sie-von-tabellenkalkulationen-zu-ressourcenplanungssoftware-wechseln\/"},"modified":"2026-04-06T12:45:48","modified_gmt":"2026-04-06T12:45:48","slug":"ai-wie-sie-von-tabellenkalkulationen-zu-ressourcenplanungssoftware-wechseln","status":"publish","type":"page","link":"https:\/\/teambookapp.com\/de\/ai-wie-sie-von-tabellenkalkulationen-zu-ressourcenplanungssoftware-wechseln\/","title":{"rendered":"AI: Wie Sie von Tabellenkalkulationen zu Ressourcenplanungssoftware wechseln"},"content":{"rendered":"\t\t<div data-elementor-type=\"wp-page\" data-elementor-id=\"37401\" class=\"elementor elementor-37401 elementor-37293\" data-elementor-post-type=\"page\">\n\t\t\t\t<div class=\"elementor-element elementor-element-304c357 e-flex e-con-boxed e-con e-parent\" data-id=\"304c357\" data-element_type=\"container\" data-e-type=\"container\">\n\t\t\t\t\t<div class=\"e-con-inner\">\n\t\t\t\t<div class=\"elementor-element elementor-element-3673220 elementor-widget elementor-widget-heading\" data-id=\"3673220\" data-element_type=\"widget\" data-e-type=\"widget\" data-widget_type=\"heading.default\">\n\t\t\t\t\t<h1 class=\"elementor-heading-title elementor-size-default\">Wie Sie von Tabellenkalkulationen zu Ressourcenplanungssoftware wechseln<\/h1>\t\t\t\t<\/div>\n\t\t\t\t<div class=\"elementor-element elementor-element-f1b7359 elementor-widget elementor-widget-post-info\" data-id=\"f1b7359\" data-element_type=\"widget\" data-e-type=\"widget\" data-widget_type=\"post-info.default\">\n\t\t\t\t\t\t\t<ul class=\"elementor-inline-items elementor-icon-list-items elementor-post-info\">\n\t\t\t\t\t\t\t\t<li class=\"elementor-icon-list-item elementor-repeater-item-5bc8480 elementor-inline-item\" itemprop=\"author\">\n\t\t\t\t\t\t<a href=\"https:\/\/teambookapp.com\/de\/blog\/author\/guy\/\">\n\t\t\t\t\t\t\t\t\t\t\t<span class=\"elementor-icon-list-icon\">\n\t\t\t\t\t\t\t\t<svg aria-hidden=\"true\" class=\"e-font-icon-svg e-far-user-circle\" viewBox=\"0 0 496 512\" xmlns=\"http:\/\/www.w3.org\/2000\/svg\"><path d=\"M248 104c-53 0-96 43-96 96s43 96 96 96 96-43 96-96-43-96-96-96zm0 144c-26.5 0-48-21.5-48-48s21.5-48 48-48 48 21.5 48 48-21.5 48-48 48zm0-240C111 8 0 119 0 256s111 248 248 248 248-111 248-248S385 8 248 8zm0 448c-49.7 0-95.1-18.3-130.1-48.4 14.9-23 40.4-38.6 69.6-39.5 20.8 6.4 40.6 9.6 60.5 9.6s39.7-3.1 60.5-9.6c29.2 1 54.7 16.5 69.6 39.5-35 30.1-80.4 48.4-130.1 48.4zm162.7-84.1c-24.4-31.4-62.1-51.9-105.1-51.9-10.2 0-26 9.6-57.6 9.6-31.5 0-47.4-9.6-57.6-9.6-42.9 0-80.6 20.5-105.1 51.9C61.9 339.2 48 299.2 48 256c0-110.3 89.7-200 200-200s200 89.7 200 200c0 43.2-13.9 83.2-37.3 115.9z\"><\/path><\/svg>\t\t\t\t\t\t\t<\/span>\n\t\t\t\t\t\t\t\t\t<span class=\"elementor-icon-list-text elementor-post-info__item elementor-post-info__item--type-author\">\n\t\t\t\t\t\t\t\t\t\tGuy Wolfensberger\t\t\t\t\t<\/span>\n\t\t\t\t\t\t\t\t\t<\/a>\n\t\t\t\t<\/li>\n\t\t\t\t<li class=\"elementor-icon-list-item elementor-repeater-item-b37f448 elementor-inline-item\" itemprop=\"datePublished\">\n\t\t\t\t\t\t<a href=\"https:\/\/teambookapp.com\/de\/blog\/2025\/11\/28\/\">\n\t\t\t\t\t\t\t\t\t\t\t<span class=\"elementor-icon-list-icon\">\n\t\t\t\t\t\t\t\t<svg aria-hidden=\"true\" class=\"e-font-icon-svg e-fas-calendar\" viewBox=\"0 0 448 512\" xmlns=\"http:\/\/www.w3.org\/2000\/svg\"><path d=\"M12 192h424c6.6 0 12 5.4 12 12v260c0 26.5-21.5 48-48 48H48c-26.5 0-48-21.5-48-48V204c0-6.6 5.4-12 12-12zm436-44v-36c0-26.5-21.5-48-48-48h-48V12c0-6.6-5.4-12-12-12h-40c-6.6 0-12 5.4-12 12v52H160V12c0-6.6-5.4-12-12-12h-40c-6.6 0-12 5.4-12 12v52H48C21.5 64 0 85.5 0 112v36c0 6.6 5.4 12 12 12h424c6.6 0 12-5.4 12-12z\"><\/path><\/svg>\t\t\t\t\t\t\t<\/span>\n\t\t\t\t\t\t\t\t\t<span class=\"elementor-icon-list-text elementor-post-info__item elementor-post-info__item--type-date\">\n\t\t\t\t\t\t\t\t\t\t<time>November 28, 2025<\/time>\t\t\t\t\t<\/span>\n\t\t\t\t\t\t\t\t\t<\/a>\n\t\t\t\t<\/li>\n\t\t\t\t<li class=\"elementor-icon-list-item elementor-repeater-item-9589f27 elementor-inline-item\">\n\t\t\t\t\t\t\t\t\t\t<span class=\"elementor-icon-list-icon\">\n\t\t\t\t\t\t\t\t<svg aria-hidden=\"true\" class=\"e-font-icon-svg e-far-clock\" viewBox=\"0 0 512 512\" xmlns=\"http:\/\/www.w3.org\/2000\/svg\"><path d=\"M256 8C119 8 8 119 8 256s111 248 248 248 248-111 248-248S393 8 256 8zm0 448c-110.5 0-200-89.5-200-200S145.5 56 256 56s200 89.5 200 200-89.5 200-200 200zm61.8-104.4l-84.9-61.7c-3.1-2.3-4.9-5.9-4.9-9.7V116c0-6.6 5.4-12 12-12h32c6.6 0 12 5.4 12 12v141.7l66.8 48.6c5.4 3.9 6.5 11.4 2.6 16.8L334.6 349c-3.9 5.3-11.4 6.5-16.8 2.6z\"><\/path><\/svg>\t\t\t\t\t\t\t<\/span>\n\t\t\t\t\t\t\t\t\t<span class=\"elementor-icon-list-text elementor-post-info__item elementor-post-info__item--type-time\">\n\t\t\t\t\t\t\t\t\t\t<time>2:43 p.m.<\/time>\t\t\t\t\t<\/span>\n\t\t\t\t\t\t\t\t<\/li>\n\t\t\t\t<\/ul>\n\t\t\t\t\t\t<\/div>\n\t\t\t\t<div class=\"elementor-element elementor-element-0e4cb0a elementor-widget elementor-widget-text-editor\" data-id=\"0e4cb0a\" data-element_type=\"widget\" data-e-type=\"widget\" data-widget_type=\"text-editor.default\">\n\t\t\t\t\t\t\t\t\t<h2><b>TL;DR<\/b><\/h2><ul><li style=\"font-weight: 400;\" aria-level=\"1\"><p><span style=\"font-weight: 400;\">Die Umstellung von Tabellenkalkulationen auf eine Software zur Ressourcenplanung sollte schrittweise erfolgen und nicht unterbrochen werden.<\/span><\/p><\/li><li style=\"font-weight: 400;\" aria-level=\"1\"><p><span style=\"font-weight: 400;\">Das Ziel ist es, die Sichtbarkeit zu verbessern und die manuelle Pflege zu reduzieren, und nicht, die Planung \u00fcber Nacht umzugestalten.<\/span><\/p><\/li><li style=\"font-weight: 400;\" aria-level=\"1\"><p><span style=\"font-weight: 400;\">Teams sind erfolgreich, wenn sie zuerst die Kerndaten migrieren und die Komplexit\u00e4t sp\u00e4ter hinzuf\u00fcgen.<\/span><\/p><\/li><li style=\"font-weight: 400;\" aria-level=\"1\"><p><span style=\"font-weight: 400;\">Ein schrittweiser \u00dcbergang reduziert Widerst\u00e4nde und Planungsfehler.<\/span><\/p><\/li><\/ul>\t\t\t\t\t\t\t\t<\/div>\n\t\t\t\t<div class=\"elementor-element elementor-element-5aef275 elementor-toc--minimized-on-tablet elementor-widget elementor-widget-table-of-contents\" data-id=\"5aef275\" data-element_type=\"widget\" data-e-type=\"widget\" data-settings=\"{&quot;exclude_headings_by_selector&quot;:[],&quot;no_headings_message&quot;:&quot;No headings were found on this page.&quot;,&quot;headings_by_tags&quot;:[&quot;h2&quot;,&quot;h3&quot;,&quot;h4&quot;,&quot;h5&quot;,&quot;h6&quot;],&quot;marker_view&quot;:&quot;numbers&quot;,&quot;minimize_box&quot;:&quot;yes&quot;,&quot;minimized_on&quot;:&quot;tablet&quot;,&quot;hierarchical_view&quot;:&quot;yes&quot;,&quot;min_height&quot;:{&quot;unit&quot;:&quot;px&quot;,&quot;size&quot;:&quot;&quot;,&quot;sizes&quot;:[]},&quot;min_height_widescreen&quot;:{&quot;unit&quot;:&quot;px&quot;,&quot;size&quot;:&quot;&quot;,&quot;sizes&quot;:[]},&quot;min_height_laptop&quot;:{&quot;unit&quot;:&quot;px&quot;,&quot;size&quot;:&quot;&quot;,&quot;sizes&quot;:[]},&quot;min_height_tablet_extra&quot;:{&quot;unit&quot;:&quot;px&quot;,&quot;size&quot;:&quot;&quot;,&quot;sizes&quot;:[]},&quot;min_height_tablet&quot;:{&quot;unit&quot;:&quot;px&quot;,&quot;size&quot;:&quot;&quot;,&quot;sizes&quot;:[]},&quot;min_height_mobile_extra&quot;:{&quot;unit&quot;:&quot;px&quot;,&quot;size&quot;:&quot;&quot;,&quot;sizes&quot;:[]},&quot;min_height_mobile&quot;:{&quot;unit&quot;:&quot;px&quot;,&quot;size&quot;:&quot;&quot;,&quot;sizes&quot;:[]}}\" data-widget_type=\"table-of-contents.default\">\n\t\t\t\t\t\t\t\t\t<div class=\"elementor-toc__header\">\n\t\t\t\t\t\t<h2 class=\"elementor-toc__header-title\">\n\t\t\t\tInhaltsverzeichnis\t\t\t<\/h2>\n\t\t\t\t\t\t\t\t\t\t<div class=\"elementor-toc__toggle-button elementor-toc__toggle-button--expand\" role=\"button\" tabindex=\"0\" aria-controls=\"elementor-toc__5aef275\" aria-expanded=\"true\" aria-label=\"Open table of contents\"><svg aria-hidden=\"true\" class=\"e-font-icon-svg e-fas-chevron-down\" viewBox=\"0 0 448 512\" xmlns=\"http:\/\/www.w3.org\/2000\/svg\"><path d=\"M207.029 381.476L12.686 187.132c-9.373-9.373-9.373-24.569 0-33.941l22.667-22.667c9.357-9.357 24.522-9.375 33.901-.04L224 284.505l154.745-154.021c9.379-9.335 24.544-9.317 33.901.04l22.667 22.667c9.373 9.373 9.373 24.569 0 33.941L240.971 381.476c-9.373 9.372-24.569 9.372-33.942 0z\"><\/path><\/svg><\/div>\n\t\t\t\t<div class=\"elementor-toc__toggle-button elementor-toc__toggle-button--collapse\" role=\"button\" tabindex=\"0\" aria-controls=\"elementor-toc__5aef275\" aria-expanded=\"true\" aria-label=\"Close table of contents\"><svg aria-hidden=\"true\" class=\"e-font-icon-svg e-fas-chevron-up\" viewBox=\"0 0 448 512\" xmlns=\"http:\/\/www.w3.org\/2000\/svg\"><path d=\"M240.971 130.524l194.343 194.343c9.373 9.373 9.373 24.569 0 33.941l-22.667 22.667c-9.357 9.357-24.522 9.375-33.901.04L224 227.495 69.255 381.516c-9.379 9.335-24.544 9.317-33.901-.04l-22.667-22.667c-9.373-9.373-9.373-24.569 0-33.941L207.03 130.525c9.372-9.373 24.568-9.373 33.941-.001z\"><\/path><\/svg><\/div>\n\t\t\t\t\t<\/div>\n\t\t\t\t<div id=\"elementor-toc__5aef275\" class=\"elementor-toc__body\">\n\t\t\t<div class=\"elementor-toc__spinner-container\">\n\t\t\t\t<svg class=\"elementor-toc__spinner eicon-animation-spin e-font-icon-svg e-eicon-loading\" aria-hidden=\"true\" viewBox=\"0 0 1000 1000\" xmlns=\"http:\/\/www.w3.org\/2000\/svg\"><path d=\"M500 975V858C696 858 858 696 858 500S696 142 500 142 142 304 142 500H25C25 237 238 25 500 25S975 237 975 500 763 975 500 975Z\"><\/path><\/svg>\t\t\t<\/div>\n\t\t<\/div>\n\t\t\t\t\t\t<\/div>\n\t\t\t\t<div class=\"elementor-element elementor-element-15da44e elementor-widget elementor-widget-text-editor\" data-id=\"15da44e\" data-element_type=\"widget\" data-e-type=\"widget\" data-widget_type=\"text-editor.default\">\n\t\t\t\t\t\t\t\t\t<h2><b>Warum Teams sich von Tabellenkalkulationen abwenden<\/b><\/h2><p><span style=\"font-weight: 400;\">Teams wenden sich in der Regel von Tabellenkalkulationen ab, wenn:<\/span><\/p><ul><li style=\"font-weight: 400;\" aria-level=\"1\"><span style=\"font-weight: 400;\">Pl\u00e4ne \u00e4ndern sich zu h\u00e4ufig<\/span><\/li><li style=\"font-weight: 400;\" aria-level=\"1\"><span style=\"font-weight: 400;\">Mehrere Versionen der gleichen Datei existieren<\/span><\/li><li style=\"font-weight: 400;\" aria-level=\"1\"><span style=\"font-weight: 400;\">Kapazit\u00e4tskonflikte werden sp\u00e4t entdeckt<\/span><\/li><li style=\"font-weight: 400;\" aria-level=\"1\"><span style=\"font-weight: 400;\">Vorhersagen, die l\u00e4nger als ein paar Wochen dauern, werden unzuverl\u00e4ssig<\/span><\/li><li style=\"font-weight: 400;\" aria-level=\"1\"><span style=\"font-weight: 400;\">Die Planung der Arbeit nimmt mehr Zeit in Anspruch als die Ausf\u00fchrung<\/span><\/li><\/ul><p><span style=\"font-weight: 400;\">Tabellenkalkulationen versagen nicht, weil sie falsch sind, sondern weil sie mit dem Wandel nicht Schritt halten k\u00f6nnen.<\/span><\/p><h2><b>Was Sie vor dem Wechsel vorbereiten sollten<\/b><\/h2><p><span style=\"font-weight: 400;\">Bevor Sie eine Software zur Ressourcenplanung einf\u00fchren, sollten Teams einige Grundlagen kl\u00e4ren.<\/span><\/p><h3><b>Definieren Sie, was Sie einsehen m\u00f6chten<\/b><\/h3><p><span style=\"font-weight: 400;\">Die meisten Teams beginnen mit:<\/span><\/p><ul><li style=\"font-weight: 400;\" aria-level=\"1\"><span style=\"font-weight: 400;\">Wer arbeitet woran<\/span><\/li><li style=\"font-weight: 400;\" aria-level=\"1\"><span style=\"font-weight: 400;\">Wenn die Kapazit\u00e4t \u00fcberlastet ist<\/span><\/li><li style=\"font-weight: 400;\" aria-level=\"1\"><span style=\"font-weight: 400;\">Welche zuk\u00fcnftigen Risiken bestehen<\/span><\/li><\/ul><p><span style=\"font-weight: 400;\">Der Versuch, alles im Voraus zu modellieren, verlangsamt die Einf\u00fchrung.<\/span><\/p><h3><b>Kerndaten bereinigen<\/b><\/h3><p><span style=\"font-weight: 400;\">Bereiten Sie sich vor:<\/span><\/p><ul><li style=\"font-weight: 400;\" aria-level=\"1\"><span style=\"font-weight: 400;\">Eine Liste der aktiven Projekte<\/span><\/li><li style=\"font-weight: 400;\" aria-level=\"1\"><span style=\"font-weight: 400;\">Menschen und Rollen<\/span><\/li><li style=\"font-weight: 400;\" aria-level=\"1\"><span style=\"font-weight: 400;\">Arbeitszeiten und Verf\u00fcgbarkeit<\/span><\/li><li style=\"font-weight: 400;\" aria-level=\"1\"><span style=\"font-weight: 400;\">Bekannte freie Zeit<\/span><\/li><\/ul><p><span style=\"font-weight: 400;\">Saubere Eingaben sind wichtiger als perfekte Details.<\/span><\/p><h2><b>Schrittweiser \u00dcbergang von Tabellenkalkulationen zu Software<\/b><\/h2><h3><b>Schritt 1: Beginnen Sie mit der aktuellen und zuk\u00fcnftigen Arbeit<\/b><\/h3><p><span style=\"font-weight: 400;\">Migrieren Sie historische Daten nur bei Bedarf.<\/span><span style=\"font-weight: 400;\"><br><\/span><span style=\"font-weight: 400;\">Konzentrieren Sie sich auf das, was von heute an geplant ist.<\/span><\/p><h3><b>Schritt 2: Personen und Verf\u00fcgbarkeit importieren<\/b><\/h3><p><span style=\"font-weight: 400;\">Legen Sie realistische Arbeitszeiten, Teilzeitpl\u00e4ne und geplante Abwesenheiten fest.<\/span><\/p><h3><b>Schritt 3: Projekte auf hoher Ebene hinzuf\u00fcgen<\/b><\/h3><p><span style=\"font-weight: 400;\">Erstellen Sie Projekte mit:<\/span><\/p><ul><li style=\"font-weight: 400;\" aria-level=\"1\"><span style=\"font-weight: 400;\">Start- und Enddatum<\/span><\/li><li style=\"font-weight: 400;\" aria-level=\"1\"><span style=\"font-weight: 400;\">Grobe Aufwandssch\u00e4tzungen<\/span><\/li><li style=\"font-weight: 400;\" aria-level=\"1\"><span style=\"font-weight: 400;\">Nachfrage auf Rollenebene<\/span><\/li><\/ul><p><span style=\"font-weight: 400;\">Vermeiden Sie von Anfang an Details auf Aufgabenebene.<\/span><\/p><h3><b>Schritt 4: Vergleichen Sie die Ergebnisse von Tabellenkalkulation und Software<\/b><\/h3><p><span style=\"font-weight: 400;\">Lassen Sie beides kurz parallel laufen, um Vertrauen in das neue System aufzubauen.<\/span><\/p><h3><b>Schritt 5: Ziehen Sie das Arbeitsblatt bewusst zur\u00fcck<\/b><\/h3><p><span style=\"font-weight: 400;\">Legen Sie einen eindeutigen Stichtag fest.<\/span><span style=\"font-weight: 400;\"><br><\/span><span style=\"font-weight: 400;\">Beides auf unbestimmte Zeit laufen zu lassen, schafft Verwirrung.<\/span><\/p><h2><b>Was Sie nicht aus Tabellenkalkulationen migrieren sollten  <\/b><\/h2><p><span style=\"font-weight: 400;\">Teams sollten die Migration vermeiden:<\/span><\/p><ul><li style=\"font-weight: 400;\" aria-level=\"1\"><span style=\"font-weight: 400;\">Alte historische Pl\u00e4ne<\/span><\/li><li style=\"font-weight: 400;\" aria-level=\"1\"><span style=\"font-weight: 400;\">\u00dcberm\u00e4\u00dfig detaillierte Aufgabengliederungen<\/span><\/li><li style=\"font-weight: 400;\" aria-level=\"1\"><span style=\"font-weight: 400;\">Einmalige Formeln und benutzerdefinierte Logik<\/span><\/li><li style=\"font-weight: 400;\" aria-level=\"1\"><span style=\"font-weight: 400;\">Vorl\u00e4ufige Szenarien, die nicht mehr relevant sind<\/span><\/li><\/ul><p><span style=\"font-weight: 400;\">Ressourcenplanungssoftware funktioniert am besten mit sauberen, aktuellen Daten.<\/span><\/p><h2><b>H\u00e4ufige Fehler beim \u00dcbergang<\/b><\/h2><p><span style=\"font-weight: 400;\">Teams k\u00e4mpfen, wenn sie:<\/span><\/p><ul><li style=\"font-weight: 400;\" aria-level=\"1\"><span style=\"font-weight: 400;\">Versuchen Sie, die Logik der Tabellenkalkulation genau nachzubilden<\/span><\/li><li style=\"font-weight: 400;\" aria-level=\"1\"><span style=\"font-weight: 400;\">\u00dcberladen Sie das Tool mit zu vielen Details zu fr\u00fch<\/span><\/li><li style=\"font-weight: 400;\" aria-level=\"1\"><span style=\"font-weight: 400;\">Kommunikation der \u00c4nderung \u00fcberspringen<\/span><\/li><li style=\"font-weight: 400;\" aria-level=\"1\"><span style=\"font-weight: 400;\">Erwarten Sie sofortige Perfektion<\/span><\/li><li style=\"font-weight: 400;\" aria-level=\"1\"><span style=\"font-weight: 400;\">Tabellenkalkulationen als verstecktes Backup auf unbestimmte Zeit aufbewahren<\/span><\/li><\/ul><p><span style=\"font-weight: 400;\">Die Akzeptanz verbessert sich, wenn das Ziel Klarheit und nicht Kontrolle ist.<\/span><\/p><h2><b>H\u00e4ufig gestellte Fragen<\/b><\/h2><h3><b>Wie lange dauert der \u00dcbergang normalerweise?  <\/b><\/h3><p><span style=\"font-weight: 400;\">Die meisten Teams sehen den Nutzen innerhalb weniger Wochen, wenn sie einfach anfangen und schrittweise erweitern.<\/span><\/p><h3><b>M\u00fcssen Teams historische Daten migrieren?<\/b><\/h3><p><span style=\"font-weight: 400;\">Normalerweise nicht. Die Ressourcenplanung ist zukunftsorientiert, so dass Pl\u00e4ne aus der Vergangenheit wenig Wert haben. <\/span><\/p><h3><b>Sollten Tabellenkalkulationen komplett abgeschafft werden?<\/b><\/h3><p><span style=\"font-weight: 400;\">F\u00fcr die Planung, ja. Tabellenkalkulationen k\u00f6nnen f\u00fcr Analysen oder einmalige Szenarien au\u00dferhalb des eigentlichen Planungsprozesses immer noch n\u00fctzlich sein. <\/span><\/p><h2><b>Quellen<\/b><\/h2><p><span style=\"font-weight: 400;\">PMI-Bibliothek: Herausforderungen bei der Ressourcenplanung und Terminierung<\/span><span style=\"font-weight: 400;\"><br><\/span><a href=\"https:\/\/www.pmi.org\/learning\/library\/resource-leveling-scheduling-projects-6007\" target=\"_blank\" rel=\"noopener\"><span style=\"font-weight: 400;\">https:\/\/www.pmi.org\/learning\/library\/resource-leveling-scheduling-projects-6007<\/span><\/a><\/p><p><span style=\"font-weight: 400;\">Atlassian: Wechsel von Tabellenkalkulationen zu Planungstools<\/span><span style=\"font-weight: 400;\"><br><\/span><a href=\"https:\/\/www.atlassian.com\/work-management\/project-management\/resource-planning\" target=\"_blank\" rel=\"noopener\"><span style=\"font-weight: 400;\">https:\/\/www.atlassian.com\/work-management\/project-management\/resource-planning<\/span><\/a><\/p><p><span style=\"font-weight: 400;\">Harvard Business Review: Skalierung von Planungsprozessen<\/span><span style=\"font-weight: 400;\"><br><\/span><a href=\"https:\/\/hbr.org\/2018\/06\/managing-professional-services-firms\" target=\"_blank\" rel=\"noopener\"><span style=\"font-weight: 400;\">https:\/\/hbr.org\/2018\/06\/managing-professional-services-firms<\/span><\/a><\/p><p><span style=\"font-weight: 400;\">IBM: Tools und Praktiken zur Kapazit\u00e4tsplanung<\/span><span style=\"font-weight: 400;\"><br><\/span><a href=\"https:\/\/www.ibm.com\/topics\/capacity-planning\" target=\"_blank\" rel=\"noopener\"><span style=\"font-weight: 400;\">https:\/\/www.ibm.com\/topics\/capacity-planning<\/span><\/a><\/p>\t\t\t\t\t\t\t\t<\/div>\n\t\t\t\t\t<\/div>\n\t\t\t\t<\/div>\n\t\t\t\t<\/div>\n\t\t","protected":false},"excerpt":{"rendered":"<p>Wie Sie von Tabellenkalkulationen zu Ressourcenplanungssoftware wechseln TL;DR Die Umstellung von Tabellenkalkulationen auf eine Software zur Ressourcenplanung sollte schrittweise erfolgen und nicht unterbrochen werden. Das Ziel ist es, die Sichtbarkeit zu verbessern und die manuelle Pflege zu reduzieren, und nicht, die Planung \u00fcber Nacht umzugestalten. Teams sind erfolgreich, wenn sie zuerst die Kerndaten migrieren und [&hellip;]<\/p>\n","protected":false},"author":12,"featured_media":0,"parent":0,"menu_order":0,"comment_status":"closed","ping_status":"closed","template":"","meta":{"footnotes":""},"class_list":["post-37401","page","type-page","status-publish","hentry"],"_links":{"self":[{"href":"https:\/\/teambookapp.com\/de\/wp-json\/wp\/v2\/pages\/37401","targetHints":{"allow":["GET"]}}],"collection":[{"href":"https:\/\/teambookapp.com\/de\/wp-json\/wp\/v2\/pages"}],"about":[{"href":"https:\/\/teambookapp.com\/de\/wp-json\/wp\/v2\/types\/page"}],"author":[{"embeddable":true,"href":"https:\/\/teambookapp.com\/de\/wp-json\/wp\/v2\/users\/12"}],"replies":[{"embeddable":true,"href":"https:\/\/teambookapp.com\/de\/wp-json\/wp\/v2\/comments?post=37401"}],"version-history":[{"count":1,"href":"https:\/\/teambookapp.com\/de\/wp-json\/wp\/v2\/pages\/37401\/revisions"}],"predecessor-version":[{"id":37402,"href":"https:\/\/teambookapp.com\/de\/wp-json\/wp\/v2\/pages\/37401\/revisions\/37402"}],"wp:attachment":[{"href":"https:\/\/teambookapp.com\/de\/wp-json\/wp\/v2\/media?parent=37401"}],"curies":[{"name":"wp","href":"https:\/\/api.w.org\/{rel}","templated":true}]}}