{"id":37397,"date":"2025-11-17T14:55:34","date_gmt":"2025-11-17T14:55:34","guid":{"rendered":"https:\/\/teambookapp.com\/ai-kapazitaetsplanung-fuer-remote-teams\/"},"modified":"2026-04-06T12:45:46","modified_gmt":"2026-04-06T12:45:46","slug":"ai-kapazitaetsplanung-fuer-remote-teams","status":"publish","type":"page","link":"https:\/\/teambookapp.com\/de\/ai-kapazitaetsplanung-fuer-remote-teams\/","title":{"rendered":"AI: Kapazit\u00e4tsplanung f\u00fcr Remote-Teams"},"content":{"rendered":"\t\t<div data-elementor-type=\"wp-page\" data-elementor-id=\"37397\" class=\"elementor elementor-37397 elementor-37308\" data-elementor-post-type=\"page\">\n\t\t\t\t<div class=\"elementor-element elementor-element-304c357 e-flex e-con-boxed e-con e-parent\" data-id=\"304c357\" data-element_type=\"container\" data-e-type=\"container\">\n\t\t\t\t\t<div class=\"e-con-inner\">\n\t\t\t\t<div class=\"elementor-element elementor-element-3673220 elementor-widget elementor-widget-heading\" data-id=\"3673220\" data-element_type=\"widget\" data-e-type=\"widget\" data-widget_type=\"heading.default\">\n\t\t\t\t\t<h1 class=\"elementor-heading-title elementor-size-default\">Kapazit\u00e4tsplanung f\u00fcr Remote-Teams - wie geht das?<\/h1>\t\t\t\t<\/div>\n\t\t\t\t<div class=\"elementor-element elementor-element-f1b7359 elementor-widget elementor-widget-post-info\" data-id=\"f1b7359\" data-element_type=\"widget\" data-e-type=\"widget\" data-widget_type=\"post-info.default\">\n\t\t\t\t\t\t\t<ul class=\"elementor-inline-items elementor-icon-list-items elementor-post-info\">\n\t\t\t\t\t\t\t\t<li class=\"elementor-icon-list-item elementor-repeater-item-5bc8480 elementor-inline-item\" itemprop=\"author\">\n\t\t\t\t\t\t<a href=\"https:\/\/teambookapp.com\/de\/blog\/author\/guy\/\">\n\t\t\t\t\t\t\t\t\t\t\t<span class=\"elementor-icon-list-icon\">\n\t\t\t\t\t\t\t\t<svg aria-hidden=\"true\" class=\"e-font-icon-svg e-far-user-circle\" viewBox=\"0 0 496 512\" xmlns=\"http:\/\/www.w3.org\/2000\/svg\"><path d=\"M248 104c-53 0-96 43-96 96s43 96 96 96 96-43 96-96-43-96-96-96zm0 144c-26.5 0-48-21.5-48-48s21.5-48 48-48 48 21.5 48 48-21.5 48-48 48zm0-240C111 8 0 119 0 256s111 248 248 248 248-111 248-248S385 8 248 8zm0 448c-49.7 0-95.1-18.3-130.1-48.4 14.9-23 40.4-38.6 69.6-39.5 20.8 6.4 40.6 9.6 60.5 9.6s39.7-3.1 60.5-9.6c29.2 1 54.7 16.5 69.6 39.5-35 30.1-80.4 48.4-130.1 48.4zm162.7-84.1c-24.4-31.4-62.1-51.9-105.1-51.9-10.2 0-26 9.6-57.6 9.6-31.5 0-47.4-9.6-57.6-9.6-42.9 0-80.6 20.5-105.1 51.9C61.9 339.2 48 299.2 48 256c0-110.3 89.7-200 200-200s200 89.7 200 200c0 43.2-13.9 83.2-37.3 115.9z\"><\/path><\/svg>\t\t\t\t\t\t\t<\/span>\n\t\t\t\t\t\t\t\t\t<span class=\"elementor-icon-list-text elementor-post-info__item elementor-post-info__item--type-author\">\n\t\t\t\t\t\t\t\t\t\tGuy Wolfensberger\t\t\t\t\t<\/span>\n\t\t\t\t\t\t\t\t\t<\/a>\n\t\t\t\t<\/li>\n\t\t\t\t<li class=\"elementor-icon-list-item elementor-repeater-item-b37f448 elementor-inline-item\" itemprop=\"datePublished\">\n\t\t\t\t\t\t<a href=\"https:\/\/teambookapp.com\/de\/blog\/2025\/11\/17\/\">\n\t\t\t\t\t\t\t\t\t\t\t<span class=\"elementor-icon-list-icon\">\n\t\t\t\t\t\t\t\t<svg aria-hidden=\"true\" class=\"e-font-icon-svg e-fas-calendar\" viewBox=\"0 0 448 512\" xmlns=\"http:\/\/www.w3.org\/2000\/svg\"><path d=\"M12 192h424c6.6 0 12 5.4 12 12v260c0 26.5-21.5 48-48 48H48c-26.5 0-48-21.5-48-48V204c0-6.6 5.4-12 12-12zm436-44v-36c0-26.5-21.5-48-48-48h-48V12c0-6.6-5.4-12-12-12h-40c-6.6 0-12 5.4-12 12v52H160V12c0-6.6-5.4-12-12-12h-40c-6.6 0-12 5.4-12 12v52H48C21.5 64 0 85.5 0 112v36c0 6.6 5.4 12 12 12h424c6.6 0 12-5.4 12-12z\"><\/path><\/svg>\t\t\t\t\t\t\t<\/span>\n\t\t\t\t\t\t\t\t\t<span class=\"elementor-icon-list-text elementor-post-info__item elementor-post-info__item--type-date\">\n\t\t\t\t\t\t\t\t\t\t<time>November 17, 2025<\/time>\t\t\t\t\t<\/span>\n\t\t\t\t\t\t\t\t\t<\/a>\n\t\t\t\t<\/li>\n\t\t\t\t<li class=\"elementor-icon-list-item elementor-repeater-item-9589f27 elementor-inline-item\">\n\t\t\t\t\t\t\t\t\t\t<span class=\"elementor-icon-list-icon\">\n\t\t\t\t\t\t\t\t<svg aria-hidden=\"true\" class=\"e-font-icon-svg e-far-clock\" viewBox=\"0 0 512 512\" xmlns=\"http:\/\/www.w3.org\/2000\/svg\"><path d=\"M256 8C119 8 8 119 8 256s111 248 248 248 248-111 248-248S393 8 256 8zm0 448c-110.5 0-200-89.5-200-200S145.5 56 256 56s200 89.5 200 200-89.5 200-200 200zm61.8-104.4l-84.9-61.7c-3.1-2.3-4.9-5.9-4.9-9.7V116c0-6.6 5.4-12 12-12h32c6.6 0 12 5.4 12 12v141.7l66.8 48.6c5.4 3.9 6.5 11.4 2.6 16.8L334.6 349c-3.9 5.3-11.4 6.5-16.8 2.6z\"><\/path><\/svg>\t\t\t\t\t\t\t<\/span>\n\t\t\t\t\t\t\t\t\t<span class=\"elementor-icon-list-text elementor-post-info__item elementor-post-info__item--type-time\">\n\t\t\t\t\t\t\t\t\t\t<time>2:55 p.m.<\/time>\t\t\t\t\t<\/span>\n\t\t\t\t\t\t\t\t<\/li>\n\t\t\t\t<\/ul>\n\t\t\t\t\t\t<\/div>\n\t\t\t\t<div class=\"elementor-element elementor-element-0e4cb0a elementor-widget elementor-widget-text-editor\" data-id=\"0e4cb0a\" data-element_type=\"widget\" data-e-type=\"widget\" data-widget_type=\"text-editor.default\">\n\t\t\t\t\t\t\t\t\t<h2><b>TL;DR<\/b><\/h2><ul><li style=\"font-weight: 400;\" aria-level=\"1\"><p><span style=\"font-weight: 400;\">Die Kapazit\u00e4tsplanung f\u00fcr Remote-Teams erfordert einen besseren \u00dcberblick \u00fcber Verf\u00fcgbarkeit, Zeitzonen und projektfremde Arbeit.<\/span><\/p><\/li><li style=\"font-weight: 400;\" aria-level=\"1\"><p><span style=\"font-weight: 400;\">Fernarbeit erh\u00f6ht die Flexibilit\u00e4t, verdeckt aber auch die \u00dcberlastung, wenn die Kapazit\u00e4t nicht explizit gemacht wird.<\/span><\/p><\/li><li style=\"font-weight: 400;\" aria-level=\"1\"><p><span style=\"font-weight: 400;\">Effektive Planung beruht auf gemeinsamen Annahmen, asynchronen Aktualisierungen und regelm\u00e4\u00dfigen \u00dcberpr\u00fcfungen.<\/span><\/p><\/li><li style=\"font-weight: 400;\" aria-level=\"1\"><p><span style=\"font-weight: 400;\">Ohne eine bewusste Kapazit\u00e4tsplanung driften Remote-Teams in eine stille \u00dcberbeanspruchung ab.<\/span><\/p><\/li><\/ul>\t\t\t\t\t\t\t\t<\/div>\n\t\t\t\t<div class=\"elementor-element elementor-element-5aef275 elementor-toc--minimized-on-tablet elementor-widget elementor-widget-table-of-contents\" data-id=\"5aef275\" data-element_type=\"widget\" data-e-type=\"widget\" data-settings=\"{&quot;exclude_headings_by_selector&quot;:[],&quot;no_headings_message&quot;:&quot;No headings were found on this page.&quot;,&quot;headings_by_tags&quot;:[&quot;h2&quot;,&quot;h3&quot;,&quot;h4&quot;,&quot;h5&quot;,&quot;h6&quot;],&quot;marker_view&quot;:&quot;numbers&quot;,&quot;minimize_box&quot;:&quot;yes&quot;,&quot;minimized_on&quot;:&quot;tablet&quot;,&quot;hierarchical_view&quot;:&quot;yes&quot;,&quot;min_height&quot;:{&quot;unit&quot;:&quot;px&quot;,&quot;size&quot;:&quot;&quot;,&quot;sizes&quot;:[]},&quot;min_height_widescreen&quot;:{&quot;unit&quot;:&quot;px&quot;,&quot;size&quot;:&quot;&quot;,&quot;sizes&quot;:[]},&quot;min_height_laptop&quot;:{&quot;unit&quot;:&quot;px&quot;,&quot;size&quot;:&quot;&quot;,&quot;sizes&quot;:[]},&quot;min_height_tablet_extra&quot;:{&quot;unit&quot;:&quot;px&quot;,&quot;size&quot;:&quot;&quot;,&quot;sizes&quot;:[]},&quot;min_height_tablet&quot;:{&quot;unit&quot;:&quot;px&quot;,&quot;size&quot;:&quot;&quot;,&quot;sizes&quot;:[]},&quot;min_height_mobile_extra&quot;:{&quot;unit&quot;:&quot;px&quot;,&quot;size&quot;:&quot;&quot;,&quot;sizes&quot;:[]},&quot;min_height_mobile&quot;:{&quot;unit&quot;:&quot;px&quot;,&quot;size&quot;:&quot;&quot;,&quot;sizes&quot;:[]}}\" data-widget_type=\"table-of-contents.default\">\n\t\t\t\t\t\t\t\t\t<div class=\"elementor-toc__header\">\n\t\t\t\t\t\t<h2 class=\"elementor-toc__header-title\">\n\t\t\t\tInhaltsverzeichnis\t\t\t<\/h2>\n\t\t\t\t\t\t\t\t\t\t<div class=\"elementor-toc__toggle-button elementor-toc__toggle-button--expand\" role=\"button\" tabindex=\"0\" aria-controls=\"elementor-toc__5aef275\" aria-expanded=\"true\" aria-label=\"Open table of contents\"><svg aria-hidden=\"true\" class=\"e-font-icon-svg e-fas-chevron-down\" viewBox=\"0 0 448 512\" xmlns=\"http:\/\/www.w3.org\/2000\/svg\"><path d=\"M207.029 381.476L12.686 187.132c-9.373-9.373-9.373-24.569 0-33.941l22.667-22.667c9.357-9.357 24.522-9.375 33.901-.04L224 284.505l154.745-154.021c9.379-9.335 24.544-9.317 33.901.04l22.667 22.667c9.373 9.373 9.373 24.569 0 33.941L240.971 381.476c-9.373 9.372-24.569 9.372-33.942 0z\"><\/path><\/svg><\/div>\n\t\t\t\t<div class=\"elementor-toc__toggle-button elementor-toc__toggle-button--collapse\" role=\"button\" tabindex=\"0\" aria-controls=\"elementor-toc__5aef275\" aria-expanded=\"true\" aria-label=\"Close table of contents\"><svg aria-hidden=\"true\" class=\"e-font-icon-svg e-fas-chevron-up\" viewBox=\"0 0 448 512\" xmlns=\"http:\/\/www.w3.org\/2000\/svg\"><path d=\"M240.971 130.524l194.343 194.343c9.373 9.373 9.373 24.569 0 33.941l-22.667 22.667c-9.357 9.357-24.522 9.375-33.901.04L224 227.495 69.255 381.516c-9.379 9.335-24.544 9.317-33.901-.04l-22.667-22.667c-9.373-9.373-9.373-24.569 0-33.941L207.03 130.525c9.372-9.373 24.568-9.373 33.941-.001z\"><\/path><\/svg><\/div>\n\t\t\t\t\t<\/div>\n\t\t\t\t<div id=\"elementor-toc__5aef275\" class=\"elementor-toc__body\">\n\t\t\t<div class=\"elementor-toc__spinner-container\">\n\t\t\t\t<svg class=\"elementor-toc__spinner eicon-animation-spin e-font-icon-svg e-eicon-loading\" aria-hidden=\"true\" viewBox=\"0 0 1000 1000\" xmlns=\"http:\/\/www.w3.org\/2000\/svg\"><path d=\"M500 975V858C696 858 858 696 858 500S696 142 500 142 142 304 142 500H25C25 237 238 25 500 25S975 237 975 500 763 975 500 975Z\"><\/path><\/svg>\t\t\t<\/div>\n\t\t<\/div>\n\t\t\t\t\t\t<\/div>\n\t\t\t\t<div class=\"elementor-element elementor-element-15da44e elementor-widget elementor-widget-text-editor\" data-id=\"15da44e\" data-element_type=\"widget\" data-e-type=\"widget\" data-widget_type=\"text-editor.default\">\n\t\t\t\t\t\t\t\t\t<h2><b>Was die Kapazit\u00e4tsplanung f\u00fcr Remote-Teams erschwert<\/b><\/h2><p><span style=\"font-weight: 400;\">Remote-Teams stehen vor besonderen Herausforderungen:<\/span><\/p><ul><li style=\"font-weight: 400;\" aria-level=\"1\"><span style=\"font-weight: 400;\">Verf\u00fcgbarkeit ist weniger sichtbar<\/span><\/li><li style=\"font-weight: 400;\" aria-level=\"1\"><span style=\"font-weight: 400;\">Die Arbeitszeiten variieren je nach Standort<\/span><\/li><li style=\"font-weight: 400;\" aria-level=\"1\"><span style=\"font-weight: 400;\">Nicht projektbezogene Arbeit ist fragmentiert<\/span><\/li><li style=\"font-weight: 400;\" aria-level=\"1\"><span style=\"font-weight: 400;\">\u00dcberarbeitung ist schwieriger zu erkennen<\/span><\/li><\/ul><p><span style=\"font-weight: 400;\">Ohne gemeinsamen Kontext gehen Teams oft von Kapazit\u00e4ten aus, die gar nicht vorhanden sind.<\/span><\/p><h2><b>Was Kapazit\u00e4tsplanung in einem entfernten Kontext bedeutet  <\/b><\/h2><p><span style=\"font-weight: 400;\">F\u00fcr Remote-Teams bedeutet Kapazit\u00e4tsplanung eine explizite Festlegung:<\/span><\/p><ul><li style=\"font-weight: 400;\" aria-level=\"1\"><span style=\"font-weight: 400;\">Wenn Menschen verf\u00fcgbar sind<\/span><\/li><li style=\"font-weight: 400;\" aria-level=\"1\"><span style=\"font-weight: 400;\">Wie viel Zeit ist realistischerweise zuordenbar?<\/span><\/li><li style=\"font-weight: 400;\" aria-level=\"1\"><span style=\"font-weight: 400;\">Wenn es \u00dcberschneidungen zwischen Zeitzonen gibt<\/span><\/li><li style=\"font-weight: 400;\" aria-level=\"1\"><span style=\"font-weight: 400;\">Welche Arbeiten synchron ablaufen m\u00fcssen<\/span><\/li><\/ul><p><span style=\"font-weight: 400;\">Das Ziel ist es, Annahmen durch gemeinsame Sichtbarkeit zu ersetzen.<\/span><\/p><h2><b>Welche Inputs Remote-Teams ben\u00f6tigen<\/b><\/h2><h3><b>1. Klare Arbeitszeiten und Zeitzonen<\/b><\/h3><p><span style=\"font-weight: 400;\">Remote-Teams sollten dokumentieren:<\/span><\/p><ul><li style=\"font-weight: 400;\" aria-level=\"1\"><span style=\"font-weight: 400;\">Kernarbeitszeit pro Person<\/span><\/li><li style=\"font-weight: 400;\" aria-level=\"1\"><span style=\"font-weight: 400;\">Zeitzonenunterschiede<\/span><\/li><li style=\"font-weight: 400;\" aria-level=\"1\"><span style=\"font-weight: 400;\">Erwartete \u00dcberlappungsfenster<\/span><\/li><\/ul><p><span style=\"font-weight: 400;\">Dies verhindert eine unrealistische Terminplanung.<\/span><\/p><h3><b>2. Geplante Arbeit und Priorit\u00e4ten<\/b><\/h3><p><span style=\"font-weight: 400;\">Alle geplanten Projekte und Verpflichtungen sollten an einem Ort mit klaren Priorit\u00e4ten sichtbar sein.<\/span><\/p><p><span style=\"font-weight: 400;\">Remote-Teams verlassen sich st\u00e4rker auf schriftliche Pl\u00e4ne als auf die Abstimmung vor Ort.<\/span><\/p><h3><b>3. Nicht projektbezogene und asynchrone Arbeit  <\/b><\/h3><p><span style=\"font-weight: 400;\">Besprechungen, asynchrone Koordination, \u00dcberpr\u00fcfungen und interne Kommunikation m\u00fcssen als echte Anforderungen behandelt werden.<\/span><\/p><p><span style=\"font-weight: 400;\">Dies zu ignorieren f\u00fchrt zu chronischer \u00dcberlastung.<\/span><\/p><h2><b>Schrittweise Kapazit\u00e4tsplanung f\u00fcr Remote-Teams  <\/b><\/h2><h3><b>Schritt 1: Machen Sie die Verf\u00fcgbarkeit deutlich  <\/b><\/h3><p><span style=\"font-weight: 400;\">Legen Sie eine realistische w\u00f6chentliche Verf\u00fcgbarkeit pro Person fest und ber\u00fccksichtigen Sie dabei:<\/span><\/p><ul><li style=\"font-weight: 400;\" aria-level=\"1\"><span style=\"font-weight: 400;\">Lokale Arbeitszeiten<\/span><\/li><li style=\"font-weight: 400;\" aria-level=\"1\"><span style=\"font-weight: 400;\">Auszeit<\/span><\/li><li style=\"font-weight: 400;\" aria-level=\"1\"><span style=\"font-weight: 400;\">Nicht projektbezogene Verantwortlichkeiten<\/span><\/li><\/ul><p><span style=\"font-weight: 400;\">Die Verf\u00fcgbarkeit sollte f\u00fcr alle an der Planung Beteiligten sichtbar sein.<\/span><\/p><h3><b>Schritt 2: Planen Sie die Arbeit auf hohem Niveau<\/b><\/h3><p><span style=\"font-weight: 400;\">Planen Sie eher auf Projekt- oder Rollenebene als auf Aufgabenebene, insbesondere bei l\u00e4ngeren Zeitr\u00e4umen.<\/span><\/p><p><span style=\"font-weight: 400;\">So bleibt die Planung \u00fcber Zeitzonen hinweg flexibel.<\/span><\/p><h3><b>Schritt 3: \u00dcberlappungsbeschr\u00e4nkungen pr\u00fcfen<\/b><\/h3><p><span style=\"font-weight: 400;\">Identifizieren Sie Arbeiten, die eine synchrone Zusammenarbeit erfordern, und stellen Sie sicher, dass es bei Bedarf \u00dcberschneidungen gibt.<\/span><\/p><p><span style=\"font-weight: 400;\">Nicht alle Arbeiten m\u00fcssen sich \u00fcberschneiden, aber einige tun es immer.<\/span><\/p><h3><b>Schritt 4: Regelm\u00e4\u00dfige \u00dcberpr\u00fcfung der Kapazit\u00e4t<\/b><\/h3><p><span style=\"font-weight: 400;\">Entfernte Pl\u00e4ne driften schneller ab.<\/span><span style=\"font-weight: 400;\"><br><\/span><span style=\"font-weight: 400;\">W\u00f6chentliche \u00dcberpr\u00fcfungen helfen, \u00dcberlastung fr\u00fchzeitig zu erkennen.<\/span><\/p><h2><b>Wie Sie mit Zeitzonen und asynchroner Arbeit umgehen<\/b><\/h2><p><span style=\"font-weight: 400;\">Ferngesteuerte Teams sollten:<\/span><\/p><ul><li style=\"font-weight: 400;\" aria-level=\"1\"><span style=\"font-weight: 400;\">Beschr\u00e4nken Sie synchrone Arbeit auf wesentliche Momente<\/span><\/li><li style=\"font-weight: 400;\" aria-level=\"1\"><span style=\"font-weight: 400;\">Planen Sie Fristen um \u00dcberschneidungsfenster herum<\/span><\/li><li style=\"font-weight: 400;\" aria-level=\"1\"><span style=\"font-weight: 400;\">Vermeiden Sie es, dringende Arbeiten au\u00dferhalb der Arbeitszeiten der Mitarbeiter zu vergeben.<\/span><\/li><li style=\"font-weight: 400;\" aria-level=\"1\"><span style=\"font-weight: 400;\">Verwenden Sie asynchrone Aktualisierungen, um die Belastung durch Meetings zu verringern<\/span><\/li><\/ul><p><span style=\"font-weight: 400;\">Die Kapazit\u00e4tsplanung muss widerspiegeln, wie die Arbeit aus der Ferne tats\u00e4chlich abl\u00e4uft.<\/span><\/p><h2><b>H\u00e4ufige Fehler von Remote-Teams<\/b><\/h2><p><span style=\"font-weight: 400;\">Ferngesteuerte Teams haben Schwierigkeiten, wenn sie:<\/span><\/p><ul><li style=\"font-weight: 400;\" aria-level=\"1\"><span style=\"font-weight: 400;\">Nehmen Sie an, dass Flexibilit\u00e4t gleich unbegrenzte Kapazit\u00e4t bedeutet<\/span><\/li><li style=\"font-weight: 400;\" aria-level=\"1\"><span style=\"font-weight: 400;\">Zeitzoneneinschr\u00e4nkungen ignorieren<\/span><\/li><li style=\"font-weight: 400;\" aria-level=\"1\"><span style=\"font-weight: 400;\">Arbeit planen, ohne die Verf\u00fcgbarkeit zu dokumentieren<\/span><\/li><li style=\"font-weight: 400;\" aria-level=\"1\"><span style=\"font-weight: 400;\">Entdecken Sie \u00dcberlastung nur durch verpasste Fristen<\/span><\/li><li style=\"font-weight: 400;\" aria-level=\"1\"><span style=\"font-weight: 400;\">Verlassen Sie sich auf informelle Check-Ins statt auf Planung<\/span><\/li><\/ul><p><span style=\"font-weight: 400;\">Sichtbarkeit ist wichtiger, wenn die Teams verteilt sind.<\/span><\/p><h2><b>H\u00e4ufig gestellte Fragen <\/b><\/h2><h3><b>Ist die Kapazit\u00e4tsplanung f\u00fcr Remote-Teams wichtiger?  <\/b><\/h3><p><span style=\"font-weight: 400;\">Ja. Bei Fernarbeit l\u00e4sst sich eine \u00dcberlastung leichter verbergen, so dass eine explizite Kapazit\u00e4tsplanung wichtiger ist. <\/span><\/p><h3><b>Sollten Remote-Teams die Kapazit\u00e4t pro Person oder pro Rolle planen?  <\/b><\/h3><p><span style=\"font-weight: 400;\">Eine fr\u00fchzeitige Planung funktioniert oft besser auf Rollenebene und eine individuelle Planung n\u00e4her an der Lieferung.<\/span><\/p><h3><b>Wie oft sollten Remote-Teams ihre Kapazit\u00e4ten \u00fcberpr\u00fcfen?<\/b><\/h3><p><span style=\"font-weight: 400;\">Die meisten Remote-Teams profitieren von w\u00f6chentlichen Besprechungen, um die Pl\u00e4ne an die sich \u00e4ndernden Bedingungen anzupassen.<\/span><\/p><h2><b>Quellen<\/b><\/h2><p><span style=\"font-weight: 400;\">PMI-Bibliothek: Ressourcenplanung in verteilten Teams<\/span><span style=\"font-weight: 400;\"><br><\/span><a href=\"https:\/\/www.pmi.org\/learning\/library\/resource-leveling-scheduling-projects-6007\" target=\"_blank\" rel=\"noopener\"><span style=\"font-weight: 400;\">https:\/\/www.pmi.org\/learning\/library\/resource-leveling-scheduling-projects-6007<\/span><\/a><\/p><p><span style=\"font-weight: 400;\">Atlassian: Verwaltung der Kapazit\u00e4t von Remote-Teams<\/span><span style=\"font-weight: 400;\"><br><\/span><a href=\"https:\/\/www.atlassian.com\/work-management\/project-management\/resource-management\" target=\"_blank\" rel=\"noopener\"><span style=\"font-weight: 400;\">https:\/\/www.atlassian.com\/work-management\/project-management\/resource-management<\/span><\/a><\/p><p><span style=\"font-weight: 400;\">Harvard Business Review: Fernarbeit in gro\u00dfem Umfang verwalten<\/span><span style=\"font-weight: 400;\"><br><\/span><a href=\"https:\/\/hbr.org\/2020\/03\/a-guide-to-managing-your-newly-remote-workers\" target=\"_blank\" rel=\"noopener\"><span style=\"font-weight: 400;\">https:\/\/hbr.org\/2020\/03\/a-guide-to-managing-your-newly-remote-workers<\/span><\/a><\/p><p><span style=\"font-weight: 400;\">IBM: Planung von Fernarbeitskr\u00e4ften<\/span><span style=\"font-weight: 400;\"><br><\/span><a href=\"https:\/\/www.ibm.com\/topics\/workforce-planning\" target=\"_blank\" rel=\"noopener\"><span style=\"font-weight: 400;\">https:\/\/www.ibm.com\/topics\/workforce-planning<\/span><\/a><\/p>\t\t\t\t\t\t\t\t<\/div>\n\t\t\t\t\t<\/div>\n\t\t\t\t<\/div>\n\t\t\t\t<\/div>\n\t\t","protected":false},"excerpt":{"rendered":"<p>Kapazit\u00e4tsplanung f\u00fcr Remote-Teams &#8211; wie geht das? TL;DR Die Kapazit\u00e4tsplanung f\u00fcr Remote-Teams erfordert einen besseren \u00dcberblick \u00fcber Verf\u00fcgbarkeit, Zeitzonen und projektfremde Arbeit. Fernarbeit erh\u00f6ht die Flexibilit\u00e4t, verdeckt aber auch die \u00dcberlastung, wenn die Kapazit\u00e4t nicht explizit gemacht wird. Effektive Planung beruht auf gemeinsamen Annahmen, asynchronen Aktualisierungen und regelm\u00e4\u00dfigen \u00dcberpr\u00fcfungen. Ohne eine bewusste Kapazit\u00e4tsplanung driften Remote-Teams [&hellip;]<\/p>\n","protected":false},"author":12,"featured_media":0,"parent":0,"menu_order":0,"comment_status":"closed","ping_status":"closed","template":"","meta":{"footnotes":""},"class_list":["post-37397","page","type-page","status-publish","hentry"],"_links":{"self":[{"href":"https:\/\/teambookapp.com\/de\/wp-json\/wp\/v2\/pages\/37397","targetHints":{"allow":["GET"]}}],"collection":[{"href":"https:\/\/teambookapp.com\/de\/wp-json\/wp\/v2\/pages"}],"about":[{"href":"https:\/\/teambookapp.com\/de\/wp-json\/wp\/v2\/types\/page"}],"author":[{"embeddable":true,"href":"https:\/\/teambookapp.com\/de\/wp-json\/wp\/v2\/users\/12"}],"replies":[{"embeddable":true,"href":"https:\/\/teambookapp.com\/de\/wp-json\/wp\/v2\/comments?post=37397"}],"version-history":[{"count":1,"href":"https:\/\/teambookapp.com\/de\/wp-json\/wp\/v2\/pages\/37397\/revisions"}],"predecessor-version":[{"id":37398,"href":"https:\/\/teambookapp.com\/de\/wp-json\/wp\/v2\/pages\/37397\/revisions\/37398"}],"wp:attachment":[{"href":"https:\/\/teambookapp.com\/de\/wp-json\/wp\/v2\/media?parent=37397"}],"curies":[{"name":"wp","href":"https:\/\/api.w.org\/{rel}","templated":true}]}}