{"id":37394,"date":"2026-02-28T13:12:47","date_gmt":"2026-02-28T13:12:47","guid":{"rendered":"https:\/\/teambookapp.com\/ai-kapazitaetsplanung-fuer-projektteams\/"},"modified":"2026-04-06T12:45:44","modified_gmt":"2026-04-06T12:45:44","slug":"ai-kapazitaetsplanung-fuer-projektteams","status":"publish","type":"page","link":"https:\/\/teambookapp.com\/de\/ai-kapazitaetsplanung-fuer-projektteams\/","title":{"rendered":"AI: Kapazit\u00e4tsplanung f\u00fcr Projektteams"},"content":{"rendered":"\t\t<div data-elementor-type=\"wp-page\" data-elementor-id=\"37394\" class=\"elementor elementor-37394 elementor-37257\" data-elementor-post-type=\"page\">\n\t\t\t\t<div class=\"elementor-element elementor-element-304c357 e-flex e-con-boxed e-con e-parent\" data-id=\"304c357\" data-element_type=\"container\" data-e-type=\"container\">\n\t\t\t\t\t<div class=\"e-con-inner\">\n\t\t\t\t<div class=\"elementor-element elementor-element-3673220 elementor-widget elementor-widget-heading\" data-id=\"3673220\" data-element_type=\"widget\" data-e-type=\"widget\" data-widget_type=\"heading.default\">\n\t\t\t\t\t<h1 class=\"elementor-heading-title elementor-size-default\">Wie man die Kapazit\u00e4t von Projektteams plant<\/h1>\t\t\t\t<\/div>\n\t\t\t\t<div class=\"elementor-element elementor-element-f1b7359 elementor-widget elementor-widget-post-info\" data-id=\"f1b7359\" data-element_type=\"widget\" data-e-type=\"widget\" data-widget_type=\"post-info.default\">\n\t\t\t\t\t\t\t<ul class=\"elementor-inline-items elementor-icon-list-items elementor-post-info\">\n\t\t\t\t\t\t\t\t<li class=\"elementor-icon-list-item elementor-repeater-item-5bc8480 elementor-inline-item\" itemprop=\"author\">\n\t\t\t\t\t\t<a href=\"https:\/\/teambookapp.com\/de\/blog\/author\/guy\/\">\n\t\t\t\t\t\t\t\t\t\t\t<span class=\"elementor-icon-list-icon\">\n\t\t\t\t\t\t\t\t<svg aria-hidden=\"true\" class=\"e-font-icon-svg e-far-user-circle\" viewBox=\"0 0 496 512\" xmlns=\"http:\/\/www.w3.org\/2000\/svg\"><path d=\"M248 104c-53 0-96 43-96 96s43 96 96 96 96-43 96-96-43-96-96-96zm0 144c-26.5 0-48-21.5-48-48s21.5-48 48-48 48 21.5 48 48-21.5 48-48 48zm0-240C111 8 0 119 0 256s111 248 248 248 248-111 248-248S385 8 248 8zm0 448c-49.7 0-95.1-18.3-130.1-48.4 14.9-23 40.4-38.6 69.6-39.5 20.8 6.4 40.6 9.6 60.5 9.6s39.7-3.1 60.5-9.6c29.2 1 54.7 16.5 69.6 39.5-35 30.1-80.4 48.4-130.1 48.4zm162.7-84.1c-24.4-31.4-62.1-51.9-105.1-51.9-10.2 0-26 9.6-57.6 9.6-31.5 0-47.4-9.6-57.6-9.6-42.9 0-80.6 20.5-105.1 51.9C61.9 339.2 48 299.2 48 256c0-110.3 89.7-200 200-200s200 89.7 200 200c0 43.2-13.9 83.2-37.3 115.9z\"><\/path><\/svg>\t\t\t\t\t\t\t<\/span>\n\t\t\t\t\t\t\t\t\t<span class=\"elementor-icon-list-text elementor-post-info__item elementor-post-info__item--type-author\">\n\t\t\t\t\t\t\t\t\t\tGuy Wolfensberger\t\t\t\t\t<\/span>\n\t\t\t\t\t\t\t\t\t<\/a>\n\t\t\t\t<\/li>\n\t\t\t\t<li class=\"elementor-icon-list-item elementor-repeater-item-b37f448 elementor-inline-item\" itemprop=\"datePublished\">\n\t\t\t\t\t\t<a href=\"https:\/\/teambookapp.com\/de\/blog\/2026\/02\/28\/\">\n\t\t\t\t\t\t\t\t\t\t\t<span class=\"elementor-icon-list-icon\">\n\t\t\t\t\t\t\t\t<svg aria-hidden=\"true\" class=\"e-font-icon-svg e-fas-calendar\" viewBox=\"0 0 448 512\" xmlns=\"http:\/\/www.w3.org\/2000\/svg\"><path d=\"M12 192h424c6.6 0 12 5.4 12 12v260c0 26.5-21.5 48-48 48H48c-26.5 0-48-21.5-48-48V204c0-6.6 5.4-12 12-12zm436-44v-36c0-26.5-21.5-48-48-48h-48V12c0-6.6-5.4-12-12-12h-40c-6.6 0-12 5.4-12 12v52H160V12c0-6.6-5.4-12-12-12h-40c-6.6 0-12 5.4-12 12v52H48C21.5 64 0 85.5 0 112v36c0 6.6 5.4 12 12 12h424c6.6 0 12-5.4 12-12z\"><\/path><\/svg>\t\t\t\t\t\t\t<\/span>\n\t\t\t\t\t\t\t\t\t<span class=\"elementor-icon-list-text elementor-post-info__item elementor-post-info__item--type-date\">\n\t\t\t\t\t\t\t\t\t\t<time>Februar 28, 2026<\/time>\t\t\t\t\t<\/span>\n\t\t\t\t\t\t\t\t\t<\/a>\n\t\t\t\t<\/li>\n\t\t\t\t<li class=\"elementor-icon-list-item elementor-repeater-item-9589f27 elementor-inline-item\">\n\t\t\t\t\t\t\t\t\t\t<span class=\"elementor-icon-list-icon\">\n\t\t\t\t\t\t\t\t<svg aria-hidden=\"true\" class=\"e-font-icon-svg e-far-clock\" viewBox=\"0 0 512 512\" xmlns=\"http:\/\/www.w3.org\/2000\/svg\"><path d=\"M256 8C119 8 8 119 8 256s111 248 248 248 248-111 248-248S393 8 256 8zm0 448c-110.5 0-200-89.5-200-200S145.5 56 256 56s200 89.5 200 200-89.5 200-200 200zm61.8-104.4l-84.9-61.7c-3.1-2.3-4.9-5.9-4.9-9.7V116c0-6.6 5.4-12 12-12h32c6.6 0 12 5.4 12 12v141.7l66.8 48.6c5.4 3.9 6.5 11.4 2.6 16.8L334.6 349c-3.9 5.3-11.4 6.5-16.8 2.6z\"><\/path><\/svg>\t\t\t\t\t\t\t<\/span>\n\t\t\t\t\t\t\t\t\t<span class=\"elementor-icon-list-text elementor-post-info__item elementor-post-info__item--type-time\">\n\t\t\t\t\t\t\t\t\t\t<time>1:12 p.m.<\/time>\t\t\t\t\t<\/span>\n\t\t\t\t\t\t\t\t<\/li>\n\t\t\t\t<\/ul>\n\t\t\t\t\t\t<\/div>\n\t\t\t\t<div class=\"elementor-element elementor-element-0e4cb0a elementor-widget elementor-widget-text-editor\" data-id=\"0e4cb0a\" data-element_type=\"widget\" data-e-type=\"widget\" data-widget_type=\"text-editor.default\">\n\t\t\t\t\t\t\t\t\t<h2><b>TL;DR<\/b><\/h2><ul><li style=\"font-weight: 400;\" aria-level=\"1\"><p><span style=\"font-weight: 400;\">Die Kapazit\u00e4tsplanung hilft Projektteams dabei, festzustellen, ob die k\u00fcnftige Arbeit in die verf\u00fcgbare Zeit und die vorhandenen F\u00e4higkeiten passt.<\/span><\/p><\/li><li style=\"font-weight: 400;\" aria-level=\"1\"><p><span style=\"font-weight: 400;\">Es vergleicht die erwartete Arbeitsbelastung mit der Verf\u00fcgbarkeit des Teams, bevor Verpflichtungen eingegangen werden.<\/span><\/p><\/li><li style=\"font-weight: 400;\" aria-level=\"1\"><p><span style=\"font-weight: 400;\">Eine effektive Kapazit\u00e4tsplanung verhindert \u00dcberbuchungen, verpasste Fristen und Burnout.<\/span><\/p><\/li><li style=\"font-weight: 400;\" aria-level=\"1\"><p><span style=\"font-weight: 400;\">Der Prozess sollte leichtgewichtig und wiederholbar sein und regelm\u00e4\u00dfig \u00fcberpr\u00fcft werden, wenn sich die Pl\u00e4ne \u00e4ndern.<\/span><\/p><\/li><\/ul>\t\t\t\t\t\t\t\t<\/div>\n\t\t\t\t<div class=\"elementor-element elementor-element-5aef275 elementor-toc--minimized-on-tablet elementor-widget elementor-widget-table-of-contents\" data-id=\"5aef275\" data-element_type=\"widget\" data-e-type=\"widget\" data-settings=\"{&quot;exclude_headings_by_selector&quot;:[],&quot;no_headings_message&quot;:&quot;No headings were found on this page.&quot;,&quot;headings_by_tags&quot;:[&quot;h2&quot;,&quot;h3&quot;,&quot;h4&quot;,&quot;h5&quot;,&quot;h6&quot;],&quot;marker_view&quot;:&quot;numbers&quot;,&quot;minimize_box&quot;:&quot;yes&quot;,&quot;minimized_on&quot;:&quot;tablet&quot;,&quot;hierarchical_view&quot;:&quot;yes&quot;,&quot;min_height&quot;:{&quot;unit&quot;:&quot;px&quot;,&quot;size&quot;:&quot;&quot;,&quot;sizes&quot;:[]},&quot;min_height_widescreen&quot;:{&quot;unit&quot;:&quot;px&quot;,&quot;size&quot;:&quot;&quot;,&quot;sizes&quot;:[]},&quot;min_height_laptop&quot;:{&quot;unit&quot;:&quot;px&quot;,&quot;size&quot;:&quot;&quot;,&quot;sizes&quot;:[]},&quot;min_height_tablet_extra&quot;:{&quot;unit&quot;:&quot;px&quot;,&quot;size&quot;:&quot;&quot;,&quot;sizes&quot;:[]},&quot;min_height_tablet&quot;:{&quot;unit&quot;:&quot;px&quot;,&quot;size&quot;:&quot;&quot;,&quot;sizes&quot;:[]},&quot;min_height_mobile_extra&quot;:{&quot;unit&quot;:&quot;px&quot;,&quot;size&quot;:&quot;&quot;,&quot;sizes&quot;:[]},&quot;min_height_mobile&quot;:{&quot;unit&quot;:&quot;px&quot;,&quot;size&quot;:&quot;&quot;,&quot;sizes&quot;:[]}}\" data-widget_type=\"table-of-contents.default\">\n\t\t\t\t\t\t\t\t\t<div class=\"elementor-toc__header\">\n\t\t\t\t\t\t<h2 class=\"elementor-toc__header-title\">\n\t\t\t\tInhaltsverzeichnis\t\t\t<\/h2>\n\t\t\t\t\t\t\t\t\t\t<div class=\"elementor-toc__toggle-button elementor-toc__toggle-button--expand\" role=\"button\" tabindex=\"0\" aria-controls=\"elementor-toc__5aef275\" aria-expanded=\"true\" aria-label=\"Open table of contents\"><svg aria-hidden=\"true\" class=\"e-font-icon-svg e-fas-chevron-down\" viewBox=\"0 0 448 512\" xmlns=\"http:\/\/www.w3.org\/2000\/svg\"><path d=\"M207.029 381.476L12.686 187.132c-9.373-9.373-9.373-24.569 0-33.941l22.667-22.667c9.357-9.357 24.522-9.375 33.901-.04L224 284.505l154.745-154.021c9.379-9.335 24.544-9.317 33.901.04l22.667 22.667c9.373 9.373 9.373 24.569 0 33.941L240.971 381.476c-9.373 9.372-24.569 9.372-33.942 0z\"><\/path><\/svg><\/div>\n\t\t\t\t<div class=\"elementor-toc__toggle-button elementor-toc__toggle-button--collapse\" role=\"button\" tabindex=\"0\" aria-controls=\"elementor-toc__5aef275\" aria-expanded=\"true\" aria-label=\"Close table of contents\"><svg aria-hidden=\"true\" class=\"e-font-icon-svg e-fas-chevron-up\" viewBox=\"0 0 448 512\" xmlns=\"http:\/\/www.w3.org\/2000\/svg\"><path d=\"M240.971 130.524l194.343 194.343c9.373 9.373 9.373 24.569 0 33.941l-22.667 22.667c-9.357 9.357-24.522 9.375-33.901.04L224 227.495 69.255 381.516c-9.379 9.335-24.544 9.317-33.901-.04l-22.667-22.667c-9.373-9.373-9.373-24.569 0-33.941L207.03 130.525c9.372-9.373 24.568-9.373 33.941-.001z\"><\/path><\/svg><\/div>\n\t\t\t\t\t<\/div>\n\t\t\t\t<div id=\"elementor-toc__5aef275\" class=\"elementor-toc__body\">\n\t\t\t<div class=\"elementor-toc__spinner-container\">\n\t\t\t\t<svg class=\"elementor-toc__spinner eicon-animation-spin e-font-icon-svg e-eicon-loading\" aria-hidden=\"true\" viewBox=\"0 0 1000 1000\" xmlns=\"http:\/\/www.w3.org\/2000\/svg\"><path d=\"M500 975V858C696 858 858 696 858 500S696 142 500 142 142 304 142 500H25C25 237 238 25 500 25S975 237 975 500 763 975 500 975Z\"><\/path><\/svg>\t\t\t<\/div>\n\t\t<\/div>\n\t\t\t\t\t\t<\/div>\n\t\t\t\t<div class=\"elementor-element elementor-element-15da44e elementor-widget elementor-widget-text-editor\" data-id=\"15da44e\" data-element_type=\"widget\" data-e-type=\"widget\" data-widget_type=\"text-editor.default\">\n\t\t\t\t\t\t\t\t\t<h2><b>Was Kapazit\u00e4tsplanung f\u00fcr Projektteams bedeutet  <\/b><\/h2><p><span style=\"font-weight: 400;\">Bei der Kapazit\u00e4tsplanung f\u00fcr Projektteams wird gepr\u00fcft, ob die anstehende Arbeit mit den verf\u00fcgbaren Mitarbeitern, der verf\u00fcgbaren Zeit und den vorhandenen F\u00e4higkeiten realistisch bew\u00e4ltigt werden kann.<\/span><\/p><p><span style=\"font-weight: 400;\">Es beantwortet Fragen wie die folgenden:<\/span><\/p><ul><li style=\"font-weight: 400;\" aria-level=\"1\"><span style=\"font-weight: 400;\">Haben wir genug Kapazit\u00e4t f\u00fcr die geplanten Projekte?<\/span><\/li><li style=\"font-weight: 400;\" aria-level=\"1\"><span style=\"font-weight: 400;\">Wo wird es zu einer \u00dcberlastung kommen, wenn sich nichts \u00e4ndert?<\/span><\/li><li style=\"font-weight: 400;\" aria-level=\"1\"><span style=\"font-weight: 400;\">Sollten wir den Zeitplan, den Umfang oder die Personalausstattung anpassen?<\/span><\/li><\/ul><p><span style=\"font-weight: 400;\">Das Ziel ist nicht perfekte Genauigkeit, sondern <\/span><b>fr\u00fche Sichtbarkeit<\/b><span style=\"font-weight: 400;\">.<\/span><\/p><h2><b>Welche Informationen ben\u00f6tigen Sie f\u00fcr die Kapazit\u00e4tsplanung?  <\/b><\/h2><p><span style=\"font-weight: 400;\">Vor der Kapazit\u00e4tsplanung ben\u00f6tigen die Teams eine kleine Anzahl von Inputs.<\/span><\/p><h3><b>1. Erwartetes Arbeitsaufkommen  <\/b><\/h3><p><span style=\"font-weight: 400;\">Dies beinhaltet:<\/span><\/p><ul><li style=\"font-weight: 400;\" aria-level=\"1\"><span style=\"font-weight: 400;\">Geplante Projekte und Initiativen<\/span><\/li><li style=\"font-weight: 400;\" aria-level=\"1\"><span style=\"font-weight: 400;\">Grobe Aufwandssch\u00e4tzungen<\/span><\/li><li style=\"font-weight: 400;\" aria-level=\"1\"><span style=\"font-weight: 400;\">Zeitrahmen f\u00fcr die Lieferung<\/span><\/li><li style=\"font-weight: 400;\" aria-level=\"1\"><span style=\"font-weight: 400;\">Erforderliche Rollen oder F\u00e4higkeiten<\/span><\/li><\/ul><p><span style=\"font-weight: 400;\">Sch\u00e4tzungen k\u00f6nnen auf hohem Niveau sein. Pr\u00e4zision ist weniger wichtig als Konsistenz. <\/span><\/p><h3><b>2. Verf\u00fcgbarkeit des Teams  <\/b><\/h3><p><span style=\"font-weight: 400;\">Bei der Kapazit\u00e4tsplanung sollte ber\u00fccksichtigt werden:<\/span><\/p><ul><li style=\"font-weight: 400;\" aria-level=\"1\"><span style=\"font-weight: 400;\">Arbeitsstunden pro Person<\/span><\/li><li style=\"font-weight: 400;\" aria-level=\"1\"><span style=\"font-weight: 400;\">Teilzeitfahrpl\u00e4ne<\/span><\/li><li style=\"font-weight: 400;\" aria-level=\"1\"><span style=\"font-weight: 400;\">Geplante Urlaube und Ferien<\/span><\/li><li style=\"font-weight: 400;\" aria-level=\"1\"><span style=\"font-weight: 400;\">Nicht projektbezogene Arbeit, wie Meetings oder Unterst\u00fctzung<\/span><\/li><\/ul><p><span style=\"font-weight: 400;\">Die Verf\u00fcgbarkeit zu ignorieren ist einer der h\u00e4ufigsten Planungsfehler.<\/span><\/p><h3><b>3. Planungshorizont  <\/b><\/h3><p><span style=\"font-weight: 400;\">Teams sollten definieren:<\/span><\/p><ul><li style=\"font-weight: 400;\" aria-level=\"1\"><span style=\"font-weight: 400;\">Wie weit im Voraus sie planen (zum Beispiel 4 Wochen oder 3 Monate)<\/span><\/li><li style=\"font-weight: 400;\" aria-level=\"1\"><span style=\"font-weight: 400;\">Der erforderliche Detaillierungsgrad f\u00fcr jeden Zeithorizont<\/span><\/li><\/ul><p><span style=\"font-weight: 400;\">Kurzfristige Pl\u00e4ne sind in der Regel detaillierter als langfristige Pl\u00e4ne.<\/span><\/p><h2><b>Schrittweiser Prozess der Kapazit\u00e4tsplanung  <\/b><\/h2><p><span style=\"font-weight: 400;\">Ein einfacher, wiederholbarer Prozess sieht wie folgt aus:<\/span><\/p><h3><b>Schritt 1: Liste der anstehenden Arbeiten  <\/b><\/h3><p><span style=\"font-weight: 400;\">Erfassen Sie alle bekannten Projekte und Verpflichtungen innerhalb des Planungshorizonts.<\/span><\/p><h3><b>Schritt 2: Aufwand absch\u00e4tzen  <\/b><\/h3><p><span style=\"font-weight: 400;\">Sch\u00e4tzen Sie, wie viel Aufwand jedes Projekt im Laufe der Zeit erfordert.<\/span><span style=\"font-weight: 400;\"><br><\/span><span style=\"font-weight: 400;\">Verwenden Sie Bereiche, wenn die Unsicherheit gro\u00df ist.<\/span><\/p><h3><b>Schritt 3: Abbildung der verf\u00fcgbaren Kapazit\u00e4t  <\/b><\/h3><p><span style=\"font-weight: 400;\">Berechnen Sie die verf\u00fcgbare Kapazit\u00e4t pro Person oder Rolle unter Ber\u00fccksichtigung von Auszeiten und projektfremder Arbeit.<\/span><\/p><h3><b>Schritt 4: Vergleichen Sie Bedarf und Kapazit\u00e4t  <\/b><\/h3><p><span style=\"font-weight: 400;\">Identifizieren Sie sich:<\/span><\/p><ul><li style=\"font-weight: 400;\" aria-level=\"1\"><span style=\"font-weight: 400;\">\u00dcberlastete Perioden<\/span><\/li><li style=\"font-weight: 400;\" aria-level=\"1\"><span style=\"font-weight: 400;\">Unausgelastete Kapazit\u00e4t<\/span><\/li><li style=\"font-weight: 400;\" aria-level=\"1\"><span style=\"font-weight: 400;\">Kritische Engp\u00e4sse<\/span><\/li><\/ul><h3><b>Schritt 5: Pl\u00e4ne anpassen  <\/b><\/h3><p><span style=\"font-weight: 400;\">L\u00f6sen Sie L\u00fccken durch:<\/span><\/p><ul><li style=\"font-weight: 400;\" aria-level=\"1\"><span style=\"font-weight: 400;\">Bewegliche Zeitleisten<\/span><\/li><li style=\"font-weight: 400;\" aria-level=\"1\"><span style=\"font-weight: 400;\">Arbeit neu ausbalancieren<\/span><\/li><li style=\"font-weight: 400;\" aria-level=\"1\"><span style=\"font-weight: 400;\">Umfang reduzieren<\/span><\/li><li style=\"font-weight: 400;\" aria-level=\"1\"><span style=\"font-weight: 400;\">Bei Bedarf Kapazit\u00e4t hinzuf\u00fcgen<\/span><\/li><\/ul><p><span style=\"font-weight: 400;\">Kapazit\u00e4tsplanung ist nur dann sinnvoll, wenn sie zu Entscheidungen f\u00fchrt.<\/span><\/p><h2><b>Wie oft sollte die Kapazit\u00e4tsplanung durchgef\u00fchrt werden?  <\/b><\/h2><p><span style=\"font-weight: 400;\">Die meisten Teams \u00fcberpr\u00fcfen die Kapazit\u00e4t:<\/span><\/p><ul><li style=\"font-weight: 400;\" aria-level=\"1\"><span style=\"font-weight: 400;\">W\u00f6chentlich f\u00fcr kurzfristige Lieferung<\/span><\/li><li style=\"font-weight: 400;\" aria-level=\"1\"><span style=\"font-weight: 400;\">Monatlich oder viertelj\u00e4hrlich f\u00fcr die Sichtbarkeit des Personals<\/span><\/li><\/ul><p><span style=\"font-weight: 400;\">Die Pl\u00e4ne sollten aktualisiert werden, wenn sich die Priorit\u00e4ten \u00e4ndern.<\/span><\/p><h2><b>H\u00e4ufige Fehler bei der Kapazit\u00e4tsplanung  <\/b><\/h2><p><span style=\"font-weight: 400;\">Teams k\u00e4mpfen mit der Kapazit\u00e4tsplanung, wenn sie:<\/span><\/p><ul><li style=\"font-weight: 400;\" aria-level=\"1\"><span style=\"font-weight: 400;\">Pl\u00e4ne als feste Verpflichtungen behandeln<\/span><\/li><li style=\"font-weight: 400;\" aria-level=\"1\"><span style=\"font-weight: 400;\">Nicht projektbezogene Arbeit ignorieren<\/span><\/li><li style=\"font-weight: 400;\" aria-level=\"1\"><span style=\"font-weight: 400;\">Zu fr\u00fch auf Aufgabenebene planen<\/span><\/li><li style=\"font-weight: 400;\" aria-level=\"1\"><span style=\"font-weight: 400;\">Verlassen Sie sich auf veraltete Tabellenkalkulationen<\/span><\/li><li style=\"font-weight: 400;\" aria-level=\"1\"><span style=\"font-weight: 400;\">Planen Sie einmal statt st\u00e4ndig<\/span><\/li><\/ul><p><span style=\"font-weight: 400;\">Kapazit\u00e4tsplanung funktioniert am besten als st\u00e4ndige Gewohnheit.<\/span><\/p><h2><b>Wenn die Kapazit\u00e4tsplanung kritisch wird  <\/b><\/h2><p><span style=\"font-weight: 400;\">Kapazit\u00e4tsplanung ist unerl\u00e4sslich, wenn:<\/span><\/p><ul><li style=\"font-weight: 400;\" aria-level=\"1\"><span style=\"font-weight: 400;\">Mehrere Projekte laufen parallel<\/span><\/li><li style=\"font-weight: 400;\" aria-level=\"1\"><span style=\"font-weight: 400;\">Mitarbeiter werden zwischen Teams oder Kunden aufgeteilt<\/span><\/li><li style=\"font-weight: 400;\" aria-level=\"1\"><span style=\"font-weight: 400;\">Die Fristen beginnen unerwartet zu laufen<\/span><\/li><li style=\"font-weight: 400;\" aria-level=\"1\"><span style=\"font-weight: 400;\">Burnout wird ein wiederkehrendes Problem<\/span><\/li><li style=\"font-weight: 400;\" aria-level=\"1\"><span style=\"font-weight: 400;\">Einstellungsentscheidungen h\u00e4ngen von der zuk\u00fcnftigen Nachfrage ab<\/span><\/li><\/ul><p><span style=\"font-weight: 400;\">In diesem Stadium ist eine reaktive Planung nicht mehr ausreichend.<\/span><\/p><h2><b>H\u00e4ufig gestellte Fragen<\/b><\/h2><h3><b>Wie genau m\u00fcssen die Kapazit\u00e4tspl\u00e4ne sein?  <\/b><\/h3><p><span style=\"font-weight: 400;\">Sie m\u00fcssen nicht exakt sein. Richtungsgenauigkeit und Fr\u00fchwarnung sind wichtiger als Pr\u00e4zision. <\/span><\/p><h3><b>Kann eine Kapazit\u00e4tsplanung ohne Zeiterfassung durchgef\u00fchrt werden?  <\/b><\/h3><p><span style=\"font-weight: 400;\">Ja. Die Kapazit\u00e4tsplanung basiert auf der erwarteten Arbeit und Verf\u00fcgbarkeit, nicht auf historischen Stundenzetteln. <\/span><\/p><h3><b>Sollte die Kapazit\u00e4tsplanung pro Person oder pro Rolle erfolgen?  <\/b><\/h3><p><span style=\"font-weight: 400;\">Die fr\u00fche Planung funktioniert oft besser auf Rollenebene. Wenn die Lieferung n\u00e4her r\u00fcckt, werden die Pl\u00e4ne in der Regel detaillierter. <\/span><\/p><h2><b>Quellen<\/b><\/h2><p><span style=\"font-weight: 400;\">PMI-Bibliothek: Kapazit\u00e4tsplanung und Ressourcenmanagement<\/span><span style=\"font-weight: 400;\"><br><\/span><a href=\"https:\/\/www.pmi.org\/learning\/library\/resource-leveling-scheduling-projects-6007\" target=\"_blank\" rel=\"noopener\"><span style=\"font-weight: 400;\">https:\/\/www.pmi.org\/learning\/library\/resource-leveling-scheduling-projects-6007<\/span><\/a><\/p><p><span style=\"font-weight: 400;\">Atlassian: Kapazit\u00e4tsplanung f\u00fcr Projektteams<\/span><span style=\"font-weight: 400;\"><br><\/span><a href=\"_wp_link_platzhalter\" data-wplink-edit=\"true\"><span style=\"font-weight: 400;\">https:\/\/www.atlassian.com\/work-management\/project-management\/capacity-planning<\/span><\/a><\/p><p><span style=\"font-weight: 400;\">IBM: \u00dcbersicht Kapazit\u00e4tsplanung<\/span><span style=\"font-weight: 400;\"><br><\/span><a href=\"https:\/\/www.ibm.com\/topics\/capacity-planning\" target=\"_blank\" rel=\"noopener\"><span style=\"font-weight: 400;\">https:\/\/www.ibm.com\/topics\/capacity-planning<\/span><\/a><\/p><p><span style=\"font-weight: 400;\">Planta-Glossar: Kapazit\u00e4tsplanung erkl\u00e4rt<\/span><span style=\"font-weight: 400;\"><br><\/span><a href=\"https:\/\/plantapp.io\/glossary\/capacity-planning\/\" target=\"_blank\" rel=\"noopener\"><span style=\"font-weight: 400;\">https:\/\/plantapp.io\/glossary\/capacity-planning\/<\/span><\/a><\/p>\t\t\t\t\t\t\t\t<\/div>\n\t\t\t\t\t<\/div>\n\t\t\t\t<\/div>\n\t\t\t\t<\/div>\n\t\t","protected":false},"excerpt":{"rendered":"<p>Wie man die Kapazit\u00e4t von Projektteams plant TL;DR Die Kapazit\u00e4tsplanung hilft Projektteams dabei, festzustellen, ob die k\u00fcnftige Arbeit in die verf\u00fcgbare Zeit und die vorhandenen F\u00e4higkeiten passt. Es vergleicht die erwartete Arbeitsbelastung mit der Verf\u00fcgbarkeit des Teams, bevor Verpflichtungen eingegangen werden. Eine effektive Kapazit\u00e4tsplanung verhindert \u00dcberbuchungen, verpasste Fristen und Burnout. Der Prozess sollte leichtgewichtig und [&hellip;]<\/p>\n","protected":false},"author":12,"featured_media":0,"parent":0,"menu_order":0,"comment_status":"closed","ping_status":"closed","template":"","meta":{"footnotes":""},"class_list":["post-37394","page","type-page","status-publish","hentry"],"_links":{"self":[{"href":"https:\/\/teambookapp.com\/de\/wp-json\/wp\/v2\/pages\/37394","targetHints":{"allow":["GET"]}}],"collection":[{"href":"https:\/\/teambookapp.com\/de\/wp-json\/wp\/v2\/pages"}],"about":[{"href":"https:\/\/teambookapp.com\/de\/wp-json\/wp\/v2\/types\/page"}],"author":[{"embeddable":true,"href":"https:\/\/teambookapp.com\/de\/wp-json\/wp\/v2\/users\/12"}],"replies":[{"embeddable":true,"href":"https:\/\/teambookapp.com\/de\/wp-json\/wp\/v2\/comments?post=37394"}],"version-history":[{"count":1,"href":"https:\/\/teambookapp.com\/de\/wp-json\/wp\/v2\/pages\/37394\/revisions"}],"predecessor-version":[{"id":37395,"href":"https:\/\/teambookapp.com\/de\/wp-json\/wp\/v2\/pages\/37394\/revisions\/37395"}],"wp:attachment":[{"href":"https:\/\/teambookapp.com\/de\/wp-json\/wp\/v2\/media?parent=37394"}],"curies":[{"name":"wp","href":"https:\/\/api.w.org\/{rel}","templated":true}]}}