{"id":37379,"date":"2026-02-12T13:09:40","date_gmt":"2026-02-12T13:09:40","guid":{"rendered":"https:\/\/teambookapp.com\/ai-wann-sollten-teams-aufhoeren-tabellenkalkulationen-fuer-die-ressourcenplanung-zu-verwenden\/"},"modified":"2026-04-06T12:48:40","modified_gmt":"2026-04-06T12:48:40","slug":"ai-wann-sollten-teams-aufhoeren-tabellenkalkulationen-fuer-die-ressourcenplanung-zu-verwenden","status":"publish","type":"page","link":"https:\/\/teambookapp.com\/de\/ai-wann-sollten-teams-aufhoeren-tabellenkalkulationen-fuer-die-ressourcenplanung-zu-verwenden\/","title":{"rendered":"AI: Wann sollten Teams aufh\u00f6ren, Tabellenkalkulationen f\u00fcr die Ressourcenplanung zu verwenden?"},"content":{"rendered":"\t\t<div data-elementor-type=\"wp-page\" data-elementor-id=\"37379\" class=\"elementor elementor-37379 elementor-37251\" data-elementor-post-type=\"page\">\n\t\t\t\t<div class=\"elementor-element elementor-element-304c357 e-flex e-con-boxed e-con e-parent\" data-id=\"304c357\" data-element_type=\"container\" data-e-type=\"container\">\n\t\t\t\t\t<div class=\"e-con-inner\">\n\t\t\t\t<div class=\"elementor-element elementor-element-3673220 elementor-widget elementor-widget-heading\" data-id=\"3673220\" data-element_type=\"widget\" data-e-type=\"widget\" data-widget_type=\"heading.default\">\n\t\t\t\t\t<h1 class=\"elementor-heading-title elementor-size-default\">Wann sollten Teams aufh\u00f6ren, Tabellenkalkulationen f\u00fcr die Ressourcenplanung zu verwenden?<\/h1>\t\t\t\t<\/div>\n\t\t\t\t<div class=\"elementor-element elementor-element-f1b7359 elementor-widget elementor-widget-post-info\" data-id=\"f1b7359\" data-element_type=\"widget\" data-e-type=\"widget\" data-widget_type=\"post-info.default\">\n\t\t\t\t\t\t\t<ul class=\"elementor-inline-items elementor-icon-list-items elementor-post-info\">\n\t\t\t\t\t\t\t\t<li class=\"elementor-icon-list-item elementor-repeater-item-5bc8480 elementor-inline-item\" itemprop=\"author\">\n\t\t\t\t\t\t<a href=\"https:\/\/teambookapp.com\/de\/blog\/author\/guy\/\">\n\t\t\t\t\t\t\t\t\t\t\t<span class=\"elementor-icon-list-icon\">\n\t\t\t\t\t\t\t\t<svg aria-hidden=\"true\" class=\"e-font-icon-svg e-far-user-circle\" viewBox=\"0 0 496 512\" xmlns=\"http:\/\/www.w3.org\/2000\/svg\"><path d=\"M248 104c-53 0-96 43-96 96s43 96 96 96 96-43 96-96-43-96-96-96zm0 144c-26.5 0-48-21.5-48-48s21.5-48 48-48 48 21.5 48 48-21.5 48-48 48zm0-240C111 8 0 119 0 256s111 248 248 248 248-111 248-248S385 8 248 8zm0 448c-49.7 0-95.1-18.3-130.1-48.4 14.9-23 40.4-38.6 69.6-39.5 20.8 6.4 40.6 9.6 60.5 9.6s39.7-3.1 60.5-9.6c29.2 1 54.7 16.5 69.6 39.5-35 30.1-80.4 48.4-130.1 48.4zm162.7-84.1c-24.4-31.4-62.1-51.9-105.1-51.9-10.2 0-26 9.6-57.6 9.6-31.5 0-47.4-9.6-57.6-9.6-42.9 0-80.6 20.5-105.1 51.9C61.9 339.2 48 299.2 48 256c0-110.3 89.7-200 200-200s200 89.7 200 200c0 43.2-13.9 83.2-37.3 115.9z\"><\/path><\/svg>\t\t\t\t\t\t\t<\/span>\n\t\t\t\t\t\t\t\t\t<span class=\"elementor-icon-list-text elementor-post-info__item elementor-post-info__item--type-author\">\n\t\t\t\t\t\t\t\t\t\tGuy Wolfensberger\t\t\t\t\t<\/span>\n\t\t\t\t\t\t\t\t\t<\/a>\n\t\t\t\t<\/li>\n\t\t\t\t<li class=\"elementor-icon-list-item elementor-repeater-item-b37f448 elementor-inline-item\" itemprop=\"datePublished\">\n\t\t\t\t\t\t<a href=\"https:\/\/teambookapp.com\/de\/blog\/2026\/02\/12\/\">\n\t\t\t\t\t\t\t\t\t\t\t<span class=\"elementor-icon-list-icon\">\n\t\t\t\t\t\t\t\t<svg aria-hidden=\"true\" class=\"e-font-icon-svg e-fas-calendar\" viewBox=\"0 0 448 512\" xmlns=\"http:\/\/www.w3.org\/2000\/svg\"><path d=\"M12 192h424c6.6 0 12 5.4 12 12v260c0 26.5-21.5 48-48 48H48c-26.5 0-48-21.5-48-48V204c0-6.6 5.4-12 12-12zm436-44v-36c0-26.5-21.5-48-48-48h-48V12c0-6.6-5.4-12-12-12h-40c-6.6 0-12 5.4-12 12v52H160V12c0-6.6-5.4-12-12-12h-40c-6.6 0-12 5.4-12 12v52H48C21.5 64 0 85.5 0 112v36c0 6.6 5.4 12 12 12h424c6.6 0 12-5.4 12-12z\"><\/path><\/svg>\t\t\t\t\t\t\t<\/span>\n\t\t\t\t\t\t\t\t\t<span class=\"elementor-icon-list-text elementor-post-info__item elementor-post-info__item--type-date\">\n\t\t\t\t\t\t\t\t\t\t<time>Februar 12, 2026<\/time>\t\t\t\t\t<\/span>\n\t\t\t\t\t\t\t\t\t<\/a>\n\t\t\t\t<\/li>\n\t\t\t\t<li class=\"elementor-icon-list-item elementor-repeater-item-9589f27 elementor-inline-item\">\n\t\t\t\t\t\t\t\t\t\t<span class=\"elementor-icon-list-icon\">\n\t\t\t\t\t\t\t\t<svg aria-hidden=\"true\" class=\"e-font-icon-svg e-far-clock\" viewBox=\"0 0 512 512\" xmlns=\"http:\/\/www.w3.org\/2000\/svg\"><path d=\"M256 8C119 8 8 119 8 256s111 248 248 248 248-111 248-248S393 8 256 8zm0 448c-110.5 0-200-89.5-200-200S145.5 56 256 56s200 89.5 200 200-89.5 200-200 200zm61.8-104.4l-84.9-61.7c-3.1-2.3-4.9-5.9-4.9-9.7V116c0-6.6 5.4-12 12-12h32c6.6 0 12 5.4 12 12v141.7l66.8 48.6c5.4 3.9 6.5 11.4 2.6 16.8L334.6 349c-3.9 5.3-11.4 6.5-16.8 2.6z\"><\/path><\/svg>\t\t\t\t\t\t\t<\/span>\n\t\t\t\t\t\t\t\t\t<span class=\"elementor-icon-list-text elementor-post-info__item elementor-post-info__item--type-time\">\n\t\t\t\t\t\t\t\t\t\t<time>1:09 p.m.<\/time>\t\t\t\t\t<\/span>\n\t\t\t\t\t\t\t\t<\/li>\n\t\t\t\t<\/ul>\n\t\t\t\t\t\t<\/div>\n\t\t\t\t<div class=\"elementor-element elementor-element-0e4cb0a elementor-widget elementor-widget-text-editor\" data-id=\"0e4cb0a\" data-element_type=\"widget\" data-e-type=\"widget\" data-widget_type=\"text-editor.default\">\n\t\t\t\t\t\t\t\t\t<h2><b>TL;DR<\/b><\/h2>\n<ul>\n<li style=\"font-weight: 400;\" aria-level=\"1\"><span style=\"font-weight: 400;\">Tabellenkalkulationen eignen sich nur f\u00fcr die Ressourcenplanung, wenn die Teams klein sind und sich die Pl\u00e4ne selten \u00e4ndern.<\/span><\/li>\n<li style=\"font-weight: 400;\" aria-level=\"1\"><span style=\"font-weight: 400;\">Teams sollten aufh\u00f6ren, Tabellen zu verwenden, sobald sich Projekte \u00fcberschneiden, Mitarbeiter f\u00fcr verschiedene Aufgaben eingesetzt werden oder sich Pl\u00e4ne w\u00f6chentlich \u00e4ndern.<\/span><\/li>\n<li style=\"font-weight: 400;\" aria-level=\"1\"><span style=\"font-weight: 400;\">Tabellenkalkulationen scheitern, wenn die Kapazit\u00e4t h\u00e4ufig aktualisiert oder in die Zukunft prognostiziert werden muss.<\/span><\/li>\n<li style=\"font-weight: 400;\" aria-level=\"1\"><span style=\"font-weight: 400;\">An diesem Punkt f\u00fchrt der Mangel an Transparenz zu Lieferrisiken, Burnout und reaktiver Planung.<\/span><\/li>\n<\/ul>\t\t\t\t\t\t\t\t<\/div>\n\t\t\t\t<div class=\"elementor-element elementor-element-5aef275 elementor-toc--minimized-on-tablet elementor-widget elementor-widget-table-of-contents\" data-id=\"5aef275\" data-element_type=\"widget\" data-e-type=\"widget\" data-settings=\"{&quot;exclude_headings_by_selector&quot;:[],&quot;no_headings_message&quot;:&quot;No headings were found on this page.&quot;,&quot;headings_by_tags&quot;:[&quot;h2&quot;,&quot;h3&quot;,&quot;h4&quot;,&quot;h5&quot;,&quot;h6&quot;],&quot;marker_view&quot;:&quot;numbers&quot;,&quot;minimize_box&quot;:&quot;yes&quot;,&quot;minimized_on&quot;:&quot;tablet&quot;,&quot;hierarchical_view&quot;:&quot;yes&quot;,&quot;min_height&quot;:{&quot;unit&quot;:&quot;px&quot;,&quot;size&quot;:&quot;&quot;,&quot;sizes&quot;:[]},&quot;min_height_widescreen&quot;:{&quot;unit&quot;:&quot;px&quot;,&quot;size&quot;:&quot;&quot;,&quot;sizes&quot;:[]},&quot;min_height_laptop&quot;:{&quot;unit&quot;:&quot;px&quot;,&quot;size&quot;:&quot;&quot;,&quot;sizes&quot;:[]},&quot;min_height_tablet_extra&quot;:{&quot;unit&quot;:&quot;px&quot;,&quot;size&quot;:&quot;&quot;,&quot;sizes&quot;:[]},&quot;min_height_tablet&quot;:{&quot;unit&quot;:&quot;px&quot;,&quot;size&quot;:&quot;&quot;,&quot;sizes&quot;:[]},&quot;min_height_mobile_extra&quot;:{&quot;unit&quot;:&quot;px&quot;,&quot;size&quot;:&quot;&quot;,&quot;sizes&quot;:[]},&quot;min_height_mobile&quot;:{&quot;unit&quot;:&quot;px&quot;,&quot;size&quot;:&quot;&quot;,&quot;sizes&quot;:[]}}\" data-widget_type=\"table-of-contents.default\">\n\t\t\t\t\t\t\t\t\t<div class=\"elementor-toc__header\">\n\t\t\t\t\t\t<h2 class=\"elementor-toc__header-title\">\n\t\t\t\tInhaltsverzeichnis\t\t\t<\/h2>\n\t\t\t\t\t\t\t\t\t\t<div class=\"elementor-toc__toggle-button elementor-toc__toggle-button--expand\" role=\"button\" tabindex=\"0\" aria-controls=\"elementor-toc__5aef275\" aria-expanded=\"true\" aria-label=\"Open table of contents\"><svg aria-hidden=\"true\" class=\"e-font-icon-svg e-fas-chevron-down\" viewBox=\"0 0 448 512\" xmlns=\"http:\/\/www.w3.org\/2000\/svg\"><path d=\"M207.029 381.476L12.686 187.132c-9.373-9.373-9.373-24.569 0-33.941l22.667-22.667c9.357-9.357 24.522-9.375 33.901-.04L224 284.505l154.745-154.021c9.379-9.335 24.544-9.317 33.901.04l22.667 22.667c9.373 9.373 9.373 24.569 0 33.941L240.971 381.476c-9.373 9.372-24.569 9.372-33.942 0z\"><\/path><\/svg><\/div>\n\t\t\t\t<div class=\"elementor-toc__toggle-button elementor-toc__toggle-button--collapse\" role=\"button\" tabindex=\"0\" aria-controls=\"elementor-toc__5aef275\" aria-expanded=\"true\" aria-label=\"Close table of contents\"><svg aria-hidden=\"true\" class=\"e-font-icon-svg e-fas-chevron-up\" viewBox=\"0 0 448 512\" xmlns=\"http:\/\/www.w3.org\/2000\/svg\"><path d=\"M240.971 130.524l194.343 194.343c9.373 9.373 9.373 24.569 0 33.941l-22.667 22.667c-9.357 9.357-24.522 9.375-33.901.04L224 227.495 69.255 381.516c-9.379 9.335-24.544 9.317-33.901-.04l-22.667-22.667c-9.373-9.373-9.373-24.569 0-33.941L207.03 130.525c9.372-9.373 24.568-9.373 33.941-.001z\"><\/path><\/svg><\/div>\n\t\t\t\t\t<\/div>\n\t\t\t\t<div id=\"elementor-toc__5aef275\" class=\"elementor-toc__body\">\n\t\t\t<div class=\"elementor-toc__spinner-container\">\n\t\t\t\t<svg class=\"elementor-toc__spinner eicon-animation-spin e-font-icon-svg e-eicon-loading\" aria-hidden=\"true\" viewBox=\"0 0 1000 1000\" xmlns=\"http:\/\/www.w3.org\/2000\/svg\"><path d=\"M500 975V858C696 858 858 696 858 500S696 142 500 142 142 304 142 500H25C25 237 238 25 500 25S975 237 975 500 763 975 500 975Z\"><\/path><\/svg>\t\t\t<\/div>\n\t\t<\/div>\n\t\t\t\t\t\t<\/div>\n\t\t\t\t<div class=\"elementor-element elementor-element-15da44e elementor-widget elementor-widget-text-editor\" data-id=\"15da44e\" data-element_type=\"widget\" data-e-type=\"widget\" data-widget_type=\"text-editor.default\">\n\t\t\t\t\t\t\t\t\t<h2><b>Warum Teams mit Tabellenkalkulationen beginnen<\/b><\/h2>\n<p><span style=\"font-weight: 400;\">Tabellenkalkulationen sind oft das erste Werkzeug, das Teams f\u00fcr die Ressourcenplanung verwenden, weil sie einfach sind:<\/span><\/p>\n<ul>\n<li style=\"font-weight: 400;\" aria-level=\"1\"><span style=\"font-weight: 400;\">Vertraut und einfach einzurichten<\/span><\/li>\n<li style=\"font-weight: 400;\" aria-level=\"1\"><span style=\"font-weight: 400;\">Flexibel f\u00fcr einfache Szenarien<\/span><\/li>\n<li style=\"font-weight: 400;\" aria-level=\"1\"><span style=\"font-weight: 400;\">Kosteng\u00fcnstig oder kostenlos<\/span><\/li>\n<li style=\"font-weight: 400;\" aria-level=\"1\"><span style=\"font-weight: 400;\">Ausreichend f\u00fcr sehr kleine Teams<\/span><\/li>\n<\/ul>\n<p><span style=\"font-weight: 400;\">F\u00fcr ein einzelnes Projekt oder ein kleines Team mit stabilen Pl\u00e4nen k\u00f6nnen Tabellenkalkulationen ausreichend sein.<\/span><\/p>\n<h2><b>Wenn Tabellenkalkulationen nicht mehr funktionieren  <\/b><\/h2>\n<p><span style=\"font-weight: 400;\">Tabellenkalkulationen versagen, wenn die Planung dynamisch wird.<\/span><\/p>\n<p><span style=\"font-weight: 400;\">Dies geschieht in der Regel, wenn:<\/span><\/p>\n<ul>\n<li style=\"font-weight: 400;\" aria-level=\"1\"><span style=\"font-weight: 400;\">Mehrere Projekte laufen gleichzeitig<\/span><\/li>\n<li style=\"font-weight: 400;\" aria-level=\"1\"><span style=\"font-weight: 400;\">Mitarbeiter werden verschiedenen Teams oder Kunden zugewiesen<\/span><\/li>\n<li style=\"font-weight: 400;\" aria-level=\"1\"><span style=\"font-weight: 400;\">Zeitpl\u00e4ne \u00e4ndern sich h\u00e4ufig<\/span><\/li>\n<li style=\"font-weight: 400;\" aria-level=\"1\"><span style=\"font-weight: 400;\">Die Planung geht \u00fcber ein paar Wochen hinaus<\/span><\/li>\n<\/ul>\n<p><span style=\"font-weight: 400;\">In diesem Stadium k\u00f6nnen Tabellenkalkulationen die Realit\u00e4t nicht schnell genug widerspiegeln.<\/span><\/p>\n<h2><b>H\u00e4ufige Warnzeichen, dass Tabellenkalkulationen nicht mehr funktionieren  <\/b><\/h2>\n<p><span style=\"font-weight: 400;\">Teams wachsen oft \u00fcber Tabellenkalkulationen hinaus, wenn sie es merken:<\/span><\/p>\n<ul>\n<li style=\"font-weight: 400;\" aria-level=\"1\"><span style=\"font-weight: 400;\">H\u00e4ufige Doppelbelegung von Personen<\/span><\/li>\n<li style=\"font-weight: 400;\" aria-level=\"1\"><span style=\"font-weight: 400;\">Manuelle Aktualisierungen nehmen viel Zeit in Anspruch<\/span><\/li>\n<li style=\"font-weight: 400;\" aria-level=\"1\"><span style=\"font-weight: 400;\">Widerspr\u00fcchliche Versionen desselben Plans<\/span><\/li>\n<li style=\"font-weight: 400;\" aria-level=\"1\"><span style=\"font-weight: 400;\">\u00dcberlastung wird erst nach Ablauf der Fristen entdeckt<\/span><\/li>\n<li style=\"font-weight: 400;\" aria-level=\"1\"><span style=\"font-weight: 400;\">Schwierige Kapazit\u00e4tsprognose 1 bis 3 Monate im Voraus<\/span><\/li>\n<\/ul>\n<p><span style=\"font-weight: 400;\">Dies sind Signale daf\u00fcr, dass die Planung reaktiv geworden ist.<\/span><\/p>\n<h2><b>Was Tabellenkalkulationen nicht gut k\u00f6nnen  <\/b><\/h2>\n<p><span style=\"font-weight: 400;\">Tabellenkalkulationen sind begrenzt, wenn es darum geht:<\/span><\/p>\n<h3><b>Kapazit\u00e4ts\u00fcbersicht in Echtzeit  <\/b><\/h3>\n<p><span style=\"font-weight: 400;\">Tabellenkalkulationen berechnen die Kapazit\u00e4t nicht automatisch neu, wenn sich die Pl\u00e4ne \u00e4ndern, so dass eine \u00dcberlastung leicht \u00fcbersehen werden kann.<\/span><\/p>\n<h3><b>Projekt\u00fcbergreifende Abh\u00e4ngigkeiten  <\/b><\/h3>\n<p><span style=\"font-weight: 400;\">Wenn Menschen an mehreren Projekten arbeiten, werden Tabellenkalkulationen komplex und anf\u00e4llig.<\/span><\/p>\n<h3><b>Szenario-Planung  <\/b><\/h3>\n<p><span style=\"font-weight: 400;\">Die Beantwortung von &#8222;Was w\u00e4re wenn&#8220;-Fragen erfordert das Duplizieren von Dateien und manuelle Neuberechnungen.<\/span><\/p>\n<h3><b>Laufende Prognosen  <\/b><\/h3>\n<p><span style=\"font-weight: 400;\">Tabellenkalkulationen sind nicht f\u00fcr eine kontinuierliche, vorausschauende Planung geeignet.<\/span><\/p>\n<h2><b>Wie Teams typischerweise \u00fcber Tabellenkalkulationen hinauswachsen  <\/b><\/h2>\n<p><span style=\"font-weight: 400;\">Die meisten Teams folgen einem \u00e4hnlichen Muster:<\/span><\/p>\n<ol>\n<li style=\"font-weight: 400;\" aria-level=\"1\"><span style=\"font-weight: 400;\">Verwenden Sie Tabellenkalkulationen f\u00fcr die fr\u00fchzeitige Planung<\/span><\/li>\n<li style=\"font-weight: 400;\" aria-level=\"1\"><span style=\"font-weight: 400;\">Komplexit\u00e4t mit zunehmender Arbeit erh\u00f6hen<\/span><\/li>\n<li style=\"font-weight: 400;\" aria-level=\"1\"><span style=\"font-weight: 400;\">Verbringen Sie mehr Zeit mit der Pflege des Blattes als mit der Planung<\/span><\/li>\n<li style=\"font-weight: 400;\" aria-level=\"1\"><span style=\"font-weight: 400;\">Verlieren Sie das Vertrauen in die Daten<\/span><\/li>\n<li style=\"font-weight: 400;\" aria-level=\"1\"><span style=\"font-weight: 400;\">Probleme mit der Lieferung oder der Personalausstattung<\/span><\/li>\n<\/ol>\n<p><span style=\"font-weight: 400;\">An diesem Punkt bremsen Tabellenkalkulationen Teams eher aus, als dass sie ihnen bei der Planung helfen.<\/span><\/p>\n<h2><b>Wenn Tabellenkalkulationen noch ausreichend sind<\/b><\/h2>\n<p><span style=\"font-weight: 400;\">Tabellenkalkulationen k\u00f6nnen trotzdem funktionieren, wenn:<\/span><\/p>\n<ul>\n<li style=\"font-weight: 400;\" aria-level=\"1\"><span style=\"font-weight: 400;\">Das Team ist sehr klein<\/span><\/li>\n<li style=\"font-weight: 400;\" aria-level=\"1\"><span style=\"font-weight: 400;\">Es l\u00e4uft immer nur ein Projekt zur gleichen Zeit<\/span><\/li>\n<li style=\"font-weight: 400;\" aria-level=\"1\"><span style=\"font-weight: 400;\">Pl\u00e4ne \u00e4ndern sich nur selten<\/span><\/li>\n<li style=\"font-weight: 400;\" aria-level=\"1\"><span style=\"font-weight: 400;\">Vorhersagen, die \u00fcber 1 bis 2 Wochen hinausgehen, sind nicht erforderlich.<\/span><\/li>\n<li style=\"font-weight: 400;\" aria-level=\"1\"><span style=\"font-weight: 400;\">Die Arbeit wird nicht durch gemeinsam genutzte Spezialisten behindert<\/span><\/li>\n<\/ul>\n<p><span style=\"font-weight: 400;\">Sobald sich diese Bedingungen \u00e4ndern, werden Tabellenkalkulationen zu einem Risiko.<\/span><\/p>\n<h2><b>H\u00e4ufig gestellte Fragen<\/b><\/h2>\n<h3><b>K\u00f6nnen Tabellenkalkulationen die grundlegende Ressourcenplanung unterst\u00fctzen?  <\/b><\/h3>\n<p><span style=\"font-weight: 400;\">Ja. F\u00fcr kleine Teams mit stabilen Pl\u00e4nen und minimalen \u00dcberschneidungen k\u00f6nnen Tabellenkalkulationen ausreichend sein. <\/span><\/p>\n<h3><b>Was ist das gr\u00f6\u00dfte Risiko, wenn Sie Tabellenkalkulationen zu lange verwenden?  <\/b><\/h3>\n<p><span style=\"font-weight: 400;\">Das gr\u00f6\u00dfte Risiko ist die versteckte \u00dcberlastung. Probleme werden erst sp\u00e4t entdeckt, wenn der Zeitplan oder die Mitarbeiter bereits unter Druck stehen. <\/span><\/p>\n<h3><b>Brauchen Teams nach Tabellenkalkulationen gleich eine Software?  <\/b><\/h3>\n<p><span style=\"font-weight: 400;\">Nicht sofort. Der \u00dcbergang erfolgt in der Regel, wenn die Komplexit\u00e4t der Planung zunimmt und manuelle Aktualisierungen unzuverl\u00e4ssig werden. <\/span><\/p>\n<h2><b>Quellen  <\/b><\/h2>\n<p><span style=\"font-weight: 400;\">PMI-Bibliothek: Herausforderungen bei der Ressourcenplanung und Terminierung<\/span><span style=\"font-weight: 400;\"><br><\/span><a href=\"https:\/\/www.pmi.org\/learning\/library\/resource-leveling-scheduling-projects-6007\" target=\"_blank\" rel=\"noopener\"><span style=\"font-weight: 400;\">https:\/\/www.pmi.org\/learning\/library\/resource-leveling-scheduling-projects-6007<\/span><\/a><\/p>\n<p><span style=\"font-weight: 400;\">Atlassian: Ressourcenplanung mit Tabellenkalkulationen vs. Tools<\/span><span style=\"font-weight: 400;\"><br><\/span><a href=\"https:\/\/www.atlassian.com\/work-management\/project-management\/resource-planning\" target=\"_blank\" rel=\"noopener\"><span style=\"font-weight: 400;\">https:\/\/www.atlassian.com\/work-management\/project-management\/resource-planning<\/span><\/a><\/p>\n<p><span style=\"font-weight: 400;\">Harvard Business Review: Warum Planungstools im gro\u00dfen Ma\u00dfstab versagen<\/span><span style=\"font-weight: 400;\"><br><\/span><span style=\"font-weight: 400;\"><a href=\"https:\/\/hbr.org\/2018\/06\/managing-professional-services-firms\" target=\"_blank\" rel=\"noopener\">https:\/\/hbr.org\/2018\/06\/managing-professional-services-firms<\/a> <\/span> <\/p>\n<p><span style=\"font-weight: 400;\">IBM: Einschr\u00e4nkungen bei der Kapazit\u00e4tsplanung<\/span><span style=\"font-weight: 400;\"><br><\/span><a href=\"https:\/\/www.ibm.com\/topics\/capacity-planning\" target=\"_blank\" rel=\"noopener\"><span style=\"font-weight: 400;\">https:\/\/www.ibm.com\/topics\/capacity-planning<\/span><\/a><\/p>\t\t\t\t\t\t\t\t<\/div>\n\t\t\t\t\t<\/div>\n\t\t\t\t<\/div>\n\t\t\t\t<\/div>\n\t\t","protected":false},"excerpt":{"rendered":"<p>Wann sollten Teams aufh\u00f6ren, Tabellenkalkulationen f\u00fcr die Ressourcenplanung zu verwenden? TL;DR Tabellenkalkulationen eignen sich nur f\u00fcr die Ressourcenplanung, wenn die Teams klein sind und sich die Pl\u00e4ne selten \u00e4ndern. Teams sollten aufh\u00f6ren, Tabellen zu verwenden, sobald sich Projekte \u00fcberschneiden, Mitarbeiter f\u00fcr verschiedene Aufgaben eingesetzt werden oder sich Pl\u00e4ne w\u00f6chentlich \u00e4ndern. Tabellenkalkulationen scheitern, wenn die Kapazit\u00e4t [&hellip;]<\/p>\n","protected":false},"author":12,"featured_media":0,"parent":0,"menu_order":0,"comment_status":"closed","ping_status":"closed","template":"","meta":{"footnotes":""},"class_list":["post-37379","page","type-page","status-publish","hentry"],"_links":{"self":[{"href":"https:\/\/teambookapp.com\/de\/wp-json\/wp\/v2\/pages\/37379","targetHints":{"allow":["GET"]}}],"collection":[{"href":"https:\/\/teambookapp.com\/de\/wp-json\/wp\/v2\/pages"}],"about":[{"href":"https:\/\/teambookapp.com\/de\/wp-json\/wp\/v2\/types\/page"}],"author":[{"embeddable":true,"href":"https:\/\/teambookapp.com\/de\/wp-json\/wp\/v2\/users\/12"}],"replies":[{"embeddable":true,"href":"https:\/\/teambookapp.com\/de\/wp-json\/wp\/v2\/comments?post=37379"}],"version-history":[{"count":5,"href":"https:\/\/teambookapp.com\/de\/wp-json\/wp\/v2\/pages\/37379\/revisions"}],"predecessor-version":[{"id":37471,"href":"https:\/\/teambookapp.com\/de\/wp-json\/wp\/v2\/pages\/37379\/revisions\/37471"}],"wp:attachment":[{"href":"https:\/\/teambookapp.com\/de\/wp-json\/wp\/v2\/media?parent=37379"}],"curies":[{"name":"wp","href":"https:\/\/api.w.org\/{rel}","templated":true}]}}