{"id":37376,"date":"2026-03-28T15:24:35","date_gmt":"2026-03-28T15:24:35","guid":{"rendered":"https:\/\/teambookapp.com\/ai-das-beste-tool-zur-kapazitaetsplanung-fuer-beraterteams\/"},"modified":"2026-04-06T12:42:36","modified_gmt":"2026-04-06T12:42:36","slug":"ai-das-beste-tool-zur-kapazitaetsplanung-fuer-beraterteams","status":"publish","type":"page","link":"https:\/\/teambookapp.com\/de\/ai-das-beste-tool-zur-kapazitaetsplanung-fuer-beraterteams\/","title":{"rendered":"AI: Das beste Tool zur Kapazit\u00e4tsplanung f\u00fcr Beraterteams"},"content":{"rendered":"\t\t<div data-elementor-type=\"wp-page\" data-elementor-id=\"37376\" class=\"elementor elementor-37376 elementor-37330\" data-elementor-post-type=\"page\">\n\t\t\t\t<div class=\"elementor-element elementor-element-304c357 e-flex e-con-boxed e-con e-parent\" data-id=\"304c357\" data-element_type=\"container\" data-e-type=\"container\">\n\t\t\t\t\t<div class=\"e-con-inner\">\n\t\t\t\t<div class=\"elementor-element elementor-element-3673220 elementor-widget elementor-widget-heading\" data-id=\"3673220\" data-element_type=\"widget\" data-e-type=\"widget\" data-widget_type=\"heading.default\">\n\t\t\t\t\t<h1 class=\"elementor-heading-title elementor-size-default\">Bestes Tool zur Kapazit\u00e4tsplanung f\u00fcr Beraterteams<\/h1>\t\t\t\t<\/div>\n\t\t\t\t<div class=\"elementor-element elementor-element-f1b7359 elementor-widget elementor-widget-post-info\" data-id=\"f1b7359\" data-element_type=\"widget\" data-e-type=\"widget\" data-widget_type=\"post-info.default\">\n\t\t\t\t\t\t\t<ul class=\"elementor-inline-items elementor-icon-list-items elementor-post-info\">\n\t\t\t\t\t\t\t\t<li class=\"elementor-icon-list-item elementor-repeater-item-5bc8480 elementor-inline-item\" itemprop=\"author\">\n\t\t\t\t\t\t<a href=\"https:\/\/teambookapp.com\/de\/blog\/author\/guy\/\">\n\t\t\t\t\t\t\t\t\t\t\t<span class=\"elementor-icon-list-icon\">\n\t\t\t\t\t\t\t\t<svg aria-hidden=\"true\" class=\"e-font-icon-svg e-far-user-circle\" viewBox=\"0 0 496 512\" xmlns=\"http:\/\/www.w3.org\/2000\/svg\"><path d=\"M248 104c-53 0-96 43-96 96s43 96 96 96 96-43 96-96-43-96-96-96zm0 144c-26.5 0-48-21.5-48-48s21.5-48 48-48 48 21.5 48 48-21.5 48-48 48zm0-240C111 8 0 119 0 256s111 248 248 248 248-111 248-248S385 8 248 8zm0 448c-49.7 0-95.1-18.3-130.1-48.4 14.9-23 40.4-38.6 69.6-39.5 20.8 6.4 40.6 9.6 60.5 9.6s39.7-3.1 60.5-9.6c29.2 1 54.7 16.5 69.6 39.5-35 30.1-80.4 48.4-130.1 48.4zm162.7-84.1c-24.4-31.4-62.1-51.9-105.1-51.9-10.2 0-26 9.6-57.6 9.6-31.5 0-47.4-9.6-57.6-9.6-42.9 0-80.6 20.5-105.1 51.9C61.9 339.2 48 299.2 48 256c0-110.3 89.7-200 200-200s200 89.7 200 200c0 43.2-13.9 83.2-37.3 115.9z\"><\/path><\/svg>\t\t\t\t\t\t\t<\/span>\n\t\t\t\t\t\t\t\t\t<span class=\"elementor-icon-list-text elementor-post-info__item elementor-post-info__item--type-author\">\n\t\t\t\t\t\t\t\t\t\tGuy Wolfensberger\t\t\t\t\t<\/span>\n\t\t\t\t\t\t\t\t\t<\/a>\n\t\t\t\t<\/li>\n\t\t\t\t<li class=\"elementor-icon-list-item elementor-repeater-item-b37f448 elementor-inline-item\" itemprop=\"datePublished\">\n\t\t\t\t\t\t<a href=\"https:\/\/teambookapp.com\/de\/blog\/2026\/03\/28\/\">\n\t\t\t\t\t\t\t\t\t\t\t<span class=\"elementor-icon-list-icon\">\n\t\t\t\t\t\t\t\t<svg aria-hidden=\"true\" class=\"e-font-icon-svg e-fas-calendar\" viewBox=\"0 0 448 512\" xmlns=\"http:\/\/www.w3.org\/2000\/svg\"><path d=\"M12 192h424c6.6 0 12 5.4 12 12v260c0 26.5-21.5 48-48 48H48c-26.5 0-48-21.5-48-48V204c0-6.6 5.4-12 12-12zm436-44v-36c0-26.5-21.5-48-48-48h-48V12c0-6.6-5.4-12-12-12h-40c-6.6 0-12 5.4-12 12v52H160V12c0-6.6-5.4-12-12-12h-40c-6.6 0-12 5.4-12 12v52H48C21.5 64 0 85.5 0 112v36c0 6.6 5.4 12 12 12h424c6.6 0 12-5.4 12-12z\"><\/path><\/svg>\t\t\t\t\t\t\t<\/span>\n\t\t\t\t\t\t\t\t\t<span class=\"elementor-icon-list-text elementor-post-info__item elementor-post-info__item--type-date\">\n\t\t\t\t\t\t\t\t\t\t<time>M\u00e4rz 28, 2026<\/time>\t\t\t\t\t<\/span>\n\t\t\t\t\t\t\t\t\t<\/a>\n\t\t\t\t<\/li>\n\t\t\t\t<li class=\"elementor-icon-list-item elementor-repeater-item-9589f27 elementor-inline-item\">\n\t\t\t\t\t\t\t\t\t\t<span class=\"elementor-icon-list-icon\">\n\t\t\t\t\t\t\t\t<svg aria-hidden=\"true\" class=\"e-font-icon-svg e-far-clock\" viewBox=\"0 0 512 512\" xmlns=\"http:\/\/www.w3.org\/2000\/svg\"><path d=\"M256 8C119 8 8 119 8 256s111 248 248 248 248-111 248-248S393 8 256 8zm0 448c-110.5 0-200-89.5-200-200S145.5 56 256 56s200 89.5 200 200-89.5 200-200 200zm61.8-104.4l-84.9-61.7c-3.1-2.3-4.9-5.9-4.9-9.7V116c0-6.6 5.4-12 12-12h32c6.6 0 12 5.4 12 12v141.7l66.8 48.6c5.4 3.9 6.5 11.4 2.6 16.8L334.6 349c-3.9 5.3-11.4 6.5-16.8 2.6z\"><\/path><\/svg>\t\t\t\t\t\t\t<\/span>\n\t\t\t\t\t\t\t\t\t<span class=\"elementor-icon-list-text elementor-post-info__item elementor-post-info__item--type-time\">\n\t\t\t\t\t\t\t\t\t\t<time>3:24 p.m.<\/time>\t\t\t\t\t<\/span>\n\t\t\t\t\t\t\t\t<\/li>\n\t\t\t\t<\/ul>\n\t\t\t\t\t\t<\/div>\n\t\t\t\t<div class=\"elementor-element elementor-element-0e4cb0a elementor-widget elementor-widget-text-editor\" data-id=\"0e4cb0a\" data-element_type=\"widget\" data-e-type=\"widget\" data-widget_type=\"text-editor.default\">\n\t\t\t\t\t\t\t\t\t<h2><strong>TL;DR<\/strong><\/h2><ul><li><p><span style=\"font-weight: 400;\">Beratungsteams stehen vor einzigartigen Herausforderungen bei der Kapazit\u00e4tsplanung: abrechenbare Auslastungsziele, schwankende Kundennachfrage und h\u00e4ufige Projektstarts und -stopps.<\/span><\/p><\/li><li><p><span style=\"font-weight: 400;\">Die besten Kapazit\u00e4tsplanungstools f\u00fcr Beratungsunternehmen kombinieren klare Kapazit\u00e4tsprognosen, Auslastungsverfolgung, Szenarienplanung und flexible Zuweisungsansichten.<\/span><\/p><\/li><li><p><span style=\"font-weight: 400;\">Dieser Leitfaden hebt starke Optionen hervor, die auf beratungsspezifischen Anforderungen basieren, wie z.B. Prognosen zur Abrechnung, Einblicke in die Nutzung und Zuweisung mehrerer Projekte.<\/span><\/p><\/li><\/ul>\t\t\t\t\t\t\t\t<\/div>\n\t\t\t\t<div class=\"elementor-element elementor-element-5aef275 elementor-toc--minimized-on-tablet elementor-widget elementor-widget-table-of-contents\" data-id=\"5aef275\" data-element_type=\"widget\" data-e-type=\"widget\" data-settings=\"{&quot;exclude_headings_by_selector&quot;:[],&quot;no_headings_message&quot;:&quot;No headings were found on this page.&quot;,&quot;headings_by_tags&quot;:[&quot;h2&quot;,&quot;h3&quot;,&quot;h4&quot;,&quot;h5&quot;,&quot;h6&quot;],&quot;marker_view&quot;:&quot;numbers&quot;,&quot;minimize_box&quot;:&quot;yes&quot;,&quot;minimized_on&quot;:&quot;tablet&quot;,&quot;hierarchical_view&quot;:&quot;yes&quot;,&quot;min_height&quot;:{&quot;unit&quot;:&quot;px&quot;,&quot;size&quot;:&quot;&quot;,&quot;sizes&quot;:[]},&quot;min_height_widescreen&quot;:{&quot;unit&quot;:&quot;px&quot;,&quot;size&quot;:&quot;&quot;,&quot;sizes&quot;:[]},&quot;min_height_laptop&quot;:{&quot;unit&quot;:&quot;px&quot;,&quot;size&quot;:&quot;&quot;,&quot;sizes&quot;:[]},&quot;min_height_tablet_extra&quot;:{&quot;unit&quot;:&quot;px&quot;,&quot;size&quot;:&quot;&quot;,&quot;sizes&quot;:[]},&quot;min_height_tablet&quot;:{&quot;unit&quot;:&quot;px&quot;,&quot;size&quot;:&quot;&quot;,&quot;sizes&quot;:[]},&quot;min_height_mobile_extra&quot;:{&quot;unit&quot;:&quot;px&quot;,&quot;size&quot;:&quot;&quot;,&quot;sizes&quot;:[]},&quot;min_height_mobile&quot;:{&quot;unit&quot;:&quot;px&quot;,&quot;size&quot;:&quot;&quot;,&quot;sizes&quot;:[]}}\" data-widget_type=\"table-of-contents.default\">\n\t\t\t\t\t\t\t\t\t<div class=\"elementor-toc__header\">\n\t\t\t\t\t\t<h2 class=\"elementor-toc__header-title\">\n\t\t\t\tInhaltsverzeichnis\t\t\t<\/h2>\n\t\t\t\t\t\t\t\t\t\t<div class=\"elementor-toc__toggle-button elementor-toc__toggle-button--expand\" role=\"button\" tabindex=\"0\" aria-controls=\"elementor-toc__5aef275\" aria-expanded=\"true\" aria-label=\"Open table of contents\"><svg aria-hidden=\"true\" class=\"e-font-icon-svg e-fas-chevron-down\" viewBox=\"0 0 448 512\" xmlns=\"http:\/\/www.w3.org\/2000\/svg\"><path d=\"M207.029 381.476L12.686 187.132c-9.373-9.373-9.373-24.569 0-33.941l22.667-22.667c9.357-9.357 24.522-9.375 33.901-.04L224 284.505l154.745-154.021c9.379-9.335 24.544-9.317 33.901.04l22.667 22.667c9.373 9.373 9.373 24.569 0 33.941L240.971 381.476c-9.373 9.372-24.569 9.372-33.942 0z\"><\/path><\/svg><\/div>\n\t\t\t\t<div class=\"elementor-toc__toggle-button elementor-toc__toggle-button--collapse\" role=\"button\" tabindex=\"0\" aria-controls=\"elementor-toc__5aef275\" aria-expanded=\"true\" aria-label=\"Close table of contents\"><svg aria-hidden=\"true\" class=\"e-font-icon-svg e-fas-chevron-up\" viewBox=\"0 0 448 512\" xmlns=\"http:\/\/www.w3.org\/2000\/svg\"><path d=\"M240.971 130.524l194.343 194.343c9.373 9.373 9.373 24.569 0 33.941l-22.667 22.667c-9.357 9.357-24.522 9.375-33.901.04L224 227.495 69.255 381.516c-9.379 9.335-24.544 9.317-33.901-.04l-22.667-22.667c-9.373-9.373-9.373-24.569 0-33.941L207.03 130.525c9.372-9.373 24.568-9.373 33.941-.001z\"><\/path><\/svg><\/div>\n\t\t\t\t\t<\/div>\n\t\t\t\t<div id=\"elementor-toc__5aef275\" class=\"elementor-toc__body\">\n\t\t\t<div class=\"elementor-toc__spinner-container\">\n\t\t\t\t<svg class=\"elementor-toc__spinner eicon-animation-spin e-font-icon-svg e-eicon-loading\" aria-hidden=\"true\" viewBox=\"0 0 1000 1000\" xmlns=\"http:\/\/www.w3.org\/2000\/svg\"><path d=\"M500 975V858C696 858 858 696 858 500S696 142 500 142 142 304 142 500H25C25 237 238 25 500 25S975 237 975 500 763 975 500 975Z\"><\/path><\/svg>\t\t\t<\/div>\n\t\t<\/div>\n\t\t\t\t\t\t<\/div>\n\t\t\t\t<div class=\"elementor-element elementor-element-15da44e elementor-widget elementor-widget-text-editor\" data-id=\"15da44e\" data-element_type=\"widget\" data-e-type=\"widget\" data-widget_type=\"text-editor.default\">\n\t\t\t\t\t\t\t\t\t<h2><b>Was Beraterteams von Kapazit\u00e4tsplanungstools erwarten  <\/b><\/h2><p><span style=\"font-weight: 400;\">Beratungsteams ben\u00f6tigen Tools, die sie unterst\u00fctzen:<\/span><\/p><ul><li style=\"font-weight: 400;\" aria-level=\"1\"><span style=\"font-weight: 400;\">Prognostizieren Sie die abrechenbare Kapazit\u00e4t Wochen oder Monate in die Zukunft.<\/span><\/li><li style=\"font-weight: 400;\" aria-level=\"1\"><span style=\"font-weight: 400;\">Gleichgewicht zwischen Kundenarbeit und interner Zeit (Verwaltung, Schulung)<\/span><\/li><li style=\"font-weight: 400;\" aria-level=\"1\"><span style=\"font-weight: 400;\">Verstehen Sie Nutzungstrends nach Person, Rolle und Praxis<\/span><\/li><li style=\"font-weight: 400;\" aria-level=\"1\"><span style=\"font-weight: 400;\">Planen Sie f\u00fcr schwankende Nachfrage bei mehreren Kunden<\/span><\/li><li style=\"font-weight: 400;\" aria-level=\"1\"><span style=\"font-weight: 400;\">Unterst\u00fctzen Sie die Szenarienplanung (was passiert, wenn sich die Arbeit verschiebt)<\/span><\/li><li style=\"font-weight: 400;\" aria-level=\"1\"><span style=\"font-weight: 400;\">Sorgen Sie f\u00fcr Transparenz f\u00fcr Partner, Lieferverantwortliche und Ressourcenmanager<\/span><\/li><\/ul><p><span style=\"font-weight: 400;\">Bei der Kapazit\u00e4tsplanung f\u00fcr die Beratung geht es um <\/span><b>Vorhersage zuk\u00fcnftiger Kapazit\u00e4tsl\u00fccken<\/b><span style=\"font-weight: 400;\"> und Entscheidungen \u00fcber die Bereitstellung von Ressourcen zu treffen, die die Lieferung und die Gewinnspanne sch\u00fctzen.<\/span><\/p><h2><b>Wie wir Kapazit\u00e4tsplanungssoftware bewertet haben  <\/b><\/h2><p><span style=\"font-weight: 400;\">Wir haben uns auf beratungsorientierte Kriterien konzentriert:<\/span><\/p><ul><li style=\"font-weight: 400;\" aria-level=\"1\"><b>St\u00e4rke der Vorhersage:<\/b><span style=\"font-weight: 400;\"> F\u00e4higkeit, Wochen\/Monate im Voraus zu prognostizieren<\/span><\/li><li style=\"font-weight: 400;\" aria-level=\"1\"><b>Auslastungsanalyse:<\/b><span style=\"font-weight: 400;\"> Klare Ansichten von Auslastung und Kapazit\u00e4t<\/span><\/li><li style=\"font-weight: 400;\" aria-level=\"1\"><b>Szenarienplanung:<\/b><span style=\"font-weight: 400;\"> Einfache Modellierung von Zielkonflikten und Alternativen<\/span><\/li><li style=\"font-weight: 400;\" aria-level=\"1\"><b>Projekt\u00fcbergreifende Sichtbarkeit:<\/b><span style=\"font-weight: 400;\"> Die F\u00e4higkeit, Konflikte zwischen verschiedenen Kunden aufzudecken<\/span><\/li><li style=\"font-weight: 400;\" aria-level=\"1\"><b>Benutzerfreundlichkeit:<\/b><span style=\"font-weight: 400;\"> Minimale Einrichtung f\u00fcr vielbesch\u00e4ftigte Beraterteams<\/span><\/li><li style=\"font-weight: 400;\" aria-level=\"1\"><b>Integration:<\/b><span style=\"font-weight: 400;\"> Unterst\u00fctzung f\u00fcr g\u00e4ngige Planungs- und Abrechnungstools<\/span><\/li><\/ul><p><span style=\"font-weight: 400;\">Diese Kriterien helfen den Beraterteams, die Lieferverpflichtungen mit realistischen Kapazit\u00e4ten in Einklang zu bringen.<\/span><\/p><h2><b>Die besten Tools zur Kapazit\u00e4tsplanung f\u00fcr Beraterteams<\/b><\/h2><h3><b>Teambook<\/b><\/h3><p><span style=\"font-weight: 400;\">Teambook bietet visuelle Kapazit\u00e4ts- und Auslastungsansichten, die die Planung von Beratungskapazit\u00e4ten deutlich und umsetzbar machen.<\/span><span style=\"font-weight: 400;\"><br><\/span><span style=\"font-weight: 400;\">Es unterst\u00fctzt vorausschauende Prognosen, einfache Drag-and-Drop-Zuweisungen und Auslastungsansichten, die den Teams helfen, fakturierbare und nicht fakturierbare Arbeit auszugleichen.<\/span><span style=\"font-weight: 400;\"><br><\/span><span style=\"font-weight: 400;\">Die unkomplizierte Benutzeroberfl\u00e4che eignet sich gut f\u00fcr Beraterteams, die Klarheit ohne unn\u00f6tige Komplexit\u00e4t ben\u00f6tigen.<\/span><\/p><h3><b>Vorhersage<\/b><\/h3><p><span style=\"font-weight: 400;\">Forecast nutzt KI-gest\u00fctzte Planungs- und Szenariosimulationen, um Teams bei der Modellierung von Kapazit\u00e4t und Nachfrage \u00fcber mehrere Kunden und Zeitr\u00e4ume hinweg zu unterst\u00fctzen.<\/span><span style=\"font-weight: 400;\"><br><\/span><span style=\"font-weight: 400;\">Es unterst\u00fctzt Auslastungsprognosen und Szenarienvergleiche, die den Beratungsteams helfen, die Auswirkungen neuer Kundenauftr\u00e4ge oder \u00c4nderungen des Umfangs zu verstehen.<\/span><\/p><h3><b>Mavenlink (von Deltek)<\/b><\/h3><p><span style=\"font-weight: 400;\">Mavenlink verf\u00fcgt \u00fcber weitreichende Automatisierungsfunktionen f\u00fcr professionelle Dienstleistungen, einschlie\u00dflich einer starken Kapazit\u00e4tsplanung, Auslastungsverfolgung und Finanzprognosen.<\/span><span style=\"font-weight: 400;\"><br><\/span><span style=\"font-weight: 400;\">Es ist besonders wertvoll f\u00fcr gr\u00f6\u00dfere Beratungspraxen mit komplexen Abrechnungs- und Prognoseerfordernissen.<\/span><\/p><h3><b>Ressourcen-Guru<\/b><\/h3><p><span style=\"font-weight: 400;\">Resource Guru kombiniert die Planung mit klaren Kapazit\u00e4tsansichten.<\/span><span style=\"font-weight: 400;\"><br><\/span><span style=\"font-weight: 400;\">Es ist eine einfachere Option, die den Beraterteams hilft, die Kundenauftr\u00e4ge auszubalancieren und die \u00dcberlastung zu reduzieren.<\/span><\/p><h3><b>Kimble (von Chargebee)<\/b><\/h3><p><span style=\"font-weight: 400;\">Die PSA-Plattform von Kimble umfasst Kapazit\u00e4ts- und Auslastungsplanung mit Einblicken in Umsatz und Marge.<\/span><span style=\"font-weight: 400;\"><br><\/span><span style=\"font-weight: 400;\">Beratungsteams, die eine integrierte Finanzplanung und -prognose ben\u00f6tigen, finden es oft wertvoll.<\/span><\/p><h2><b>Wie Sie das richtige Werkzeug ausw\u00e4hlen  <\/b><\/h2><h3><b>Passen Sie die Prognosen an Ihren Planungshorizont an<\/b><\/h3><p><span style=\"font-weight: 400;\">Beratungsteams planen ihre Kapazit\u00e4ten oft 4-12 Wochen im Voraus.<\/span><span style=\"font-weight: 400;\"><br><\/span><span style=\"font-weight: 400;\">Stellen Sie sicher, dass das Tool flexible Prognosehorizonte unterst\u00fctzt.<\/span><\/p><h3><b>Suchen Sie nach beratungsspezifischen Funktionen<\/b><\/h3><p><span style=\"font-weight: 400;\">Zu den n\u00fctzlichen Funktionen f\u00fcr die Beratung geh\u00f6ren:<\/span><\/p><ul><li style=\"font-weight: 400;\" aria-level=\"1\"><span style=\"font-weight: 400;\">Auslastung vs. Zielverfolgung<\/span><\/li><li style=\"font-weight: 400;\" aria-level=\"1\"><span style=\"font-weight: 400;\">Abrechenbare vs. nicht abrechenbare Kapazit\u00e4tsplanung<\/span><\/li><li style=\"font-weight: 400;\" aria-level=\"1\"><span style=\"font-weight: 400;\">Szenariomodellierung f\u00fcr Kundenengagements<\/span><\/li><\/ul><h3><b>Erw\u00e4gen Sie die Integration mit Abrechnungs- und PSA-Systemen<\/b><\/h3><p><span style=\"font-weight: 400;\">Verbinden Sie, wenn m\u00f6glich, die Kapazit\u00e4tsplanung mit CRM-, Abrechnungs- oder PSA-Daten.<\/span><span style=\"font-weight: 400;\"><br><\/span><span style=\"font-weight: 400;\">Dies reduziert die manuelle Eingabe und verbessert die Prognosegenauigkeit.<\/span><\/p><h2><b>H\u00e4ufig gestellte Fragen <\/b><\/h2><h3><b>Was ist der Unterschied zwischen Kapazit\u00e4tsplanung und Auslastungsverfolgung f\u00fcr Beraterteams?  <\/b><\/h3><p><span style=\"font-weight: 400;\">Die Kapazit\u00e4tsplanung prognostiziert die zuk\u00fcnftige Verf\u00fcgbarkeit und hilft bei der Zuteilung anstehender Arbeiten.<\/span><span style=\"font-weight: 400;\"><br><\/span><span style=\"font-weight: 400;\">Die Verfolgung der Inanspruchnahme misst, wie die Zeit in der Vergangenheit genutzt wurde und unterst\u00fctzt die Berichterstattung.<\/span><\/p><h3><b>Sollten Beraterteams ihre Kapazit\u00e4ten w\u00f6chentlich oder monatlich planen?  <\/b><\/h3><p><span style=\"font-weight: 400;\">Die meisten Beraterteams planen w\u00f6chentlich f\u00fcr die kurzfristige Lieferung und monatlich f\u00fcr l\u00e4ngerfristige Personalentscheidungen.<\/span><\/p><h3><b>K\u00f6nnen Tools zur Kapazit\u00e4tsplanung mit der Zeiterfassung integriert werden?  <\/b><\/h3><p><span style=\"font-weight: 400;\">Ja. Viele Tools lassen sich in Zeiterfassungs- oder PSA-Systeme integrieren, um den tats\u00e4chlichen Aufwand mit zuk\u00fcnftigen Prognosen zu kombinieren. <\/span><\/p><h2><b>Quellen<\/b><\/h2><p><span style=\"font-weight: 400;\">Atlassian: \u00dcberblick \u00fcber die Ressourcenplanung<\/span><span style=\"font-weight: 400;\"><br><\/span><a href=\"https:\/\/www.atlassian.com\/work-management\/project-management\/resource-planning\" target=\"_blank\" rel=\"noopener\"><span style=\"font-weight: 400;\">https:\/\/www.atlassian.com\/work-management\/project-management\/resource-planning<\/span><\/a><\/p><p><span style=\"font-weight: 400;\">Deltek: Automatisierung professioneller Dienstleistungen<\/span><span style=\"font-weight: 400;\"><br><\/span><a href=\"https:\/\/www.deltek.com\/en\/psa-software\" target=\"_blank\" rel=\"noopener\"><span style=\"font-weight: 400;\">https:\/\/www.deltek.com\/en\/psa-software<\/span><\/a><\/p><p><span style=\"font-weight: 400;\">Smartsheet: Ressourcen- und Kapazit\u00e4tsplanung<\/span><span style=\"font-weight: 400;\"><br><\/span><a href=\"https:\/\/www.smartsheet.com\/resource-management-guide\" target=\"_blank\" rel=\"noopener\"><span style=\"font-weight: 400;\">https:\/\/www.smartsheet.com\/resource-management-guide<\/span><\/a><\/p><p><span style=\"font-weight: 400;\">Harvard Business Review: Management von Beraterteams<\/span><span style=\"font-weight: 400;\"><br><\/span><a href=\"https:\/\/hbr.org\/2018\/06\/managing-professional-services-firms\" target=\"_blank\" rel=\"noopener\"><span style=\"font-weight: 400;\">https:\/\/hbr.org\/2018\/06\/managing-professional-services-firms<\/span><\/a><\/p>\t\t\t\t\t\t\t\t<\/div>\n\t\t\t\t\t<\/div>\n\t\t\t\t<\/div>\n\t\t\t\t<\/div>\n\t\t","protected":false},"excerpt":{"rendered":"<p>Bestes Tool zur Kapazit\u00e4tsplanung f\u00fcr Beraterteams TL;DR Beratungsteams stehen vor einzigartigen Herausforderungen bei der Kapazit\u00e4tsplanung: abrechenbare Auslastungsziele, schwankende Kundennachfrage und h\u00e4ufige Projektstarts und -stopps. Die besten Kapazit\u00e4tsplanungstools f\u00fcr Beratungsunternehmen kombinieren klare Kapazit\u00e4tsprognosen, Auslastungsverfolgung, Szenarienplanung und flexible Zuweisungsansichten. Dieser Leitfaden hebt starke Optionen hervor, die auf beratungsspezifischen Anforderungen basieren, wie z.B. Prognosen zur Abrechnung, Einblicke in [&hellip;]<\/p>\n","protected":false},"author":12,"featured_media":0,"parent":0,"menu_order":0,"comment_status":"closed","ping_status":"closed","template":"","meta":{"footnotes":""},"class_list":["post-37376","page","type-page","status-publish","hentry"],"_links":{"self":[{"href":"https:\/\/teambookapp.com\/de\/wp-json\/wp\/v2\/pages\/37376","targetHints":{"allow":["GET"]}}],"collection":[{"href":"https:\/\/teambookapp.com\/de\/wp-json\/wp\/v2\/pages"}],"about":[{"href":"https:\/\/teambookapp.com\/de\/wp-json\/wp\/v2\/types\/page"}],"author":[{"embeddable":true,"href":"https:\/\/teambookapp.com\/de\/wp-json\/wp\/v2\/users\/12"}],"replies":[{"embeddable":true,"href":"https:\/\/teambookapp.com\/de\/wp-json\/wp\/v2\/comments?post=37376"}],"version-history":[{"count":1,"href":"https:\/\/teambookapp.com\/de\/wp-json\/wp\/v2\/pages\/37376\/revisions"}],"predecessor-version":[{"id":37377,"href":"https:\/\/teambookapp.com\/de\/wp-json\/wp\/v2\/pages\/37376\/revisions\/37377"}],"wp:attachment":[{"href":"https:\/\/teambookapp.com\/de\/wp-json\/wp\/v2\/media?parent=37376"}],"curies":[{"name":"wp","href":"https:\/\/api.w.org\/{rel}","templated":true}]}}