{"id":35465,"date":"2026-02-24T17:00:16","date_gmt":"2026-02-24T17:00:16","guid":{"rendered":"https:\/\/teambookapp.com\/datenschutz\/"},"modified":"2026-03-24T18:03:00","modified_gmt":"2026-03-24T18:03:00","slug":"datenschutz","status":"publish","type":"page","link":"https:\/\/teambookapp.com\/de\/datenschutz\/","title":{"rendered":"Datenschutz"},"content":{"rendered":"\t\t<div data-elementor-type=\"wp-page\" data-elementor-id=\"35465\" class=\"elementor elementor-35465 elementor-35028\" data-elementor-post-type=\"page\">\n\t\t\t\t<div class=\"elementor-element elementor-element-304c357 e-flex e-con-boxed e-con e-parent\" data-id=\"304c357\" data-element_type=\"container\" data-e-type=\"container\">\n\t\t\t\t\t<div class=\"e-con-inner\">\n\t\t\t\t<div class=\"elementor-element elementor-element-530b3c1 elementor-widget elementor-widget-heading\" data-id=\"530b3c1\" data-element_type=\"widget\" data-e-type=\"widget\" data-widget_type=\"heading.default\">\n\t\t\t\t\t<p class=\"elementor-heading-title elementor-size-default\">Datum des Inkrafttretens: <em>Januar 1, 2025<\/em><\/p>\t\t\t\t<\/div>\n\t\t\t\t<div class=\"elementor-element elementor-element-3673220 elementor-widget elementor-widget-heading\" data-id=\"3673220\" data-element_type=\"widget\" data-e-type=\"widget\" data-widget_type=\"heading.default\">\n\t\t\t\t\t<h1 class=\"elementor-heading-title elementor-size-default\">Datenschutzbestimmungen<\/h1>\t\t\t\t<\/div>\n\t\t\t\t<div class=\"elementor-element elementor-element-15da44e elementor-widget elementor-widget-text-editor\" data-id=\"15da44e\" data-element_type=\"widget\" data-e-type=\"widget\" data-widget_type=\"text-editor.default\">\n\t\t\t\t\t\t\t\t\t<div class=\"elementor-element elementor-element-8fc97c6 elementor-widget elementor-widget-text-editor\" data-id=\"8fc97c6\" data-element_type=\"widget\" data-e-type=\"widget\" data-widget_type=\"text-editor.default\"><div class=\"elementor-widget-container\"><p>Teambook kann diese Datenschutzrichtlinie regelm\u00e4\u00dfig aktualisieren. Wir werden Sie \u00fcber wesentliche \u00c4nderungen im Umgang mit pers\u00f6nlichen Daten informieren, indem wir eine Mitteilung an die in Ihrem Teambook-Konto angegebene prim\u00e4re E-Mail-Adresse senden oder einen auff\u00e4lligen Hinweis auf unserer Website platzieren. <\/p><p>Diese Richtlinie kann zwar in andere Sprachen \u00fcbersetzt und im Internet \u00f6ffentlich zug\u00e4nglich gemacht werden, im Falle von Streitigkeiten ist jedoch die englische Version ma\u00dfgebend.<\/p><p>Sollten Sie zu irgendeinem Zeitpunkt Fragen oder Bedenken bez\u00fcglich unserer Datenschutzpraktiken haben, k\u00f6nnen Sie uns gerne unter <a href=\"mailto:privacy@teambookapp.com\">privacy@teambookapp.com<\/a> kontaktieren.<\/p><\/div><\/div><div class=\"elementor-element elementor-element-d44fa62 elementor-widget elementor-widget-heading\" data-id=\"d44fa62\" data-element_type=\"widget\" data-e-type=\"widget\" data-widget_type=\"heading.default\"><div class=\"elementor-widget-container\"><h2 class=\"elementor-heading-title elementor-size-default\">Unser Engagement f\u00fcr den Datenschutz<\/h2><\/div><\/div><div class=\"elementor-element elementor-element-86dca0f elementor-widget elementor-widget-text-editor\" data-id=\"86dca0f\" data-element_type=\"widget\" data-e-type=\"widget\" data-widget_type=\"text-editor.default\"><div class=\"elementor-widget-container\"><p>Teambook SA verpflichtet sich, die Privatsph\u00e4re seiner Kunden zu sch\u00fctzen. Diese Datenschutzrichtlinie beschreibt, welche Informationen wir sammeln und wie wir sie auf <a href=\"https:\/\/teambookapp.com\/de\/\">www.teambookapp.com<\/a> sowie auf <a href=\"http:\/\/web.teambookapp.com\/\">web.teambookapp.com verwenden k\u00f6nnen .<\/a> <\/p><p>Der Schutz Ihrer Daten ist f\u00fcr uns von gr\u00f6\u00dfter Bedeutung, da er dazu beitr\u00e4gt, das Vertrauen, den guten Willen und die Beziehungen zu Ihnen, unseren Kunden, zu st\u00e4rken.<\/p><p>Wir verpflichten uns, daf\u00fcr zu sorgen, dass alle von uns gespeicherten und verarbeiteten personenbezogenen Daten sicher und gesch\u00fctzt sind, einschlie\u00dflich:<\/p><ol><li>Kein Verkauf, Handel, Vermietung oder Weitergabe Ihrer pers\u00f6nlichen Daten an Dritte<\/li><li>Automatisches L\u00f6schen von pers\u00f6nlichen Daten, die nicht mehr ben\u00f6tigt werden.  <\/li><li>Erm\u00f6glicht es Benutzern und Organisationen, die von ihnen kontrollierten pers\u00f6nlichen Daten zu l\u00f6schen.<\/li><li>Den betroffenen Personen auf Wunsch Zugang zu ihren pers\u00f6nlichen Daten zu gew\u00e4hren.<\/li><li>Bei der Entwicklung und Verbesserung der Teambook-Dienste wird der &#8222;Datenschutz durch Design&#8220; ber\u00fccksichtigt.  <\/li><li>Ernennung eines Datenschutzbeauftragten<a href=\"mailto:privacy@teambookapp.com\">(privacy@teambookapp.com)<\/a> zur \u00dcberwachung von Datenschutzangelegenheiten.<\/li><li>Regelm\u00e4\u00dfige \u00dcberpr\u00fcfung unserer Datenschutzerkl\u00e4rungen, der Datenverarbeitungsvereinbarung sowie unserer internen Dokumentation und Prozesse.  <\/li><\/ol><\/div><\/div><div class=\"elementor-element elementor-element-6de421f elementor-widget elementor-widget-heading\" data-id=\"6de421f\" data-element_type=\"widget\" data-e-type=\"widget\" data-widget_type=\"heading.default\"><div class=\"elementor-widget-container\"><h2 class=\"elementor-heading-title elementor-size-default\">Rechtlicher Rahmen<\/h2><\/div><\/div><div class=\"elementor-element elementor-element-90a3227 elementor-widget elementor-widget-text-editor\" data-id=\"90a3227\" data-element_type=\"widget\" data-e-type=\"widget\" data-widget_type=\"text-editor.default\"><div class=\"elementor-widget-container\"><p>Teambook SA erkennt als Schweizer Unternehmen an, dass die Verarbeitung von Kundeninhalten dem schweizerischen Amts-, Berufs- und sonstigen gesetzlichen Geheimhaltungspflichten (z.B. Art. 320 ff. Schweizerisches Strafgesetzbuch) unterliegen kann (die &#8222;Geheimhaltungsgesetze&#8220;). Teambook wird die Kundeninhalte so lange vertraulich behandeln, wie es die Geheimhaltungsgesetze vorschreiben (auch \u00fcber die Vertragslaufzeit hinaus), und sie nur so weit verwenden, wie es f\u00fcr die Erbringung der Dienstleistungen erforderlich ist, und sie nicht an Dritte weitergeben, es sei denn, dies ist erforderlich, um den Anweisungen des Kunden, den Verpflichtungen aus dem Vertrag oder einer g\u00fcltigen und verbindlichen Anordnung einer zust\u00e4ndigen staatlichen Stelle (wie einer Vorladung, einem Haftbefehl oder einem Gerichtsbeschluss) nachzukommen.   <\/p><\/div><\/div><div class=\"elementor-element elementor-element-2569d59 elementor-widget elementor-widget-heading\" data-id=\"2569d59\" data-element_type=\"widget\" data-e-type=\"widget\" data-widget_type=\"heading.default\"><div class=\"elementor-widget-container\"><h2 class=\"elementor-heading-title elementor-size-default\">Welche Informationen sammeln wir und warum?<\/h2><\/div><\/div><div class=\"elementor-element elementor-element-41cc14d elementor-widget elementor-widget-text-editor\" data-id=\"41cc14d\" data-element_type=\"widget\" data-e-type=\"widget\" data-widget_type=\"text-editor.default\"><div class=\"elementor-widget-container\"><p>W\u00e4hrend eines Besuchs der Website k\u00f6nnen Sie sich daf\u00fcr entscheiden, uns pers\u00f6nliche Daten wie Ihren Namen, den Namen Ihrer Organisation, Ihre E-Mail-Adresse und ein Passwort zur Verf\u00fcgung zu stellen, um eine kostenlose Testversion des Dienstes zu erstellen.<\/p><p>Wenn Sie sich daf\u00fcr entscheiden, uns Ihre E-Mail-Adresse mitzuteilen, k\u00f6nnen wir diese verwenden, um auf eine Nachricht zu antworten, die Sie an uns geschickt haben. Wir k\u00f6nnen Ihre E-Mail-Adresse auch verwenden, um Sie von Zeit zu Zeit \u00fcber Aktualisierungen oder Verbesserungen des Teambook-Service oder unserer Richtlinien zu informieren oder um Ihnen andere Informationen zukommen zu lassen, von denen wir glauben, dass sie f\u00fcr Sie von Interesse sein k\u00f6nnten. <\/p><p>Die Informationen, die Sie w\u00e4hrend der Nutzung des Dienstes hochladen, k\u00f6nnen den Namen, die E-Mail-Adresse und das Foto von Ihnen oder Ihren Kollegen oder Mitarbeitern enthalten. Die Informationen werden den Nutzern Ihres Teambook-Kontos angezeigt, einschlie\u00dflich des Kontoinhabers, der Administratoren und der Teammitglieder sowie aller anderen Personen, denen Sie Anmeldedaten zur Verf\u00fcgung stellen. <\/p><p>Sie sind verantwortlich f\u00fcr die Daten, die Sie und von Ihnen autorisierte Benutzer in den Dienst eingeben, sowie f\u00fcr die \u00dcbereinstimmung dieser Daten mit geltendem Recht, einschlie\u00dflich, aber nicht beschr\u00e4nkt auf Datenschutzgesetze.<\/p><p>Wenn Sie sich daf\u00fcr entscheiden, den Service zu abonnieren, bitten wir Sie m\u00f6glicherweise um die Angabe von Kreditkarten- und Kontoinformationen, um Ihre Bestellung zu bearbeiten. Die \u00fcber unsere Website bereitgestellten Finanzdaten werden \u00fcber eine sichere Verbindung \u00fcbertragen. Wir speichern einen Datensatz der Zahlungstransaktion, einschlie\u00dflich der letzten 4 Ziffern der Kreditkartennummer, f\u00fcr Konto- und Rechnungszwecke. Wir werden die Weitergabe Ihrer pers\u00f6nlichen oder finanziellen Daten an Personen, die nicht direkt an der Abwicklung der Transaktion beteiligt sind, nicht genehmigen. Diese Informationen k\u00f6nnen verschl\u00fcsselt und zu Protokollierungszwecken in \u00dcbereinstimmung mit den geltenden gesetzlichen Bestimmungen gespeichert werden. Kreditkartennummern werden nur f\u00fcr die Zahlungsabwicklung und nicht f\u00fcr andere Zwecke verwendet.     <\/p><p>Im Rahmen des Service nutzen wir bestimmte Drittverarbeiter, um einige oder alle Ihrer pers\u00f6nlichen Daten zu verarbeiten. Zu unseren Unterverarbeitern geh\u00f6ren Cloud-Service-Anbieter, E-Mail-Zustelldienste, digitale Verhaltensanalysedienste und Anbieter von Helpdesk-Software. <\/p><\/div><\/div><div class=\"elementor-element elementor-element-34a1483 elementor-widget elementor-widget-heading\" data-id=\"34a1483\" data-element_type=\"widget\" data-e-type=\"widget\" data-widget_type=\"heading.default\"><div class=\"elementor-widget-container\"><h2 class=\"elementor-heading-title elementor-size-default\">Cookies<\/h2><\/div><\/div><div class=\"elementor-element elementor-element-80eacb2 elementor-widget elementor-widget-text-editor\" data-id=\"80eacb2\" data-element_type=\"widget\" data-e-type=\"widget\" data-widget_type=\"text-editor.default\"><div class=\"elementor-widget-container\"><p>Um die Website und den Service weiter zu verbessern und relevanter zu gestalten, k\u00f6nnen wir und unsere Unterauftragnehmer &#8222;Cookies&#8220;, &#8222;Web Beacons&#8220; und \u00e4hnliche Ger\u00e4te verwenden, um Ihre Aktivit\u00e4ten anonym zu verfolgen.<\/p><p>Ein Cookie ist eine kleine Datenmenge, die oft eine anonyme eindeutige Kennung enth\u00e4lt, die von den Computern einer Website an Ihren Browser gesendet und auf der Festplatte Ihres Computers gespeichert wird. Teambook kann Teambook-Cookies auf Ihrem Computer setzen und darauf zugreifen. Cookies sind erforderlich, um den Teambook-Service zu nutzen. <\/p><p>Wir verkn\u00fcpfen die Informationen, die wir in Cookies speichern, nicht mit pers\u00f6nlich identifizierbaren Informationen, die Sie auf unserer Website eingeben.<\/p><p>Wir verwenden sowohl Sitzungs-ID-Cookies als auch dauerhafte Cookies. Wir verwenden Sitzungscookies, um Ihnen die Navigation auf unserer Website zu erleichtern. Ein Sitzungs-ID-Cookie l\u00e4uft ab, wenn Sie Ihren Browser schlie\u00dfen. Ein dauerhafter Cookie verbleibt f\u00fcr einen l\u00e4ngeren Zeitraum auf Ihrer Festplatte. Sie k\u00f6nnen dauerhafte Cookies entfernen, indem Sie den Anweisungen in der Hilfedatei Ihres Internetbrowsers folgen.    <\/p><p>Beachten Sie, dass die Verwendung von Cookies durch Dritte nicht durch unsere Datenschutzerkl\u00e4rung abgedeckt ist. Wir haben keinen Zugriff auf oder Kontrolle \u00fcber diese Cookies. Diese Drittanbieter verwenden Session-ID-Cookies, um Ihnen die Navigation auf unserer Website zu erleichtern.  <\/p><p>Teambook arbeitet mit Drittanbietern und Hosting-Partnern zusammen, um die notwendige Hardware, Software, Netzwerk-, Speicher- und verwandte Technologie bereitzustellen, die f\u00fcr den Betrieb des Dienstes erforderlich ist. Obwohl Teambook der Eigent\u00fcmer des Codes, der Datenbanken und aller Rechte an der Teambook-Anwendung ist, behalten Sie alle Rechte an Ihren Daten. <\/p><p>Wir verwenden cookie-script.com als Plattform f\u00fcr die Verwaltung von Einwilligungen. In dem Popup-Fenster, das erscheint, wenn Sie auf unserer Website und in unserer Anwendung surfen, w\u00e4hlen Sie aus, welche Cookies wir verwenden sollen. <\/p><\/div><\/div><div class=\"elementor-element elementor-element-96eb212 elementor-widget elementor-widget-heading\" data-id=\"96eb212\" data-element_type=\"widget\" data-e-type=\"widget\" data-widget_type=\"heading.default\"><div class=\"elementor-widget-container\"><h2 class=\"elementor-heading-title elementor-size-default\">Wie sch\u00fctzen wir Ihre Daten?<\/h2><\/div><\/div><div class=\"elementor-element elementor-element-ef20cd9 elementor-widget elementor-widget-text-editor\" data-id=\"ef20cd9\" data-element_type=\"widget\" data-e-type=\"widget\" data-widget_type=\"text-editor.default\"><div class=\"elementor-widget-container\"><p>Wir halten uns an allgemein anerkannte Industriestandards, um die uns \u00fcbermittelten personenbezogenen Daten zu sch\u00fctzen, sowohl w\u00e4hrend der \u00dcbertragung als auch nach dem Erhalt der Daten. Keine Methode der \u00dcbertragung \u00fcber das Internet und keine Methode der elektronischen Speicherung ist jedoch 100% sicher. Obwohl wir uns bem\u00fchen, kommerziell akzeptable Mittel zum Schutz Ihrer pers\u00f6nlichen Daten einzusetzen, k\u00f6nnen wir daher keine absolute Sicherheit garantieren.  <\/p><p>Teambook verwendet nur ein g\u00fcltiges SSL-Zertifikat von gro\u00dfen Dienstanbietern und arbeitet \u00fcber das Secure Sockets Layer-Protokoll (HTTPS), so dass der Informationsaustausch zwischen Ihnen und Teambook verschl\u00fcsselt ist, unterst\u00fctzt AES 256-Bit-Verschl\u00fcsselung und TLS 1.2 und verschl\u00fcsselt alle Passw\u00f6rter in einer Richtung.<\/p><p>Beachten Sie, dass Passw\u00f6rter, wenn sie von Teambook empfangen werden, als nicht entschl\u00fcsselte Zeichenkette in der Datenbank gespeichert werden, so dass Teambook nur das vom Benutzer auf der Anmeldeseite eingegebene Passwort vergleichen, aber nicht entschl\u00fcsselt anzeigen kann.  <\/p><\/div><\/div><div class=\"elementor-element elementor-element-9fd5977 elementor-widget elementor-widget-heading\" data-id=\"9fd5977\" data-element_type=\"widget\" data-e-type=\"widget\" data-widget_type=\"heading.default\"><div class=\"elementor-widget-container\"><h2 class=\"elementor-heading-title elementor-size-default\">Unsere Aufbewahrungspolitik<\/h2><\/div><\/div><div class=\"elementor-element elementor-element-b08fb6b elementor-widget elementor-widget-text-editor\" data-id=\"b08fb6b\" data-element_type=\"widget\" data-e-type=\"widget\" data-widget_type=\"text-editor.default\"><div class=\"elementor-widget-container\"><ul><li>Generell gilt: Wenn Sie Ihr Konto als Kunde (bezahltes, Probe- oder kostenloses Konto) l\u00f6schen, werden alle Daten in der Teambook-Datenbank sofort gel\u00f6scht.<\/li><li>Beachten Sie, dass Teambook alle freien und inaktiven Konten \u00fcberwacht; bei Inaktivit\u00e4t \u00fcber einen Zeitraum von 90 Tagen wird Teambook den Kontoinhaber per E-Mail dar\u00fcber informieren, dass das Konto gel\u00f6scht wird, weil es inaktiv ist (und wenn es so bleibt!). Gem\u00e4\u00df dem vorherigen Absatz werden alle Daten in der Teambook-Datenbank sofort mit der L\u00f6schung des Kontos gel\u00f6scht. <\/li><li>Die Kontodaten, die auf einem Drittsystem (z.B. dem Kundenservicesystem) gespeichert sind, werden innerhalb der n\u00e4chsten 90 Tage nach der Kontol\u00f6schung gel\u00f6scht.<\/li><li>Wenn in Teambook ein Benutzer oder ein Projekt gel\u00f6scht wird, werden die entsprechenden Datenbankdaten sofort gel\u00f6scht.<\/li><li>Beachten Sie, dass die Datenbank von Teambook t\u00e4glich automatisch von unserem Cloud-Anbieter gesichert wird; die Sicherungsdateien werden systematisch nach einer Woche gel\u00f6scht.<\/li><li>Schlie\u00dflich werden in den Ereignisprotokollen nur die Ereignisse der letzten 90 Tage gespeichert.<\/li><\/ul><\/div><\/div><div class=\"elementor-element elementor-element-af1b918 elementor-widget elementor-widget-heading\" data-id=\"af1b918\" data-element_type=\"widget\" data-e-type=\"widget\" data-widget_type=\"heading.default\"><div class=\"elementor-widget-container\"><h2 class=\"elementor-heading-title elementor-size-default\">Ihre Rechte<\/h2><\/div><\/div><div class=\"elementor-element elementor-element-699feef elementor-widget elementor-widget-text-editor\" data-id=\"699feef\" data-element_type=\"widget\" data-e-type=\"widget\" data-widget_type=\"text-editor.default\"><div class=\"elementor-widget-container\"><p>Mit <strong>der<\/strong>Allgemeinen Datenschutzverordnung der Europ\u00e4ischen Union (GDPR) wurden neue Datenschutzgesetze eingef\u00fchrt, die sich auf Ihre Rechte und unsere Praktiken bei der Speicherung und dem Schutz Ihrer Daten auswirken. Ihre Rechte umfassen: <\/p><ul><li><strong>Recht auf Daten\u00fcbertragbarkeit:<\/strong> Wir bieten Ihnen eine Reihe von M\u00f6glichkeiten, Ihre Daten zu exportieren, sowohl im CSV- als auch im API-Format<\/li><li><strong>Recht auf Widerspruch &amp; Recht auf Berichtigung:<\/strong> Alle Ihre verf\u00fcgbaren pers\u00f6nlichen Daten k\u00f6nnen jederzeit \u00fcber unsere Webanwendung oder unsere API eingesehen und ge\u00e4ndert werden. Sie k\u00f6nnen sich auch von unseren Marketing-E-Mails abmelden, indem Sie dem Abmeldelink am Ende der Nachricht folgen. Wenn Sie sich \u00fcber die Art oder die Richtigkeit der von uns gespeicherten personenbezogenen Daten nicht sicher sind, k\u00f6nnen Sie uns eine E-Mail an <a href=\"mailto:privacy@teambookapp.com\">privacy@teambookapp.com<\/a> schicken und wir werden Sie aufkl\u00e4ren und ggf. korrigieren.  <\/li><li><strong>Recht auf L\u00f6schung:<\/strong> Der Kontoinhaber kann Ihr Konto jederzeit in den Kontoeinstellungen l\u00f6schen. Alle Ihre Inhalte werden innerhalb von 30 Tagen von unseren Servern gel\u00f6scht. Einzelne Personen und Projektdaten k\u00f6nnen auch jederzeit innerhalb der App oder \u00fcber unsere API gel\u00f6scht werden.  <\/li><li><strong>Unverz\u00fcgliche Benachrichtigung bei Verst\u00f6\u00dfen:<\/strong> Sie werden unverz\u00fcglich \u00fcber Verst\u00f6\u00dfe gegen die Bestimmungen der Datenschutz-Grundverordnung (GDPR) informiert, die Ihre pers\u00f6nlichen Daten betreffen, wie in Art. 34.<\/li><li><strong>Sie<\/strong>haben auch das Recht, eine <strong>Beschwerde<\/strong> bei der <a href=\"http:\/\/ec.europa.eu\/justice\/data-protection\/bodies\/authorities\/index_en.htm\" target=\"_blank\" rel=\"noopener\">zust\u00e4ndigen Aufsichtsbeh\u00f6rde<\/a> einzureichen.<\/li><\/ul><\/div><\/div><div class=\"elementor-element elementor-element-061ef84 elementor-widget elementor-widget-heading\" data-id=\"061ef84\" data-element_type=\"widget\" data-e-type=\"widget\" data-widget_type=\"heading.default\"><div class=\"elementor-widget-container\"><h2 class=\"elementor-heading-title elementor-size-default\">Was ist, wenn ich weitere Informationen ben\u00f6tige oder eine besondere Anfrage habe?<\/h2><\/div><\/div><div class=\"elementor-element elementor-element-292174f elementor-widget elementor-widget-text-editor\" data-id=\"292174f\" data-element_type=\"widget\" data-e-type=\"widget\" data-widget_type=\"text-editor.default\"><div class=\"elementor-widget-container\"><p>Wir sind st\u00e4ndig auf der Suche nach M\u00f6glichkeiten, unsere Datenschutzpraktiken zu st\u00e4rken und unsere Prozesse zu verbessern. Wenn Sie ein Kunde oder Partner von Teambook sind und ein Feedback, Bedenken oder eine spezielle Anfrage zum Datenschutz haben, wenden Sie sich bitte an unseren Datenschutzbeauftragten unter <a href=\"mailto:privacy@teambookapp.com\">privacy@teambookapp.com<\/a> <\/p><\/div><\/div>\t\t\t\t\t\t\t\t<\/div>\n\t\t\t\t\t<\/div>\n\t\t\t\t<\/div>\n\t\t<div class=\"elementor-element elementor-element-d7a2b7f e-flex e-con-boxed e-con e-parent\" data-id=\"d7a2b7f\" data-element_type=\"container\" data-e-type=\"container\">\n\t\t\t\t\t<div class=\"e-con-inner\">\n\t\t<div class=\"elementor-element elementor-element-1eee7b7 e-con-full animated-fast e-flex elementor-invisible e-con e-child\" data-id=\"1eee7b7\" data-element_type=\"container\" data-e-type=\"container\" data-settings=\"{&quot;background_background&quot;:&quot;classic&quot;,&quot;animation_delay&quot;:100,&quot;animation&quot;:&quot;fadeInUp&quot;}\">\n\t\t\t\t<div class=\"elementor-element elementor-element-88289d8 elementor-widget__width-initial elementor-widget elementor-widget-heading\" data-id=\"88289d8\" data-element_type=\"widget\" data-e-type=\"widget\" data-widget_type=\"heading.default\">\n\t\t\t\t\t<h2 class=\"elementor-heading-title elementor-size-default\">Schlie\u00dfen Sie sich Teams an, die Projektressourcen intelligenter planen<\/h2>\t\t\t\t<\/div>\n\t\t\t\t<div class=\"elementor-element elementor-element-3bed869 elementor-widget elementor-widget-heading\" data-id=\"3bed869\" data-element_type=\"widget\" data-e-type=\"widget\" data-widget_type=\"heading.default\">\n\t\t\t\t\t<div class=\"elementor-heading-title elementor-size-default\"><div class=\"trust-badges\" style=\"display: flex;flex-wrap: wrap;gap: 10px;justify-content: center\">\n  <div style=\"display: flex !important;align-items: end;gap: 5px !important\">EU gehostet  <img decoding=\"async\" src=\"\/wp-content\/uploads\/2026\/02\/flag-for-european-union_1f1ea-1f1fa-1.png\" width=\"20\" height=\"20\" alt=\"EU-Flagge\" style=\"margin-bottom: -2px\" title=\"\"><\/div>\n  <div style=\"display: flex !important;align-items: center;gap: 5px !important\">GDPR-konform  <img decoding=\"async\" src=\"\/wp-content\/uploads\/2026\/02\/shield_1f6e1.png\" width=\"18\" height=\"20\" alt=\"Schild\" title=\"\"><\/div>\n  <div style=\"display: flex;align-items: end;gap: 5px\">Schweizer Fabrikat  <img decoding=\"async\" src=\"\/wp-content\/uploads\/2026\/02\/flag-for-switzerland_1f1e8-1f1ed-1.png\" width=\"20\" height=\"20\" alt=\"Schweizer Flagge\" style=\"margin-bottom: -2px\" title=\"\"><\/div>\n<\/div><\/div>\t\t\t\t<\/div>\n\t\t<div class=\"elementor-element elementor-element-2150ab1 e-con-full e-flex e-con e-child\" data-id=\"2150ab1\" data-element_type=\"container\" data-e-type=\"container\">\n\t\t\t\t<div class=\"elementor-element elementor-element-3766ead elementor-align-justify elementor-widget-mobile__width-initial elementor-widget__width-initial elementor-widget elementor-widget-button\" data-id=\"3766ead\" data-element_type=\"widget\" data-e-type=\"widget\" data-widget_type=\"button.default\">\n\t\t\t\t\t\t\t\t\t\t<a class=\"elementor-button elementor-button-link elementor-size-sm\" href=\"https:\/\/web.teambookapp.com\/register\/en\/\">\n\t\t\t\t\t\t<span class=\"elementor-button-content-wrapper\">\n\t\t\t\t\t\t\t\t\t<span class=\"elementor-button-text\">Jetzt testen<\/span>\n\t\t\t\t\t<\/span>\n\t\t\t\t\t<\/a>\n\t\t\t\t\t\t\t\t<\/div>\n\t\t\t\t<div class=\"elementor-element elementor-element-7b00b13 elementor-widget elementor-widget-heading\" data-id=\"7b00b13\" data-element_type=\"widget\" data-e-type=\"widget\" data-widget_type=\"heading.default\">\n\t\t\t\t\t<p class=\"elementor-heading-title elementor-size-default\">Keine Kreditkarte erforderlich<\/p>\t\t\t\t<\/div>\n\t\t\t\t<\/div>\n\t\t\t\t<\/div>\n\t\t\t\t\t<\/div>\n\t\t\t\t<\/div>\n\t\t\t\t<\/div>\n\t\t","protected":false},"excerpt":{"rendered":"<p>Datum des Inkrafttretens: Januar 1, 2025 Datenschutzbestimmungen Teambook kann diese Datenschutzrichtlinie regelm\u00e4\u00dfig aktualisieren. Wir werden Sie \u00fcber wesentliche \u00c4nderungen im Umgang mit pers\u00f6nlichen Daten informieren, indem wir eine Mitteilung an die in Ihrem Teambook-Konto angegebene prim\u00e4re E-Mail-Adresse senden oder einen auff\u00e4lligen Hinweis auf unserer Website platzieren. Diese Richtlinie kann zwar in andere Sprachen \u00fcbersetzt und [&hellip;]<\/p>\n","protected":false},"author":1,"featured_media":0,"parent":0,"menu_order":0,"comment_status":"closed","ping_status":"closed","template":"","meta":{"footnotes":""},"class_list":["post-35465","page","type-page","status-publish","hentry"],"_links":{"self":[{"href":"https:\/\/teambookapp.com\/de\/wp-json\/wp\/v2\/pages\/35465","targetHints":{"allow":["GET"]}}],"collection":[{"href":"https:\/\/teambookapp.com\/de\/wp-json\/wp\/v2\/pages"}],"about":[{"href":"https:\/\/teambookapp.com\/de\/wp-json\/wp\/v2\/types\/page"}],"author":[{"embeddable":true,"href":"https:\/\/teambookapp.com\/de\/wp-json\/wp\/v2\/users\/1"}],"replies":[{"embeddable":true,"href":"https:\/\/teambookapp.com\/de\/wp-json\/wp\/v2\/comments?post=35465"}],"version-history":[{"count":4,"href":"https:\/\/teambookapp.com\/de\/wp-json\/wp\/v2\/pages\/35465\/revisions"}],"predecessor-version":[{"id":37120,"href":"https:\/\/teambookapp.com\/de\/wp-json\/wp\/v2\/pages\/35465\/revisions\/37120"}],"wp:attachment":[{"href":"https:\/\/teambookapp.com\/de\/wp-json\/wp\/v2\/media?parent=35465"}],"curies":[{"name":"wp","href":"https:\/\/api.w.org\/{rel}","templated":true}]}}