{"id":34082,"date":"2026-02-07T15:16:56","date_gmt":"2026-02-07T15:16:56","guid":{"rendered":"https:\/\/teambookapp.com\/ueber-uns\/"},"modified":"2026-03-05T08:22:12","modified_gmt":"2026-03-05T08:22:12","slug":"ueber-uns","status":"publish","type":"page","link":"https:\/\/teambookapp.com\/de\/ueber-uns\/","title":{"rendered":"About"},"content":{"rendered":"\t\t<div data-elementor-type=\"wp-page\" data-elementor-id=\"34082\" class=\"elementor elementor-34082 elementor-1189\" data-elementor-post-type=\"page\">\n\t\t\t\t<div class=\"elementor-element elementor-element-61f9f31 e-flex e-con-boxed e-con e-parent\" data-id=\"61f9f31\" data-element_type=\"container\" data-e-type=\"container\" data-settings=\"{&quot;background_background&quot;:&quot;classic&quot;}\">\n\t\t\t\t\t<div class=\"e-con-inner\">\n\t\t\t\t<div class=\"elementor-element elementor-element-a0bf641 elementor-widget__width-initial animated-fast elementor-invisible elementor-widget elementor-widget-heading\" data-id=\"a0bf641\" data-element_type=\"widget\" data-e-type=\"widget\" data-settings=\"{&quot;_animation_delay&quot;:50,&quot;_animation&quot;:&quot;fadeInUp&quot;}\" data-widget_type=\"heading.default\">\n\t\t\t\t\t<h1 class=\"elementor-heading-title elementor-size-default\">Gebaut von Menschen, die das Problem verstehen<\/h1>\t\t\t\t<\/div>\n\t\t\t\t<div class=\"elementor-element elementor-element-be2afb3 elementor-widget__width-initial animated-fast elementor-invisible elementor-widget elementor-widget-heading\" data-id=\"be2afb3\" data-element_type=\"widget\" data-e-type=\"widget\" data-settings=\"{&quot;_animation_delay&quot;:150,&quot;_animation&quot;:&quot;fadeInUp&quot;}\" data-widget_type=\"heading.default\">\n\t\t\t\t\t<p class=\"elementor-heading-title elementor-size-default\">Teambook wurde aus dem Planungschaos geboren, das wir selbst erlebt haben. Jetzt helfen wir Tausenden von Teams, die Zeit ihrer Mitarbeiter klar zu planen und zu verwalten. <\/p>\t\t\t\t<\/div>\n\t\t<div class=\"elementor-element elementor-element-c53d017 e-con-full animated-fast e-flex elementor-invisible e-con e-child\" data-id=\"c53d017\" data-element_type=\"container\" data-e-type=\"container\" data-settings=\"{&quot;background_background&quot;:&quot;classic&quot;,&quot;animation_delay&quot;:220,&quot;animation&quot;:&quot;fadeInUp&quot;}\">\n\t\t\t\t<div class=\"elementor-element elementor-element-a44e2e7 ui-e-counter-odometer ui-e-align-center elementor-widget elementor-widget-uicore-counter\" data-id=\"a44e2e7\" data-element_type=\"widget\" data-e-type=\"widget\" data-settings=\"{&quot;count_end&quot;:17000,&quot;counter_separator&quot;:&quot;,&quot;,&quot;counter_suffix&quot;:&quot;+&quot;,&quot;counter_animation&quot;:&quot;odometer&quot;,&quot;duration&quot;:1.5,&quot;count_start&quot;:11111,&quot;use_grouping&quot;:&quot;true&quot;,&quot;decimal_places&quot;:0}\" data-widget_type=\"uicore-counter.default\">\n\t\t\t\t<div class=\"elementor-widget-container\">\n\t\t\t\t\t <div class=\"ui-e-wrp\"> <p class=\"ui-e-num\"><span class=\"ui-e-prefix\"><\/span><span class=\"value\"> 0 <\/span><span class=\"ui-e-suffix\">+<\/span><\/p><p class=\"ui-e-title\">Benutzer<\/p> <\/div> \t\t\t\t<\/div>\n\t\t\t\t<\/div>\n\t\t\t\t<div class=\"elementor-element elementor-element-58b7cf0 ui-e-counter-odometer ui-e-align-center elementor-widget elementor-widget-uicore-counter\" data-id=\"58b7cf0\" data-element_type=\"widget\" data-e-type=\"widget\" data-settings=\"{&quot;count_end&quot;:59000,&quot;counter_separator&quot;:&quot;,&quot;,&quot;counter_suffix&quot;:&quot;+&quot;,&quot;counter_animation&quot;:&quot;odometer&quot;,&quot;duration&quot;:1.5,&quot;count_start&quot;:11111,&quot;use_grouping&quot;:&quot;true&quot;,&quot;decimal_places&quot;:0}\" data-widget_type=\"uicore-counter.default\">\n\t\t\t\t<div class=\"elementor-widget-container\">\n\t\t\t\t\t <div class=\"ui-e-wrp\"> <p class=\"ui-e-num\"><span class=\"ui-e-prefix\"><\/span><span class=\"value\"> 0 <\/span><span class=\"ui-e-suffix\">+<\/span><\/p><p class=\"ui-e-title\">Verwaltete Projekte<\/p> <\/div> \t\t\t\t<\/div>\n\t\t\t\t<\/div>\n\t\t\t\t<div class=\"elementor-element elementor-element-5e6d1e7 ui-e-counter-odometer ui-e-align-center elementor-widget elementor-widget-uicore-counter\" data-id=\"5e6d1e7\" data-element_type=\"widget\" data-e-type=\"widget\" data-settings=\"{&quot;count_end&quot;:4000000,&quot;counter_separator&quot;:&quot;,&quot;,&quot;counter_suffix&quot;:&quot;+&quot;,&quot;counter_animation&quot;:&quot;odometer&quot;,&quot;duration&quot;:1.5,&quot;count_start&quot;:1234567,&quot;use_grouping&quot;:&quot;true&quot;,&quot;decimal_places&quot;:0}\" data-widget_type=\"uicore-counter.default\">\n\t\t\t\t<div class=\"elementor-widget-container\">\n\t\t\t\t\t <div class=\"ui-e-wrp\"> <p class=\"ui-e-num\"><span class=\"ui-e-prefix\"><\/span><span class=\"value\"> 0 <\/span><span class=\"ui-e-suffix\">+<\/span><\/p><p class=\"ui-e-title\">Buchungen erstellt<\/p> <\/div> \t\t\t\t<\/div>\n\t\t\t\t<\/div>\n\t\t\t\t<\/div>\n\t\t<div class=\"elementor-element elementor-element-5a1b7ad e-con-full animated-fast e-flex elementor-invisible e-con e-child\" data-id=\"5a1b7ad\" data-element_type=\"container\" data-e-type=\"container\" data-settings=\"{&quot;animation_delay&quot;:100,&quot;animation&quot;:&quot;fadeInUp&quot;}\">\n\t\t<div class=\"elementor-element elementor-element-b8ef1f8 e-con-full e-flex e-con e-child\" data-id=\"b8ef1f8\" data-element_type=\"container\" data-e-type=\"container\">\n\t\t\t\t<div class=\"elementor-element elementor-element-680831e elementor-widget elementor-widget-heading\" data-id=\"680831e\" data-element_type=\"widget\" data-e-type=\"widget\" data-widget_type=\"heading.default\">\n\t\t\t\t\t<h2 class=\"elementor-heading-title elementor-size-default\">Wir haben Teambook gebaut, weil wir es brauchten<\/h2>\t\t\t\t<\/div>\n\t\t\t\t<\/div>\n\t\t\t\t<div class=\"elementor-element elementor-element-78f75f0 elementor-widget__width-initial elementor-hidden-mobile elementor-widget elementor-widget-image\" data-id=\"78f75f0\" data-element_type=\"widget\" data-e-type=\"widget\" data-widget_type=\"image.default\">\n\t\t\t\t\t\t\t\t\t\t\t\t\t\t\t<img decoding=\"async\" width=\"1\" height=\"608\" src=\"https:\/\/teambookapp.com\/wp-content\/uploads\/2026\/01\/Pain-Points-Container.svg\" class=\"attachment-large size-large wp-image-34083\" alt=\"\" title=\"\">\t\t\t\t\t\t\t\t\t\t\t\t\t\t\t<\/div>\n\t\t<div class=\"elementor-element elementor-element-89e8837 e-con-full e-flex e-con e-child\" data-id=\"89e8837\" data-element_type=\"container\" data-e-type=\"container\">\n\t\t<div class=\"elementor-element elementor-element-40e8d59 e-con-full e-flex e-con e-child\" data-id=\"40e8d59\" data-element_type=\"container\" data-e-type=\"container\">\n\t\t\t\t<div class=\"elementor-element elementor-element-1e63e6e elementor-widget elementor-widget-heading\" data-id=\"1e63e6e\" data-element_type=\"widget\" data-e-type=\"widget\" data-widget_type=\"heading.default\">\n\t\t\t\t\t<p class=\"elementor-heading-title elementor-size-default\">Unsere Geschichte<\/p>\t\t\t\t<\/div>\n\t\t\t\t<div class=\"elementor-element elementor-element-b57c6f0 elementor-widget elementor-widget-heading\" data-id=\"b57c6f0\" data-element_type=\"widget\" data-e-type=\"widget\" data-widget_type=\"heading.default\">\n\t\t\t\t\t<p class=\"elementor-heading-title elementor-size-default\">Unsere Geschichte begann 2012, als wir als wachsendes und erfolgreiches Beratungsunternehmen Schwierigkeiten bei der Terminplanung mit unseren 50 Beratern hatten.\n<br><br>Planer und Projektmanager sahen sich regelm\u00e4\u00dfig mit dem Druck von Kunden konfrontiert, die nach verf\u00fcgbaren Beratern suchten, und mussten sich st\u00e4ndig mit den W\u00fcnschen von Teammitgliedern, z. B. nach Urlaub, auseinandersetzen.\n<br><br>Im Zeitalter der Unmittelbarkeit und Optimierung, in dem wir heute leben, sind Terminplanung und Effizienz in Echtzeit keine Option mehr - deshalb haben wir Teambook geschaffen.<\/p>\t\t\t\t<\/div>\n\t\t\t\t<\/div>\n\t\t\t\t<div class=\"elementor-element elementor-element-7efd707 elementor-widget-mobile__width-inherit elementor-hidden-widescreen elementor-hidden-desktop elementor-hidden-laptop elementor-hidden-tablet_extra elementor-hidden-tablet elementor-hidden-mobile_extra elementor-widget elementor-widget-image\" data-id=\"7efd707\" data-element_type=\"widget\" data-e-type=\"widget\" data-widget_type=\"image.default\">\n\t\t\t\t\t\t\t\t\t\t\t\t\t\t\t<img decoding=\"async\" width=\"800\" height=\"2\" src=\"https:\/\/teambookapp.com\/wp-content\/uploads\/2026\/01\/Pain-Points-Container-1024x3.avif\" class=\"attachment-large size-large wp-image-34084\" alt=\"\" srcset=\"https:\/\/teambookapp.com\/wp-content\/uploads\/2026\/01\/Pain-Points-Container-1024x3.avif 1024w, https:\/\/teambookapp.com\/wp-content\/uploads\/2026\/01\/Pain-Points-Container-300x1.avif 300w, https:\/\/teambookapp.com\/wp-content\/uploads\/2026\/01\/Pain-Points-Container-768x2.avif 768w, https:\/\/teambookapp.com\/wp-content\/uploads\/2026\/01\/Pain-Points-Container-1536x4.avif 1536w, https:\/\/teambookapp.com\/wp-content\/uploads\/2026\/01\/Pain-Points-Container-2048x6.avif 2048w\" sizes=\"(max-width: 800px) 100vw, 800px\" title=\"\">\t\t\t\t\t\t\t\t\t\t\t\t\t\t\t<\/div>\n\t\t\t\t<\/div>\n\t\t\t\t<\/div>\n\t\t\t\t\t<\/div>\n\t\t\t\t<\/div>\n\t\t<div class=\"elementor-element elementor-element-953f50c e-flex e-con-boxed e-con e-parent\" data-id=\"953f50c\" data-element_type=\"container\" data-e-type=\"container\">\n\t\t\t\t\t<div class=\"e-con-inner\">\n\t\t<div class=\"elementor-element elementor-element-8e425eb e-con-full animated-fast e-flex elementor-invisible e-con e-child\" data-id=\"8e425eb\" data-element_type=\"container\" data-e-type=\"container\" data-settings=\"{&quot;background_background&quot;:&quot;classic&quot;,&quot;animation_delay&quot;:100,&quot;animation&quot;:&quot;fadeInUp&quot;}\">\n\t\t\t\t<div class=\"elementor-element elementor-element-20bc7fb elementor-widget__width-initial elementor-widget elementor-widget-heading\" data-id=\"20bc7fb\" data-element_type=\"widget\" data-e-type=\"widget\" data-widget_type=\"heading.default\">\n\t\t\t\t\t<h2 class=\"elementor-heading-title elementor-size-default\">Hergestellt in der Schweiz, \ngehostet in Europa<\/h2>\t\t\t\t<\/div>\n\t\t\t\t<div class=\"elementor-element elementor-element-d9c0d52 elementor-widget__width-initial elementor-absolute elementor-hidden-tablet elementor-hidden-mobile_extra elementor-hidden-mobile elementor-widget elementor-widget-image\" data-id=\"d9c0d52\" data-element_type=\"widget\" data-e-type=\"widget\" data-settings=\"{&quot;_position&quot;:&quot;absolute&quot;}\" data-widget_type=\"image.default\">\n\t\t\t\t\t\t\t\t\t\t\t\t\t\t\t<img fetchpriority=\"high\" decoding=\"async\" width=\"717\" height=\"510\" src=\"https:\/\/teambookapp.com\/wp-content\/uploads\/2026\/01\/6-Multi-projects-cropped.svg\" class=\"attachment-large size-large wp-image-34085\" alt=\"\" title=\"\">\t\t\t\t\t\t\t\t\t\t\t\t\t\t\t<\/div>\n\t\t<div class=\"elementor-element elementor-element-e20a225 e-con-full e-flex e-con e-child\" data-id=\"e20a225\" data-element_type=\"container\" data-e-type=\"container\">\n\t\t<div class=\"elementor-element elementor-element-6927443 e-con-full e-flex e-con e-child\" data-id=\"6927443\" data-element_type=\"container\" data-e-type=\"container\">\n\t\t<div class=\"elementor-element elementor-element-576cb3a e-con-full e-flex e-con e-child\" data-id=\"576cb3a\" data-element_type=\"container\" data-e-type=\"container\">\n\t\t\t\t<div class=\"elementor-element elementor-element-d68d6bb elementor-widget elementor-widget-heading\" data-id=\"d68d6bb\" data-element_type=\"widget\" data-e-type=\"widget\" data-widget_type=\"heading.default\">\n\t\t\t\t\t<p class=\"elementor-heading-title elementor-size-default\">Teambook's Unterschiede<\/p>\t\t\t\t<\/div>\n\t\t\t\t<div class=\"elementor-element elementor-element-6b0b7dc elementor-widget elementor-widget-heading\" data-id=\"6b0b7dc\" data-element_type=\"widget\" data-e-type=\"widget\" data-widget_type=\"heading.default\">\n\t\t\t\t\t<p class=\"elementor-heading-title elementor-size-default\">Teambook wird in der Schweiz entworfen und entwickelt. Das ist nicht nur ein Etikett - es pr\u00e4gt unsere Arbeitsweise.\nSchweizer Designtradition bedeutet Klarheit statt Un\u00fcbersichtlichkeit.   \n<br><br>Wir haben alles entfernt, was nicht unbedingt notwendig ist, damit Sie die wichtigen Informationen immer zur Hand haben. Das Ergebnis ist ein Tool, das sich vom ersten Tag an intuitiv anf\u00fchlt. \n<br><br>Schweizerisch zu sein bedeutet auch, Daten ernst zu nehmen. Ihre Daten bleiben in Europa, auf einer sicheren Infrastruktur, die mit der GDPR konform ist. Wir machen keine Abstriche beim Datenschutz oder der Sicherheit.  <\/p>\t\t\t\t<\/div>\n\t\t\t\t<\/div>\n\t\t\t\t<\/div>\n\t\t\t\t<\/div>\n\t\t\t\t<\/div>\n\t\t\t\t\t<\/div>\n\t\t\t\t<\/div>\n\t\t<div class=\"elementor-element elementor-element-5eae8ce e-flex e-con-boxed e-con e-parent\" data-id=\"5eae8ce\" data-element_type=\"container\" data-e-type=\"container\">\n\t\t\t\t\t<div class=\"e-con-inner\">\n\t\t<div class=\"elementor-element elementor-element-ce81a0d e-con-full animated-fast e-flex elementor-invisible e-con e-child\" data-id=\"ce81a0d\" data-element_type=\"container\" data-e-type=\"container\" data-settings=\"{&quot;background_background&quot;:&quot;classic&quot;,&quot;animation_delay&quot;:75,&quot;animation&quot;:&quot;fadeInUp&quot;}\">\n\t\t<div class=\"elementor-element elementor-element-259c193 e-con-full e-flex e-con e-child\" data-id=\"259c193\" data-element_type=\"container\" data-e-type=\"container\">\n\t\t\t\t<div class=\"elementor-element elementor-element-ea47447 elementor-widget elementor-widget-heading\" data-id=\"ea47447\" data-element_type=\"widget\" data-e-type=\"widget\" data-widget_type=\"heading.default\">\n\t\t\t\t\t<p class=\"elementor-heading-title elementor-size-default\">Unser Auftrag<\/p>\t\t\t\t<\/div>\n\t\t\t\t<div class=\"elementor-element elementor-element-c6cbf95 elementor-widget elementor-widget-heading\" data-id=\"c6cbf95\" data-element_type=\"widget\" data-e-type=\"widget\" data-widget_type=\"heading.default\">\n\t\t\t\t\t<p class=\"elementor-heading-title elementor-size-default\">Geben Sie den Teams ihre Zeit zur\u00fcck<\/p>\t\t\t\t<\/div>\n\t\t\t\t<div class=\"elementor-element elementor-element-da6c1d9 elementor-widget elementor-widget-heading\" data-id=\"da6c1d9\" data-element_type=\"widget\" data-e-type=\"widget\" data-widget_type=\"heading.default\">\n\t\t\t\t\t<p class=\"elementor-heading-title elementor-size-default\">Teambook hilft Ihnen bei der Verwaltung Ihrer Projektressourcen und sorgt daf\u00fcr, dass Sie den Finger am Puls Ihres Unternehmens haben.\n<br><br>Hier in der professionellen Dienstleistungsbranche hat der Ausdruck \"Zeit ist Geld\" seine ganze Bedeutung und leitet unser Ziel, Ihnen zu helfen, effizienter zu werden. Wie? Indem wir Ihnen Ihre Zeit zur\u00fcckgeben, damit Sie sich auf das Wachstum Ihres Unternehmens konzentrieren k\u00f6nnen. Wir verstehen Ihre Schwierigkeiten, denn wir haben die gleichen Erfahrungen gemacht, und arbeiten mit Leidenschaft, damit Sie erfolgreich sein k\u00f6nnen.<\/p>\t\t\t\t<\/div>\n\t\t\t\t<\/div>\n\t\t\t\t<div class=\"elementor-element elementor-element-2a71ac1 elementor-widget__width-initial elementor-widget elementor-widget-image\" data-id=\"2a71ac1\" data-element_type=\"widget\" data-e-type=\"widget\" data-widget_type=\"image.default\">\n\t\t\t\t\t\t\t\t\t\t\t\t\t\t\t<img loading=\"lazy\" decoding=\"async\" width=\"341\" height=\"320\" src=\"https:\/\/teambookapp.com\/wp-content\/uploads\/2026\/02\/11-ill4-1.svg\" class=\"attachment-large size-large wp-image-33730\" alt=\"\" title=\"\">\t\t\t\t\t\t\t\t\t\t\t\t\t\t\t<\/div>\n\t\t\t\t<\/div>\n\t\t<div class=\"elementor-element elementor-element-5aebf8e e-con-full animated-fast e-flex elementor-invisible e-con e-child\" data-id=\"5aebf8e\" data-element_type=\"container\" data-e-type=\"container\" data-settings=\"{&quot;animation_delay&quot;:150,&quot;animation&quot;:&quot;fadeInUp&quot;}\">\n\t\t\t\t<div class=\"elementor-element elementor-element-dfeaf81 elementor-widget elementor-widget-heading\" data-id=\"dfeaf81\" data-element_type=\"widget\" data-e-type=\"widget\" data-widget_type=\"heading.default\">\n\t\t\t\t\t<p class=\"elementor-heading-title elementor-size-default\">Unsere Werte und Verpflichtungen<\/p>\t\t\t\t<\/div>\n\t\t\t\t<div class=\"elementor-element elementor-element-6cf696f elementor-widget elementor-widget-icon-box\" data-id=\"6cf696f\" data-element_type=\"widget\" data-e-type=\"widget\" data-widget_type=\"icon-box.default\">\n\t\t\t\t\t\t\t<div class=\"elementor-icon-box-wrapper\">\n\n\t\t\t\n\t\t\t\t\t\t<div class=\"elementor-icon-box-content\">\n\n\t\t\t\t\t\t\t\t\t<h3 class=\"elementor-icon-box-title\">\n\t\t\t\t\t\t<span  >\n\t\t\t\t\t\t\tService &amp; Kunden\t\t\t\t\t\t<\/span>\n\t\t\t\t\t<\/h3>\n\t\t\t\t\n\t\t\t\t\t\t\t\t\t<p class=\"elementor-icon-box-description\">\n\t\t\t\t\t\tWir h\u00f6ren st\u00e4ndig auf die Bed\u00fcrfnisse unserer Kunden und Interessenten und versuchen, schnell Funktionen zu entwickeln, die f\u00fcr ihr Gesch\u00e4ft sinnvoll sind.\t\t\t\t\t<\/p>\n\t\t\t\t\n\t\t\t<\/div>\n\t\t\t\n\t\t<\/div>\n\t\t\t\t\t\t<\/div>\n\t\t\t\t<div class=\"elementor-element elementor-element-38d1a47 elementor-widget elementor-widget-icon-box\" data-id=\"38d1a47\" data-element_type=\"widget\" data-e-type=\"widget\" data-widget_type=\"icon-box.default\">\n\t\t\t\t\t\t\t<div class=\"elementor-icon-box-wrapper\">\n\n\t\t\t\n\t\t\t\t\t\t<div class=\"elementor-icon-box-content\">\n\n\t\t\t\t\t\t\t\t\t<h3 class=\"elementor-icon-box-title\">\n\t\t\t\t\t\t<span  >\n\t\t\t\t\t\t\tGewandtheit &amp; Bescheidenheit\t\t\t\t\t\t<\/span>\n\t\t\t\t\t<\/h3>\n\t\t\t\t\n\t\t\t\t\t\t\t\t\t<p class=\"elementor-icon-box-description\">\n\t\t\t\t\t\tF\u00fcr uns ist es wichtig, uns auf unser Kerngesch\u00e4ft, die Planung, zu konzentrieren und die Komplexit\u00e4t zu vereinfachen. Dieser agile Ansatz spiegelt sich auch in der Art und Weise wider, wie wir zu 100 % aus der Ferne arbeiten, ohne l\u00e4stige B\u00fcro- und Reiseanforderungen.\t\t\t\t\t<\/p>\n\t\t\t\t\n\t\t\t<\/div>\n\t\t\t\n\t\t<\/div>\n\t\t\t\t\t\t<\/div>\n\t\t\t\t<div class=\"elementor-element elementor-element-84cdbb9 elementor-widget elementor-widget-icon-box\" data-id=\"84cdbb9\" data-element_type=\"widget\" data-e-type=\"widget\" data-widget_type=\"icon-box.default\">\n\t\t\t\t\t\t\t<div class=\"elementor-icon-box-wrapper\">\n\n\t\t\t\n\t\t\t\t\t\t<div class=\"elementor-icon-box-content\">\n\n\t\t\t\t\t\t\t\t\t<h3 class=\"elementor-icon-box-title\">\n\t\t\t\t\t\t<span  >\n\t\t\t\t\t\t\tTeilen &amp; Vertrauen\t\t\t\t\t\t<\/span>\n\t\t\t\t\t<\/h3>\n\t\t\t\t\n\t\t\t\t\t\t\t\t\t<p class=\"elementor-icon-box-description\">\n\t\t\t\t\t\tObwohl der Ursprung von Teambook in der Schweiz liegt, arbeiten wir mit Talenten aus der ganzen Welt zusammen und geben Junioren, die wir ausbilden und ermutigen, sich neuen Herausforderungen zu stellen, eine Chance in einem sehr flexiblen Arbeitsumfeld.\t\t\t\t\t<\/p>\n\t\t\t\t\n\t\t\t<\/div>\n\t\t\t\n\t\t<\/div>\n\t\t\t\t\t\t<\/div>\n\t\t\t\t<div class=\"elementor-element elementor-element-45a6162 elementor-widget elementor-widget-icon-box\" data-id=\"45a6162\" data-element_type=\"widget\" data-e-type=\"widget\" data-widget_type=\"icon-box.default\">\n\t\t\t\t\t\t\t<div class=\"elementor-icon-box-wrapper\">\n\n\t\t\t\n\t\t\t\t\t\t<div class=\"elementor-icon-box-content\">\n\n\t\t\t\t\t\t\t\t\t<h3 class=\"elementor-icon-box-title\">\n\t\t\t\t\t\t<span  >\n\t\t\t\t\t\t\tNachhaltigkeit\t\t\t\t\t\t<\/span>\n\t\t\t\t\t<\/h3>\n\t\t\t\t\n\t\t\t\t\t\t\t\t\t<p class=\"elementor-icon-box-description\">\n\t\t\t\t\t\tDie Umwelt ist ein Faktor, den wir sehr ernst nehmen. Wir minimieren unsere Auswirkungen, indem wir ausschlie\u00dflich virtuell arbeiten, sicherstellen, dass wir effizient arbeiten und uns auf Partner mit \u00e4hnlichen Werten verlassen.\t\t\t\t\t<\/p>\n\t\t\t\t\n\t\t\t<\/div>\n\t\t\t\n\t\t<\/div>\n\t\t\t\t\t\t<\/div>\n\t\t\t\t<\/div>\n\t\t\t\t\t<\/div>\n\t\t\t\t<\/div>\n\t\t<div class=\"elementor-element elementor-element-34e5e98 e-flex e-con-boxed e-con e-parent\" data-id=\"34e5e98\" data-element_type=\"container\" data-e-type=\"container\">\n\t\t\t\t\t<div class=\"e-con-inner\">\n\t\t<div class=\"elementor-element elementor-element-6b8cf69 e-con-full animated-fast e-flex elementor-invisible e-con e-child\" data-id=\"6b8cf69\" data-element_type=\"container\" data-e-type=\"container\" data-settings=\"{&quot;background_background&quot;:&quot;classic&quot;,&quot;animation_delay&quot;:100,&quot;animation&quot;:&quot;fadeInUp&quot;}\">\n\t\t\t\t<div class=\"elementor-element elementor-element-0748667 elementor-widget__width-initial elementor-widget elementor-widget-heading\" data-id=\"0748667\" data-element_type=\"widget\" data-e-type=\"widget\" data-widget_type=\"heading.default\">\n\t\t\t\t\t<h2 class=\"elementor-heading-title elementor-size-default\">Schlie\u00dfen Sie sich Teams an, die Projektressourcen intelligenter planen<\/h2>\t\t\t\t<\/div>\n\t\t\t\t<div class=\"elementor-element elementor-element-1092cd0 elementor-widget elementor-widget-heading\" data-id=\"1092cd0\" data-element_type=\"widget\" data-e-type=\"widget\" data-widget_type=\"heading.default\">\n\t\t\t\t\t<div class=\"elementor-heading-title elementor-size-default\"><div class=\"trust-badges\" style=\"display: flex;flex-wrap: wrap;gap: 10px;justify-content: center\">\n  <div style=\"display: flex !important;align-items: end;gap: 5px !important\">EU gehostet  <img loading=\"lazy\" decoding=\"async\" src=\"\/wp-content\/uploads\/2026\/02\/flag-for-european-union_1f1ea-1f1fa-1.png\" width=\"20\" height=\"20\" alt=\"EU-Flagge\" style=\"margin-bottom: -2px\" title=\"\"><\/div>\n  <div style=\"display: flex !important;align-items: center;gap: 5px !important\">GDPR-konform  <img loading=\"lazy\" decoding=\"async\" src=\"\/wp-content\/uploads\/2026\/02\/shield_1f6e1.png\" width=\"18\" height=\"20\" alt=\"Schild\" title=\"\"><\/div>\n  <div style=\"display: flex;align-items: end;gap: 5px\">Schweizer Fabrikat  <img loading=\"lazy\" decoding=\"async\" src=\"\/wp-content\/uploads\/2026\/02\/flag-for-switzerland_1f1e8-1f1ed-1.png\" width=\"20\" height=\"20\" alt=\"Schweizer Flagge\" style=\"margin-bottom: -2px\" title=\"\"><\/div>\n<\/div><\/div>\t\t\t\t<\/div>\n\t\t<div class=\"elementor-element elementor-element-eb7e5c3 e-con-full e-flex e-con e-child\" data-id=\"eb7e5c3\" data-element_type=\"container\" data-e-type=\"container\">\n\t\t\t\t<div class=\"elementor-element elementor-element-799e0b1 elementor-align-justify elementor-widget-mobile__width-initial elementor-widget__width-initial elementor-widget elementor-widget-button\" data-id=\"799e0b1\" data-element_type=\"widget\" data-e-type=\"widget\" data-widget_type=\"button.default\">\n\t\t\t\t\t\t\t\t\t\t<a class=\"elementor-button elementor-button-link elementor-size-sm\" href=\"https:\/\/web.teambookapp.com\/register\/de\/\">\n\t\t\t\t\t\t<span class=\"elementor-button-content-wrapper\">\n\t\t\t\t\t\t\t\t\t<span class=\"elementor-button-text\">Jetzt testen<\/span>\n\t\t\t\t\t<\/span>\n\t\t\t\t\t<\/a>\n\t\t\t\t\t\t\t\t<\/div>\n\t\t\t\t<div class=\"elementor-element elementor-element-a7ec344 elementor-widget elementor-widget-heading\" data-id=\"a7ec344\" data-element_type=\"widget\" data-e-type=\"widget\" data-widget_type=\"heading.default\">\n\t\t\t\t\t<p class=\"elementor-heading-title elementor-size-default\">Keine Kreditkarte erforderlich<\/p>\t\t\t\t<\/div>\n\t\t\t\t<\/div>\n\t\t\t\t<\/div>\n\t\t\t\t\t<\/div>\n\t\t\t\t<\/div>\n\t\t\t\t<\/div>\n\t\t","protected":false},"excerpt":{"rendered":"<p>Gebaut von Menschen, die das Problem verstehen Teambook wurde aus dem Planungschaos geboren, das wir selbst erlebt haben. Jetzt helfen wir Tausenden von Teams in ganz Europa, die Zeit ihrer Mitarbeiter klar zu planen. 0 + Benutzer 0 + Verwaltete Projekte 0 + Buchungen erstellt Wir haben Teambook gebaut, weil wir es brauchten Unsere Geschichte [&hellip;]<\/p>\n","protected":false},"author":1,"featured_media":0,"parent":0,"menu_order":0,"comment_status":"closed","ping_status":"closed","template":"","meta":{"footnotes":""},"class_list":["post-34082","page","type-page","status-publish","hentry"],"_links":{"self":[{"href":"https:\/\/teambookapp.com\/de\/wp-json\/wp\/v2\/pages\/34082","targetHints":{"allow":["GET"]}}],"collection":[{"href":"https:\/\/teambookapp.com\/de\/wp-json\/wp\/v2\/pages"}],"about":[{"href":"https:\/\/teambookapp.com\/de\/wp-json\/wp\/v2\/types\/page"}],"author":[{"embeddable":true,"href":"https:\/\/teambookapp.com\/de\/wp-json\/wp\/v2\/users\/1"}],"replies":[{"embeddable":true,"href":"https:\/\/teambookapp.com\/de\/wp-json\/wp\/v2\/comments?post=34082"}],"version-history":[{"count":5,"href":"https:\/\/teambookapp.com\/de\/wp-json\/wp\/v2\/pages\/34082\/revisions"}],"predecessor-version":[{"id":36136,"href":"https:\/\/teambookapp.com\/de\/wp-json\/wp\/v2\/pages\/34082\/revisions\/36136"}],"wp:attachment":[{"href":"https:\/\/teambookapp.com\/de\/wp-json\/wp\/v2\/media?parent=34082"}],"curies":[{"name":"wp","href":"https:\/\/api.w.org\/{rel}","templated":true}]}}